{"id":1665,"date":"2014-10-18T22:18:42","date_gmt":"2014-10-18T20:18:42","guid":{"rendered":"http:\/\/csillagpor.hu\/remek\/programok\/?page_id=1665"},"modified":"2022-06-30T18:20:34","modified_gmt":"2022-06-30T16:20:34","slug":"firefox-hello-kepernyokepek","status":"publish","type":"page","link":"https:\/\/csillagpor.hu\/remek\/programok\/firefox-hello-kepernyokepek","title":{"rendered":"Firefox Hello k\u00e9perny\u0151k\u00e9pek"},"content":{"rendered":"<p>A Firefox Hello a WebRTC-re \u00e9p\u00fcl\u0151 video chat modul, amivel k\u00fcls\u0151 szoftver vagy kieg\u00e9sz\u00edt\u0151 n\u00e9lk\u00fcl tudunk Firefoxon kereszt\u00fcl egym\u00e1s k\u00f6zt ingyenes hang vagy vide\u00f3h\u00edv\u00e1st ind\u00edtani, mindenf\u00e9le regisztr\u00e1ci\u00f3 n\u00e9lk\u00fcl. <a target=\"_blank\" title=\"firefox beta\" href=\"\/\/csillagpor.hu\/remek\/programok\/firefox-beta\" rel=\"noopener noreferrer\">A Firefox Hello<\/a> a Firefox 34 b\u00e9t\u00e1j\u00e1ban jelent meg el\u0151sz\u00f6r. R\u00f6gt\u00f6n nem l\u00e1that\u00f3 honnan is kellene elind\u00edtani, ez\u00e9rt bemutatom. A Hello elind\u00edt\u00e1s\u00e1hoz el\u0151bb ind\u00edtsuk el a Testreszab\u00e1st.<br \/>\n<img decoding=\"async\" loading=\"lazy\" alt=\"Firefox Hello testreszab\u00e1s\" src=\"\/\/cuccokhalomban.csillagpor.hu\/pict\/firefox-hello-screenshot-1.jpg\" width=\"730\" height=\"493\" \/>\n<\/p>\n<p>Baloldalon l\u00e1tjuk is az &#8220;Invite someone to talk&#8221; ikont, ragadjuk meg \u00e9s h\u00fazzuk &#8230;<br \/>\n<img decoding=\"async\" loading=\"lazy\" alt=\"Firefox Hello ikon\" src=\"\/\/cuccokhalomban.csillagpor.hu\/pict\/firefox-hello-screenshot-2.jpg\" width=\"730\" height=\"491\" \/>\n<\/p>\n<p>&#8230; p\u00e9ld\u00e1ul a Be\u00e1ll\u00edt\u00e1sok ikonjai k\u00f6z\u00e9, ha ebb\u0151l a leny\u00edl\u00f3 eszk\u00f6zt\u00e1rb\u00f3l szeretn\u00e9nk a tov\u00e1bbiakban el\u00e9rni.<br \/>\n<img decoding=\"async\" loading=\"lazy\" alt=\"Firefox Hello a be\u00e1ll\u00edt\u00e1sok k\u00f6z\u00f6tt\" src=\"\/\/cuccokhalomban.csillagpor.hu\/pict\/firefox-hello-screenshot-3.jpg\" width=\"730\" height=\"491\" \/>\n<\/p>\n<p>De h\u00fazhatjuk az ikont a &#8230;<br \/>\n<img decoding=\"async\" loading=\"lazy\" alt=\"Firefox Hello h\u00faz\u00e1s\" src=\"\/\/cuccokhalomban.csillagpor.hu\/pict\/firefox-hello-screenshot-4.jpg\" width=\"730\" height=\"490\" \/>\n<\/p>\n<p>&#8230; C\u00edmsor mell\u00e9 is pl., ha sokszor fogjuk haszn\u00e1lni.<br \/>\n<img decoding=\"async\" loading=\"lazy\" alt=\"Firefox Hello a c\u00edmsor mellett.\" src=\"\/\/cuccokhalomban.csillagpor.hu\/pict\/firefox-hello-screenshot-5.jpg\" width=\"730\" height=\"495\" \/>\n<\/p>\n<p>Ha r\u00e1kattintunk a Firefox Hello ikonra, akkor kapunk egy linket, amit el kell k\u00fcldeni annak akivel besz\u00e9lgetni szeretn\u00e9nk.<br \/>\n<img decoding=\"async\" loading=\"lazy\" alt=\"Firefox Hello link\" src=\"\/\/cuccokhalomban.csillagpor.hu\/pict\/firefox-hello-screenshot-6.jpg\" width=\"730\" height=\"491\" \/>\n<\/p>\n<p>Ez m\u00e1r annak a b\u00f6ng\u00e9sz\u0151je, akit megh\u00edvtunk. Megkapta e-mailben a linket, r\u00e1kattintott \u00e9s ez fogadja. &#8220;K\u00e9sz vagy a besz\u00e9lget\u00e9s ind\u00edt\u00e1s\u00e1ra?&#8221;<br \/>\n<img decoding=\"async\" loading=\"lazy\" alt=\"Firefox Hello besz\u00e9lgess\u00fcnk\" src=\"\/\/cuccokhalomban.csillagpor.hu\/pict\/firefox-hello-screenshot-7.jpg\" width=\"694\" height=\"500\" \/>\n<\/p>\n<p>A Startra kattintottunk, majd elindul a h\u00edv\u00e1s &#8230;<br \/>\n<img decoding=\"async\" loading=\"lazy\" alt=\"Firefox Hello h\u00edv\u00e1s\" src=\"\/\/cuccokhalomban.csillagpor.hu\/pict\/firefox-hello-screenshot-8.jpg\" width=\"694\" height=\"500\" \/>\n<\/p>\n<p>.. \u00e9s itt lesz majd vide\u00f3 vagy csak besz\u00e9d kapcsolat &#8230;<br \/>\n<img decoding=\"async\" loading=\"lazy\" alt=\"Firefox Hello kapcsolat\" src=\"\/\/cuccokhalomban.csillagpor.hu\/pict\/firefox-hello-screenshot-9.jpg\" width=\"730\" height=\"447\" \/><\/p>\n","protected":false},"excerpt":{"rendered":"<p><a target=\"_blank\" title=\"firefox hello k\u00e9perny\u0151k\u00e9pek\" href=\"\/\/csillagpor.hu\/remek\/programok\/firefox-hello-kepernyokepek\" rel=\"noopener noreferrer\"><img decoding=\"async\" loading=\"lazy\" alt=\"Firefox\" src=\"\/\/cuccokhalomban.csillagpor.hu\/pict\/firefox.jpg\" width=\"80\" height=\"77\" class=\"flr\" \/><\/a>A Firefox Hello a WebRTC-re \u00e9p\u00fcl\u0151 video chat modul, amivel k\u00fcls\u0151 szoftver vagy kieg\u00e9sz\u00edt\u0151 n\u00e9lk\u00fcl tudunk Firefoxon kereszt\u00fcl egym\u00e1s k\u00f6zt ingyenes hang vagy vide\u00f3h\u00edv\u00e1st ind\u00edtani, mindenf\u00e9le regisztr\u00e1ci\u00f3 n\u00e9lk\u00fcl. A Firefox Hello a Firefox 34 b\u00e9t\u00e1j\u00e1ban jelent meg el\u0151sz\u00f6r. R\u00f6gt\u00f6n nem l\u00e1that\u00f3 honnan is kellene elind\u00edtani, ez\u00e9rt bemutatom. A Hello elind\u00edt\u00e1s\u00e1hoz el\u0151bb ind\u00edtsuk el a Testreszab\u00e1st. Baloldalon l\u00e1tjuk is az Invite someone to talk ikont, ragadjuk meg \u00e9s h\u00fazzuk &#8230; <\/p>\n","protected":false},"author":1,"featured_media":0,"parent":0,"menu_order":0,"comment_status":"closed","ping_status":"closed","template":"","meta":{"footnotes":""},"_links":{"self":[{"href":"https:\/\/csillagpor.hu\/remek\/programok\/wp-json\/wp\/v2\/pages\/1665"}],"collection":[{"href":"https:\/\/csillagpor.hu\/remek\/programok\/wp-json\/wp\/v2\/pages"}],"about":[{"href":"https:\/\/csillagpor.hu\/remek\/programok\/wp-json\/wp\/v2\/types\/page"}],"author":[{"embeddable":true,"href":"https:\/\/csillagpor.hu\/remek\/programok\/wp-json\/wp\/v2\/users\/1"}],"replies":[{"embeddable":true,"href":"https:\/\/csillagpor.hu\/remek\/programok\/wp-json\/wp\/v2\/comments?post=1665"}],"version-history":[{"count":0,"href":"https:\/\/csillagpor.hu\/remek\/programok\/wp-json\/wp\/v2\/pages\/1665\/revisions"}],"wp:attachment":[{"href":"https:\/\/csillagpor.hu\/remek\/programok\/wp-json\/wp\/v2\/media?parent=1665"}],"curies":[{"name":"wp","href":"https:\/\/api.w.org\/{rel}","templated":true}]}}