{"id":1675,"date":"2014-11-26T19:59:38","date_gmt":"2014-11-26T18:59:38","guid":{"rendered":"http:\/\/csillagpor.hu\/remek\/programok\/?page_id=1675"},"modified":"2022-06-30T18:08:18","modified_gmt":"2022-06-30T16:08:18","slug":"objectdock-screenshot","status":"publish","type":"page","link":"https:\/\/csillagpor.hu\/remek\/programok\/objectdock-screenshot","title":{"rendered":"ObjectDock k\u00e9perny\u0151k\u00e9pek"},"content":{"rendered":"<p><a target=\"_blank\" title=\"objectdock\" href=\"\/\/csillagpor.hu\/remek\/programok\/objectdock-letoltese\" rel=\"noopener noreferrer\">Az ObjectDock ind\u00edt\u00f3pult<\/a> telep\u00edt\u00e9s ut\u00e1n az \u00f3ra, a be\u00e1ll\u00edt\u00f3 ikonja, a szemetes mell\u00e9 az asztali ikonokat veszi fel a t\u00e1lc\u00e1ra.<br \/>\n<img decoding=\"async\" loading=\"lazy\" alt=\"ObjectDock ikonok\" src=\"\/\/cuccokhalomban.csillagpor.hu\/pict\/objectdock-screenshot-1.jpg\" width=\"730\" height=\"486\" \/>\n<\/p>\n<p>Jobb gombbal kattintva kapjuk az egyes ikonok men\u00fcj\u00e9t, itt t\u00e1vol\u00edthatjuk el pl.<br \/>\n<img decoding=\"async\" loading=\"lazy\" alt=\"ObjectDock ikon men\u00fc\" src=\"\/\/cuccokhalomban.csillagpor.hu\/pict\/objectdock-screenshot-2.jpg\" width=\"730\" height=\"487\" \/>\n<\/p>\n<p>Az ikon be\u00e1ll\u00edt\u00e1sai.<br \/>\n<img decoding=\"async\" loading=\"lazy\" alt=\"ObjectDock ikon be\u00e1ll\u00edt\u00e1sok\" src=\"\/\/cuccokhalomban.csillagpor.hu\/pict\/objectdock-screenshot-3.jpg\" width=\"730\" height=\"486\" \/>\n<\/p>\n<p>Az ObjectDock be\u00e1ll\u00edt\u00e1sai, teljes\u00edtm\u00e9ny \u00e9s hibaelh\u00e1r\u00edt\u00e1s.<br \/>\n<img decoding=\"async\" loading=\"lazy\" alt=\"ObjectDock be\u00e1ll\u00edt\u00e1sai\" src=\"\/\/cuccokhalomban.csillagpor.hu\/pict\/objectdock-screenshot-4.jpg\" width=\"730\" height=\"486\" \/>\n<\/p>\n<p>A teljes\u00edtm\u00e9ny optimaliz\u00e1l\u00e1sa.<br \/>\n<img decoding=\"async\" loading=\"lazy\" alt=\"ObjectDock optimaliz\u00e1l\u00e1s\" src=\"\/\/cuccokhalomban.csillagpor.hu\/pict\/objectdock-screenshot-5.jpg\" width=\"730\" height=\"486\" \/>\n<\/p>\n<p>K\u00fcl\u00f6nf\u00e9le rendszereken el\u0151fordul\u00f3 hib\u00e1k eset\u00e9n, lehet\u0151s\u00e9g van egy-k\u00e9t dolog letilt\u00e1s\u00e1ra, a helyes m\u0171k\u00f6d\u00e9s \u00e9rdek\u00e9ben.<br \/>\n<img decoding=\"async\" loading=\"lazy\" alt=\"ObjectDock letilt\u00e1s\" src=\"\/\/cuccokhalomban.csillagpor.hu\/pict\/objectdock-screenshot-6.jpg\" width=\"730\" height=\"486\" \/>\n<\/p>\n<p>Mindenf\u00e9le egy\u00e9b be\u00e1ll\u00edt\u00e1sok.<br \/>\n<img decoding=\"async\" loading=\"lazy\" alt=\"ObjectDock kevert\" src=\"\/\/cuccokhalomban.csillagpor.hu\/pict\/objectdock-screenshot-7.jpg\" width=\"730\" height=\"486\" \/>\n<\/p>\n<p>Ikonok, elv\u00e1laszt\u00f3k, stb hozz\u00e1ad\u00e1sa, be\u00e1ll\u00edt\u00e1sa.<br \/>\n<img decoding=\"async\" loading=\"lazy\" alt=\"ObjectDock ikon hozz\u00e1\" src=\"\/\/cuccokhalomban.csillagpor.hu\/pict\/objectdock-screenshot-9.jpg\" width=\"730\" height=\"487\" \/>\n<\/p>\n<p>Email, Internet, zenelej\u00e1tsz\u00f3, egyebek &#8230; el\u0151re be\u00e1ll\u00edtott ikonok hozz\u00e1ad\u00e1sa.<br \/>\n<img decoding=\"async\" loading=\"lazy\" alt=\"ObjectDock ikonok\" src=\"\/\/cuccokhalomban.csillagpor.hu\/pict\/objectdock-screenshot-10.jpg\" width=\"730\" height=\"486\" \/>\n<\/p>\n<p>Napt\u00e1r, \u00f3ra, keres\u0151, id\u0151j\u00e1r\u00e1s, stb hozz\u00e1ad\u00e1sa.<br \/>\n<img decoding=\"async\" loading=\"lazy\" alt=\"ObjectDock docklets\" src=\"\/\/cuccokhalomban.csillagpor.hu\/pict\/objectdock-screenshot-11.jpg\" width=\"730\" height=\"486\" \/>\n<\/p>\n<p>Itt meg pl. a fut\u00f3 alkalmaz\u00e1sok l\u00e1tsz\u00f3djanak e&#8230;<br \/>\n<img decoding=\"async\" loading=\"lazy\" alt=\"ObjectDock fut\u00f3 alkalmaz\u00e1sok\" src=\"\/\/cuccokhalomban.csillagpor.hu\/pict\/objectdock-screenshot-12.jpg\" width=\"730\" height=\"487\" \/>\n<\/p>\n<p>P\u00e1r dologhoz sajnos sz\u00fcks\u00e9ges lenne megvenni a teljes verzi\u00f3t.<br \/>\n<img decoding=\"async\" loading=\"lazy\" alt=\"ObjectDock Pro\" src=\"\/\/cuccokhalomban.csillagpor.hu\/pict\/objectdock-screenshot-13.jpg\" width=\"730\" height=\"486\" \/><\/p>\n","protected":false},"excerpt":{"rendered":"<p><a target=\"_blank\" title=\"objectdock k\u00e9perny\u0151k\u00e9pek\" href=\"\/\/csillagpor.hu\/remek\/programok\/objectdock-screenshot\" rel=\"noopener noreferrer\"><img decoding=\"async\" loading=\"lazy\" alt=\"ObjectDock\" title=\"ObjectDock\" src=\"\/\/cuccokhalomban.csillagpor.hu\/pict\/weather_docklet.jpg\" width=\"100\" height=\"48\" class=\"flr\" \/><\/a>Az ObjectDock ind\u00edt\u00f3pult telep\u00edt\u00e9s ut\u00e1n az \u00f3ra, a be\u00e1ll\u00edt\u00f3 ikonja, a szemetes mell\u00e9 az asztali ikonokat veszi fel a t\u00e1lc\u00e1ra. Jobb gombbal kattintva kapjuk az egyes ikonok men\u00fcj\u00e9t, itt t\u00e1vol\u00edthatjuk el pl. K\u00fcl\u00f6nf\u00e9le rendszereken el\u0151fordul\u00f3 hib\u00e1k eset\u00e9n, lehet\u0151s\u00e9g van egy-k\u00e9t dolog letilt\u00e1s\u00e1ra, a helyes m\u0171k\u00f6d\u00e9s \u00e9rdek\u00e9ben.Ikonok, elv\u00e1laszt\u00f3k, stb hozz\u00e1ad\u00e1sa, be\u00e1ll\u00edt\u00e1sa. Napt\u00e1r, \u00f3ra, keres\u0151, id\u0151j\u00e1r\u00e1s, stb hozz\u00e1ad\u00e1sa.,,<\/p>\n","protected":false},"author":1,"featured_media":0,"parent":0,"menu_order":0,"comment_status":"closed","ping_status":"closed","template":"","meta":{"footnotes":""},"_links":{"self":[{"href":"https:\/\/csillagpor.hu\/remek\/programok\/wp-json\/wp\/v2\/pages\/1675"}],"collection":[{"href":"https:\/\/csillagpor.hu\/remek\/programok\/wp-json\/wp\/v2\/pages"}],"about":[{"href":"https:\/\/csillagpor.hu\/remek\/programok\/wp-json\/wp\/v2\/types\/page"}],"author":[{"embeddable":true,"href":"https:\/\/csillagpor.hu\/remek\/programok\/wp-json\/wp\/v2\/users\/1"}],"replies":[{"embeddable":true,"href":"https:\/\/csillagpor.hu\/remek\/programok\/wp-json\/wp\/v2\/comments?post=1675"}],"version-history":[{"count":0,"href":"https:\/\/csillagpor.hu\/remek\/programok\/wp-json\/wp\/v2\/pages\/1675\/revisions"}],"wp:attachment":[{"href":"https:\/\/csillagpor.hu\/remek\/programok\/wp-json\/wp\/v2\/media?parent=1675"}],"curies":[{"name":"wp","href":"https:\/\/api.w.org\/{rel}","templated":true}]}}