{"id":1676,"date":"2014-11-28T05:07:49","date_gmt":"2014-11-28T04:07:49","guid":{"rendered":"http:\/\/csillagpor.hu\/remek\/programok\/?page_id=1676"},"modified":"2022-06-30T18:26:18","modified_gmt":"2022-06-30T16:26:18","slug":"detekt-screenshot","status":"publish","type":"page","link":"https:\/\/csillagpor.hu\/remek\/programok\/detekt-screenshot","title":{"rendered":"Detekt k\u00e9perny\u0151k\u00e9pek"},"content":{"rendered":"<p><a target=\"_blank\" title=\"detekt korm\u00e1nyzati k\u00e9mked\u00e9s ellen\" href=\"\/\/csillagpor.hu\/remek\/programok\/detekt-kormanyzati-kemkedes-ellen\" rel=\"noopener noreferrer\">A Detekt k\u00e9mszoftver keres\u0151<\/a> azt mondja, hogy mindenf\u00e9le h\u00e1l\u00f3zati kapcsolatot sz\u00fcntess\u00fcnk meg a vizsg\u00e1lat idej\u00e9re.<br \/>\n<img decoding=\"async\" loading=\"lazy\" alt=\"Detekt h\u00e1l\u00f3zat ki\" src=\"\/\/cuccokhalomban.csillagpor.hu\/pict\/detect-screenshot-0.jpg\" width=\"464\" height=\"411\" \/>\n<\/p>\n<p>Jelenleg ennyi nyelven \u00e9rhet\u0151 el a felhaszn\u00e1l\u00f3i fel\u00fclete. Magyarul m\u00e9g nem&#8230;<br \/>\n<img decoding=\"async\" loading=\"lazy\" alt=\"Detekt nyelvek\" src=\"\/\/cuccokhalomban.csillagpor.hu\/pict\/detect-screenshot-1.jpg\" width=\"610\" height=\"500\" \/>\n<\/p>\n<p>Itt le\u00edrja, hogy mi is ez, hogy \u00e1tvizsg\u00e1lja a mem\u00f3ri\u00e1t, hogy \u00e1ll\u00edtsunk le min\u00e9l t\u00f6bb programot, \u00e9s hogy er\u0151sen leterheli a g\u00e9pet a p\u00e1r perces vizsg\u00e1lat idej\u00e9re&#8230;&#8230;. \u00e9s akkor Scan now!<br \/>\n<img decoding=\"async\" loading=\"lazy\" alt=\"Detekt bemutatkoz\u00e1s\" src=\"\/\/cuccokhalomban.csillagpor.hu\/pict\/detect-screenshot-2.jpg\" width=\"610\" height=\"500\" \/>\n<\/p>\n<p>Keresi, keresi &#8230; ne szak\u00edtsuk meg. Ott k\u00f6z\u00e9pen lehet friss\u00edteni &#8230; de hogy mit meg minek, nem tudom.<br \/>\n<img decoding=\"async\" loading=\"lazy\" alt=\"Detekt keres\u00e9s\" src=\"\/\/cuccokhalomban.csillagpor.hu\/pict\/detect-screenshot-3.jpg\" width=\"610\" height=\"500\" \/>\n<\/p>\n<p>Ezen a g\u00e9pen semmilyen korm\u00e1ny semmilyen k\u00e9mszoftvere nem tal\u00e1lhat\u00f3 meg.<br \/>\n<img decoding=\"async\" loading=\"lazy\" alt=\"Detekt tiszta\" src=\"\/\/cuccokhalomban.csillagpor.hu\/pict\/detect-screenshot-4.jpg\" width=\"610\" height=\"500\" \/>\n<\/p>\n<p>Ugyanott ahonnan futtattuk a programot, mikor befejezte l\u00e9trehoz egy log f\u00e1jlt <span class=\"halov\">(detekt.log)<\/span>, amiben le\u00edrja mit vizsg\u00e1lt, mit tal\u00e1lt.<br \/>\n<img decoding=\"async\" loading=\"lazy\" alt=\"detekt.log\" src=\"\/\/cuccokhalomban.csillagpor.hu\/pict\/detect-screenshot-5.jpg\" width=\"640\" height=\"500\" \/>\n<\/p>\n<p>V\u00e9g\u00fcl enged\u00e9lyezz\u00fck \u00fajra az internet kapcsolatot &#8230; m\u00e1r ha tiszta a g\u00e9p\u00fcnk! :)<br \/>\n<img decoding=\"async\" loading=\"lazy\" alt=\"Detekt internet be\" src=\"\/\/cuccokhalomban.csillagpor.hu\/pict\/detect-screenshot-6.jpg\" width=\"462\" height=\"367\" \/><\/p>\n","protected":false},"excerpt":{"rendered":"<p><a target=\"_blank\" title=\"detekt k\u00e9perny\u0151k\u00e9pek\" href=\"\/\/csillagpor.hu\/remek\/programok\/detekt-screenshot\" rel=\"noopener noreferrer\"><img decoding=\"async\" loading=\"lazy\" alt=\"detekt\" src=\"\/\/cuccokhalomban.csillagpor.hu\/pict\/detect-kicsi.jpg\" width=\"120\" height=\"98\" class=\"flr\" \/><\/a>A Detekt k\u00e9mszoftver keres\u0151 azt mondja, hogy mindenf\u00e9le h\u00e1l\u00f3zati kapcsolatot sz\u00fcntess\u00fcnk meg a vizsg\u00e1lat idej\u00e9re. Itt le\u00edrja, hogy mi is ez, hogy \u00e1tvizsg\u00e1lja a mem\u00f3ri\u00e1t, hogy \u00e1ll\u00edtsunk le min\u00e9l t\u00f6bb programot, \u00e9s hogy er\u0151sen leterheli a g\u00e9pet a p\u00e1r perces vizsg\u00e1lat idej\u00e9re&#8230; \u00e9s akkor Scan now! Keresi, keresi &#8230; Ezen a g\u00e9pen semmilyen korm\u00e1ny semmilyen k\u00e9mszoftvere nem tal\u00e1lhat\u00f3 meg&#8230;<\/p>\n","protected":false},"author":1,"featured_media":0,"parent":0,"menu_order":0,"comment_status":"closed","ping_status":"closed","template":"","meta":{"footnotes":""},"_links":{"self":[{"href":"https:\/\/csillagpor.hu\/remek\/programok\/wp-json\/wp\/v2\/pages\/1676"}],"collection":[{"href":"https:\/\/csillagpor.hu\/remek\/programok\/wp-json\/wp\/v2\/pages"}],"about":[{"href":"https:\/\/csillagpor.hu\/remek\/programok\/wp-json\/wp\/v2\/types\/page"}],"author":[{"embeddable":true,"href":"https:\/\/csillagpor.hu\/remek\/programok\/wp-json\/wp\/v2\/users\/1"}],"replies":[{"embeddable":true,"href":"https:\/\/csillagpor.hu\/remek\/programok\/wp-json\/wp\/v2\/comments?post=1676"}],"version-history":[{"count":0,"href":"https:\/\/csillagpor.hu\/remek\/programok\/wp-json\/wp\/v2\/pages\/1676\/revisions"}],"wp:attachment":[{"href":"https:\/\/csillagpor.hu\/remek\/programok\/wp-json\/wp\/v2\/media?parent=1676"}],"curies":[{"name":"wp","href":"https:\/\/api.w.org\/{rel}","templated":true}]}}