{"id":1682,"date":"2014-12-17T12:12:44","date_gmt":"2014-12-17T11:12:44","guid":{"rendered":"http:\/\/csillagpor.hu\/remek\/programok\/?page_id=1682"},"modified":"2022-06-30T18:19:30","modified_gmt":"2022-06-30T16:19:30","slug":"free-video-to-dvd-converter-kepernyokepek","status":"publish","type":"page","link":"https:\/\/csillagpor.hu\/remek\/programok\/free-video-to-dvd-converter-kepernyokepek","title":{"rendered":"Free Video to DVD Converter k\u00e9perny\u0151k\u00e9pek"},"content":{"rendered":"<p><a target=\"_blank\" title=\"Free Video to DVD Converter\" href=\"\/\/csillagpor.hu\/remek\/programok\/free-video-to-dvd-converter\" rel=\"noopener noreferrer\">A Free Video to DVD Converter<\/a> telep\u00edtve \u00e9s elind\u00edtva &#8230; nem egy bonyolult program.<br \/>\n<img decoding=\"async\" loading=\"lazy\" alt=\"Free Video to DVD Converter\" src=\"\/\/cuccokhalomban.csillagpor.hu\/pict\/video-dvd-converter-screenshot-1.jpg\" width=\"706\" height=\"500\" \/>\n<\/p>\n<p>Nyissuk meg a DVD-v\u00e9 alak\u00edtand\u00f3 vide\u00f3f\u00e1jlunkat, van lehet\u0151s\u00e9g b\u0151ven: <a target=\"_blank\" title=\"mp4\" href=\"\/\/csillagpor.hu\/remek\/fajlkiterjesztes\/mp4\" rel=\"noopener noreferrer\">mp4<\/a>, avi, wmv, mpg, webm, mkv, <a target=\"_blank\" title=\"3gp\" href=\"\/\/csillagpor.hu\/remek\/fajlkiterjesztes\/3gp\" rel=\"noopener noreferrer\">3gp<\/a>, flv, gif (!) &#8230; gyakorlatilag b\u00e1rmi.<br \/>\n<img decoding=\"async\" loading=\"lazy\" alt=\"Free Video to DVD Converter vide\u00f3 bet\u00f6lt\u00e9s\" src=\"\/\/cuccokhalomban.csillagpor.hu\/pict\/video-dvd-converter-screenshot-2.jpg\" width=\"846\" height=\"500\" \/>\n<\/p>\n<p>T\u00f6bb f\u00e1jt is hozz\u00e1adhatunk, itt most hirtelen csak ilyen kicsiket tal\u00e1ltam &#8230; A be\u00e1ll\u00edt\u00e1sokn\u00e1l nyelvet \u00e1ll\u00edthatunk \u00e9s megjegyz\u00e9st \u00edrhatunk.<br \/>\n<img decoding=\"async\" loading=\"lazy\" alt=\"Free Video to DVD Converter t\u00f6bb vide\u00f3\" src=\"\/\/cuccokhalomban.csillagpor.hu\/pict\/video-dvd-converter-screenshot-3.jpg\" width=\"707\" height=\"500\" \/>\n<\/p>\n<p>Min\u0151s\u00e9g \u00e9s felbont\u00e1s be\u00e1ll\u00edt\u00e1si lehet\u0151s\u00e9gek.<br \/>\n<img decoding=\"async\" loading=\"lazy\" alt=\"Free Video to DVD Converter min\u0151s\u00e9g \u00e9s felbont\u00e1s\" src=\"\/\/cuccokhalomban.csillagpor.hu\/pict\/video-dvd-converter-screenshot-4.jpg\" width=\"706\" height=\"626\" \/>\n<\/p>\n<p>R\u00f6gt\u00f6n ind\u00edtsa e a DVD \u00edr\u00f3t, vagy v\u00e1rjon utas\u00edt\u00e1sra.<br \/>\n<img decoding=\"async\" loading=\"lazy\" alt=\"Free Video to DVD Converter DVD \u00edr\u00f3\" src=\"\/\/cuccokhalomban.csillagpor.hu\/pict\/video-dvd-converter-screenshot-5.jpg\" width=\"706\" height=\"500\" \/>\n<\/p>\n<p>Itt most a vide\u00f3f\u00e1jlokat alak\u00edtja \u00e1t, \u00e9s l\u00e9trehozza a sz\u00fcks\u00e9ges egy\u00e9b f\u00e1jlokat \u00e9s k\u00f6nyvt\u00e1rakat a DVD-hez.<br \/>\n<img decoding=\"async\" loading=\"lazy\" alt=\"Free Video to DVD Converter \u00e1talak\u00edt\u00e1s\" src=\"\/\/cuccokhalomban.csillagpor.hu\/pict\/video-dvd-converter-screenshot-6.jpg\" width=\"705\" height=\"500\" \/>\n<\/p>\n<p>Most k\u00f6vetkezne a DVD-re \u00edr\u00e1s, de nincs bent lemez&#8230; mivel ez csak egy pr\u00f3ba, nem is lesz. :)<br \/>\n<img decoding=\"async\" loading=\"lazy\" alt=\"Free Video to DVD Converter nincsen DVD-m\" src=\"\/\/cuccokhalomban.csillagpor.hu\/pict\/video-dvd-converter-screenshot-7.jpg\" width=\"730\" height=\"495\" \/>\n<\/p>\n<p>A DVD illetve DVD \u00edr\u00f3 program be\u00e1ll\u00edt\u00e1sai, pl. lemez c\u00edme, t\u00f6r\u00f6lje e a vide\u00f3t \u00edr\u00e1s ut\u00e1n &#8230; ilyenek.<br \/>\n<img decoding=\"async\" loading=\"lazy\" alt=\"Free Video to DVD Converter DVD be\u00e1ll\u00edt\u00e1sok\" src=\"\/\/cuccokhalomban.csillagpor.hu\/pict\/video-dvd-converter-screenshot-8.jpg\" width=\"683\" height=\"500\" \/>\n<\/p>\n<p>Nyelv \u00e9s friss\u00edt\u00e9sek &#8230;.<br \/>\n<img decoding=\"async\" loading=\"lazy\" alt=\"Free Video to DVD Converter friss\u00edt\u00e9sek\" src=\"\/\/cuccokhalomban.csillagpor.hu\/pict\/video-dvd-converter-screenshot-9.jpg\" width=\"683\" height=\"500\" \/>\n<\/p>\n<p>Ha k\u00e9szen vagyunk ez mindig megjelenik, de ha nem \u00e9rdekel az aj\u00e1nlat, egyszer\u0171en csak z\u00e1rjuk be az ablakot.<br \/>\n<img decoding=\"async\" loading=\"lazy\" alt=\"Free Video to DVD Converter z\u00e1rd be az ablakot\" src=\"\/\/cuccokhalomban.csillagpor.hu\/pict\/video-dvd-converter-screenshot-10.jpg\" width=\"547\" height=\"375\" \/><\/p>\n","protected":false},"excerpt":{"rendered":"<p><a target=\"_blank\" title=\"Free Video to DVD Converter\" href=\"\/\/csillagpor.hu\/remek\/programok\/free-video-to-dvd-converter-kepernyokepek\" rel=\"noopener noreferrer\"><img decoding=\"async\" loading=\"lazy\" alt=\"Free Video to DVD Converter\" src=\"\/\/cuccokhalomban.csillagpor.hu\/pict\/free-video-to-dvd-converter-kicsi.jpg\" width=\"100\" height=\"71\" class=\"flr\" \/><\/a>A Free Video to DVD Converter telep\u00edtve \u00e9s elind\u00edtva &#8230; nem egy bonyolult program. Nyissuk meg a DVD-v\u00e9 alak\u00edtand\u00f3 vide\u00f3f\u00e1jlunkat, van lehet\u0151s\u00e9g b\u0151ven: mp4, avi, wmv, mpg, webm, mkv, 3gp, flv, gif (!) &#8230; gyakorlatilag b\u00e1rmi. T\u00f6bb f\u00e1jt is hozz\u00e1adhatunk, itt most hirtelen csak ilyen kicsiket tal\u00e1ltam &#8230; A be\u00e1ll\u00edt\u00e1sokn\u00e1l nyelvet \u00e1ll\u00edthatunk \u00e9s megjegyz\u00e9st \u00edrhatunk&#8230;.<\/p>\n","protected":false},"author":1,"featured_media":0,"parent":0,"menu_order":0,"comment_status":"closed","ping_status":"closed","template":"","meta":{"footnotes":""},"_links":{"self":[{"href":"https:\/\/csillagpor.hu\/remek\/programok\/wp-json\/wp\/v2\/pages\/1682"}],"collection":[{"href":"https:\/\/csillagpor.hu\/remek\/programok\/wp-json\/wp\/v2\/pages"}],"about":[{"href":"https:\/\/csillagpor.hu\/remek\/programok\/wp-json\/wp\/v2\/types\/page"}],"author":[{"embeddable":true,"href":"https:\/\/csillagpor.hu\/remek\/programok\/wp-json\/wp\/v2\/users\/1"}],"replies":[{"embeddable":true,"href":"https:\/\/csillagpor.hu\/remek\/programok\/wp-json\/wp\/v2\/comments?post=1682"}],"version-history":[{"count":0,"href":"https:\/\/csillagpor.hu\/remek\/programok\/wp-json\/wp\/v2\/pages\/1682\/revisions"}],"wp:attachment":[{"href":"https:\/\/csillagpor.hu\/remek\/programok\/wp-json\/wp\/v2\/media?parent=1682"}],"curies":[{"name":"wp","href":"https:\/\/api.w.org\/{rel}","templated":true}]}}