{"id":1707,"date":"2015-03-23T18:53:28","date_gmt":"2015-03-23T17:53:28","guid":{"rendered":"http:\/\/csillagpor.hu\/remek\/programok\/?page_id=1707"},"modified":"2022-06-30T18:19:23","modified_gmt":"2022-06-30T16:19:23","slug":"freemake-video-converter-kepernyokepek","status":"publish","type":"page","link":"https:\/\/csillagpor.hu\/remek\/programok\/freemake-video-converter-kepernyokepek","title":{"rendered":"Freemake Video Converter k\u00e9perny\u0151k\u00e9pek"},"content":{"rendered":"<p><a target=\"_blank\" title=\"freemake video converter\" href=\"\/\/csillagpor.hu\/remek\/programok\/freemake-video-converter\" rel=\"noopener noreferrer\">A Freemake Video Converter<\/a> telep\u00edt\u00e9se Windows 10-re, ha nem akarjuk nem kell seg\u00edteni jobb\u00e1 tenni.<br \/>\n<img decoding=\"async\" loading=\"lazy\" alt=\"Freemake Video Converter Windows 10\" src=\"\/\/cuccokhalomban.csillagpor.hu\/pict\/freemake-video-converter-kepernyokep-1.jpg\" width=\"551\" height=\"447\" \/>\n<\/p>\n<p>V\u00e1lasszuk az egy\u00e9ni telep\u00edt\u00e9st &#8230;<br \/>\n<img decoding=\"async\" loading=\"lazy\" alt=\"Freemake Video Converter egy\u00e9ni telep\u00edt\u00e9s\" src=\"\/\/cuccokhalomban.csillagpor.hu\/pict\/freemake-video-converter-kepernyokep-2.jpg\" width=\"550\" height=\"443\" \/>\n<\/p>\n<p>&#8230; mert csak \u00fagy tudunk megszabadulni ett\u0151l. Lent ne pip\u00e1ljuk be. Esetleg m\u00e1s szoftver is megjelenhet itt, pl. a n\u00e9met verzi\u00f3ban nem ezt l\u00e1ttam.<br \/>\n<img decoding=\"async\" loading=\"lazy\" alt=\"Freemake Video Converter nem kell a pipa\" src=\"\/\/cuccokhalomban.csillagpor.hu\/pict\/freemake-video-converter-kepernyokep-3.jpg\" width=\"547\" height=\"431\" \/>\n<\/p>\n<p>Ha a v\u00e9g\u00e9n megjelenik ez a koron\u00e1s medve, egyszer\u0171en elt\u00fcntethetj\u00fck, ha bez\u00e1rjuk az ablakot.<br \/>\n<img decoding=\"async\" loading=\"lazy\" alt=\"Freemake Video Converter koron\u00e1s medve\" src=\"\/\/cuccokhalomban.csillagpor.hu\/pict\/freemake-video-converter-kepernyokep-4.jpg\" width=\"730\" height=\"505\" \/>\n<\/p>\n<p>R\u00e9gebbi verzi\u00f3k &#8230;<\/p>\n<p><a target=\"_blank\" title=\"freemake video converter\" href=\"\/\/csillagpor.hu\/remek\/programok\/freemake-video-converter\" rel=\"noopener noreferrer\">A Freemake Video Converter<\/a> vide\u00f3 oda-vissza alak\u00edt\u00f3, let\u00f6lt\u0151, rippel\u0151 \u00e9s DVD, Blu-Ray \u00edr\u00f3 program magyar nyelven is telep\u00edthet\u0151.<br \/>\n<img decoding=\"async\" loading=\"lazy\" alt=\"Freemake Video Converter magyarul\" src=\"\/\/cuccokhalomban.csillagpor.hu\/pict\/freemake-video-converter-13.jpg\" width=\"455\" height=\"388\" \/>\n<\/p>\n<p>Telep\u00edtve, elindult &#8230; hozz\u00e1adhatunk k\u00e9pet, vide\u00f3t, hangot, DVD-t, beilleszthetj\u00fck vide\u00f3 (pl. YouTube) linkj\u00e9t.<br \/>\n<img decoding=\"async\" loading=\"lazy\" alt=\"Freemake Video Converter vide\u00f3 hozz\u00e1ad\u00e1sa\" src=\"\/\/cuccokhalomban.csillagpor.hu\/pict\/freemake-video-converter-12.jpg\" width=\"730\" height=\"501\" \/>\n<\/p>\n<p>Be\u00e1ll\u00edt\u00e1sok: Feln\u0151tt vide\u00f3k \u00e9s ideiglenes mappa.<br \/>\n<img decoding=\"async\" loading=\"lazy\" alt=\"Freemake Video Converter be\u00e1ll\u00edt\u00e1sok\" src=\"\/\/cuccokhalomban.csillagpor.hu\/pict\/freemake-video-converter-11.jpg\" width=\"630\" height=\"451\" \/>\n<\/p>\n<p>Vide\u00f3 gyors\u00edt\u00e1sok ki-be kapcsol\u00e1sa.<br \/>\n<img decoding=\"async\" loading=\"lazy\" alt=\"Freemake Video Converter vide\u00f3 gyors\u00edt\u00e1s\" src=\"\/\/cuccokhalomban.csillagpor.hu\/pict\/freemake-video-converter-10.jpg\" width=\"629\" height=\"452\" \/>\n<\/p>\n<p>YouTube \u00e9s egy\u00e9b fi\u00f3kok adatainak megad\u00e1sa, ha k\u00e9s\u0151bb sz\u00fcks\u00e9ges felt\u00f6lt\u00e9shez, ne kelljen \u00e1lland\u00f3an megadni.<br \/>\n<img decoding=\"async\" loading=\"lazy\" alt=\"Freemake Video Converter YouTube fi\u00f3k\" src=\"\/\/cuccokhalomban.csillagpor.hu\/pict\/freemake-video-converter-9.jpg\" width=\"630\" height=\"452\" \/>\n<\/p>\n<p>URL beilleszt\u00e9se v\u00e1g\u00f3lapr\u00f3l, hozz\u00e1adva a YouTuber\u00f3l egy vide\u00f3 &#8230; ez n\u00e9met, mindegy.<br \/>\n<img decoding=\"async\" loading=\"lazy\" alt=\"Freemake Video Converter YouTube vide\u00f3 let\u00f6lt\u00e9s\" src=\"\/\/cuccokhalomban.csillagpor.hu\/pict\/freemake-video-converter-8.jpg\" width=\"730\" height=\"502\" \/>\n<\/p>\n<p>Azt\u00e1n lent v\u00e1lasztjuk pl. az <a target=\"_blank\" title=\"mp4\" href=\"\/\/csillagpor.hu\/remek\/fajlkiterjesztes\/mp4\" rel=\"noopener noreferrer\">MP4<\/a> form\u00e1tumot&#8230;<br \/>\n<img decoding=\"async\" loading=\"lazy\" alt=\"Freemake Video Converter mp4\" src=\"\/\/cuccokhalomban.csillagpor.hu\/pict\/freemake-video-converter-7.jpg\" width=\"730\" height=\"503\" \/>\n<\/p>\n<p>Ezek pedig az MP4 vide\u00f3 form\u00e1tum be\u00e1ll\u00edt\u00e1sai.<br \/>\n<img decoding=\"async\" loading=\"lazy\" alt=\"Freemake Video Converter mp4 lehet\u0151s\u00e9gek\" src=\"\/\/cuccokhalomban.csillagpor.hu\/pict\/freemake-video-converter-6.jpg\" width=\"730\" height=\"512\" \/>\n<\/p>\n<p>Sz\u00f3val akkor mobil min\u0151s\u00e9g\u0171 mp4 \u00e9s mehet a konvert\u00e1l\u00e1s &#8230; abba a k\u00f6nyvt\u00e1rba.<br \/>\n<img decoding=\"async\" loading=\"lazy\" alt=\"Freemake Video Converter mobil mp4\" src=\"\/\/cuccokhalomban.csillagpor.hu\/pict\/freemake-video-converter-5.jpg\" width=\"730\" height=\"502\" \/>\n<\/p>\n<p>Siker\u00fclt!<br \/>\n<img decoding=\"async\" loading=\"lazy\" alt=\"Freemake Video Converter siker\" src=\"\/\/cuccokhalomban.csillagpor.hu\/pict\/freemake-video-converter-4.jpg\" width=\"730\" height=\"503\" \/>\n<\/p>\n<p>A konvert\u00e1l\u00e1s men\u00fcpontb\u00f3l is kiv\u00e1laszthatjuk, hogy mibe alak\u00edtan\u00e1nk.<br \/>\n<img decoding=\"async\" loading=\"lazy\" alt=\"Freemake Video Converter konvert\u00e1l\u00e1s men\u00fc\" src=\"\/\/cuccokhalomban.csillagpor.hu\/pict\/freemake-video-converter-3.jpg\" width=\"730\" height=\"547\" \/>\n<\/p>\n<p>Csak g\u00f6rgetek egyet, hogy l\u00e1that\u00f3ak legyenek lent a tov\u00e1bbi c\u00e9l form\u00e1tumok &#8230;<br \/>\n<img decoding=\"async\" loading=\"lazy\" alt=\"Freemake Video Converter c\u00e9l form\u00e1tumok\" src=\"\/\/cuccokhalomban.csillagpor.hu\/pict\/freemake-video-converter-2.jpg\" width=\"730\" height=\"466\" \/>\n<\/p>\n<p>&#8230; meg m\u00e9g egyet &#8230;<br \/>\n<img decoding=\"async\" loading=\"lazy\" alt=\"Freemake Video Converter tov\u00e1bbiak\" src=\"\/\/cuccokhalomban.csillagpor.hu\/pict\/freemake-video-converter-1.jpg\" width=\"730\" height=\"466\" \/><\/p>\n<p>Az \u00fajabb verzi\u00f3kra reag\u00e1lhat \u00edgy a Windows XP. &#8220;A Freemake Video Converter hib\u00e1t \u00e9szlelt, ez\u00e9rt le\u00e1llt&#8230;&#8221; A megold\u00e1s a <a target=\"_blank\" title=\".net keretrendszer\" href=\"\/\/csillagpor.hu\/remek\/programok\/net-keretrendszer\" rel=\"noopener noreferrer\">NET Framework 4.0<\/a> telep\u00edt\u00e9se. K\u00f6sz\u00f6nj\u00fck kedves &#8220;\u00f6reg r\u00f3ka&#8221; olvas\u00f3nknak!<br \/>\n<img decoding=\"async\" loading=\"lazy\" alt=\"Freemake Video Converter XP hiba\" src=\"\/\/cuccokhalomban.csillagpor.hu\/pict\/freemake-video-converter-hiba.jpg\" width=\"498\" height=\"169\" \/><\/p>\n","protected":false},"excerpt":{"rendered":"<p><a target=\"_blank\" title=\"Freemake Video Converter\" href=\"\/\/csillagpor.hu\/remek\/programok\/freemake-video-converter-kepernyokepek\" rel=\"noopener noreferrer\"><img decoding=\"async\" loading=\"lazy\" alt=\"Freemake Video Converter\" src=\"\/\/cuccokhalomban.csillagpor.hu\/pict\/freemake-video-converter-kicsi.jpg\" width=\"122\" height=\"86\" class=\"flr\" \/><\/a>A Freemake Video Converter vide\u00f3 oda-vissza alak\u00edt\u00f3, let\u00f6lt\u0151, rippel\u0151 \u00e9s DVD, Blu-Ray \u00edr\u00f3 program magyar nyelven is telep\u00edthet\u0151. Telep\u00edtve, elindult &#8230; hozz\u00e1adhatunk k\u00e9pet, vide\u00f3t, hangot, DVD-t, beilleszthetj\u00fck vide\u00f3 (pl. YouTube) linkj\u00e9t. Be\u00e1ll\u00edt\u00e1sok: Feln\u0151tt vide\u00f3k \u00e9s ideiglenes mappa, vide\u00f3 gyors\u00edt\u00e1sok ki-be kapcsol\u00e1sa&#8230;<\/p>\n","protected":false},"author":1,"featured_media":0,"parent":0,"menu_order":0,"comment_status":"closed","ping_status":"closed","template":"","meta":{"footnotes":""},"_links":{"self":[{"href":"https:\/\/csillagpor.hu\/remek\/programok\/wp-json\/wp\/v2\/pages\/1707"}],"collection":[{"href":"https:\/\/csillagpor.hu\/remek\/programok\/wp-json\/wp\/v2\/pages"}],"about":[{"href":"https:\/\/csillagpor.hu\/remek\/programok\/wp-json\/wp\/v2\/types\/page"}],"author":[{"embeddable":true,"href":"https:\/\/csillagpor.hu\/remek\/programok\/wp-json\/wp\/v2\/users\/1"}],"replies":[{"embeddable":true,"href":"https:\/\/csillagpor.hu\/remek\/programok\/wp-json\/wp\/v2\/comments?post=1707"}],"version-history":[{"count":0,"href":"https:\/\/csillagpor.hu\/remek\/programok\/wp-json\/wp\/v2\/pages\/1707\/revisions"}],"wp:attachment":[{"href":"https:\/\/csillagpor.hu\/remek\/programok\/wp-json\/wp\/v2\/media?parent=1707"}],"curies":[{"name":"wp","href":"https:\/\/api.w.org\/{rel}","templated":true}]}}