{"id":1740,"date":"2015-09-10T18:03:56","date_gmt":"2015-09-10T16:03:56","guid":{"rendered":"http:\/\/csillagpor.hu\/remek\/programok\/?page_id=1740"},"modified":"2022-06-30T18:29:50","modified_gmt":"2022-06-30T16:29:50","slug":"antispy-for-windows10-kepernyokepek","status":"publish","type":"page","link":"https:\/\/csillagpor.hu\/remek\/programok\/antispy-for-windows10-kepernyokepek","title":{"rendered":"Ashampoo AntiSpy for Windows 10 k\u00e9perny\u0151k\u00e9pek"},"content":{"rendered":"<p>M\u00e1r magyar nyelven is el\u00e9rhet\u0151 az <a target=\"_blank\" title=\"antispy for windows 10\" href=\"\/\/csillagpor.hu\/remek\/programok\/ashampoo-antispy-for-windows-10\" rel=\"noopener noreferrer\">AntiSpy for Windows 10<\/a>, \u00edgy egy kicsit \u00e1ttekinthet\u0151bb, f\u0151leg annak aki egy\u00e1ltal\u00e1n nem tud angolul.<br \/>\n<img decoding=\"async\" loading=\"lazy\" alt=\"Ashampoo AntiSpy for Windows 10 magyarul\" src=\"\/\/cuccokhalomban.csillagpor.hu\/pict\/antispy-for-windows10-magyar-kepernyokepek-1.jpg\" width=\"547\" height=\"639\" \/>\n<\/p>\n<p>Ezek itt a legszigor\u00fabb d\u00f6nt\u00e9s szerinti be\u00e1ll\u00edt\u00e1sok, vagyis minden be\u00e1ll\u00edt\u00e1s kikapcsol\u00e1sa.<br \/>\n<img decoding=\"async\" loading=\"lazy\" alt=\"Ashampoo AntiSpy for Windows 10 minden be\u00e1ll\u00edt\u00e1s kikapcsol\u00e1sa\" src=\"\/\/cuccokhalomban.csillagpor.hu\/pict\/antispy-for-windows10-magyar-kepernyokepek-2.jpg\" width=\"549\" height=\"641\" \/>\n<\/p>\n<p>Akkor n\u00e9zz\u00fck v\u00e9gig &#8230;<br \/>\n<img decoding=\"async\" loading=\"lazy\" alt=\"Ashampoo AntiSpy for Windows 10 folytat\u00e1s\" src=\"\/\/cuccokhalomban.csillagpor.hu\/pict\/antispy-for-windows10-magyar-kepernyokepek-3.jpg\" width=\"550\" height=\"639\" \/>\n<\/p>\n<p>V\u00e9gig is \u00e9rt\u00fck, \u00e9rdemes v\u00e9gign\u00e9zni \u00e9s egyenk\u00e9nt d\u00f6nteni, mert pl. a legutols\u00f3, az Edge &#8220;Nincs nyomon k\u00f6vet\u00e9s&#8221; k\u00e9r\u00e9s k\u00fcld\u00e9s\u00e9nek a tilt\u00e1sa is elgondolkodtat\u00f3, hogy akkor most a nyomon k\u00f6vet\u00e9st vagy az ennek tilt\u00e1s\u00e1ra ir\u00e1nyul\u00f3 k\u00e9r\u00e9st akarjuk kev\u00e9sb\u00e9 :)<br \/>\n<img decoding=\"async\" loading=\"lazy\" alt=\"Ashampoo AntiSpy for Windows 10 nyomon k\u00f6vet\u00e9s\" src=\"\/\/cuccokhalomban.csillagpor.hu\/pict\/antispy-for-windows10-magyar-kepernyokepek-4.jpg\" width=\"550\" height=\"641\" \/>\n<\/p>\n<p>A be\u00e1ll\u00edt\u00e1sok leegyszer\u0171s\u00edt\u00e9se, gyors\u00edt\u00e1sa a jobb fels\u0151 <em>M\u0171veletek<\/em> men\u00fcb\u0151l \u00e9rhet\u0151 el. Az eddig l\u00e1tottak a <em>Minden be\u00e1ll\u00edt\u00e1s kikapcsol\u00e1sa<\/em> opci\u00f3 eredm\u00e9nyei, ahogy most \u00e1ll azok a <em>Gy\u00e1ri be\u00e1ll\u00edt\u00e1sok<\/em>, itt minden be van kapcsolva (!), \u00e9s k\u00f6vetkeznek az aj\u00e1nlott be\u00e1ll\u00edt\u00e1sok &#8230;<br \/>\n<img decoding=\"async\" loading=\"lazy\" alt=\"Ashampoo AntiSpy for Windows 10 m\u0171veletek\" src=\"\/\/cuccokhalomban.csillagpor.hu\/pict\/antispy-for-windows10-magyar-kepernyokepek-5.jpg\" width=\"591\" height=\"639\" \/>\n<\/p>\n<p>Az aj\u00e1nlott be\u00e1ll\u00edt\u00e1sokkal tal\u00e1n 5 opci\u00f3 kapcsol\u00f3dik be &#8230; \u00c9n azt aj\u00e1nlom, hogy \u00e1ll\u00edtsuk aj\u00e1nlottra, majd n\u00e9zz\u00fck \u00e1t, \u00e9s ehhez k\u00e9pest kapcsoljuk be vagy ki amit \u00fagy gondolunk. Amir\u0151l most \u00edrok, az is egy Windows 10, itt nekem csak az \u00c9rtes\u00edt\u00e9sek, \u00e9s a feljebb eml\u00edtett Edge dilemma &#8230; n\u00e1lam BE \u00e1ll\u00e1sban van a kapcsol\u00f3.<br \/>\n<img decoding=\"async\" loading=\"lazy\" alt=\"Ashampoo AntiSpy for Windows 10 n\u00e1lam\" src=\"\/\/cuccokhalomban.csillagpor.hu\/pict\/antispy-for-windows10-magyar-kepernyokepek-6.jpg\" width=\"543\" height=\"639\" \/>\n<\/p>\n<p>R\u00e9gebbi verzi\u00f3 angolul &#8230;..<\/p>\n<p>Ha el\u0151sz\u00f6r ind\u00edtjuk az <a target=\"_blank\" title=\"ashampoo antispy for windows 10\" href=\"\/\/csillagpor.hu\/remek\/programok\/ashampoo-antispy-for-windows-10\" rel=\"noopener noreferrer\">Ashampoo AntiSpy for Windows 10<\/a> programot, \u00e9s m\u00e9g semmit nem v\u00e1ltoztattunk a Windows 10-\u00fcnk be\u00e1ll\u00edt\u00e1sain, akkor ez a k\u00e9p fogad. Minden kapcsol\u00f3 bekapcsolva, &#8220;ON&#8221; \u00e1ll\u00e1sban. Ezen a k\u00e9pen is l\u00e1thatjuk, hogy pl. olyan dolgokat is letilthatunk itt mint az automatikus eszk\u00f6zmeghajt\u00f3 telep\u00edt\u00e9s. Vagyis ha valaki szeretne ilyet, akkor n\u00e9zze \u00e1t egyes\u00e9vel a be\u00e1ll\u00edt\u00e1sokat, ami persze tudom &#8230; angol nyelv\u0171&#8230;. seg\u00edtek ha kell :)<br \/>\n<img decoding=\"async\" loading=\"lazy\" alt=\"Ashampoo AntiSpy for Windows 10 alap\u00e9rtelmez\u00e9s\" src=\"\/\/cuccokhalomban.csillagpor.hu\/pict\/antispy-for-windows10-kepernyokep-1.gif\" width=\"494\" height=\"593\" \/>\n<\/p>\n<p>Fent az Action gombn\u00e1l egyszer\u0171en kapcsolhatunk pl. az aj\u00e1nlott be\u00e1ll\u00edt\u00e1sokra &#8230;<br \/>\n<img decoding=\"async\" loading=\"lazy\" alt=\"Ashampoo AntiSpy for Windows 10 aj\u00e1nlottak\" src=\"\/\/cuccokhalomban.csillagpor.hu\/pict\/antispy-for-windows10-kepernyokep-2.gif\" width=\"532\" height=\"596\" \/>\n<\/p>\n<p>&#8230; azt\u00e1n ezt csak j\u00f3v\u00e1 kell hagyni &#8230;<br \/>\n<img decoding=\"async\" loading=\"lazy\" alt=\"Ashampoo AntiSpy for Windows 10 - Igen\" src=\"\/\/cuccokhalomban.csillagpor.hu\/pict\/antispy-for-windows10-kepernyokep-3.gif\" width=\"349\" height=\"165\" \/>\n<\/p>\n<p> &#8230; majd r\u00e1kattintani erre a nagy k\u00e9k gombra &#8230;<br \/>\n<img decoding=\"async\" loading=\"lazy\" alt=\"Ashampoo AntiSpy for Windows 10 nagy k\u00e9k gomb\" src=\"\/\/cuccokhalomban.csillagpor.hu\/pict\/antispy-for-windows10-kepernyokep-4.gif\" width=\"494\" height=\"593\" \/>\n<\/p>\n<p> &#8230; \u00e9s akkor \u00f6sszesen 5 opci\u00f3 maradt bekapcsolva a 42-b\u0151l, pl. a Cortana is.<br \/>\n<img decoding=\"async\" loading=\"lazy\" alt=\"Ashampoo AntiSpy for Windows 10 Cortana\" src=\"\/\/cuccokhalomban.csillagpor.hu\/pict\/antispy-for-windows10-kepernyokep-5.gif\" width=\"494\" height=\"593\" \/>\n<\/p>\n<p>A deselect all lehet\u0151s\u00e9ggel mindent kikapcsolhatunk. \u00c9n tudom, hogy nekem nincs sz\u00fcks\u00e9gem semmire sem innen, \u00edgy \u00e9n ezt v\u00e1lasztottam.<br \/>\n<img decoding=\"async\" loading=\"lazy\" alt=\"Ashampoo AntiSpy for Windows 10 minden kikapcs\" src=\"\/\/cuccokhalomban.csillagpor.hu\/pict\/antispy-for-windows10-kepernyokep-6.gif\" width=\"494\" height=\"593\" \/>\n<\/p>\n<p>Teh\u00e1t minden kikapcsolva, \u00e9s ha akarjuk vissza\u00e1ll\u00edthatjuk az eredetit egy &#8230; na j\u00f3, h\u00e1rom kattint\u00e1ssal.<br \/>\n<img decoding=\"async\" loading=\"lazy\" alt=\"Ashampoo AntiSpy for Windows 10 vissza az alap\u00e9rtelmez\u00e9shez\" src=\"\/\/cuccokhalomban.csillagpor.hu\/pict\/antispy-for-windows10-kepernyokep-7.gif\" width=\"494\" height=\"593\" \/><\/p>\n","protected":false},"excerpt":{"rendered":"<p><a target=\"_blank\" title=\"AntiSpy for Windows 10\" href=\"\/\/csillagpor.hu\/remek\/programok\/antispy-for-windows10-kepernyokepek\" rel=\"noopener noreferrer\"><img decoding=\"async\" loading=\"lazy\" alt=\"AntiSpy for Windows 10\" src=\"\/\/cuccokhalomban.csillagpor.hu\/pict\/antispy-for-windows10-kicsi.gif\" width=\"100\" height=\"120\" class=\"flr\" \/><\/a>Ha el\u0151sz\u00f6r ind\u00edtjuk az Ashampoo AntiSpy for Windows 10 programot, \u00e9s m\u00e9g semmit nem v\u00e1ltoztattunk a Windows 10-\u00fcnk be\u00e1ll\u00edt\u00e1sain, akkor ez a k\u00e9p fogad. Minden kapcsol\u00f3 bekapcsolva, BE \u00e1ll\u00e1sban. Ezen a k\u00e9pen is l\u00e1thatjuk, hogy pl. olyan dolgokat is letilthatunk itt mint az automatikus eszk\u00f6zmeghajt\u00f3 telep\u00edt\u00e9s. Vagyis ha valaki szeretne ilyet, akkor n\u00e9zze \u00e1t egyes\u00e9vel a be\u00e1ll\u00edt\u00e1sokat, m\u00e1r magyar nyelv\u0171.<\/p>\n","protected":false},"author":1,"featured_media":0,"parent":0,"menu_order":0,"comment_status":"closed","ping_status":"closed","template":"","meta":{"footnotes":""},"_links":{"self":[{"href":"https:\/\/csillagpor.hu\/remek\/programok\/wp-json\/wp\/v2\/pages\/1740"}],"collection":[{"href":"https:\/\/csillagpor.hu\/remek\/programok\/wp-json\/wp\/v2\/pages"}],"about":[{"href":"https:\/\/csillagpor.hu\/remek\/programok\/wp-json\/wp\/v2\/types\/page"}],"author":[{"embeddable":true,"href":"https:\/\/csillagpor.hu\/remek\/programok\/wp-json\/wp\/v2\/users\/1"}],"replies":[{"embeddable":true,"href":"https:\/\/csillagpor.hu\/remek\/programok\/wp-json\/wp\/v2\/comments?post=1740"}],"version-history":[{"count":0,"href":"https:\/\/csillagpor.hu\/remek\/programok\/wp-json\/wp\/v2\/pages\/1740\/revisions"}],"wp:attachment":[{"href":"https:\/\/csillagpor.hu\/remek\/programok\/wp-json\/wp\/v2\/media?parent=1740"}],"curies":[{"name":"wp","href":"https:\/\/api.w.org\/{rel}","templated":true}]}}