{"id":1742,"date":"2015-09-23T19:27:44","date_gmt":"2015-09-23T17:27:44","guid":{"rendered":"http:\/\/csillagpor.hu\/remek\/programok\/?page_id=1742"},"modified":"2022-06-30T18:19:34","modified_gmt":"2022-06-30T16:19:34","slug":"free-video-editor-kepernyokepek","status":"publish","type":"page","link":"https:\/\/csillagpor.hu\/remek\/programok\/free-video-editor-kepernyokepek","title":{"rendered":"Free Video Editor k\u00e9perny\u0151k\u00e9pek"},"content":{"rendered":"<p>A <a target=\"_blank\" title=\"Free Video Editor\" href=\"\/\/csillagpor.hu\/remek\/programok\/free-video-editor\" rel=\"noopener noreferrer\">Free Video Editor<\/a> telep\u00edt\u00e9se elej\u00e9n ez a k\u00e9t eld\u00f6ntend\u0151 k\u00e9rd\u00e9s van.<br \/>\n<img decoding=\"async\" loading=\"lazy\" alt=\"Free Video Editor telep\u00edt\u00e9s\" src=\"\/\/cuccokhalomban.csillagpor.hu\/pict\/free-video-editor-kepernyokep-2.jpg\" width=\"499\" height=\"387\" \/>\n<\/p>\n<p>K\u00f6z\u00e9pre kattintva kib\u00f6ng\u00e9szhetj\u00fck a hozz\u00e1adand\u00f3, szerkesztend\u0151 f\u00e1jlt, vagy csak egyszer\u0171en dobjuk a n\u00e9gyzetbe.<br \/>\n<img decoding=\"async\" loading=\"lazy\" src=\"\/\/cuccokhalomban.csillagpor.hu\/pict\/free-video-editor-kepernyokep-3.jpg\" width=\"730\" height=\"437\" alt=\"Free Video Editor f\u00e1jl hozz\u00e1ad\u00e1sa\" \/>\n<\/p>\n<p>Vide\u00f3 bet\u00f6ltve, alak\u00edtsuk \u00e1t!<br \/>\n<img decoding=\"async\" loading=\"lazy\" alt=\"Free Video Editor \u00e1talak\u00edt\u00e1s\" src=\"\/\/cuccokhalomban.csillagpor.hu\/pict\/free-video-editor-kepernyokep-4.jpg\" width=\"730\" height=\"490\" \/>\n<\/p>\n<p>Itt be\u00e1ll\u00edthatjuk, hogy hov\u00e1 mentsen.<br \/>\n<img decoding=\"async\" loading=\"lazy\" alt=\"Free Video Editor ment\u00e9s\" src=\"\/\/cuccokhalomban.csillagpor.hu\/pict\/free-video-editor-kepernyokep-5.jpg\" width=\"730\" height=\"438\" \/>\n<\/p>\n<p>Nyelvi be\u00e1ll\u00edt\u00e1sok &#8230; sajnos magyar az nincs.<br \/>\n<img decoding=\"async\" loading=\"lazy\" alt=\"Free Video Editor nyelvek\" src=\"\/\/cuccokhalomban.csillagpor.hu\/pict\/free-video-editor-kepernyokep-6.jpg\" width=\"730\" height=\"437\" \/>\n<\/p>\n<p>Feje tetej\u00e9re \u00e1ll\u00edthatjuk a vil\u00e1got!<br \/>\n<img decoding=\"async\" alt=\"Free Video Editor vide\u00f3 elforgat\u00e1s\" src=\"\/\/cuccokhalomban.csillagpor.hu\/pict\/free-video-editor-kepernyokep-7.jpg\"width=\"730\" height=\"437\" \/>\n<\/p>\n<p>Belenagy\u00edthatunk a m\u00e9diafolyamba &#8230; de csak 2-szeres m\u00e9lys\u00e9gig.<br \/>\n<img decoding=\"async\" loading=\"lazy\" alt=\"Free Video Editor nagy\u00edt\u00e1s\" src=\"\/\/cuccokhalomban.csillagpor.hu\/pict\/free-video-editor-kepernyokep-8.jpg\" width=\"730\" height=\"437\" \/>\n<\/p>\n<p>Kijel\u00f6lj\u00fck a kiv\u00e1gand\u00f3 r\u00e9sz elej\u00e9t &#8230;<br \/>\n<img decoding=\"async\" loading=\"lazy\" alt=\"Free Video Editor v\u00e1g\u00e1s eleje\" src=\"\/\/cuccokhalomban.csillagpor.hu\/pict\/free-video-editor-kepernyokep-9.jpg\" width=\"730\" height=\"437\" \/>\n<\/p>\n<p>&#8230; majd a v\u00e9g\u00e9t is.<br \/>\n<img decoding=\"async\" loading=\"lazy\" alt=\"Free Video Editor v\u00e1g\u00e1s v\u00e9ge\" src=\"\/\/cuccokhalomban.csillagpor.hu\/pict\/free-video-editor-kepernyokep-10.jpg\" width=\"730\" height=\"437\" \/>\n<\/p>\n<p>Vissza is vonhatjuk term\u00e9szetesen a v\u00e1g\u00e1st.<br \/>\n<img decoding=\"async\" loading=\"lazy\" alt=\"Free Video Editor visszavon\u00e1s\" src=\"\/\/cuccokhalomban.csillagpor.hu\/pict\/free-video-editor-kepernyokep-11.jpg\" width=\"730\" height=\"437\" \/>\n<\/p>\n<p>Invert\u00e1lhatjuk is a kiv\u00e1laszt\u00e1st, azaz \u00edgy a v\u00e1g\u00e1sra kijel\u00f6lt r\u00e9sz marad, a t\u00f6bbi lesz el\u0151le \u00e9s m\u00f6g\u00fcle lev\u00e1gva.<br \/>\n<img decoding=\"async\" loading=\"lazy\" alt=\"Free Video Editor invert\" src=\"\/\/cuccokhalomban.csillagpor.hu\/pict\/free-video-editor-kepernyokep-12.jpg\" width=\"730\" height=\"437\" \/><\/p>\n","protected":false},"excerpt":{"rendered":"<p><a target=\"_blank\" title=\"free video editor k\u00e9perny\u0151k\u00e9pek\" href=\"\/\/csillagpor.hu\/remek\/programok\/free-video-editor-kepernyokepek\" rel=\"noopener noreferrer\"><img decoding=\"async\" loading=\"lazy\" alt=\"Free Video Editor\" src=\"\/\/cuccokhalomban.csillagpor.hu\/pict\/free-video-editor-kicsi.jpg\" width=\"120\" height=\"72\" class=\"flr\" \/><\/a>Free Video Editor k\u00e9perny\u0151k\u00e9pek &#8230; Kattintva kib\u00f6ng\u00e9szhetj\u00fck a hozz\u00e1adand\u00f3, szerkesztend\u0151 f\u00e1jlt, vagy csak egyszer\u0171en dobjuk a n\u00e9gyzetbe. Vide\u00f3 bet\u00f6ltve, alak\u00edtsuk \u00e1t! Feje tetej\u00e9re \u00e1ll\u00edthatjuk a vil\u00e1got!<\/p>\n","protected":false},"author":1,"featured_media":0,"parent":0,"menu_order":0,"comment_status":"closed","ping_status":"closed","template":"","meta":{"footnotes":""},"_links":{"self":[{"href":"https:\/\/csillagpor.hu\/remek\/programok\/wp-json\/wp\/v2\/pages\/1742"}],"collection":[{"href":"https:\/\/csillagpor.hu\/remek\/programok\/wp-json\/wp\/v2\/pages"}],"about":[{"href":"https:\/\/csillagpor.hu\/remek\/programok\/wp-json\/wp\/v2\/types\/page"}],"author":[{"embeddable":true,"href":"https:\/\/csillagpor.hu\/remek\/programok\/wp-json\/wp\/v2\/users\/1"}],"replies":[{"embeddable":true,"href":"https:\/\/csillagpor.hu\/remek\/programok\/wp-json\/wp\/v2\/comments?post=1742"}],"version-history":[{"count":0,"href":"https:\/\/csillagpor.hu\/remek\/programok\/wp-json\/wp\/v2\/pages\/1742\/revisions"}],"wp:attachment":[{"href":"https:\/\/csillagpor.hu\/remek\/programok\/wp-json\/wp\/v2\/media?parent=1742"}],"curies":[{"name":"wp","href":"https:\/\/api.w.org\/{rel}","templated":true}]}}