{"id":1751,"date":"2015-12-01T19:15:03","date_gmt":"2015-12-01T18:15:03","guid":{"rendered":"http:\/\/csillagpor.hu\/remek\/programok\/?page_id=1751"},"modified":"2022-06-30T18:29:26","modified_gmt":"2022-06-30T16:29:26","slug":"avast-free-antivirus-kepernyokepek","status":"publish","type":"page","link":"https:\/\/csillagpor.hu\/remek\/programok\/avast-free-antivirus-kepernyokepek","title":{"rendered":"Avast! Free Antivirus k\u00e9perny\u0151k\u00e9pek"},"content":{"rendered":"<p><a target=\"_blank\" title=\"avast free antivirus\" href=\"\/\/csillagpor.hu\/remek\/programok\/avast-free-antivirus-letoltese\" rel=\"noopener noreferrer\">Az Avast! Free Antivirus<\/a> 11-es verzi\u00f3j\u00e1nak telep\u00edt\u00e9se Windows 10-re. Lent vegy\u00fck ki a pip\u00e1kat, ha nem akarjuk a <a target=\"_blank\" title=\"google chrome\" href=\"\/\/csillagpor.hu\/remek\/programok\/google-chrome-letoltese\" rel=\"noopener noreferrer\">Chrome b\u00f6ng\u00e9sz\u0151t<\/a>, \u00e9s a Testreszab\u00e1sn\u00e1l n\u00e9zz\u00fck meg mik telep\u00fcln\u00e9nek fel!<br \/>\n<img decoding=\"async\" loading=\"lazy\" alt=\"Avast! telep\u00edt\u00e9s\" src=\"\/\/cuccokhalomban.csillagpor.hu\/pict\/avast-kepernyokep-1.jpg\" width=\"730\" height=\"510\" \/>\n<\/p>\n<p>Hov\u00e1 szeretn\u00e9nk telep\u00edteni \u00e9s mit? A k\u00f6z\u00e9ps\u0151 oszlopot szerintem ki lehet hagyni, de az utols\u00f3 n\u00e9lk\u00fcl is biztons\u00e1gos lesz a g\u00e9p\u00fcnk. Aki semmif\u00e9le levelez\u0151 programot nem haszn\u00e1l, annak az els\u0151 sorb\u00f3l a levelez\u00e9s v\u00e9delem is felesleges.<br \/>\n<img decoding=\"async\" loading=\"lazy\" alt=\"Avast! \u00f6sszetev\u0151k kiv\u00e1laszt\u00e1sa\" src=\"\/\/cuccokhalomban.csillagpor.hu\/pict\/avast-kepernyokep-2.jpg\" width=\"730\" height=\"513\" \/>\n<\/p>\n<p>\u00cdg\u00e9rik, hogy vigy\u00e1znak szem\u00e9lyes adatainkra.<br \/>\n<img decoding=\"async\" loading=\"lazy\" alt=\"Avast! szem\u00e9lyes adatok\" src=\"\/\/cuccokhalomban.csillagpor.hu\/pict\/avast-kepernyokep-3.jpg\" width=\"730\" height=\"513\" \/>\n<\/p>\n<p>Mobilon is v\u00e9d az Avast, ha akarjuk.<br \/>\n<img decoding=\"async\" loading=\"lazy\" alt=\"Avast! mobilra\" src=\"\/\/cuccokhalomban.csillagpor.hu\/pict\/avast-kepernyokep-4.jpg\" width=\"730\" height=\"514\" \/>\n<\/p>\n<p>K\u00e9ts\u00e9gtelen, hogy jobb a fizet\u0151s, \u00e9s nem is olyan dr\u00e1ga, na de aki innen t\u00f6lten\u00e9 le, az ingyen akarja :)<br \/>\n<img decoding=\"async\" loading=\"lazy\" alt=\"Avast! ingyen\" src=\"\/\/cuccokhalomban.csillagpor.hu\/pict\/avast-kepernyokep-5.jpg\" width=\"730\" height=\"513\" \/>\n<\/p>\n<p>No \u00e9s akkor megint &#8230; Nem, k\u00f6sz\u00f6n\u00f6m.<br \/>\n<img decoding=\"async\" loading=\"lazy\" alt=\"Avast! k\u00f6szi nem\" src=\"\/\/cuccokhalomban.csillagpor.hu\/pict\/avast-kepernyokep-6.jpg\" width=\"730\" height=\"511\" \/>\n<\/p>\n<p>Telep\u00edt\u00e9s k\u00e9sz, meg volt az els\u0151 friss\u00edt\u00e9s, v\u00e9dett vagy, akkor be\u00e1ll\u00edt\u00e1sok a jobb f\u00f6ls\u0151 fogasker\u00e9kn\u00e9l.<br \/>\n<img decoding=\"async\" loading=\"lazy\" alt=\"Avast! telep\u00edt\u00e9s k\u00e9sz\" src=\"\/\/cuccokhalomban.csillagpor.hu\/pict\/avast-kepernyokep-7.jpg\" width=\"730\" height=\"510\" \/>\n<\/p>\n<p>\u00c1ltal\u00e1nos be\u00e1ll\u00edt\u00e1sok, az adatv\u00e9delemn\u00e9l kivehetj\u00fck a pip\u00e1t az Avast k\u00f6z\u00f6ss\u00e9g \u00e9s adatmegoszt\u00e1s lehet\u0151s\u00e9gb\u0151l.<br \/>\n<img decoding=\"async\" loading=\"lazy\" alt=\"Avast! adatv\u00e9delem\" src=\"\/\/cuccokhalomban.csillagpor.hu\/pict\/avast-kepernyokep-8.jpg\" width=\"730\" height=\"513\" \/>\n<\/p>\n<p>Itt \u00e1ll\u00edthatjuk \u00e1t a nyelvet, \u00e1ll\u00edthatjuk le a DeepScreent \u00e9s a h\u00edrn\u00e9v szolg\u00e1ltat\u00e1st, bekapcsolhatjuk a j\u00e1t\u00e9k \u00fczemm\u00f3dot, stb&#8230;<br \/>\n<img decoding=\"async\" loading=\"lazy\" alt=\"Avast! be\u00e1ll\u00edt\u00e1sok\" src=\"\/\/cuccokhalomban.csillagpor.hu\/pict\/avast-kepernyokep-9.jpg\" width=\"730\" height=\"512\" \/>\n<\/p>\n<p>\u00c9n nem szeretem ha zajong, b\u00e1rmi okb\u00f3l is, egy program!<br \/>\n<img decoding=\"async\" loading=\"lazy\" alt=\"Avast! hang ki\" src=\"\/\/cuccokhalomban.csillagpor.hu\/pict\/avast-kepernyokep-10.jpg\" width=\"730\" height=\"513\" \/>\n<\/p>\n<p>Vizsg\u00e1lat futtat\u00e1skor &#8230; ez hasznos.<br \/>\n<img decoding=\"async\" loading=\"lazy\" alt=\"Avast! futtat\u00e1skori vizsg\u00e1lat\" src=\"\/\/cuccokhalomban.csillagpor.hu\/pict\/avast-kepernyokep-11.jpg\" width=\"730\" height=\"678\" \/>\n<\/p>\n<p>Levelez\u0151 protokollok v\u00e9delme &#8230; akinek kell ilyen.<br \/>\n<img decoding=\"async\" loading=\"lazy\" alt=\"Avast! levelez\u00e9s\" src=\"\/\/cuccokhalomban.csillagpor.hu\/pict\/avast-kepernyokep-12.jpg\" width=\"728\" height=\"678\" \/>\n<\/p>\n<p>Webvizsg\u00e1lat &#8230; ezen is lehet finom\u00edtani.<br \/>\n<img decoding=\"async\" loading=\"lazy\" alt=\"Avast! webvizsg\u00e1lat\" src=\"\/\/cuccokhalomban.csillagpor.hu\/pict\/avast-kepernyokep-13.jpg\" width=\"730\" height=\"678\" \/>\n<\/p>\n<p>Programverzi\u00f3 a n\u00e9vjegyben \u00e9s az a sok-sok milli\u00f3f\u00e9le rosszindulat\u00fas\u00e1g&#8230;<br \/>\n<img decoding=\"async\" loading=\"lazy\" alt=\"Avast! n\u00e9vjegye\" src=\"\/\/cuccokhalomban.csillagpor.hu\/pict\/avast-kepernyokep-14.jpg\" width=\"730\" height=\"513\" \/>\n<\/p>\n<p>Bootolhat\u00f3 USB meghajt\u00f3 l\u00e9trehoz\u00e1sa, v\u00e9sz eset\u00e9re.<br \/>\n<img decoding=\"async\" loading=\"lazy\" alt=\"Avast! USB Rescue Disk\" src=\"\/\/cuccokhalomban.csillagpor.hu\/pict\/avast-kepernyokep-15.jpg\" width=\"730\" height=\"512\" \/>\n<\/p>\n<p>&rarr; <a target=\"_blank\" title=\"avast free antivirus k\u00e9perny\u0151k\u00e9pek\" href=\"\/\/csillagpor.hu\/remek\/programok\/avast-free-antivirus-screenshot\" rel=\"noopener noreferrer\">K\u00e9pek a r\u00e9gebbi Avastr\u00f3l<\/a><\/p>\n","protected":false},"excerpt":{"rendered":"<p><a target=\"_blank\" title=\"avast free antivirus\" href=\"\/\/csillagpor.hu\/remek\/programok\/avast-free-antivirus-kepernyokepek\" rel=\"noopener noreferrer\"><img decoding=\"async\" loading=\"lazy\" alt=\"avast! Free Antivirus\" src=\"\/\/cuccokhalomban.csillagpor.hu\/pict\/avast-1.jpg\" width=\"100\" height=\"77\" class=\"flr\" \/><\/a>Az Avast! Free Antivirus telep\u00edt\u00e9se Windows 10-re. Lent vegy\u00fck ki a pip\u00e1kat, ha nem akarjuk a Chrome b\u00f6ng\u00e9sz\u0151t, \u00e9s a Testreszab\u00e1sn\u00e1l n\u00e9zz\u00fck meg mik telep\u00fcln\u00e9nek fel! Hov\u00e1 szeretn\u00e9nk telep\u00edteni \u00e9s mit? A k\u00f6z\u00e9ps\u0151 oszlopot szerintem ki lehet hagyni, de az utols\u00f3 n\u00e9lk\u00fcl is biztons\u00e1gos lesz a g\u00e9p\u00fcnk. Aki semmif\u00e9le levelez\u0151 programot nem haszn\u00e1l, annak az els\u0151 sorb\u00f3l a levelez\u00e9s v\u00e9delem is felesleges&#8230;<\/p>\n","protected":false},"author":1,"featured_media":0,"parent":0,"menu_order":0,"comment_status":"closed","ping_status":"closed","template":"","meta":{"footnotes":""},"_links":{"self":[{"href":"https:\/\/csillagpor.hu\/remek\/programok\/wp-json\/wp\/v2\/pages\/1751"}],"collection":[{"href":"https:\/\/csillagpor.hu\/remek\/programok\/wp-json\/wp\/v2\/pages"}],"about":[{"href":"https:\/\/csillagpor.hu\/remek\/programok\/wp-json\/wp\/v2\/types\/page"}],"author":[{"embeddable":true,"href":"https:\/\/csillagpor.hu\/remek\/programok\/wp-json\/wp\/v2\/users\/1"}],"replies":[{"embeddable":true,"href":"https:\/\/csillagpor.hu\/remek\/programok\/wp-json\/wp\/v2\/comments?post=1751"}],"version-history":[{"count":0,"href":"https:\/\/csillagpor.hu\/remek\/programok\/wp-json\/wp\/v2\/pages\/1751\/revisions"}],"wp:attachment":[{"href":"https:\/\/csillagpor.hu\/remek\/programok\/wp-json\/wp\/v2\/media?parent=1751"}],"curies":[{"name":"wp","href":"https:\/\/api.w.org\/{rel}","templated":true}]}}