{"id":1752,"date":"2015-12-10T09:42:45","date_gmt":"2015-12-10T08:42:45","guid":{"rendered":"http:\/\/csillagpor.hu\/remek\/programok\/?page_id=1752"},"modified":"2022-06-30T18:18:17","modified_gmt":"2022-06-30T16:18:17","slug":"gwx-control-panel-kepernyokepek","status":"publish","type":"page","link":"https:\/\/csillagpor.hu\/remek\/programok\/gwx-control-panel-kepernyokepek","title":{"rendered":"GWX Control Panel k\u00e9perny\u0151k\u00e9pek"},"content":{"rendered":"<p>A <a target=\"_blank\" title=\"GWX Control Panel\" href=\"\/\/csillagpor.hu\/remek\/programok\/gwx-control-panel\" rel=\"noopener noreferrer\">GWX Control Panel<\/a> feltelep\u00fclt, itt m\u00e9g fut a &#8220;A Windows 10 beszerz\u00e9se&#8221; (Get Windows 10) alkalmaz\u00e1s. Mivel ezen a rendszeren m\u00e9g nem kezdtem meg a Windows 10 beszerz\u00e9s\u00e9t, ez\u00e9rt nincs a C:\\ meghajt\u00f3n a let\u00f6lt\u00e9s\u00e9hez mappa sem ($WINDOWS.~BT \u00e9s $Windows.~WS). Lent a fels\u0151 gomb v\u00e9gleg letiltja az \u00f3ra melletti friss\u00edt\u00e9sre figyelmeztet\u0151 ikon.<br \/>\n<img decoding=\"async\" loading=\"lazy\" alt=\"GWX Control Panel telep\u00edt\u00e9s k\u00e9sz\" src=\"\/\/cuccokhalomban.csillagpor.hu\/pict\/gwx-control-panel-kepernyokep-1.jpg\" width=\"407\" height=\"524\" \/>\n<\/p>\n<p>A m\u00e1sodik gomb letiltja az automatikus Windows friss\u00edt\u00e9st.<br \/>\n<img decoding=\"async\" loading=\"lazy\" alt=\"GWX Control Panel friss\u00edt\u00e9s letilt\" src=\"\/\/cuccokhalomban.csillagpor.hu\/pict\/gwx-control-panel-kepernyokep-2.jpg\" width=\"406\" height=\"524\" \/>\n<\/p>\n<p>A harmadik gomb pedig t\u00f6rli az Update Cache-t, a Windows kor\u00e1bbi friss\u00edt\u00e9seinek let\u00f6lt\u00f6tt f\u00e1jljait \u00e9s a napl\u00f3f\u00e1jlokat.<br \/>\n<img decoding=\"async\" loading=\"lazy\" alt=\"GWX Control Panel Update Cache\" src=\"\/\/cuccokhalomban.csillagpor.hu\/pict\/gwx-control-panel-kepernyokep-3.jpg\" width=\"407\" height=\"523\" \/>\n<\/p>\n<p>Ez a bal als\u00f3 bekapcsolja az \u00e1lland\u00f3 figyel\u00e9st, vagyis ha valami okn\u00e1l fogva m\u00e9giscsak fel akarna settenkedni a Windows 10, akkor sz\u00f3l.<br \/>\n<img decoding=\"async\" loading=\"lazy\" alt=\"GWX Control Panel nono!\" src=\"\/\/cuccokhalomban.csillagpor.hu\/pict\/gwx-control-panel-kepernyokep-4.jpg\" width=\"407\" height=\"524\" \/>\n<\/p>\n<p>Innen pedig a haszn\u00e1lat\u00e1r\u00f3l sz\u00f3l\u00f3 oldalt lehet el\u00e9rni (angol nyelven).<br \/>\n<img decoding=\"async\" loading=\"lazy\" alt=\"GWX Control Panel Use Guide\" src=\"\/\/cuccokhalomban.csillagpor.hu\/pict\/gwx-control-panel-kepernyokep-5.jpg\" width=\"407\" height=\"524\" \/>\n<\/p>\n<p>A Windows Update Cache t\u00f6rl\u00e9s\u00e9n\u00e9l olvashatjuk, hogy ezt csak akkor sz\u00fcks\u00e9ges haszn\u00e1lni, ha valami\u00e9rt elindult, de nem siker\u00fclt a friss\u00edt\u00e9s. Egy\u00e9bk\u00e9nt csak a f\u00e1jlokat \u00e9s a napl\u00f3kat t\u00f6rli, teh\u00e1t nem von vissza friss\u00edt\u00e9seket. Ezut\u00e1n azt l\u00e1thatjuk mindenhol, mintha m\u00e9g egy friss\u00edt\u00e9st sem telep\u00edtett\u00fcnk volna soha.<br \/>\n<img decoding=\"async\" loading=\"lazy\" alt=\"GWX Control Panel friss\u00edt\u00e9s\" src=\"\/\/cuccokhalomban.csillagpor.hu\/pict\/gwx-control-panel-kepernyokep-7.jpg\" width=\"471\" height=\"525\" \/>\n<\/p>\n<p>\u00c9n az\u00e9rt megcsin\u00e1ltam &#8230; t\u00f6r\u00f6lt 3385 f\u00e1jlt. Ezt nem lehet vissza\u00e1ll\u00edtani, mint a t\u00f6bbi opci\u00f3t.<br \/>\n<img decoding=\"async\" loading=\"lazy\" alt=\"GWX Control Panel friss\u00edt\u0151f\u00e1jlok t\u00f6r\u00f6lve\" src=\"\/\/cuccokhalomban.csillagpor.hu\/pict\/gwx-control-panel-kepernyokep-8.jpg\" width=\"407\" height=\"524\" \/>\n<\/p>\n<p>Enged\u00e9lyeztem a Monitor Mode-ot, m\u00e1r sz\u00f3l is!<br \/>\n<img decoding=\"async\" loading=\"lazy\" alt=\"GWX Control Panel Monitor Mode\" src=\"\/\/cuccokhalomban.csillagpor.hu\/pict\/gwx-control-panel-kepernyokep-9.jpg\" width=\"730\" height=\"476\" \/>\n<\/p>\n<p>\u00c9s akkor itt l\u00e1thatjuk, hogy friss\u00edt\u00e9sek legut\u00f3bbi keres\u00e9se: soha, friss\u00edt\u00e9sek telep\u00fcltek: soha, csak a Windows rendszerhez kap friss\u00edt\u00e9seket &#8230; A baloldali linkekn\u00e9l sem tal\u00e1lunk semmit, mintha most telep\u00fclt volna, pedig ez nem \u00edgy van&#8230; er\u0151sen.<br \/>\n<img decoding=\"async\" loading=\"lazy\" alt=\"GWX Control Panel SOHA\" src=\"\/\/cuccokhalomban.csillagpor.hu\/pict\/gwx-control-panel-kepernyokep-10.jpg\" width=\"730\" height=\"437\" \/><\/p>\n","protected":false},"excerpt":{"rendered":"<p><a target=\"_blank\" title=\"GWX Control Panel k\u00e9perny\u0151k\u00e9pek\" href=\"\/\/csillagpor.hu\/remek\/programok\/gwx-control-panel-kepernyokepek\" rel=\"noopener noreferrer\"><img decoding=\"async\" loading=\"lazy\" alt=\"GWX Control Panel\" src=\"\/\/cuccokhalomban.csillagpor.hu\/pict\/gwx-control-panel-kicsi.jpg\" width=\"120\" height=\"121\" class=\"flr\" \/><\/a>A GWX Control Panel feltelep\u00fclt, itt m\u00e9g fut a &#8220;A Windows 10 beszerz\u00e9se&#8221; (Get Windows 10) alkalmaz\u00e1s. Mivel ezen a rendszeren m\u00e9g nem kezdtem meg a Windows 10 beszerz\u00e9s\u00e9t, ez\u00e9rt nincs a C:\\ meghajt\u00f3n a let\u00f6lt\u00e9s\u00e9hez mappa sem ($WINDOWS.~BT \u00e9s $Windows.~WS). Lent a fels\u0151 gomb v\u00e9gleg letiltja az \u00f3ra melletti friss\u00edt\u00e9sre figyelmeztet\u0151 ikon. A m\u00e1sodik gomb letiltja az automatikus Windows friss\u00edt\u00e9st&#8230;<\/p>\n","protected":false},"author":1,"featured_media":0,"parent":0,"menu_order":0,"comment_status":"closed","ping_status":"closed","template":"","meta":{"footnotes":""},"_links":{"self":[{"href":"https:\/\/csillagpor.hu\/remek\/programok\/wp-json\/wp\/v2\/pages\/1752"}],"collection":[{"href":"https:\/\/csillagpor.hu\/remek\/programok\/wp-json\/wp\/v2\/pages"}],"about":[{"href":"https:\/\/csillagpor.hu\/remek\/programok\/wp-json\/wp\/v2\/types\/page"}],"author":[{"embeddable":true,"href":"https:\/\/csillagpor.hu\/remek\/programok\/wp-json\/wp\/v2\/users\/1"}],"replies":[{"embeddable":true,"href":"https:\/\/csillagpor.hu\/remek\/programok\/wp-json\/wp\/v2\/comments?post=1752"}],"version-history":[{"count":0,"href":"https:\/\/csillagpor.hu\/remek\/programok\/wp-json\/wp\/v2\/pages\/1752\/revisions"}],"wp:attachment":[{"href":"https:\/\/csillagpor.hu\/remek\/programok\/wp-json\/wp\/v2\/media?parent=1752"}],"curies":[{"name":"wp","href":"https:\/\/api.w.org\/{rel}","templated":true}]}}