{"id":1758,"date":"2016-01-07T13:44:26","date_gmt":"2016-01-07T12:44:26","guid":{"rendered":"http:\/\/csillagpor.hu\/remek\/programok\/?page_id=1758"},"modified":"2022-06-30T17:59:53","modified_gmt":"2022-06-30T15:59:53","slug":"smplayer-kepernyokepek","status":"publish","type":"page","link":"https:\/\/csillagpor.hu\/remek\/programok\/smplayer-kepernyokepek","title":{"rendered":"SMPlayer k\u00e9perny\u0151k\u00e9pek"},"content":{"rendered":"<p><a target=\"_blank\" title=\"SMPlayer\" href=\"\/\/csillagpor.hu\/remek\/programok\/mplayer-smplayer-letoltese\" rel=\"noopener noreferrer\">Az SMPlayer m\u00e9dia lej\u00e1tsz\u00f3<\/a> telep\u00edt\u00e9se, az MPV vagy az MPlayer motor v\u00e1laszthatjuk, nem tudom mi a k\u00fcl\u00f6nbs\u00e9g, az MPlayer az alap\u00e9rtelmezett. A &#8220;Reset my SMPlayer configuration&#8221; kiv\u00e1laszt\u00e1sakor t\u00f6rli az el\u0151z\u0151leg telep\u00edtett SMPlayer be\u00e1ll\u00edt\u00e1sait.<br \/>\n<img decoding=\"async\" loading=\"lazy\" alt=\"SMPlayer telep\u00edt\u00e9s\" src=\"\/\/cuccokhalomban.csillagpor.hu\/pict\/smplayer-kepernyokep-1.jpg\" width=\"499\" height=\"388\" \/>\n<\/p>\n<p>DVD \u00e9s Blu-ray lej\u00e1tsz\u00e1sa k\u00f6nyvt\u00e1rb\u00f3l, a Blu-ray-ig m\u00e9g nem \u00e9rt el a magyar nyelv :).<br \/>\n<img decoding=\"async\" loading=\"lazy\" alt=\"SMPlayer lemez lej\u00e1tsz\u00e1s mapp\u00e1b\u00f3l\" src=\"\/\/cuccokhalomban.csillagpor.hu\/pict\/smplayer-kepernyokep-2.jpg\" width=\"685\" height=\"541\" \/>\n<\/p>\n<p>A lej\u00e1tsz\u00e1s sebess\u00e9g\u00e9nek vez\u00e9rl\u00e9se.<br \/>\n<img decoding=\"async\" loading=\"lazy\" alt=\"SMPlayer lej\u00e1tsz\u00e1si sebess\u00e9g\" src=\"\/\/cuccokhalomban.csillagpor.hu\/pict\/smplayer-kepernyokep-3.jpg\" width=\"685\" height=\"541\" \/>\n<\/p>\n<p>Sokf\u00e9le vide\u00f3 m\u00e9retar\u00e1nyt ismer.<br \/>\n<img decoding=\"async\" loading=\"lazy\" alt=\"SMPlayer vide\u00f3 m\u00e9retar\u00e1ny\" src=\"\/\/cuccokhalomban.csillagpor.hu\/pict\/smplayer-kepernyokep-4.jpg\" width=\"685\" height=\"541\" \/>\n<\/p>\n<p>Hang csatorn\u00e1k, sztere\u00f3 \u00e9s mindenf\u00e9le Surround.<br \/>\n<img decoding=\"async\" loading=\"lazy\" alt=\"SMPlayer hang csatorn\u00e1k\" src=\"\/\/cuccokhalomban.csillagpor.hu\/pict\/smplayer-kepernyokep-5.jpg\" width=\"684\" height=\"541\" \/>\n<\/p>\n<p>Az eszk\u00f6zt\u00e1r szem\u00e9lyre szab\u00e1sa.<br \/>\n<img decoding=\"async\" loading=\"lazy\" alt=\"SMPlayer toolbar\" src=\"\/\/cuccokhalomban.csillagpor.hu\/pict\/smplayer-kepernyokep-6.jpg\" width=\"703\" height=\"444\" \/>\n<\/p>\n<p>\u00c1ltal\u00e1nos be\u00e1ll\u00edt\u00e1sok, pl. id\u0151poz\u00edci\u00f3 megjegyz\u00e9se, pillanatk\u00e9p enged\u00e9lyez\u00e9se&#8230;<br \/>\n<img decoding=\"async\" loading=\"lazy\" alt=\"SMPlayer be\u00e1ll\u00edt\u00e1sok\" src=\"\/\/cuccokhalomban.csillagpor.hu\/pict\/smplayer-kepernyokep-7.jpg\" width=\"717\" height=\"488\" \/>\n<\/p>\n<p>Vide\u00f3 be\u00e1ll\u00edt\u00e1sok, pl. dupla bufferel\u00e9s, hardveres gyors\u00edt\u00e1s, k\u00e9perny\u0151v\u00e9d\u0151 elker\u00fcl\u00e9se &#8230;<br \/>\n<img decoding=\"async\" loading=\"lazy\" alt=\"SMPlayer vide\u00f3 be\u00e1ll\u00edt\u00e1sok\" src=\"\/\/cuccokhalomban.csillagpor.hu\/pict\/smplayer-kepernyokep-8.jpg\" width=\"716\" height=\"488\" \/>\n<\/p>\n<p>Teljes\u00edtm\u00e9ny be\u00e1ll\u00edt\u00e1sok, norm\u00e1l feletti priorit\u00e1s az alap\u00e9rtelmezett. Van itt m\u00e9g hardveres dek\u00f3dol\u00e1s, \u00e9s be\u00e1ll\u00edthatunk t\u00f6bb dek\u00f3dol\u00e1si sz\u00e1lat is, pl. &#8230;<br \/>\n<img decoding=\"async\" loading=\"lazy\" alt=\"SMPlayer vide\u00f3 gyors\u00edt\u00e1s\" src=\"\/\/cuccokhalomban.csillagpor.hu\/pict\/smplayer-kepernyokep-9.jpg\" width=\"717\" height=\"488\" \/>\n<\/p>\n<p>Mindenf\u00e9le lej\u00e1tsz\u00e1shoz k\u00fcl\u00f6n \u00e1ll\u00edthatjuk a gyors\u00edt\u00f3t\u00e1r m\u00e9ret\u00e9t.<br \/>\n<img decoding=\"async\" loading=\"lazy\" alt=\"SMPlayer gyors\u00edt\u00f3t\u00e1r\" src=\"\/\/cuccokhalomban.csillagpor.hu\/pict\/smplayer-kepernyokep-10.jpg\" width=\"716\" height=\"488\" \/>\n<\/p>\n<p>Billenty\u0171 \u00e9s eg\u00e9r parancsok r\u00e9szletes testreszab\u00e1sa.<br \/>\n<img decoding=\"async\" loading=\"lazy\" alt=\"SMPlayer billenty\u0171 \u00e9s eg\u00e9r\" src=\"\/\/cuccokhalomban.csillagpor.hu\/pict\/smplayer-kepernyokep-11.jpg\" width=\"717\" height=\"487\" \/>\n<\/p>\n<p>Az SMPlayerhez rendelt vagy rendelhet\u0151 f\u00e1jlt\u00edpusok.<br \/>\n<img decoding=\"async\" loading=\"lazy\" alt=\"SMPlayer \u00e1ltal kezelt m\u00e9diaf\u00e1jlok\" src=\"\/\/cuccokhalomban.csillagpor.hu\/pict\/smplayer-kepernyokep-12.jpg\" width=\"717\" height=\"487\" \/>\n<\/p>\n<p>&rarr; <a target=\"_blank\" title=\"smplayer k\u00e9perny\u0151k\u00e9pek\" href=\"\/\/csillagpor.hu\/remek\/programok\/smplayer-screenshot\" rel=\"noopener noreferrer\">K\u00e9pek egy r\u00e9gebbi verzi\u00f3r\u00f3l.<\/a><\/p>\n","protected":false},"excerpt":{"rendered":"<p><a target=\"_blank\" title=\"smplayer k\u00e9perny\u0151k\u00e9pek\" href=\"\/\/csillagpor.hu\/remek\/programok\/smplayer-kepernyokepek\" rel=\"noopener noreferrer\"><img decoding=\"async\" loading=\"lazy\" alt=\"SMPlayer\" src=\"\/\/cuccokhalomban.csillagpor.hu\/pict\/smplayer.jpg\" width=\"100\" height=\"77\" class=\"flr\" \/><\/a>Az SMPlayer m\u00e9dia lej\u00e1tsz\u00f3 telep\u00edt\u00e9se, az MPV vagy az MPlayer motor v\u00e1laszthatjuk, nem tudom mi a k\u00fcl\u00f6nbs\u00e9g, az MPlayer az alap\u00e9rtelmezett. A Reset my SMPlayer configuration kiv\u00e1laszt\u00e1sakor t\u00f6rli az el\u0151z\u0151leg telep\u00edtett SMPlayer be\u00e1ll\u00edt\u00e1sait. DVD \u00e9s Blu-ray lej\u00e1tsz\u00e1sa k\u00f6nyvt\u00e1rb\u00f3l, a Blu-ray-ig m\u00e9g nem \u00e9rt el a magyar nyelv :)&#8230;<\/p>\n","protected":false},"author":1,"featured_media":0,"parent":0,"menu_order":0,"comment_status":"closed","ping_status":"closed","template":"","meta":{"footnotes":""},"_links":{"self":[{"href":"https:\/\/csillagpor.hu\/remek\/programok\/wp-json\/wp\/v2\/pages\/1758"}],"collection":[{"href":"https:\/\/csillagpor.hu\/remek\/programok\/wp-json\/wp\/v2\/pages"}],"about":[{"href":"https:\/\/csillagpor.hu\/remek\/programok\/wp-json\/wp\/v2\/types\/page"}],"author":[{"embeddable":true,"href":"https:\/\/csillagpor.hu\/remek\/programok\/wp-json\/wp\/v2\/users\/1"}],"replies":[{"embeddable":true,"href":"https:\/\/csillagpor.hu\/remek\/programok\/wp-json\/wp\/v2\/comments?post=1758"}],"version-history":[{"count":0,"href":"https:\/\/csillagpor.hu\/remek\/programok\/wp-json\/wp\/v2\/pages\/1758\/revisions"}],"wp:attachment":[{"href":"https:\/\/csillagpor.hu\/remek\/programok\/wp-json\/wp\/v2\/media?parent=1758"}],"curies":[{"name":"wp","href":"https:\/\/api.w.org\/{rel}","templated":true}]}}