{"id":1790,"date":"2016-02-04T21:22:28","date_gmt":"2016-02-04T20:22:28","guid":{"rendered":"http:\/\/csillagpor.hu\/remek\/programok\/?page_id=1790"},"modified":"2022-06-30T18:25:07","modified_gmt":"2022-06-30T16:25:07","slug":"easeus-data-recovery-wizard-kepernyokepek","status":"publish","type":"page","link":"https:\/\/csillagpor.hu\/remek\/programok\/easeus-data-recovery-wizard-kepernyokepek","title":{"rendered":"EaseUS Data Recovery Wizard k\u00e9perny\u0151k\u00e9pek"},"content":{"rendered":"<p>Az <a target=\"_blank\" title=\"easeus data recovery wizard\" href=\"\/\/csillagpor.hu\/remek\/programok\/easeus-data-recovery-wizard-free\" rel=\"noopener noreferrer\">EaseUS Data Recovery Wizard<\/a> 9.9-es verzi\u00f3 Windows 10-en. V\u00e1lasszuk ki honnan szeretn\u00e9nk vissza\u00e1ll\u00edtani f\u00e1jljainkat!<br \/>\nEz egy virtu\u00e1lis g\u00e9p, az\u00e9rt ilyen fura &#8230; Le lett egyszer\u0171s\u00edtve a fel\u00fclet, ha van elveszett part\u00edci\u00f3, az lent l\u00e1that\u00f3 (Lost Disk Drive).<br \/>\n<img decoding=\"async\" loading=\"lazy\" alt=\"EaseUS Data Recovery Wizard Windows 10\" src=\"\/\/cuccokhalomban.csillagpor.hu\/pict\/easeus-data-recovery-wizard-kepernyokep-1.jpg\" width=\"730\" height=\"511\" \/>\n<\/p>\n<p>\u00cdgy els\u0151 nekifut\u00e1sra ennyit siker\u00fclt tal\u00e1lni, javasolja, hogy fussunk neki m\u00e9g egyszer a m\u00e9ly keres\u00e9ssel (Deep Scan).<br \/>\nBalra lent tal\u00e1lhat\u00f3.<br \/>\n<img decoding=\"async\" loading=\"lazy\" alt=\"EaseUS Data Recovery Wizard els\u0151 tal\u00e1lat\" src=\"\/\/cuccokhalomban.csillagpor.hu\/pict\/easeus-data-recovery-wizard-kepernyokep-2.jpg\" width=\"730\" height=\"510\" \/>\n<\/p>\n<p>Jobb fent tal\u00e1lhatunk egy men\u00fct, de nem sok mindenre j\u00f3. A h\u00e1tt\u00e9rben az l\u00e1that\u00f3, hogy f\u00e1jlt\u00edpusonk\u00e9nt is kereshet\u00fcnk.<br \/>\n\u00cdgy gyorsabb \u00e9s pontosabb tal\u00e1latokat kaphatunk.<br \/>\n<img decoding=\"async\" loading=\"lazy\" alt=\"EaseUS Data Recovery Wizard men\u00fc\" src=\"\/\/cuccokhalomban.csillagpor.hu\/pict\/easeus-data-recovery-wizard-kepernyokep-3.jpg\" width=\"730\" height=\"510\" \/>\n<\/p>\n<p>Baloldalr\u00f3l ind\u00edthat\u00f3 az el\u0151n\u00e9zet, n\u00e9zz\u00fck meg mi \u00e1ll\u00edthat\u00f3 vissza a Lomt\u00e1rb\u00f3l!<br \/>\n<img decoding=\"async\" loading=\"lazy\" alt=\"EaseUS Data Recovery Wizard Lomt\u00e1r\" src=\"\/\/cuccokhalomban.csillagpor.hu\/pict\/easeus-data-recovery-wizard-kepernyokep-4.jpg\" width=\"730\" height=\"511\" \/>\n<\/p>\n<p>Pl. ez a nagyon hasznos desktop.ini f\u00e1jl, aminek a tartalm\u00e1t l\u00e1thatjuk most&#8230;<br \/>\n<img decoding=\"async\" loading=\"lazy\" alt=\"EaseUS Data Recovery Wizard sz\u00f6veg n\u00e9zet\" src=\"\/\/cuccokhalomban.csillagpor.hu\/pict\/easeus-data-recovery-wizard-kepernyokep-5.jpg\" width=\"730\" height=\"511\" \/>\n<\/p>\n<p>Ha a Recover gombra kattintunk, megjelenik egy ablak, ahol meg kell adnunk, hov\u00e1 szeretn\u00e9nk vissza\u00e1ll\u00edtani az adatainkat. Alul a fontos figyelmeztet\u00e9s: <strong>Ne oda ments\u00fck az adatainkat, ahonnan elvesz\u00edtett\u00fck!<\/strong> Vagyis legink\u00e1bb egy k\u00fcls\u0151 meghajt\u00f3ra, hogy nehogy fel\u00fcl\u00edrjuk az elveszett f\u00e1jlokat azon a meghajt\u00f3n ahonnan elvesztek!<br \/>\n<img decoding=\"async\" loading=\"lazy\" alt=\"EaseUS Data Recovery Wizard m\u00e1shov\u00e1 ments\u00fcnk\" src=\"\/\/cuccokhalomban.csillagpor.hu\/pict\/easeus-data-recovery-wizard-kepernyokep-6.jpg\" width=\"730\" height=\"511\" \/>\n<\/p>\n<p>Itt f\u00e1jlt\u00edpusonk\u00e9nt rendezve l\u00e1thatjuk a tal\u00e1lt f\u00e1jlokat.<br \/>\n<img decoding=\"async\" loading=\"lazy\" alt=\"EaseUS Data Recovery Wizard f\u00e1jlt\u00edpusok\" src=\"\/\/cuccokhalomban.csillagpor.hu\/pict\/easeus-data-recovery-wizard-kepernyokep-7.jpg\" width=\"730\" height=\"510\" \/>\n<\/p>\n<p>Ez is hihetetlen\u00fcl hasznos, id\u0151rendbe rendezve a f\u00e1jljaink!<br \/>\n<img decoding=\"async\" loading=\"lazy\" alt=\"EaseUS Data Recovery Wizard id\u0151rendben\" src=\"\/\/cuccokhalomban.csillagpor.hu\/pict\/easeus-data-recovery-wizard-kepernyokep-8.jpg\" width=\"730\" height=\"511\" \/>\n<\/p>\n<p>Na, akkor induljon a Deep Scan!<br \/>\n<img decoding=\"async\" loading=\"lazy\" alt=\"EaseUS Data Recovery Wizard m\u00e9ly keres\u00e9s\" src=\"\/\/cuccokhalomban.csillagpor.hu\/pict\/easeus-data-recovery-wizard-kepernyokep-9.jpg\" width=\"730\" height=\"511\" \/>\n<\/p>\n<p>Na ez m\u00e1r mindj\u00e1rt m\u00e1s, pedig csak 11%-n\u00e1l j\u00e1r.<br \/>\n<img decoding=\"async\" loading=\"lazy\" alt=\"EaseUS Data Recovery Wizard sok mindent tal\u00e1l\" src=\"\/\/cuccokhalomban.csillagpor.hu\/pict\/easeus-data-recovery-wizard-kepernyokep-10.jpg\" width=\"730\" height=\"511\" \/>\n<\/p>\n<p>Ha a f\u00e1jlt\u00edpusokba n\u00e9z\u00fcnk, gy\u00f6ny\u00f6r\u0171, rem\u00e9nyteli dolgokat l\u00e1tunk! Ide a f\u00e1jljaimmal!<br \/>\n<img decoding=\"async\" loading=\"lazy\" alt=\"EaseUS Data Recovery Wizard j\u00faj mennyi!\" src=\"\/\/cuccokhalomban.csillagpor.hu\/pict\/easeus-data-recovery-wizard-kepernyokep-11.jpg\" width=\"730\" height=\"509\" \/>\n<\/p>\n<p>&rarr; <a target=\"_blank\" title=\"easeus data recovery wizard k\u00e9perny\u0151k\u00e9pek\" href=\"\/\/csillagpor.hu\/remek\/programok\/easeus-data-recovery-wizard-screenshot\" rel=\"noopener noreferrer\">Egy el\u00e9g r\u00e9gi verzi\u00f3 k\u00e9perny\u0151k\u00e9pei.<\/a><\/p>\n","protected":false},"excerpt":{"rendered":"<p><a target=\"_blank\" title=\"EaseUS Data Recovery Wizard k\u00e9perny\u0151k\u00e9pek\" href=\"\/\/csillagpor.hu\/remek\/programok\/easeus-data-recovery-wizard-kepernyokepek\" rel=\"noopener noreferrer\"><img decoding=\"async\" loading=\"lazy\" alt=\"EaseUS Data Recovery Wizard\" src=\"\/\/cuccokhalomban.csillagpor.hu\/pict\/easeus-data-recovery-wizard-kicsi.jpg\" width=\"120\" height=\"83\" class=\"flr\" \/><\/a>Az EaseUS Data Recovery Wizard Windows 10-en, k\u00e9perny\u0151k\u00e9pek. V\u00e1lasszuk ki honnan szeretn\u00e9nk vissza\u00e1ll\u00edtani f\u00e1jljainkat! Ez egy virtu\u00e1lis g\u00e9p, az\u00e9rt ilyen fura &#8230; \u00cdgy els\u0151 nekifut\u00e1sra ennyit siker\u00fclt tal\u00e1lni, javasolja, hogy fussunk neki m\u00e9g egyszer a m\u00e9ly keres\u00e9ssel (Deep Scan). Balra lent tal\u00e1lhat\u00f3.<\/p>\n","protected":false},"author":1,"featured_media":0,"parent":0,"menu_order":0,"comment_status":"closed","ping_status":"closed","template":"","meta":{"footnotes":""},"_links":{"self":[{"href":"https:\/\/csillagpor.hu\/remek\/programok\/wp-json\/wp\/v2\/pages\/1790"}],"collection":[{"href":"https:\/\/csillagpor.hu\/remek\/programok\/wp-json\/wp\/v2\/pages"}],"about":[{"href":"https:\/\/csillagpor.hu\/remek\/programok\/wp-json\/wp\/v2\/types\/page"}],"author":[{"embeddable":true,"href":"https:\/\/csillagpor.hu\/remek\/programok\/wp-json\/wp\/v2\/users\/1"}],"replies":[{"embeddable":true,"href":"https:\/\/csillagpor.hu\/remek\/programok\/wp-json\/wp\/v2\/comments?post=1790"}],"version-history":[{"count":0,"href":"https:\/\/csillagpor.hu\/remek\/programok\/wp-json\/wp\/v2\/pages\/1790\/revisions"}],"wp:attachment":[{"href":"https:\/\/csillagpor.hu\/remek\/programok\/wp-json\/wp\/v2\/media?parent=1790"}],"curies":[{"name":"wp","href":"https:\/\/api.w.org\/{rel}","templated":true}]}}