{"id":1810,"date":"2016-04-28T13:27:37","date_gmt":"2016-04-28T11:27:37","guid":{"rendered":"http:\/\/csillagpor.hu\/remek\/programok\/?page_id=1810"},"modified":"2022-06-30T17:40:51","modified_gmt":"2022-06-30T15:40:51","slug":"videopad-kepernyokepek","status":"publish","type":"page","link":"https:\/\/csillagpor.hu\/remek\/programok\/videopad-kepernyokepek","title":{"rendered":"VideoPad k\u00e9perny\u0151k\u00e9pek"},"content":{"rendered":"<p><a target=\"_blank\" title=\"VideoPad\" href=\"\/\/csillagpor.hu\/remek\/programok\/videopad-video-editor\" rel=\"noopener noreferrer\">A VideoPad Video Editort<\/a> egy <a target=\"_blank\" title=\"video-szerkeszto-vago-atalakito#comment-20889\" href=\"\/\/csillagpor.hu\/remek\/programok\/video-szerkeszto-vago-atalakito#comment-20889\" rel=\"noopener noreferrer\">hozz\u00e1sz\u00f3l\u00e1sban feltett k\u00e9rd\u00e9sre<\/a> aj\u00e1nlottam, ehhez kapcsol\u00f3dva, kis seg\u00edts\u00e9gk\u00e9pp csin\u00e1lom meg a k\u00e9perny\u0151k\u00e9p oldal\u00e1t is. A telep\u00edt\u00e9s \u00e9s els\u0151 ind\u00edt\u00e1s ut\u00e1n, els\u0151 l\u00e9p\u00e9sk\u00e9nt h\u00fazzuk az els\u0151 szerkesztend\u0151 vide\u00f3t a baloldali Video Files f\u00fcl al\u00e1. Ezut\u00e1n meg kell v\u00e1rnunk m\u00edg gyors\u00edt\u00f3t\u00e1razza a program a f\u00e1jl, mert ha en\u00e9lk\u00fcl csin\u00e1ljuk meg a v\u00e1g\u00e1st \u00e9s a ment\u00e9st, akkor hi\u00e1nyozhat valami a film\u00fcnkb\u0151l. K\u00f6z\u00e9pen a vide\u00f3 alatti z\u00f6ld s\u00e1vnak kell v\u00e9gig\u00e9rnie, ez el\u00e9g sok ideig eltarthat &#8230; (Z\u00e1r\u00f3jelben jegyzem meg, hogy ha t\u00f6bb j\u00f3 p\u00e1r GB-os f\u00e1jlt t\u00f6lt be az ember, \u00e9s azokat v\u00e1gja egybe &#8211; pl. itt is hasonl\u00f3 feladat lesz &#8211; akkor a C:\\ meghajt\u00f3n sz\u00fcks\u00e9ges ehhez ak\u00e1r t\u00f6bb 10 GB szabad hely is, de a vide\u00f3k \u00f6sszm\u00e9ret\u00e9nek megfelel\u0151 mennyis\u00e9g biztosan. \u00c9s m\u00e9g egy z\u00e1r\u00f3jeles megjegyz\u00e9s: &#8230;<\/p>\n<p>&#8230; ha m\u00e1r nem szerkesztj\u00fck soha t\u00f6bb\u00e9 a f\u00e1jlokat, akkor t\u00f6r\u00f6lhetj\u00fck a C:\\Users\\a Te felhaszn\u00e1l\u00f3neved\\AppData\\Local\\Temp\\VideoPadCache\\ k\u00f6nyvt\u00e1r teljes tartalm\u00e1t, mert t\u00f6bbnyire nem teszi meg a program mag\u00e1t\u00f3l, s \u00edgy visszakapjuk a szerkeszt\u00e9s k\u00f6zben lefoglalt hasznos t\u00e1rhelyet. Ha m\u00e9g szerkesztj\u00fck k\u00e9s\u0151bb is a bet\u00f6lt\u00f6tt vide\u00f3 f\u00e1jlokat, akkor ne t\u00f6r\u00f6lj\u00fck, mert \u00edgy megint v\u00e9gig kell v\u00e1rnunk a gyors\u00edt\u00f3t\u00e1raz\u00e1st, ami sokszor el\u00e9g hossz\u00fara ny\u00falik.)<br \/>\n<img decoding=\"async\" loading=\"lazy\" src=\"\/\/cuccokhalomban.csillagpor.hu\/pict\/videopad-kepernyokep-1.jpg\" width=\"730\" height=\"436\" alt=\"VideoPad telep\u00edt\u00e9s k\u00e9sz\" \/>\n<\/p>\n<p>A vide\u00f3 f\u00e1jlunk v\u00e1g\u00e1sa az \u00fagy m\u0171k\u00f6dik, hogy a beillesztend\u0151 r\u00e9sz elej\u00e9t kijel\u00f6lj\u00fck a piros z\u00e1r\u00f3jellel&#8230;<br \/>\n<img decoding=\"async\" loading=\"lazy\" src=\"\/\/cuccokhalomban.csillagpor.hu\/pict\/videopad-kepernyokep-2.jpg\" width=\"730\" height=\"436\" alt=\"VideoPad v\u00e1g\u00e1s\" \/>\n<\/p>\n<p> &#8230; a v\u00e9g\u00e9t a k\u00e9kkel &#8230;<br \/>\n<img decoding=\"async\" loading=\"lazy\" src=\"\/\/cuccokhalomban.csillagpor.hu\/pict\/videopad-kepernyokep-3.jpg\" width=\"730\" height=\"436\" alt=\"Vide\u00f3oPad v\u00e1g\u00e1s 2\" \/>\n<\/p>\n<p>Majd a <em>Place<\/em> gombra kattintva beillesztj\u00fck a Storyboardba. Most jutott eszembe, hogy nek\u00fcnk kiv\u00e1gni kellene &#8230; Nos, ha a Splittel feldaraboljuk a f\u00e1jlt (a kurzor ut\u00e1ni r\u00e9sz v\u00e1gja le), akkor baloldalon sok kis vide\u00f3nk lesz, amik k\u00f6z\u00fcl eg\u00e9rrel sorban beh\u00fazhatjuk azokat, amikre sz\u00fcks\u00e9g\u00fcnk van. Az <em>Edit<\/em> men\u00fcpontban tal\u00e1lhat\u00f3 az <em>Undo &#8211; Redo<\/em> lehet\u0151s\u00e9gek visszavon\u00e1shoz, ha valami nem siker\u00fclne els\u0151re.<\/p>\n<p><img decoding=\"async\" loading=\"lazy\" src=\"\/\/cuccokhalomban.csillagpor.hu\/pict\/videopad-kepernyokep-4.jpg\" width=\"730\" height=\"436\" alt=\"VideoPad v\u00e1g\u00e1s, beilleszt\u00e9s\" \/>\n<\/p>\n<p>Akkor most a Storyboardon a film\u00fcnk, jobb fent l\u00e1thatjuk az el\u0151n\u00e9zetet.<br \/>\n<img decoding=\"async\" loading=\"lazy\" src=\"\/\/cuccokhalomban.csillagpor.hu\/pict\/videopad-kepernyokep-5.jpg\" width=\"730\" height=\"436\" alt=\"VideoPad storyboard\" \/>\n<\/p>\n<p>Ugyanez a Timelineon.<br \/>\n<img decoding=\"async\" loading=\"lazy\" src=\"\/\/cuccokhalomban.csillagpor.hu\/pict\/videopad-kepernyokep-6.jpg\" width=\"730\" height=\"436\" alt=\"VideoPad timeline\" \/>\n<\/p>\n<p>Ezzel a kis l\u00e1ncszemes ikonnal tudjuk lecsatolni a hangot a vide\u00f3r\u00f3l. Lent balra &#8230;<br \/>\n<img decoding=\"async\" loading=\"lazy\" src=\"\/\/cuccokhalomban.csillagpor.hu\/pict\/videopad-kepernyokep-7.jpg\" width=\"730\" height=\"436\" alt=\"Videopad audio unlink\" \/>\n<\/p>\n<p>\u00cdgy a Storyboardon m\u00e1r nincs is hang, az el\u0151n\u00e9zetben sem hallatszik.<br \/>\n<img decoding=\"async\" loading=\"lazy\" src=\"\/\/cuccokhalomban.csillagpor.hu\/pict\/videopad-kepernyokep-8.jpg\" width=\"730\" height=\"436\" alt=\"VideoPad nincs hang\" \/>\n<\/p>\n<p>Azt\u00e1n most kit\u00f6r\u00f6lj\u00fck, de kijel\u00f6l\u00e9s ut\u00e1n megy a Delete billenty\u0171vel is.<br \/>\n<img decoding=\"async\" loading=\"lazy\" src=\"\/\/cuccokhalomban.csillagpor.hu\/pict\/videopad-kepernyokep-9.jpg\" width=\"730\" height=\"436\" alt=\"VideoPad hang t\u00f6rl\u00e9s\" \/>\n<\/p>\n<p>Ide lentre egyszer\u0171en odah\u00fazzuk az \u00faj hangf\u00e1jlt.<br \/>\n<img decoding=\"async\" loading=\"lazy\" src=\"\/\/cuccokhalomban.csillagpor.hu\/pict\/videopad-kepernyokep-10.jpg\" width=\"730\" height=\"436\" alt=\"VideoPad \u00faj hangf\u00e1jl\" \/>\n<\/p>\n<p>\u00cd\u00ed\u00edgy ni!<br \/>\n<img decoding=\"async\" loading=\"lazy\" src=\"\/\/cuccokhalomban.csillagpor.hu\/pict\/videopad-kepernyokep-11.jpg\" width=\"730\" height=\"436\" alt=\"VideoPad \u00edgy ni\" \/>\n<\/p>\n<p>\u00c9s akkor Storyboardon is belinkelhetj\u00fck megint a hangot &#8230; b\u00e1r ez szerintem nem az \u00faj :) &#8230; \u0151szint\u00e9n sz\u00f3lva el\u0151sz\u00f6r csin\u00e1lom &#8230; Igen, ez \u00edgy h\u00fclyes\u00e9g. Sz\u00f3val az unlinkel\u00e9s az rendben, de visszafel\u00e9 nem kell csin\u00e1lni semmit. Teh\u00e1t unlink, mert csak ezut\u00e1n t\u00f6r\u00f6lhet\u0151, \u00e9s ut\u00e1na odah\u00fazni az \u00faj hangot, \u00e9s v\u00e1g\u00e1s, effektez\u00e9s, ak\u00e1rmiz\u00e9s ut\u00e1n csak sim\u00e1n export\u00e1lni &#8230; de folytatom.<br \/>\n<img decoding=\"async\" loading=\"lazy\" src=\"\/\/cuccokhalomban.csillagpor.hu\/pict\/videopad-kepernyokep-12.jpg\" width=\"730\" height=\"436\" alt=\"VideoPad hang iz\u00e9\" \/>\n<\/p>\n<p>Na most akkor ide semmit nem \u00edrok, mert a fenti erre a k\u00e9pre is vonatkozik.<br \/>\n<img decoding=\"async\" loading=\"lazy\" src=\"\/\/cuccokhalomban.csillagpor.hu\/pict\/videopad-kepernyokep-13.jpg\" width=\"730\" height=\"436\" alt=\"VideoPad semmise\" \/>\n<\/p>\n<p>Ha ez \u00edgy meg van, m\u00e1r export\u00e1lhatjuk is. Most \u00e9n csak a m\u0171k\u00f6d\u00e9st mutatom be, nem a teljes, k\u00e9rd\u00e9sben k\u00edv\u00e1nt v\u00e9geredm\u00e9nyhez sz\u00fcks\u00e9ges m\u0171veletsort. Ezeken k\u00edv\u00fcl sok-sok mindent lehet m\u00e9g ezzel a programmal csin\u00e1lni, ki kell tapasztalni.<br \/>\n<img decoding=\"async\" loading=\"lazy\" src=\"\/\/cuccokhalomban.csillagpor.hu\/pict\/videopad-kepernyokep-14.jpg\" width=\"730\" height=\"436\" alt=\"VideoPad video export\" \/>\n<\/p>\n<p>Itt be\u00e1ll\u00edtjuk milyen min\u0151s\u00e9gben szeretn\u00e9nk menteni, vegy\u00fck \u00e9szre, hogy van jobbra egy Detect gomb is, ami a jelenlegi vide\u00f3 min\u0151s\u00e9g\u00e9t hivatott felismerni, mert pl. menthetj\u00fck nagyobb felbont\u00e1ssal is, mint az eredeti volt, csak semmi \u00e9rtelme, jobb nem lesz, max. nagyobb a f\u00e1jl.<br \/>\n<img decoding=\"async\" loading=\"lazy\" src=\"\/\/cuccokhalomban.csillagpor.hu\/pict\/videopad-kepernyokep-15.jpg\" width=\"607\" height=\"506\" alt=\"VideoPad vide\u00f3 felbont\u00e1s\" \/>\n<\/p>\n<p>Tov\u00e1bbi vide\u00f3 \u00e9s hang k\u00f3dol\u00e1si be\u00e1ll\u00edt\u00e1sok \u00e9s a t\u00f6m\u00f6r\u00edt\u00e9s megad\u00e1sa.<br \/>\n<img decoding=\"async\" loading=\"lazy\" src=\"\/\/cuccokhalomban.csillagpor.hu\/pict\/videopad-kepernyokep-16.jpg\" width=\"434\" height=\"194\" alt=\"VideoPad k\u00f3dol\u00e1s\" \/>\n<\/p>\n<p>A cs\u00faszk\u00e1val \u00e1ll\u00edthat\u00f3 a min\u0151s\u00e9g <span class=\"halov\">(\u00edgy a m\u00e9ret is)<\/span>, jobbra alacsony, balra magas.<br \/>\n<img decoding=\"async\" loading=\"lazy\" src=\"\/\/cuccokhalomban.csillagpor.hu\/pict\/videopad-kepernyokep-17.jpg\" width=\"416\" height=\"159\" alt=\"VideoPad vide\u00f3 min\u0151s\u00e9g\" \/>\n<\/p>\n<p>Teh\u00e1t akkor hov\u00e1 mentj\u00fck, milyen n\u00e9ven, milyen el\u0151be\u00e1ll\u00edt\u00e1sokkal (pl: HD 1080p), milyen f\u00e1jlform\u00e1tumban, milyen felbont\u00e1ssal, mennyi m\u00e1sodpercenk\u00e9nti k\u00e9ppel, ez \u00e1lland\u00f3 vagy v\u00e1ltoz\u00f3 e, \u00e9s akkor m\u00e9g milyen min\u0151s\u00e9gben k\u00f3doljuk &#8230; azt\u00e1n <em>Create<\/em>!<br \/>\n<img decoding=\"async\" loading=\"lazy\" src=\"\/\/cuccokhalomban.csillagpor.hu\/pict\/videopad-kepernyokep-18.jpg\" width=\"607\" height=\"506\" alt=\"VideoPad Export video\" \/>\n<\/p>\n<p>Itt pedig elindul a k\u00f3dol\u00e1si folyamat&#8230; ez el\u00e9g hossz\u00fa id\u0151 is lehet.<br \/>\n<img decoding=\"async\" loading=\"lazy\" src=\"\/\/cuccokhalomban.csillagpor.hu\/pict\/videopad-kepernyokep-19.jpg\" width=\"376\" height=\"188\" alt=\"VideoPad k\u00f3dol\u00e1si folyamat\" \/>\n<\/p>\n<p>\u00c9s akkor idedobjuk a m\u00e1sik vide\u00f3nkat &#8230; ezt egy\u00e9bk\u00e9nt nem \u00edgy kell csin\u00e1lni, teh\u00e1t m\u00e9g nem kellett volna export\u00e1lni, csak eddig bemutattam a program m\u0171k\u00f6d\u00e9s\u00e9t nagyj\u00e1b\u00f3l. Sz\u00f3val a legjobb ha idedob\u00e1ljuk az \u00f6sszes hangot \u00e9s vide\u00f3t, amit egybe akarunk gy\u00farni, \u00e9s abb\u00f3l kivagdosunk, beilleszt\u00fcnk, effektez\u00fcnk, majd azut\u00e1n export\u00e1l\u00e1s.<br \/>\n<img decoding=\"async\" loading=\"lazy\" src=\"\/\/cuccokhalomban.csillagpor.hu\/pict\/videopad-kepernyokep-20.jpg\" width=\"730\" height=\"436\" alt=\"VideoPad m\u00e1sik vide\u00f3 f\u00e1jl\" \/>\n<\/p>\n<p>Akkor Storyboardra h\u00fazva a m\u00e1sik vide\u00f3 is. A legjobb ha \u00f6sszevagdossuk az \u00f6sszesb\u0151l a k\u00e9panyagot, majd azut\u00e1n <del>unlinkelj\u00fck<\/del> lecsatoljuk a hangot, t\u00f6r\u00f6lj\u00fck, \u00e9s felt\u00f6ltj\u00fck az \u00faj hangot.<br \/>\n<img decoding=\"async\" loading=\"lazy\" src=\"\/\/cuccokhalomban.csillagpor.hu\/pict\/videopad-kepernyokep-21.jpg\" width=\"730\" height=\"436\" alt=\"VideoPad m\u00e9g mindig k\u00e9t vide\u00f3\" \/>\n<\/p>\n<p>Na most egy picit a fel\u00fclet\u00e9re is r\u00e1n\u00e9z\u00fcnk. Fent sok-sok j\u00f3 alkalmaz\u00e1s ikonja, ezeket nem tartalmazza a program, mindet let\u00f6lti, ha r\u00e1kattintunk, biztos van k\u00f6zt\u00fck ingyenes \u00e9s nem ingyenes is, nem pr\u00f3b\u00e1ltam v\u00e9gig, majd egyszer tal\u00e1n &#8230;<br \/>\n<img decoding=\"async\" loading=\"lazy\" src=\"\/\/cuccokhalomban.csillagpor.hu\/pict\/videopad-kepernyokep-22.jpg\" width=\"730\" height=\"436\" alt=\"VideoPad k\u00fcls\u0151 let\u00f6ltend\u0151 alkalmaz\u00e1sok\" \/>\n<\/p>\n<p>Ezek fent viszont azt hiszem mind m\u0171k\u00f6dnek, ide \u00e9s ilyen form\u00e1ban lehet export\u00e1lni a k\u00e9sz alkot\u00e1sunkat.<br \/>\n<img decoding=\"async\" loading=\"lazy\" src=\"\/\/cuccokhalomban.csillagpor.hu\/pict\/videopad-kepernyokep-23.jpg\" width=\"730\" height=\"436\" alt=\"VideoPad sokf\u00e9le export\u00e1l\u00e1s\" \/>\n<\/p>\n<p>Itt ak\u00e1r k\u00e9perny\u0151k\u00e9pet \u00e9s vide\u00f3t az asztalr\u00f3l, esetleg vide\u00f3t a csatlakoztatott eszk\u00f6zr\u0151l lehet felvenni.<br \/>\n<img decoding=\"async\" loading=\"lazy\" src=\"\/\/cuccokhalomban.csillagpor.hu\/pict\/videopad-kepernyokep-4.jpg\" width=\"730\" height=\"436\" alt=\"VideoPad vide\u00f3 r\u00f6gz\u00edt\u00e9s\" \/><\/p>\n","protected":false},"excerpt":{"rendered":"<p><a target=\"_blank\" title=\"VideoPad k\u00e9perny\u0151k\u00e9pek\" href=\"\/\/csillagpor.hu\/remek\/programok\/videopad-kepernyokepek\" rel=\"noopener noreferrer\"><img decoding=\"async\" loading=\"lazy\" alt=\"VideoPad Video Editor\" src=\"\/\/cuccokhalomban.csillagpor.hu\/pict\/videopad-kicsi.jpg\" width=\"120\" height=\"72\" class=\"flr\" \/><\/a>A VideoPad Video Editort egy hozz\u00e1sz\u00f3l\u00e1sban feltett k\u00e9rd\u00e9sre aj\u00e1nlottam, ehhez kapcsol\u00f3dva, kis seg\u00edts\u00e9gk\u00e9pp csin\u00e1lom meg a k\u00e9perny\u0151k\u00e9p oldal\u00e1t is. A telep\u00edt\u00e9s \u00e9s els\u0151 ind\u00edt\u00e1s ut\u00e1n, els\u0151 l\u00e9p\u00e9sk\u00e9nt h\u00fazzuk az els\u0151 szerkesztend\u0151 vide\u00f3t a baloldali Video Files f\u00fcl al\u00e1. Ezut\u00e1n meg kell v\u00e1rnunk m\u00edg gyors\u00edt\u00f3t\u00e1razza a program, mert ha en\u00e9lk\u00fcl csin\u00e1ljuk meg a v\u00e1g\u00e1st \u00e9s a ment\u00e9st, akkor hi\u00e1nyozhat valami a film\u00fcnkb\u0151l&#8230;.<\/p>\n","protected":false},"author":1,"featured_media":0,"parent":0,"menu_order":0,"comment_status":"closed","ping_status":"closed","template":"","meta":{"footnotes":""},"_links":{"self":[{"href":"https:\/\/csillagpor.hu\/remek\/programok\/wp-json\/wp\/v2\/pages\/1810"}],"collection":[{"href":"https:\/\/csillagpor.hu\/remek\/programok\/wp-json\/wp\/v2\/pages"}],"about":[{"href":"https:\/\/csillagpor.hu\/remek\/programok\/wp-json\/wp\/v2\/types\/page"}],"author":[{"embeddable":true,"href":"https:\/\/csillagpor.hu\/remek\/programok\/wp-json\/wp\/v2\/users\/1"}],"replies":[{"embeddable":true,"href":"https:\/\/csillagpor.hu\/remek\/programok\/wp-json\/wp\/v2\/comments?post=1810"}],"version-history":[{"count":0,"href":"https:\/\/csillagpor.hu\/remek\/programok\/wp-json\/wp\/v2\/pages\/1810\/revisions"}],"wp:attachment":[{"href":"https:\/\/csillagpor.hu\/remek\/programok\/wp-json\/wp\/v2\/media?parent=1810"}],"curies":[{"name":"wp","href":"https:\/\/api.w.org\/{rel}","templated":true}]}}