{"id":1817,"date":"2016-05-20T12:59:29","date_gmt":"2016-05-20T10:59:29","guid":{"rendered":"http:\/\/csillagpor.hu\/remek\/programok\/?page_id=1817"},"modified":"2022-06-30T18:30:09","modified_gmt":"2022-06-30T16:30:09","slug":"aomei-backupper-kepernyokepek","status":"publish","type":"page","link":"https:\/\/csillagpor.hu\/remek\/programok\/aomei-backupper-kepernyokepek","title":{"rendered":"AOMEI Backupper k\u00e9perny\u0151k\u00e9pek"},"content":{"rendered":"<p><a target=\"_blank\" title=\"AOMEI Backupper\" href=\"\/\/csillagpor.hu\/remek\/programok\/aomei-backupper\" rel=\"noopener noreferrer\">Az AOMEI Backupper Standard<\/a> \u00faj ruh\u00e1ja \u00e9s Disk Backup k\u00e9pess\u00e9gei.<br \/>\n<img decoding=\"async\" loading=\"lazy\" src=\"\/\/cuccokhalomban.csillagpor.hu\/pict\/aomei-backupper-standard-05.jpg\" width=\"730\" height=\"487\" alt=\"Full, Incremental \u00e9s Differential Backup\" \/>\n<\/p>\n<p>A Backup lehet\u0151s\u00e9gek, f\u00e1jl, lemez, rendszer \u00e9s part\u00edci\u00f3 biztons\u00e1gi ment\u00e9s.<br \/>\n<img decoding=\"async\" loading=\"lazy\" src=\"\/\/cuccokhalomban.csillagpor.hu\/pict\/aomei-backupper-standard-06.jpg\" width=\"730\" height=\"487\" alt=\"AOMEI Backupper f\u00e1jl, lemez, rendszer \u00e9s part\u00edci\u00f3 backup\" \/>\n<\/p>\n<p>Teljes lemez ment\u00e9s.<br \/>\n<img decoding=\"async\" loading=\"lazy\" src=\"\/\/cuccokhalomban.csillagpor.hu\/pict\/aomei-backupper-standard-07.jpg\" width=\"730\" height=\"487\" alt=\"AOMEI Backupper lemez ment\u00e9s\" \/>\n<\/p>\n<p>Lemez \u00e9s part\u00edci\u00f3 kl\u00f3noz\u00e1s, a rendszer kl\u00f3noz\u00e1s csak a Pro verzi\u00f3ban m\u0171k\u00f6dik.<br \/>\n<img decoding=\"async\" loading=\"lazy\" src=\"\/\/cuccokhalomban.csillagpor.hu\/pict\/aomei-backupper-standard-08.jpg\" width=\"730\" height=\"487\" alt=\"AOMEI Backupper lemez \u00e9s part\u00edci\u00f3 kl\u00f3noz\u00e1s\" \/>\n<\/p>\n<p>Rendszerind\u00edt\u00f3 lemez k\u00e9sz\u00edt\u00e9se Windows PE vagy Linux alapokon.<br \/>\n<img decoding=\"async\" loading=\"lazy\" src=\"\/\/cuccokhalomban.csillagpor.hu\/pict\/aomei-backupper-standard-09.jpg\" width=\"730\" height=\"487\" alt=\"AOMEI Backupper boot lemez\" \/>\n<\/p>\n<p>R\u00e9gebbi verzi\u00f3k &#8230;<\/p>\n<p><a target=\"_blank\" title=\"AOMEI Backupper\" href=\"\/\/csillagpor.hu\/remek\/programok\/aomei-backupper\" rel=\"noopener noreferrer\">Az AOMEI Backupper Standard<\/a> feltelep\u00edtve, v\u00e1lasszuk ki, mir\u0151l akarunk biztons\u00e1gi ment\u00e9st k\u00e9sz\u00edteni!<br \/>\n<img decoding=\"async\" loading=\"lazy\" src=\"\/\/cuccokhalomban.csillagpor.hu\/pict\/aomei-backupper-kepernyokep-1.jpg\" width=\"730\" height=\"516\" alt=\"AOMEI Backupper telep\u00edt\u00e9s k\u00e9sz\" \/>\n<\/p>\n<p>El\u0151sz\u00f6r ind\u00edtsunk egy System Backupot, elmenti Windowsunkat mindenest\u0151l. Id\u0151z\u00edthet\u0151 is.<br \/>\n<img decoding=\"async\" loading=\"lazy\" src=\"\/\/cuccokhalomban.csillagpor.hu\/pict\/aomei-backupper-kepernyokep-2.jpg\" width=\"730\" height=\"515\" alt=\"AOMEI Backupper System Backup\" \/>\n<\/p>\n<p>A ment\u00e9s be\u00e1ll\u00edt\u00e1sai. Titkos\u00edtott ment\u00e9st is k\u00e9sz\u00edthet\u00fcnk \u00e9s k\u00e9rhet\u00fcnk e-mailt, ha befejezte a ment\u00e9st.<br \/>\n<img decoding=\"async\" loading=\"lazy\" src=\"\/\/cuccokhalomban.csillagpor.hu\/pict\/aomei-backupper-kepernyokep-3.jpg\" width=\"600\" height=\"450\" alt=\"AOMEI Backupper be\u00e1ll\u00edt\u00e1sok, titkos\u00edtott ment\u00e9s\" \/>\n<\/p>\n<p>T\u00f6m\u00f6r\u00edthetj\u00fck is r\u00f6gt\u00f6n az adatokat. Az als\u00f3, a magas t\u00f6m\u00f6r\u00edt\u00e9si r\u00e1t\u00e1j\u00fa csak akkor aj\u00e1nlott, ha \u00fagy kb. sose vessz\u00fck el\u0151, csak helyre\u00e1ll\u00edthatatlan rendszer\u00f6sszeoml\u00e1skor.<br \/>\n<img decoding=\"async\" loading=\"lazy\" src=\"\/\/cuccokhalomban.csillagpor.hu\/pict\/aomei-backupper-kepernyokep-4.jpg\" width=\"600\" height=\"450\" alt=\"AOMEI Backupper t\u00f6m\u00f6r\u00edt\u00e9s\" \/>\n<\/p>\n<p>Sz\u00e9t is darabolhatjuk, ha mondjuk DVD-re \u00edrn\u00e1nk.<br \/>\n<img decoding=\"async\" loading=\"lazy\" src=\"\/\/cuccokhalomban.csillagpor.hu\/pict\/aomei-backupper-kepernyokep-5.jpg\" width=\"600\" height=\"450\" alt=\"AOMEI Backupper darabol\u00e1s\" \/>\n<\/p>\n<p>Itt kiv\u00e1lasztjuk, hogy pontosan ugyan\u00fagy mentse minden atomj\u00e1t a rendszernek, vagy mondjuk \u00e1tm\u00e9retezheti e intelligensen a program szektor m\u00e9reteket. (Vagyis part\u00edci\u00f3k eset\u00e9ben t\u00e1roljon e \u00fcres helyeket csak a teljes egyez\u0151s\u00e9g kedv\u00e9\u00e9rt, vagy ezeket vonja \u00f6ssze.)<br \/>\n<img decoding=\"async\" loading=\"lazy\" src=\"\/\/cuccokhalomban.csillagpor.hu\/pict\/aomei-backupper-kepernyokep-6.jpg\" width=\"600\" height=\"450\" alt=\"AOMEI Backupper pontos vagy intelligens ment\u00e9s\" \/>\n<\/p>\n<p>VSS technika vagy az AOMEI be\u00e9p\u00edtett m\u00f3dszere ment\u00e9sre, lehet v\u00e1lasztani.<br \/>\n<img decoding=\"async\" loading=\"lazy\" src=\"\/\/cuccokhalomban.csillagpor.hu\/pict\/aomei-backupper-kepernyokep-7.jpg\" width=\"600\" height=\"450\" alt=\"AOMEI Backupper VSS vs AOMEI\" \/>\n<\/p>\n<p>Elindult a rendszer ment\u00e9se, a v\u00e9g\u00e9n lehet ellen\u0151rizni, az ott jobb fent meg egy men\u00fc.<br \/>\n<img decoding=\"async\" loading=\"lazy\" src=\"\/\/cuccokhalomban.csillagpor.hu\/pict\/aomei-backupper-kepernyokep-8.jpg\" width=\"730\" height=\"513\" alt=\"AOMEI Backupper rendszer ment\u00e9s meg m\u00e9g men\u00fc\" \/>\n<\/p>\n<p>K\u00e9sz a ment\u00e9s, le is lett ellen\u0151rizve, minden a legjobb!<br \/>\n<img decoding=\"async\" loading=\"lazy\" src=\"\/\/cuccokhalomban.csillagpor.hu\/pict\/aomei-backupper-kepernyokep-9.jpg\" width=\"730\" height=\"515\" alt=\"AOMEI Backupper ment\u00e9s k\u00e9sz\" \/>\n<\/p>\n<p>Innen vissza\u00e1ll\u00edthatjuk az elmentett \u00e1llapotot vagy mindenf\u00e9le dolgokat csin\u00e1lhatunk az elmentett k\u00e9pf\u00e1jllal, pl. t\u00f6r\u00f6lhetj\u00fck is.<br \/>\n<img decoding=\"async\" loading=\"lazy\" src=\"\/\/cuccokhalomban.csillagpor.hu\/pict\/aomei-backupper-kepernyokep-10.jpg\" width=\"730\" height=\"515\" alt=\"AOMEI Backupper \u0151\u0151\u0151\u0151, iz\u00e9\" \/>\n<\/p>\n<p>Teljes ment\u00e9s, vagy n\u00f6vekm\u00e9nyes ment\u00e9s, esetleg csak a k\u00fcl\u00f6nbs\u00e9g ment\u00e9se.<br \/>\n<img decoding=\"async\" loading=\"lazy\" src=\"\/\/cuccokhalomban.csillagpor.hu\/pict\/aomei-backupper-kepernyokep-11.jpg\" width=\"730\" height=\"514\" alt=\"AOMEI Backupper teljes, n\u00f6vekm\u00e9nyes, k\u00fcl\u00f6nbs\u00e9g\" \/>\n<\/p>\n<p>Innen egy teljes lemez biztons\u00e1gi ment\u00e9s\u00e9t ind\u00edthatjuk, ha akarjuk szint\u00e9n id\u0151z\u00edtve is.<br \/>\n<img decoding=\"async\" loading=\"lazy\" src=\"\/\/cuccokhalomban.csillagpor.hu\/pict\/aomei-backupper-kepernyokep-12.jpg\" width=\"730\" height=\"514\" alt=\"AOMEI Backupper Disk Backup\" \/>\n<\/p>\n<p>A fenti lemez lett kiv\u00e1lasztva ment\u00e9sre, ez\u00e9rt ilyen sz\u00e9p z\u00f6ld.<br \/>\n<img decoding=\"async\" loading=\"lazy\" src=\"\/\/cuccokhalomban.csillagpor.hu\/pict\/aomei-backupper-kepernyokep-13.jpg\" width=\"600\" height=\"450\" alt=\"AOMEI Backupper lemez kiv\u00e1laszt\u00e1s\" \/>\n<\/p>\n<p>A mindenf\u00e9le kl\u00f3noz\u00e1sok innen ind\u00edthat\u00f3k, kezdj\u00fck a lemez kl\u00f3noz\u00e1ssal, teh\u00e1t egy lemez teljes tartalm\u00e1nak \u00e1tm\u00e1sol\u00e1sa egy m\u00e1sik lemezre.<br \/>\n<img decoding=\"async\" loading=\"lazy\" src=\"\/\/cuccokhalomban.csillagpor.hu\/pict\/aomei-backupper-kepernyokep-14.jpg\" width=\"730\" height=\"514\" alt=\"AOMEI Backupper Disk Clone\" \/>\n<\/p>\n<p>Szint\u00e9n a sz\u00e9p z\u00f6ld kiv\u00e1lasztva, az lesz a forr\u00e1s lemez&#8230;<br \/>\n<img decoding=\"async\" loading=\"lazy\" src=\"\/\/cuccokhalomban.csillagpor.hu\/pict\/aomei-backupper-kepernyokep-15.jpg\" width=\"730\" height=\"514\" alt=\"AOMEI Backupper forr\u00e1s kiv\u00e1lasztva\" \/>\n<\/p>\n<p>A System Clone, azaz rendszer kl\u00f3noz\u00e1s az egyetlen korl\u00e1toz\u00e1s, ami nem m\u0171k\u00f6dik az ingyenes Standard verzi\u00f3ban.<br \/>\n<img decoding=\"async\" loading=\"lazy\" src=\"\/\/cuccokhalomban.csillagpor.hu\/pict\/aomei-backupper-kepernyokep-16.jpg\" width=\"730\" height=\"514\" alt=\"AOMEI Backupper System Clone\" \/>\n<\/p>\n<p>Ez itt pedig k\u00e9rem a part\u00edci\u00f3 kl\u00f3noz\u00e1s! V\u00e9geredm\u00e9nyben haszn\u00e1lhat\u00f3 a rendszer kl\u00f3noz\u00e1s helyett is. Kl\u00f3nozzuk, azt\u00e1n egy Windows telep\u00edt\u0151 DVD-r\u0151l &#8220;helyrehozzuk&#8221; a rendszerind\u00edt\u00e1st is. Ennyi.<br \/>\n<img decoding=\"async\" loading=\"lazy\" src=\"\/\/cuccokhalomban.csillagpor.hu\/pict\/aomei-backupper-kepernyokep-17.jpg\" width=\"730\" height=\"515\" alt=\"AOMEI Backupper Partition Backup\" \/>\n<\/p>\n<p>Egy\u00e9b alkalmaz\u00e1sok, pl. boot lemez k\u00e9sz\u00edt\u00e9s&#8230;<br \/>\n<img decoding=\"async\" loading=\"lazy\" src=\"\/\/cuccokhalomban.csillagpor.hu\/pict\/aomei-backupper-kepernyokep-18.jpg\" width=\"730\" height=\"515\" alt=\"AOMEI Backupper Bootable Media\" \/>\n<\/p>\n<p>AOMEI Windows PE rendszer vagy szint\u00e9n az \u0151 Linux rendszer\u00fck, esetleg valami m\u00e1s &#8230;<br \/>\n<img decoding=\"async\" loading=\"lazy\" src=\"\/\/cuccokhalomban.csillagpor.hu\/pict\/aomei-backupper-kepernyokep-19.jpg\" width=\"720\" height=\"512\" alt=\"AOMEI Backupper boot lemez\" \/>\n<\/p>\n<p>CD vagy DVD lemezre, USB boot eszk\u00f6zre vagy <a target=\"_blank\" title=\"iso\" href=\"\/\/csillagpor.hu\/remek\/fajlkiterjesztes\/iso\" rel=\"noopener noreferrer\">ISO f\u00e1jlba<\/a> is export\u00e1lhatjuk a v\u00e9geredm\u00e9nyt.<br \/>\n<img decoding=\"async\" loading=\"lazy\" src=\"\/\/cuccokhalomban.csillagpor.hu\/pict\/aomei-backupper-kepernyokep-20.jpg\" width=\"650\" height=\"500\" alt=\"AOMEI Backupper pl. iso\" \/>\n<\/p>\n<p>K\u00e9sz van az ISO k\u00e9sz\u00edt\u00e9s, itt aj\u00e1nl ingyenes CD\/DVD \u00edr\u00f3t is, ha nem lenne nek\u00fcnk otthon.<br \/>\n<img decoding=\"async\" loading=\"lazy\" src=\"\/\/cuccokhalomban.csillagpor.hu\/pict\/aomei-backupper-kepernyokep-21.jpg\" width=\"650\" height=\"500\" alt=\"AOMEI Backupper k\u00e9sz a lemezk\u00e9p\" \/>\n<\/p>\n<p>Ez itt most a f\u00e1jlok biztons\u00e1gi ment\u00e9se abb\u00f3l a k\u00f6nyvt\u00e1rb\u00f3l&#8230; kimaradt az el\u0151bb v\u00e9letlen\u00fcl :)<br \/>\n<img decoding=\"async\" loading=\"lazy\" src=\"\/\/cuccokhalomban.csillagpor.hu\/pict\/aomei-backupper-kepernyokep-22.jpg\" width=\"730\" height=\"515\" alt=\"AOMEI Backupper File Backup\" \/>\n<\/p>\n<p>Ez pedig a f\u00e1jl szinkroniz\u00e1l\u00e1s, szint\u00e9n id\u0151z\u00edthet\u0151, menthet\u00fcnk NAS-ra is, \u00edgy ez el\u00e9g j\u00f3 cucc.<br \/>\n<img decoding=\"async\" loading=\"lazy\" src=\"\/\/cuccokhalomban.csillagpor.hu\/pict\/aomei-backupper-kepernyokep-23.jpg\" width=\"730\" height=\"515\" alt=\"AOMEI Backupper File Sync\" \/><\/p>\n","protected":false},"excerpt":{"rendered":"<p><a target=\"_blank\" title=\"AOMEI Backupper k\u00e9perny\u0151k\u00e9pek\" href=\"\/\/csillagpor.hu\/remek\/programok\/aomei-backupper-kepernyokepek\" rel=\"noopener noreferrer\"><img decoding=\"async\" loading=\"lazy\" alt=\"AOMEI Backupper\" src=\"\/\/cuccokhalomban.csillagpor.hu\/pict\/aomei-backupper-kicsi.jpg\" width=\"122\" height=\"86\" class=\"flr\" \/><\/a>Az AOMEI Backupper Standard feltelep\u00edtve, v\u00e1lasszuk ki, mir\u0151l akarunk biztons\u00e1gi ment\u00e9st k\u00e9sz\u00edteni! El\u0151sz\u00f6r ind\u00edtsunk egy System Backupot, elmenti Windowsunkat mindenest\u0151l. Id\u0151z\u00edthet\u0151 is. A ment\u00e9s be\u00e1ll\u00edt\u00e1sai. Titkos\u00edtott ment\u00e9st is k\u00e9sz\u00edthet\u00fcnk \u00e9s k\u00e9rhet\u00fcnk e-mailt, ha befejezte a ment\u00e9st. T\u00f6m\u00f6r\u00edthetj\u00fck is r\u00f6gt\u00f6n az adatokat&#8230;<\/p>\n","protected":false},"author":1,"featured_media":0,"parent":0,"menu_order":0,"comment_status":"closed","ping_status":"closed","template":"","meta":{"footnotes":""},"_links":{"self":[{"href":"https:\/\/csillagpor.hu\/remek\/programok\/wp-json\/wp\/v2\/pages\/1817"}],"collection":[{"href":"https:\/\/csillagpor.hu\/remek\/programok\/wp-json\/wp\/v2\/pages"}],"about":[{"href":"https:\/\/csillagpor.hu\/remek\/programok\/wp-json\/wp\/v2\/types\/page"}],"author":[{"embeddable":true,"href":"https:\/\/csillagpor.hu\/remek\/programok\/wp-json\/wp\/v2\/users\/1"}],"replies":[{"embeddable":true,"href":"https:\/\/csillagpor.hu\/remek\/programok\/wp-json\/wp\/v2\/comments?post=1817"}],"version-history":[{"count":0,"href":"https:\/\/csillagpor.hu\/remek\/programok\/wp-json\/wp\/v2\/pages\/1817\/revisions"}],"wp:attachment":[{"href":"https:\/\/csillagpor.hu\/remek\/programok\/wp-json\/wp\/v2\/media?parent=1817"}],"curies":[{"name":"wp","href":"https:\/\/api.w.org\/{rel}","templated":true}]}}