{"id":1840,"date":"2016-07-23T14:46:07","date_gmt":"2016-07-23T12:46:07","guid":{"rendered":"http:\/\/csillagpor.hu\/remek\/programok\/?page_id=1840"},"modified":"2022-06-30T18:24:43","modified_gmt":"2022-06-30T16:24:43","slug":"easybcd-kepernyokepek","status":"publish","type":"page","link":"https:\/\/csillagpor.hu\/remek\/programok\/easybcd-kepernyokepek","title":{"rendered":"EasyBCD k\u00e9perny\u0151k\u00e9pek"},"content":{"rendered":"<p><a target=\"_blank\" title=\"EasyBCD\" href=\"\/\/csillagpor.hu\/remek\/programok\/easybcd\" rel=\"noopener noreferrer\">Az EasyBCD boot men\u00fc szerkeszt\u0151<\/a> a jelenlegi boot-men\u00fc konfigur\u00e1ci\u00f3t mutatja a be\u00e1ll\u00edt\u00e1sok megtekint\u00e9se gombra kattintva.<br \/>\n<img decoding=\"async\" loading=\"lazy\" alt=\"EasyBCD a jelenlegi men\u00fc\" src=\"\/\/cuccokhalomban.csillagpor.hu\/pict\/easybcd-kepernyokep-1.jpg\" width=\"730\" height=\"548\" \/>\n<\/p>\n<p>Ez ugyanaz csak hibakeres\u00e9s m\u00f3dban, itt l\u00e1thatja a hozz\u00e1\u00e9rt\u0151, ha valami csak \u00fagy n\u00e9z ki, de m\u00e9gsem az.<br \/>\n<img decoding=\"async\" loading=\"lazy\" alt=\"EasyBCD hibakeres\u00e9s m\u00f3d\" src=\"\/\/cuccokhalomban.csillagpor.hu\/pict\/easybcd-kepernyokep-2.jpg\" width=\"730\" height=\"548\" \/>\n<\/p>\n<p>A boot-men\u00fc szerkeszt\u00e9se lehet\u0151s\u00e9gn\u00e9l m\u00e1r emberi m\u00f3don v\u00e1laszthatjuk ki az alap\u00e9rtelmezett oper\u00e1ci\u00f3s rendszert, v\u00e1ltoztathatjuk a men\u00fcelemek hely\u00e9t, t\u00f6r\u00f6lhet\u00fcnk, \u00e1tnevezhet\u00fcnk, lent be\u00e1ll\u00edthatjuk a nyelvet, a boot-men\u00fc esetleges \u00e1tugr\u00e1s\u00e1t, az id\u0151z\u00edt\u00e9st vagy \u00e9ppen azt, hogy ne sz\u00e1molgasson, v\u00e1rjon csak m\u00edg nem d\u00f6nt\u00f6k. Ja, itt van m\u00e9g a Metro bootloader opci\u00f3 is, ha Metro fel\u00fclettel \u00e9s egy kicsit k\u00e9s\u0151bb szeretn\u00e9nk ugyanezt. \u00c9rtelme nem nagyon van, szerintem.<br \/>\n<img decoding=\"async\" loading=\"lazy\" alt=\"EasyBCD boot-men\u00fc szerkeszt\u00e9se\" src=\"\/\/cuccokhalomban.csillagpor.hu\/pict\/easybcd-kepernyokep-3.jpg\" width=\"730\" height=\"548\" \/>\n<\/p>\n<p>Ind\u00edthat\u00f3 rendszerek, Windows t\u00edpus, n\u00e9v, meghajt\u00f3 ahonnan futtatjuk &#8230; Ja, ez a \u00daj bejegyz\u00e9s hozz\u00e1ad\u00e1sa. A k\u00e9p als\u00f3 r\u00e9sz\u00e9t k\u00fcl\u00f6n t\u00e1rgyaljuk.<br \/>\n<img decoding=\"async\" loading=\"lazy\" alt=\"EasyBCD \u00faj bejegyz\u00e9s hozz\u00e1ad\u00e1sa\" src=\"\/\/cuccokhalomban.csillagpor.hu\/pict\/easybcd-kepernyokep-4.jpg\" width=\"730\" height=\"548\" \/>\n<\/p>\n<p>Windows t\u00edpus kiv\u00e1laszt\u00e1sa, az als\u00f3 DOS-ok nyilv\u00e1n nem Windowsok, a legfels\u0151 sor a legink\u00e1bb haszn\u00e1latos, a t\u00f6bbi az ilyen m\u00f3kasor csak manaps\u00e1g.<br \/>\n<img decoding=\"async\" loading=\"lazy\" alt=\"EasyBCD Windows t\u00edpus\" src=\"\/\/cuccokhalomban.csillagpor.hu\/pict\/easybcd-kepernyokep-5.jpg\" width=\"730\" height=\"548\" \/>\n<\/p>\n<p>Ha Linuxot vagy BSD-t ind\u00edtan\u00e1nk, itt is t\u00edpus, n\u00e9v, meghajt\u00f3 \u00e9s lehet\u0151s\u00e9g az EasyBCD GRUB m\u00e1solat\u00e1nak haszn\u00e1lat\u00e1ra.<br \/>\n<img decoding=\"async\" loading=\"lazy\" alt=\"EasyBCD Linux, BSD\" src=\"\/\/cuccokhalomban.csillagpor.hu\/pict\/easybcd-kepernyokep-6.jpg\" width=\"730\" height=\"548\" \/>\n<\/p>\n<p>A v\u00e1laszthat\u00f3 Linux boot managerek.<br \/>\n<img decoding=\"async\" loading=\"lazy\" alt=\"EasyBCD Linux boot managers\" src=\"\/\/cuccokhalomban.csillagpor.hu\/pict\/easybcd-kepernyokep-7.jpg\" width=\"730\" height=\"548\" \/>\n<\/p>\n<p>Ha Mac-et ind\u00edtan\u00e1nk valahogy &#8230; EFI \u00e9s MBR m\u00f3d v\u00e1laszthat\u00f3.<br \/>\n<img decoding=\"async\" loading=\"lazy\" alt=\"EasyBCD Mac\" src=\"\/\/cuccokhalomban.csillagpor.hu\/pict\/easybcd-kepernyokep-8.jpg\" width=\"730\" height=\"548\" \/>\n<\/p>\n<p>Innen lehet a NeoGrubot feltenni, minden rendszer bootol\u00e1s\u00e1ra j\u00f3.<br \/>\n<img decoding=\"async\" loading=\"lazy\" alt=\"EasyBCD NeoGrub\" src=\"\/\/cuccokhalomban.csillagpor.hu\/pict\/easybcd-kepernyokep-9.jpg\" width=\"730\" height=\"548\" \/>\n<\/p>\n<p>Halad\u00f3 be\u00e1ll\u00edt\u00e1sok, a bejegyz\u00e9sek v\u00e1ltoztat\u00e1sa, a v\u00e9g\u00e9n ne felejts\u00fcnk a jobb lenti <em>A be\u00e1ll\u00edt\u00e1sok ment\u00e9se<\/em> gombra kattintani.<br \/>\n<img decoding=\"async\" loading=\"lazy\" alt=\"EasyBCD halad\u00f3 be\u00e1ll\u00edt\u00e1sok\" src=\"\/\/cuccokhalomban.csillagpor.hu\/pict\/easybcd-kepernyokep-10.jpg\" width=\"730\" height=\"548\" \/>\n<\/p>\n<p>Akkor itt a Halad\u00f3 f\u00fcl, ez ak\u00e1r arra is j\u00f3 lehet, hogy ugyanazt az oprendszert futtassuk k\u00fcl\u00f6nf\u00e9le m\u00f3dokban, an\u00e9lk\u00fcl, hogy a boot men\u00fc ut\u00e1n m\u00e9g F8-al el\u0151 kellene hozni a m\u00e1sik men\u00fct. Sz\u00f3val a boot-men\u00fcb\u0151l ind\u00edthatjuk r\u00f6gt\u00f6n e form\u00e1n param\u00e9terezve rendszereinket.<br \/>\n<img decoding=\"async\" loading=\"lazy\" alt=\"EasyBCD halad\u00f3 f\u00fcl\" src=\"\/\/cuccokhalomban.csillagpor.hu\/pict\/easybcd-kepernyokep-12.jpg\" width=\"730\" height=\"548\" \/>\n<\/p>\n<p>Ha az el\u0151z\u0151 k\u00e9pen is l\u00e1that\u00f3 k\u00e9rd\u0151jelekre kattintunk, nagyon r\u00e9szletes magyar nyelv\u0171 magyar\u00e1zatokkal gazdagszunk.<br \/>\nItt: A v\u00e9dett m\u00f3d be\u00e1ll\u00edt\u00e1sair\u00f3l.<br \/>\n<img decoding=\"async\" loading=\"lazy\" alt=\"EasyBCD s\u00fag\u00f3\" src=\"\/\/cuccokhalomban.csillagpor.hu\/pict\/easybcd-kepernyokep-13.jpg\" width=\"483\" height=\"353\" \/>\n<\/p>\n<p>A Fejleszt\u0151 f\u00fcln\u00e9l el\u00e9g ritk\u00e1n haszn\u00e1lt lehet\u0151s\u00e9gek \u00e9rhet\u0151k el &#8230; t\u00e9nyleg csak hozz\u00e1\u00e9rt\u0151knek.<br \/>\n<img decoding=\"async\" loading=\"lazy\" alt=\"EasyBCD fejleszt\u0151 m\u00f3d\" src=\"\/\/cuccokhalomban.csillagpor.hu\/pict\/easybcd-kepernyokep-14.jpg\" width=\"730\" height=\"548\" \/>\n<\/p>\n<p>BCD biztons\u00e1gi ment\u00e9s \u00e9s jav\u00edt\u00e1s, ha valami nem stimmel &#8230; be\u00e1ll\u00edt\u00e1sok alaphelyzetbe \u00e1ll\u00edt\u00e1sa, boot f\u00e1jlok \u00fajrak\u00e9sz\u00edt\u00e9se, jav\u00edt\u00e1sa pl. vagy a boot-bet\u00f6lt\u0151 be\u00e1ll\u00edt\u00e1sainak ment\u00e9se.<br \/>\n<img decoding=\"async\" loading=\"lazy\" alt=\"EasyBCD biztons\u00e1gi ment\u00e9s\" src=\"\/\/cuccokhalomban.csillagpor.hu\/pict\/easybcd-kepernyokep-15.jpg\" width=\"730\" height=\"548\" \/>\n<\/p>\n<p>Bootolhat\u00f3 k\u00fcls\u0151 adathordoz\u00f3 l\u00e9trehoz\u00e1sa. Hov\u00e1 \u00e9s milyet? Majd \u00edr\u00e1s. <strong>De vigy\u00e1zzunk!<\/strong> Ha pl. Itt r\u00e1kattintunk a <em>BCD telep\u00edt\u00e9se<\/em> gombra, akkor m\u00e1r t\u00f6nkre is v\u00e1gta a C: meghajt\u00f3 jelenlegi boot-bet\u00f6lt\u0151j\u00e9t! (Magyarul, nem fog elindulni a jelenleg fut\u00f3 Windowsunk!)  <strong>Nem k\u00e9rdez, csin\u00e1lja, nem lehet le\u00e1ll\u00edtani!<\/strong> Teh\u00e1t figyelj\u00fcnk oda, \u00e9s csak akkor csin\u00e1ljuk, ha tudjuk mit mi\u00e9rt tesz\u00fcnk!<br \/>\n<img decoding=\"async\" loading=\"lazy\" alt=\"EasyBCD k\u00fcls\u0151 adathordoz\u00f3\" src=\"\/\/cuccokhalomban.csillagpor.hu\/pict\/easybcd-kepernyokep-16.jpg\" width=\"730\" height=\"548\" \/>\n<\/p>\n<p>Akkor most t\u00e9r\u00fcnk vissza az als\u00f3 f\u00fclekhez &#8230; ISO-r\u00f3l bootol\u00e1s. Nem minden ISO f\u00e1jllal m\u0171k\u00f6dik.<br \/>\n<img decoding=\"async\" loading=\"lazy\" alt=\"EasyBCD ISO boot\" src=\"\/\/cuccokhalomban.csillagpor.hu\/pict\/easybcd-kepernyokep-17.jpg\" width=\"730\" height=\"548\" \/>\n<\/p>\n<p>Az ISO-r\u00f3l bootol\u00e1s s\u00fag\u00f3ja, lemezr\u0151l vagy mem\u00f3ri\u00e1b\u00f3l, tapasztalataim szerint a lemez biztosabb, f\u0151leg ha SSD-r\u0151l fut az ISO, mert akkor sebess\u00e9gileg ugye majdnem mindegy.<br \/>\n<img decoding=\"async\" loading=\"lazy\" alt=\"EasyBCD ISO boot m\u00f3dok\" src=\"\/\/cuccokhalomban.csillagpor.hu\/pict\/easybcd-kepernyokep-18.jpg\" width=\"482\" height=\"248\" \/>\n<\/p>\n<p>WinPE lemezk\u00e9pr\u0151l futtat\u00e1s.<br \/>\n<img decoding=\"async\" loading=\"lazy\" alt=\"EasyBCD WinPE\" src=\"\/\/cuccokhalomban.csillagpor.hu\/pict\/easybcd-kepernyokep-19.jpg\" width=\"730\" height=\"548\" \/>\n<\/p>\n<p>Itt pedig a PLoP boot manager telep\u00edthet\u0151, annak aki tudja mit csin\u00e1l. J\u00f3 cucc, \u00e9rdemes ut\u00e1nan\u00e9zni ha \u00e9rtesz hozz\u00e1, \u00e9s tudsz angolul.<br \/>\n<img decoding=\"async\" loading=\"lazy\" alt=\"EasyBCD PLoP\" src=\"\/\/cuccokhalomban.csillagpor.hu\/pict\/easybcd-kepernyokep-20.jpg\" width=\"730\" height=\"548\" \/>\n<\/p>\n<p>Be\u00e1ll\u00edt\u00e1sok, nyelv, bejegyz\u00e9sek szerkeszt\u00e9se (ez a boot.ini-t szerkeszti, teh\u00e1t Win8-10-en nem m\u0171k\u00f6dik), \u00fajraind\u00edt\u00e1s.<br \/>\n<img decoding=\"async\" loading=\"lazy\" alt=\"EasyBCD eszk\u00f6z\u00f6k\" src=\"\/\/cuccokhalomban.csillagpor.hu\/pict\/easybcd-kepernyokep-21.jpg\" width=\"730\" height=\"548\" \/>\n<\/p>\n<p>Az EasyBCD be\u00e1ll\u00edt\u00e1sai, szak\u00e9rt\u0151 m\u00f3dban futtat\u00e1s, BCD f\u00e1jlok bet\u00f6lt\u00e9se&#8230;<br \/>\n<img decoding=\"async\" loading=\"lazy\" alt=\"EasyBCD be\u00e1ll\u00edt\u00e1sok\" src=\"\/\/cuccokhalomban.csillagpor.hu\/pict\/easybcd-kepernyokep-22.jpg\" width=\"448\" height=\"357\" \/>\n<\/p>\n<p>Alap\u00e9rtelmezett f\u00fcl az indul\u00e1skor \u00e9s megjelen\u00edt\u00e9si m\u00f3d, alaphelyzetbe \u00e1ll\u00edt\u00e1s&#8230;<br \/>\n<img decoding=\"async\" loading=\"lazy\" alt=\"EasyBCD megjelen\u00edt\u0151 be\u00e1ll\u00edt\u00e1sai\" src=\"\/\/cuccokhalomban.csillagpor.hu\/pict\/easybcd-kepernyokep-23.jpg\" width=\"448\" height=\"357\" \/><\/p>\n","protected":false},"excerpt":{"rendered":"<p><a target=\"_blank\" title=\"EasyBCD k\u00e9perny\u0151k\u00e9pekl\" href=\"\/\/csillagpor.hu\/remek\/programok\/easybcd-kepernyokepek\" rel=\"noopener noreferrer\"><img decoding=\"async\" loading=\"lazy\" alt=\"EasyBCD\" src=\"\/\/cuccokhalomban.csillagpor.hu\/pict\/easybcd-kicsi.jpg\" width=\"140\" height=\"119\" class=\"flr\" \/><\/a>Az EasyBCD boot men\u00fc szerkeszt\u0151 a jelenlegi boot-men\u00fc konfigur\u00e1ci\u00f3t mutatja a be\u00e1ll\u00edt\u00e1sok megtekint\u00e9se gombra kattintva. Ez ugyanaz csak hibakeres\u00e9s m\u00f3dban, itt l\u00e1thatja a hozz\u00e1\u00e9rt\u0151, ha valami csak \u00fagy n\u00e9z ki, de m\u00e9gsem az. A boot-men\u00fc szerkeszt\u00e9se lehet\u0151s\u00e9gn\u00e9l m\u00e1r emberi m\u00f3don v\u00e1laszthatjuk ki az alap\u00e9rtelmezett oper\u00e1ci\u00f3s rendszert, v\u00e1ltoztathatjuk a men\u00fcelemek hely\u00e9t, t\u00f6r\u00f6lhet\u00fcnk &#8230;<\/p>\n","protected":false},"author":1,"featured_media":0,"parent":0,"menu_order":0,"comment_status":"closed","ping_status":"closed","template":"","meta":{"footnotes":""},"_links":{"self":[{"href":"https:\/\/csillagpor.hu\/remek\/programok\/wp-json\/wp\/v2\/pages\/1840"}],"collection":[{"href":"https:\/\/csillagpor.hu\/remek\/programok\/wp-json\/wp\/v2\/pages"}],"about":[{"href":"https:\/\/csillagpor.hu\/remek\/programok\/wp-json\/wp\/v2\/types\/page"}],"author":[{"embeddable":true,"href":"https:\/\/csillagpor.hu\/remek\/programok\/wp-json\/wp\/v2\/users\/1"}],"replies":[{"embeddable":true,"href":"https:\/\/csillagpor.hu\/remek\/programok\/wp-json\/wp\/v2\/comments?post=1840"}],"version-history":[{"count":0,"href":"https:\/\/csillagpor.hu\/remek\/programok\/wp-json\/wp\/v2\/pages\/1840\/revisions"}],"wp:attachment":[{"href":"https:\/\/csillagpor.hu\/remek\/programok\/wp-json\/wp\/v2\/media?parent=1840"}],"curies":[{"name":"wp","href":"https:\/\/api.w.org\/{rel}","templated":true}]}}