{"id":1847,"date":"2016-09-02T20:26:23","date_gmt":"2016-09-02T18:26:23","guid":{"rendered":"http:\/\/csillagpor.hu\/remek\/programok\/?page_id=1847"},"modified":"2022-06-30T18:04:52","modified_gmt":"2022-06-30T16:04:52","slug":"pdfcreator-kepernyokepek","status":"publish","type":"page","link":"https:\/\/csillagpor.hu\/remek\/programok\/pdfcreator-kepernyokepek","title":{"rendered":"PDFCreator k\u00e9perny\u0151k\u00e9pek"},"content":{"rendered":"<p><a target=\"_blank\" title=\"pdfcreator\" href=\"\/\/csillagpor.hu\/remek\/programok\/pdfcreator-letoltese\" rel=\"noopener noreferrer\">A PDFCreator<\/a> <a target=\"_blank\" title=\"pdf\" href=\"\/\/csillagpor.hu\/remek\/fajlkiterjesztes\/pdf\" rel=\"noopener noreferrer\">PDF<\/a> nyomtat\u00f3 telep\u00edt\u00e9se Windows 10-re. V\u00e1lasszuk a Halad\u00f3 be\u00e1ll\u00edt\u00e1sokat!<br \/>\n<img decoding=\"async\" loading=\"lazy\" alt=\"PDFCreator Windows 10 telep\u00edt\u00e9s\" src=\"\/\/cuccokhalomban.csillagpor.hu\/pict\/pdfcreator-kepernyokep-1.jpg\" width=\"542\" height=\"431\" \/>\n<\/p>\n<p>Itt a PDF Architectet nem sz\u00fcks\u00e9ges telep\u00edteni, vagy ha valakinek kell, akkor a b\u00f6ng\u00e9sz\u0151 plugineket kihagyhatja.<br \/>\nK\u00e9s\u0151bb m\u00e9g lesz sz\u00f3 a PDF Architectr\u0151l.<br \/>\n<img decoding=\"async\" loading=\"lazy\" alt=\"PDF Architect telep\u00edt\u00e9se\" src=\"\/\/cuccokhalomban.csillagpor.hu\/pict\/pdfcreator-kepernyokep-2.jpg\" width=\"538\" height=\"427\" \/>\n<\/p>\n<p>Ha nincs sz\u00fcks\u00e9g\u00fcnk pluszban az Ad-Aware v\u00e9delm\u00e9re, akkor ne telep\u00edts\u00fck.<br \/>\n<img decoding=\"async\" loading=\"lazy\" alt=\"PDFCreator Ad-Aware van benne\" src=\"\/\/cuccokhalomban.csillagpor.hu\/pict\/pdfcreator-kepernyokep-3.jpg\" width=\"537\" height=\"430\" \/>\n<\/p>\n<p>Alkalmaz\u00e1s konfigur\u00e1l\u00e1sa, \u00e9s hogy mi is ez a program tulajdonk\u00e9pp.<br \/>\n<img decoding=\"async\" loading=\"lazy\" alt=\"PDFCreator be\u00e1ll\u00edt\u00e1sok\" src=\"\/\/cuccokhalomban.csillagpor.hu\/pict\/pdfcreator-kepernyokep-4.jpg\" width=\"548\" height=\"381\" \/>\n<\/p>\n<p>\u00c1ltal\u00e1nos be\u00e1ll\u00edt\u00e1sok, pl: nyelv, friss\u00edt\u00e9s, alap\u00e9rtelmezett nyomtat\u00f3, \u00e9s a Windows helyzet\u00e9rz\u00e9keny men\u00fcj\u00e9be is bepakolhatjuk, vagy \u00e9ppen kivehetj\u00fck a PDFCreatort.<br \/>\n<img decoding=\"async\" loading=\"lazy\" alt=\"PDFCreator \u00e1ltal\u00e1nos be\u00e1ll\u00edt\u00e1sok\" src=\"\/\/cuccokhalomban.csillagpor.hu\/pict\/pdfcreator-kepernyokep-5.jpg\" width=\"730\" height=\"583\" \/>\n<\/p>\n<p>Nyomtat\u00f3k kezel\u00e9se, els\u0151dleges nyomtat\u00f3 be\u00e1ll\u00edt\u00e1sa.<br \/>\n<img decoding=\"async\" loading=\"lazy\" alt=\"PDFCreator nyomtat\u00f3k kezel\u00e9se\" src=\"\/\/cuccokhalomban.csillagpor.hu\/pict\/pdfcreator-kepernyokep-6.jpg\" width=\"730\" height=\"582\" \/>\n<\/p>\n<p>Itt van le\u00edrva, hogy mi\u00e9rt is nem olyan nagy cucc az a PDF Architect PDF &#8220;szerkeszt\u0151&#8221;. A pirossal kiemelt ingyenes funkci\u00f3kat tudja mind\u00f6ssze.<br \/>\n<img decoding=\"async\" loading=\"lazy\" alt=\"PDFCreator PDF Architect hahaha\" src=\"\/\/cuccokhalomban.csillagpor.hu\/pict\/pdfcreator-kepernyokep-7.jpg\" width=\"730\" height=\"586\" \/>\n<\/p>\n<p>Ha feltett\u00fck m\u00e9gis az el\u0151bb eml\u00edtett programot, akkor az egy k\u00fcl\u00f6n nyomtat\u00f3 lesz.<br \/>\n<img decoding=\"async\" loading=\"lazy\" alt=\"PDFCreator nyomtat\u00e1s\" src=\"\/\/cuccokhalomban.csillagpor.hu\/pict\/pdfcreator-kepernyokep-8.jpg\" width=\"730\" height=\"699\" \/>\n<\/p>\n<p>Akkor PDF-be nyomtat\u00e1s. Itt megadhatjuk a f\u00e1jlnevet, profilt, metaadatokat \u00e9s lejjebb vannak m\u00e9g be\u00e1ll\u00edt\u00e1sok, e-mail, ment\u00e9s, \u00f6sszef\u0171z\u00e9s &#8230;<br \/>\n<img decoding=\"async\" loading=\"lazy\" alt=\"PDFCreator PDF-be nyomtat\u00e1s adatok\" src=\"\/\/cuccokhalomban.csillagpor.hu\/pict\/pdfcreator-kepernyokep-9.jpg\" width=\"730\" height=\"581\" \/>\n<\/p>\n<p>Ha az el\u0151z\u0151n\u00e9l a be\u00e1ll\u00edt\u00e1sokra kattintottunk, akkor a profilok kezel\u00e9s\u00e9hez jutunk. Az adatokon k\u00edv\u00fcl itt k\u00e9pes &#8220;b\u00e9lyeget&#8221; is hozz\u00e1adni.<br \/>\n<img decoding=\"async\" loading=\"lazy\" alt=\"PDFCreator b\u00e9lyeg\" src=\"\/\/cuccokhalomban.csillagpor.hu\/pict\/pdfcreator-kepernyokep-10.jpg\" width=\"730\" height=\"586\" \/>\n<\/p>\n<p>Mibe alak\u00edtsuk \u00e1t &#8230;<br \/>\n<img decoding=\"async\" loading=\"lazy\" alt=\"PDFCreator mibe\" src=\"\/\/cuccokhalomban.csillagpor.hu\/pict\/pdfcreator-kepernyokep-11.jpg\" width=\"730\" height=\"587\" \/>\n<\/p>\n<p>Automatikus ment\u00e9s.<br \/>\n<img decoding=\"async\" loading=\"lazy\" alt=\"PDFCreator ment\u00e9s\" src=\"\/\/cuccokhalomban.csillagpor.hu\/pict\/pdfcreator-kepernyokep-12.jpg\" width=\"730\" height=\"589\" \/>\n<\/p>\n<p>T\u00f6m\u00f6r\u00edt\u00e9s megad\u00e1sa.<br \/>\n<img decoding=\"async\" loading=\"lazy\" alt=\"PDFCreator t\u00f6m\u00f6r\u00edt\u00e9s\" src=\"\/\/cuccokhalomban.csillagpor.hu\/pict\/pdfcreator-kepernyokep-13.jpg\" width=\"730\" height=\"585\" \/>\n<\/p>\n<p>Titkos\u00edt\u00e1s \u00e9s felhaszn\u00e1l\u00f3i enged\u00e9lyek be\u00e1ll\u00edt\u00e1sa.<br \/>\n<img decoding=\"async\" loading=\"lazy\" alt=\"PDFCreator titkos\u00edt\u00e1s\" src=\"\/\/cuccokhalomban.csillagpor.hu\/pict\/pdfcreator-kepernyokep-14.jpg\" width=\"730\" height=\"583\" \/>\n<\/p>\n<p>Digit\u00e1lis al\u00e1\u00edr\u00e1s kezel\u00e9se.<br \/>\n<img decoding=\"async\" loading=\"lazy\" alt=\"PDFCreator digit\u00e1lis al\u00e1\u00edr\u00e1s\" src=\"\/\/cuccokhalomban.csillagpor.hu\/pict\/pdfcreator-kepernyokep-15.jpg\" width=\"730\" height=\"584\" \/>\n<\/p>\n<p>Ez itt a PDF Architect, ezt sim\u00e1n be lehet z\u00e1rni.<br \/>\n<img decoding=\"async\" loading=\"lazy\" alt=\"PDF Architect bez\u00e1rni\" src=\"\/\/cuccokhalomban.csillagpor.hu\/pict\/pdfcreator-kepernyokep-17.jpg\" width=\"730\" height=\"517\" \/>\n<\/p>\n<p>&#8230; m\u00e9g egy iz\u00e9 &#8230; Na persze senkit nem akarok lebesz\u00e9lni r\u00f3la, \u00fagy is lehet, hogy telep\u00edtj\u00fck, kipr\u00f3b\u00e1ljuk, \u00e9s ha nem el\u00e9g amit tud PDF szerkeszt\u0151 n\u00e9ven, akkor leszedj\u00fck, esetleg megvessz\u00fck ha a fizet\u0151s r\u00e9szei nagyon kellen\u00e9nek.<br \/>\n<img decoding=\"async\" loading=\"lazy\" alt=\"Viszontl\u00e1t\u00e1sra!\" src=\"\/\/cuccokhalomban.csillagpor.hu\/pict\/pdfcreator-kepernyokep-18.jpg\" width=\"730\" height=\"518\" \/><\/p>\n","protected":false},"excerpt":{"rendered":"<p><a target=\"_blank\" title=\"PDFCreator k\u00e9perny\u0151k\u00e9pek\" href=\"\/\/csillagpor.hu\/remek\/programok\/pdfcreator-kepernyokepek\" rel=\"noopener noreferrer\"><img decoding=\"async\" loading=\"lazy\" alt=\"PDFCreator\" src=\"\/\/cuccokhalomban.csillagpor.hu\/pict\/pdfcreator.jpg\" width=\"100\" height=\"78\" class=\"flr\" \/><\/a>A PDFCreator PDF nyomtat\u00f3 telep\u00edt\u00e9se Windows 10-re. V\u00e1lasszuk a Halad\u00f3 be\u00e1ll\u00edt\u00e1sokat! Itt a PDF Architectet nem sz\u00fcks\u00e9ges telep\u00edteni, vagy ha valakinek kell, akkor a b\u00f6ng\u00e9sz\u0151 plugineket kihagyhatja. K\u00e9s\u0151bb m\u00e9g lesz sz\u00f3 a PDF Architectr\u0151l. Ha nincs sz\u00fcks\u00e9g\u00fcnk pluszban az Ad-Aware v\u00e9delm\u00e9re, akkor ne telep\u00edts\u00fck. Alkalmaz\u00e1s konfigur\u00e1l\u00e1sa, \u00e9s hogy mi is ez a program tulajdonk\u00e9pp&#8230;<\/p>\n","protected":false},"author":1,"featured_media":0,"parent":0,"menu_order":0,"comment_status":"closed","ping_status":"closed","template":"","meta":{"footnotes":""},"_links":{"self":[{"href":"https:\/\/csillagpor.hu\/remek\/programok\/wp-json\/wp\/v2\/pages\/1847"}],"collection":[{"href":"https:\/\/csillagpor.hu\/remek\/programok\/wp-json\/wp\/v2\/pages"}],"about":[{"href":"https:\/\/csillagpor.hu\/remek\/programok\/wp-json\/wp\/v2\/types\/page"}],"author":[{"embeddable":true,"href":"https:\/\/csillagpor.hu\/remek\/programok\/wp-json\/wp\/v2\/users\/1"}],"replies":[{"embeddable":true,"href":"https:\/\/csillagpor.hu\/remek\/programok\/wp-json\/wp\/v2\/comments?post=1847"}],"version-history":[{"count":0,"href":"https:\/\/csillagpor.hu\/remek\/programok\/wp-json\/wp\/v2\/pages\/1847\/revisions"}],"wp:attachment":[{"href":"https:\/\/csillagpor.hu\/remek\/programok\/wp-json\/wp\/v2\/media?parent=1847"}],"curies":[{"name":"wp","href":"https:\/\/api.w.org\/{rel}","templated":true}]}}