{"id":1849,"date":"2016-09-24T20:12:26","date_gmt":"2016-09-24T18:12:26","guid":{"rendered":"http:\/\/csillagpor.hu\/remek\/programok\/?page_id=1849"},"modified":"2022-06-30T17:41:16","modified_gmt":"2022-06-30T15:41:16","slug":"uj-multi-commander-kepernyokepek","status":"publish","type":"page","link":"https:\/\/csillagpor.hu\/remek\/programok\/uj-multi-commander-kepernyokepek","title":{"rendered":"\u00daj Multi Commander k\u00e9perny\u0151k\u00e9pek"},"content":{"rendered":"<p><a target=\"_blank\" title=\"multi commander\" href=\"\/\/csillagpor.hu\/remek\/programok\/multi-commander\" rel=\"noopener noreferrer\">A Multi Commander<\/a> 7-es verzi\u00f3j\u00e1ban megjelent egyik \u00fajdons\u00e1g, a helyzet\u00e9rz\u00e9keny men\u00fc szerkeszt\u0151, m\u00e9g angolul &#8230;<br \/>\n<img decoding=\"async\" loading=\"lazy\" alt=\"Multi Commander men\u00fc szerkeszt\u0151\" src=\"\/\/cuccokhalomban.csillagpor.hu\/pict\/multi-commander-kepernyokep-001.jpg\" width=\"730\" height=\"490\" \/>\n<\/p>\n<p>&#8230; \u00e9s akkor itt \u00e1t\u00edrhatom ak\u00e1r magyar nyelv\u0171re is a men\u00fc sz\u00f6veg\u00e9t, vagy hozz\u00e1adhatok \u00faj almen\u00fct, men\u00fcpontot paranccsal&#8230;<br \/>\n<img decoding=\"async\" loading=\"lazy\" alt=\"Multi Commander \u00e1t\u00edr\" src=\"\/\/cuccokhalomban.csillagpor.hu\/pict\/multi-commander-kepernyokep-002.jpg\" width=\"730\" height=\"471\" \/>\n<\/p>\n<p>A Multi Commander 6.4.8-as verzi\u00f3j\u00e1nak telep\u00edt\u00e9se Windows 10-re. Kiv\u00e1laszthatjuk a telep\u00edtend\u0151 modulokat, mint pl: Multi f\u00e1jl n\u00e9z\u0151, RAR f\u00e1jlrendszer t\u00e1mogat\u00e1s, Windows registry \u00e9s f\u00e1jlrendszer b\u00f6ng\u00e9sz\u0151, FTP &#8230;<br \/>\n<img decoding=\"async\" loading=\"lazy\" alt=\"Multi Commander telep\u00edt\u00e9s\" src=\"\/\/cuccokhalomban.csillagpor.hu\/pict\/multi-commander-kepernyokep-1.jpg\" width=\"543\" height=\"427\" \/>\n<\/p>\n<p>7-Zip \u00e9s hordozhat\u00f3 eszk\u00f6z f\u00e1jlrendszer t\u00e1mogat\u00e1s, Multi f\u00e1jl eszk\u00f6z\u00f6k, seg\u00e9dprogramok, k\u00e9p, hang, vide\u00f3 eszk\u00f6z\u00f6k &#8230;<br \/>\n<img decoding=\"async\" loading=\"lazy\" alt=\"Multi Commander modulok\" src=\"\/\/cuccokhalomban.csillagpor.hu\/pict\/multi-commander-kepernyokep-2.jpg\" width=\"546\" height=\"430\" \/>\n<\/p>\n<p>Hogyan szeretn\u00e9 haszn\u00e1lni a Multi Commandert? Commander vagy ink\u00e1bb Int\u00e9z\u0151 st\u00edlusban, esetleg \u00f6sszev\u00e1logatni &#8230; az m\u00e9g nem lett magyar nyelv\u0171, de mivel van nyelvi f\u00e1jl szerkeszt\u0151je, k\u00f6nnyed\u00e9n azz\u00e1 tehet\u0151.<br \/>\n<img decoding=\"async\" loading=\"lazy\" alt=\"Multi Commander st\u00edlus\" src=\"\/\/cuccokhalomban.csillagpor.hu\/pict\/multi-commander-kepernyokep-3.jpg\" width=\"606\" height=\"667\" \/>\n<\/p>\n<p>\u00c9s elindult v\u00e9gre, Commander m\u00f3dban. N\u00e9zz\u00fck a F\u0151 be\u00e1ll\u00edt\u00e1sokat!<br \/>\n<img decoding=\"async\" loading=\"lazy\" alt=\"Multi Commander f\u0151 be\u00e1ll\u00edt\u00e1sok\" src=\"\/\/cuccokhalomban.csillagpor.hu\/pict\/multi-commander-kepernyokep-4.jpg\" width=\"730\" height=\"408\" \/>\n<\/p>\n<p>Itt fent \u00e1ll\u00edthatjuk a nyelvet, most magyar. A hordozhat\u00f3 verzi\u00f3ban csak k\u00e9t opci\u00f3 van magyar \u00e9s angol. A friss\u00edt\u00e9seket is itt szab\u00e1lyozhatjuk, tov\u00e1bb\u00e1 az Eszk\u00f6zt\u00e1rral kapcsolatosakat &#8230;<br \/>\n<img decoding=\"async\" loading=\"lazy\" alt=\"Multi Commander magyar nyelv\" src=\"\/\/cuccokhalomban.csillagpor.hu\/pict\/multi-commander-kepernyokep-5.jpg\" width=\"730\" height=\"408\" \/>\n<\/p>\n<p>F\u00e1jlrendszer be\u00e1ll\u00edt\u00e1sok, pl. hogy milyen f\u00e1jlm\u0171veletekn\u00e9l k\u00e9rdezzen, Futtat\u00e1s rendszergazdak\u00e9nt m\u00f3d, stb.<br \/>\n<img decoding=\"async\" loading=\"lazy\" alt=\"Multi Commander f\u00e1jlrendszer\" src=\"\/\/cuccokhalomban.csillagpor.hu\/pict\/multi-commander-kepernyokep-6.jpg\" width=\"730\" height=\"409\" \/>\n<\/p>\n<p>\u00d6sszeoml\u00e1s eset\u00e9n k\u00fcldj\u00f6n e hibajelent\u00e9st a fejleszt\u0151knek&#8230;<br \/>\n<img decoding=\"async\" loading=\"lazy\" alt=\"Multi Commander hibajelent\u00e9s\" src=\"\/\/cuccokhalomban.csillagpor.hu\/pict\/multi-commander-kepernyokep-7.jpg\" width=\"730\" height=\"407\" \/>\n<\/p>\n<p>Mindennek a sz\u00edn\u00e9t \u00e1t lehet \u00e1ll\u00edtani.<br \/>\n<img decoding=\"async\" loading=\"lazy\" alt=\"Multi Commander sz\u00ednek\" src=\"\/\/cuccokhalomban.csillagpor.hu\/pict\/multi-commander-kepernyokep-8.jpg\" width=\"730\" height=\"407\" \/>\n<\/p>\n<p>Mint l\u00e1thatjuk gyakorlatilag b\u00e1rmi \u00e1tkonfigur\u00e1lhat\u00f3, most n\u00e9zz\u00fck az Int\u00e9z\u0151 panel be\u00e1ll\u00edt\u00e1sokat&#8230;<br \/>\n<img decoding=\"async\" loading=\"lazy\" alt=\"Multi Commander konfigur\u00e1ci\u00f3\" src=\"\/\/cuccokhalomban.csillagpor.hu\/pict\/multi-commander-kepernyokep-9.jpg\" width=\"730\" height=\"410\" \/>\n<\/p>\n<p>Megjelen\u00edt\u00e9si be\u00e1ll\u00edt\u00e1sok, kiv\u00e1laszt\u00e1s, kijel\u00f6l\u00e9s&#8230;<br \/>\n<img decoding=\"async\" loading=\"lazy\" alt=\"Multi Commander megjelen\u00edt\u00e9si be\u00e1ll\u00edt\u00e1sok\" src=\"\/\/cuccokhalomban.csillagpor.hu\/pict\/multi-commander-kepernyokep-10.jpg\" width=\"730\" height=\"408\" \/>\n<\/p>\n<p>Elrendez\u00e9s, pl: F\u00e1jl parancsok, Meghajt\u00f3 gombok &#8230; mint l\u00e1thatjuk lent a f\u00fcleken megmaradnak a haszn\u00e1lt panelek, ott lehet \u0151ket x-el bez\u00e1rni.<br \/>\n<img decoding=\"async\" loading=\"lazy\" alt=\"Multi Commander elrendez\u00e9s\" src=\"\/\/cuccokhalomban.csillagpor.hu\/pict\/multi-commander-kepernyokep-11.jpg\" width=\"730\" height=\"408\" \/>\n<\/p>\n<p>Eg\u00e9rgomb m\u0171velet konfigur\u00e1ci\u00f3.<br \/>\n<img decoding=\"async\" loading=\"lazy\" alt=\"Multi Commander eg\u00e9rgomb\" src=\"\/\/cuccokhalomban.csillagpor.hu\/pict\/multi-commander-kepernyokep-12.jpg\" width=\"730\" height=\"408\" \/>\n<\/p>\n<p>A gomb panelt is kikapcsoljuk, de a men\u00fcsort is ki lehet.<br \/>\n<img decoding=\"async\" loading=\"lazy\" alt=\"Multi Commander n\u00e9zet\" src=\"\/\/cuccokhalomban.csillagpor.hu\/pict\/multi-commander-kepernyokep-13.jpg\" width=\"730\" height=\"409\" \/>\n<\/p>\n<p>Parancssor s\u00e1v is kikapcs&#8230;<br \/>\n<img decoding=\"async\" loading=\"lazy\" alt=\"Multi Commander m\u00e9g mindig n\u00e9zet\" src=\"\/\/cuccokhalomban.csillagpor.hu\/pict\/multi-commander-kepernyokep-14.jpg\" width=\"730\" height=\"411\" \/>\n<\/p>\n<p>Na \u00edgy m\u00e1r jobban n\u00e9z ki. Az Eszk\u00f6z\u00f6k k\u00f6z\u00f6tt megtal\u00e1ljuk a Windows Vez\u00e9rl\u0151pultj\u00e1t, igaz itt m\u00e9g angol, \u00e9s akkor Control Panel.<br \/>\n<img decoding=\"async\" loading=\"lazy\" alt=\"Multi Commander Vez\u00e9rl\u0151pult\" src=\"\/\/cuccokhalomban.csillagpor.hu\/pict\/multi-commander-kepernyokep-15.jpg\" width=\"730\" height=\"407\" \/>\n<\/p>\n<p>Mindenf\u00e9le dolgok m\u00e1sol\u00e1sa a v\u00e1g\u00f3lapra.<br \/>\n<img decoding=\"async\" loading=\"lazy\" alt=\"Multi Commander v\u00e1g\u00f3lap\" src=\"\/\/cuccokhalomban.csillagpor.hu\/pict\/multi-commander-kepernyokep-16.jpg\" width=\"730\" height=\"409\" \/>\n<\/p>\n<p>\u00c1tnevez\u00e9si lehet\u0151s\u00e9gek.<br \/>\n<img decoding=\"async\" loading=\"lazy\" alt=\"Multi Commander \u00e1tnevez\u00e9s\" src=\"\/\/cuccokhalomban.csillagpor.hu\/pict\/multi-commander-kepernyokep-17.jpg\" width=\"730\" height=\"409\" \/>\n<\/p>\n<p>F\u00e1jlbiztons\u00e1g, ha egy\u00e9bk\u00e9nt pl. nem f\u00e9r\u00fcnk hozz\u00e1 egy f\u00e1jlhoz &#8230; Saj\u00e1t tulajdonba v\u00e9tel \u00e9s t\u00e1rsai. Rendszergazdak\u00e9nt kell futtatni hozz\u00e1 a Multi Commandert.<br \/>\n<img decoding=\"async\" loading=\"lazy\" alt=\"Multi Commander f\u00e1jlbiztons\u00e1g\" src=\"\/\/cuccokhalomban.csillagpor.hu\/pict\/multi-commander-kepernyokep-18.jpg\" width=\"730\" height=\"410\" \/>\n<\/p>\n<p>K\u00e9p eszk\u00f6z\u00f6k, pl. EXIF metaadat elt\u00e1vol\u00edt\u00e1s.<br \/>\n<img decoding=\"async\" loading=\"lazy\" alt=\"Multi Commander EXIF\" src=\"\/\/cuccokhalomban.csillagpor.hu\/pict\/multi-commander-kepernyokep-19.jpg\" width=\"730\" height=\"409\" \/>\n<\/p>\n<p>Audio eszk\u00f6z\u00f6k, pl playlist k\u00e9sz\u00edt\u00e9s.<br \/>\n<img decoding=\"async\" loading=\"lazy\" alt=\"Multi Commander playlist\" src=\"\/\/cuccokhalomban.csillagpor.hu\/pict\/multi-commander-kepernyokep-20.jpg\" width=\"730\" height=\"411\" \/>\n<\/p>\n<p>B\u0151v\u00edtm\u00e9nyek, F\u00e1jlkeres\u00e9s, Nyelvszerkeszt\u0151, \u00d6sszetett \u00e1tnevez\u00e9s &#8230;<br \/>\n<img decoding=\"async\" loading=\"lazy\" alt=\"Multi Commander b\u0151v\u00edtm\u00e9nyek\" src=\"\/\/cuccokhalomban.csillagpor.hu\/pict\/multi-commander-kepernyokep-21.jpg\" width=\"730\" height=\"411\" \/>\n<\/p>\n<p>A men\u00fct \u00e9s a billenty\u0171zetet is testre szabhatjuk, ha \u00fagy gondoljuk.<br \/>\n<img decoding=\"async\" loading=\"lazy\" alt=\"Multi Commander testreszab\u00e1s\" src=\"\/\/cuccokhalomban.csillagpor.hu\/pict\/multi-commander-kepernyokep-22.jpg\" width=\"730\" height=\"409\" \/>\n<\/p>\n<p>Rejtett f\u00e1jlok \u00e9s mapp\u00e1k megjelen\u00edt\u00e9se, \u00e9s Lista n\u00e9zet, hogy az a sok iz\u00e9 ne legyen ott, ha \u00e9rdekel, \u00fagyis megmutatja egy info bubor\u00e9kban.<br \/>\n<img decoding=\"async\" loading=\"lazy\" alt=\"Multi Commander lista n\u00e9zet\" src=\"\/\/cuccokhalomban.csillagpor.hu\/pict\/multi-commander-kepernyokep-23.jpg\" width=\"730\" height=\"411\" \/>\n<\/p>\n<p>Mapp\u00e1k mindenf\u00e9le \u00f6sszehasonl\u00edt\u00e1sa, a kijel\u00f6lt r\u00e9szekkel ez+az, azonos kiterjeszt\u00e9s\u0171 f\u00e1jlok &#8230; \u00e9s m\u00e9g sok minden a Szerkeszt\u00e9s men\u00fcpontban.<br \/>\n<img decoding=\"async\" loading=\"lazy\" alt=\"Multi Commander szerkeszt\u00e9s\" src=\"\/\/cuccokhalomban.csillagpor.hu\/pict\/multi-commander-kepernyokep-24.jpg\" width=\"730\" height=\"409\" \/>\n<\/p>\n<p>&rarr; <a target=\"_blank\" title=\"multi commander\" href=\"\/\/csillagpor.hu\/remek\/programok\/multi-commander-screenshot\" rel=\"noopener noreferrer\">K\u00e9pek egy r\u00e9gebbi Multi Commander verzi\u00f3r\u00f3l.<\/a><\/p>\n","protected":false},"excerpt":{"rendered":"<p><a target=\"_blank\" title=\"Multi Commander k\u00e9perny\u0151k\u00e9pek\" href=\"\/\/csillagpor.hu\/remek\/programok\/uj-multi-commander-kepernyokepek\" rel=\"noopener noreferrer\"><img decoding=\"async\" loading=\"lazy\" alt=\"Multi Commander\" src=\"\/\/cuccokhalomban.csillagpor.hu\/pict\/multi-commander-kicsi.jpg\" width=\"144\" height=\"79\" class=\"flr\" \/><\/a>A Multi Commander telep\u00edt\u00e9se Windows 10-re. Kiv\u00e1laszthatjuk a telep\u00edtend\u0151 modulokat, mint pl: Multi f\u00e1jl n\u00e9z\u0151, RAR f\u00e1jlrendszer t\u00e1mogat\u00e1s, Windows registry \u00e9s f\u00e1jlrendszer b\u00f6ng\u00e9sz\u0151, FTP, 7-Zip \u00e9s hordozhat\u00f3 eszk\u00f6z f\u00e1jlrendszer t\u00e1mogat\u00e1s, Multi f\u00e1jl eszk\u00f6z\u00f6k, seg\u00e9dprogramok, k\u00e9p, hang, vide\u00f3 eszk\u00f6z\u00f6k &#8230; Hogyan szeretn\u00e9 haszn\u00e1lni a Multi Commandert? Commander vagy ink\u00e1bb Int\u00e9z\u0151 st\u00edlusban, esetleg \u00f6sszev\u00e1logatni &#8230; az m\u00e9g nem lett magyar nyelv\u0171, de mivel van nyelvi f\u00e1jl szerkeszt\u0151je, k\u00f6nnyed\u00e9n azz\u00e1 tehet\u0151&#8230;.<\/p>\n","protected":false},"author":1,"featured_media":0,"parent":0,"menu_order":0,"comment_status":"closed","ping_status":"closed","template":"","meta":{"footnotes":""},"_links":{"self":[{"href":"https:\/\/csillagpor.hu\/remek\/programok\/wp-json\/wp\/v2\/pages\/1849"}],"collection":[{"href":"https:\/\/csillagpor.hu\/remek\/programok\/wp-json\/wp\/v2\/pages"}],"about":[{"href":"https:\/\/csillagpor.hu\/remek\/programok\/wp-json\/wp\/v2\/types\/page"}],"author":[{"embeddable":true,"href":"https:\/\/csillagpor.hu\/remek\/programok\/wp-json\/wp\/v2\/users\/1"}],"replies":[{"embeddable":true,"href":"https:\/\/csillagpor.hu\/remek\/programok\/wp-json\/wp\/v2\/comments?post=1849"}],"version-history":[{"count":0,"href":"https:\/\/csillagpor.hu\/remek\/programok\/wp-json\/wp\/v2\/pages\/1849\/revisions"}],"wp:attachment":[{"href":"https:\/\/csillagpor.hu\/remek\/programok\/wp-json\/wp\/v2\/media?parent=1849"}],"curies":[{"name":"wp","href":"https:\/\/api.w.org\/{rel}","templated":true}]}}