{"id":1855,"date":"2016-10-12T13:38:20","date_gmt":"2016-10-12T11:38:20","guid":{"rendered":"http:\/\/csillagpor.hu\/remek\/programok\/?page_id=1855"},"modified":"2022-06-30T18:30:29","modified_gmt":"2022-06-30T16:30:29","slug":"adobe-acrobat-reader-dc-kepernyokepek","status":"publish","type":"page","link":"https:\/\/csillagpor.hu\/remek\/programok\/adobe-acrobat-reader-dc-kepernyokepek","title":{"rendered":"Adobe Acrobat Reader DC k\u00e9perny\u0151k\u00e9pek"},"content":{"rendered":"<p><a target=\"_blank\" title=\"adobe reader\" href=\"\/\/csillagpor.hu\/remek\/programok\/adobe-reader-letoltese\" rel=\"noopener noreferrer\">Az Adobe Acrobat Reader DC<\/a> az Adobe Reader \u00fajabb, letisztultabb v\u00e1ltozata. Ez itt az els\u0151 indul\u00e1skor l\u00e1that\u00f3 ablak, ami szeretn\u00e9, hogy az Acrobat Reader legyen az alap\u00e9rtelmezett <a target=\"_blank\" title=\"pdf f\u00e1jl\" href=\"\/\/csillagpor.hu\/remek\/fajlkiterjesztes\/pdf\" rel=\"noopener noreferrer\">PDF<\/a> olvas\u00f3nk.<br \/>\n<img decoding=\"async\" loading=\"lazy\" alt=\"Adobe Acrobat Reader DC Windows 10-en\" src=\"\/\/cuccokhalomban.csillagpor.hu\/pict\/adobe-acrobat-reader-dc-1.jpg\" width=\"730\" height=\"574\" \/>\n<\/p>\n<p>Az Acrobat Reader \u00faj k\u00fcls\u0151t kapott mint l\u00e1tjuk \u00e9s olvashatjuk is. H\u00e1rom gyors tipp az \u00fajdons\u00e1gok megismer\u00e9s\u00e9hez.<br \/>\n<img decoding=\"async\" loading=\"lazy\" alt=\"Adobe Acrobat Reader DC \u00faj k\u00fcls\u0151\" src=\"\/\/cuccokhalomban.csillagpor.hu\/pict\/adobe-acrobat-reader-dc-2.jpg\" width=\"730\" height=\"500\" \/>\n<\/p>\n<p>Az el\u00e9g \u00e9rdekes elnevez\u00e9s\u0171 &#8220;Eleje&#8221; men\u00fcpontb\u00f3l kiindulva a Saj\u00e1tg\u00e9pn\u00e9l tall\u00f3zhatjuk a megnyitand\u00f3 f\u00e1jljainkat.<br \/>\n<img decoding=\"async\" loading=\"lazy\" alt=\"Adobe Acrobat Reader DC Eleje\" src=\"\/\/cuccokhalomban.csillagpor.hu\/pict\/adobe-acrobat-reader-dc-3.jpg\" width=\"730\" height=\"499\" \/>\n<\/p>\n<p>A fi\u00f3k hozz\u00e1ad\u00e1s\u00e1n\u00e1l <a target=\"_blank\" title=\"felh\u0151 t\u00e1rhelyek\" href=\"\/\/csillagpor.hu\/remek\/ingyenes-felho-tarhelyek\" rel=\"noopener noreferrer\">Box, Dropbox, OneDrive<\/a> \u00e9s SharePoint t\u00e1rol\u00e1si fi\u00f3kot adhatunk hozz\u00e1, ahol t\u00e1roljuk a majdani dokumentumainkat.<br \/>\n<img decoding=\"async\" loading=\"lazy\" alt=\"Adobe Acrobat Reader DC fi\u00f3kok\" src=\"\/\/cuccokhalomban.csillagpor.hu\/pict\/adobe-acrobat-reader-dc-4.jpg\" width=\"730\" height=\"499\" \/>\n<\/p>\n<p>Az itt tal\u00e1lhat\u00f3 eszk\u00f6z\u00f6k k\u00f6z\u00f6tt kereshet\u00fcnk, \u00e9s haszn\u00e1lhatjuk \u0151ket vagy ingyenesen \u00e9s azonnal (pl: megjegyz\u00e9s, kit\u00f6lt\u00e9s \u00e9s al\u00e1\u00edr\u00e1s, b\u00e9lyegz\u0151, m\u00e9r\u00e9s, tan\u00fas\u00edtv\u00e1nyok, stb.), vagy be kell szerezn\u00fcnk az Acrobat Pro DC-t (pl: PDF szerkeszt\u00e9se, PDF export\u00e1l\u00e1sa, PDF l\u00e9trehoz\u00e1sa &#8230;), vagy be kell jelentkezn\u00fcnk az Adobe fi\u00f3kunkba (f\u00e1jlok kombin\u00e1l\u00e1sa).<br \/>\n<img decoding=\"async\" loading=\"lazy\" alt=\"Adobe Acrobat Reader DC eszk\u00f6z\u00f6k\" src=\"\/\/cuccokhalomban.csillagpor.hu\/pict\/adobe-acrobat-reader-dc-5.jpg\" width=\"730\" height=\"499\" \/>\n<\/p>\n<p>\u0151\u0151\u0151 &#8230; a folytat\u00e1sa.<br \/>\n<img decoding=\"async\" loading=\"lazy\" alt=\"Adobe Acrobat Reader DC eszk\u00f6z\u00f6k 2\" src=\"\/\/cuccokhalomban.csillagpor.hu\/pict\/adobe-acrobat-reader-dc-6.jpg\" width=\"730\" height=\"499\" \/>\n<\/p>\n<p>Megjegyz\u00e9s (tapad\u00f3c\u00edmke) hozz\u00e1ad\u00e1sa.<br \/>\n<img decoding=\"async\" loading=\"lazy\" alt=\"Adobe Acrobat Reader DC megjegyz\u00e9s\" src=\"\/\/cuccokhalomban.csillagpor.hu\/pict\/adobe-acrobat-reader-dc-7.jpg\" width=\"730\" height=\"499\" \/>\n<\/p>\n<p>Az oldalmegjelen\u00edt\u00e9s lehet\u0151s\u00e9gei.<br \/>\n<img decoding=\"async\" loading=\"lazy\" alt=\"Adobe Acrobat Reader DC megjelen\u00edt\u00e9s\" src=\"\/\/cuccokhalomban.csillagpor.hu\/pict\/adobe-acrobat-reader-dc-8.jpg\" width=\"730\" height=\"499\" \/>\n<\/p>\n<p>Kicsiny\u00edt\u00e9s vagy nagy\u00edt\u00e1s k\u00fcl\u00f6nf\u00e9lek\u00e9ppen.<br \/>\n<img decoding=\"async\" loading=\"lazy\" alt=\"Adobe Acrobat Reader DC nagy\u00edt\u00e1s\" src=\"\/\/cuccokhalomban.csillagpor.hu\/pict\/adobe-acrobat-reader-dc-9.jpg\" width=\"730\" height=\"499\" \/>\n<\/p>\n<p>Kit\u00f6lt\u00e9s \u00e9s al\u00e1\u00edr\u00e1s k\u00e9sz\u00fcl\u0151dik&#8230;<br \/>\n<img decoding=\"async\" loading=\"lazy\" alt=\"Adobe Acrobat Reader DC al\u00e1\u00edr\u00e1s\" src=\"\/\/cuccokhalomban.csillagpor.hu\/pict\/adobe-acrobat-reader-dc-10.jpg\" width=\"730\" height=\"499\" \/>\n<\/p>\n<p>Hangos olvas\u00e1s bekapcsol\u00e1sa.<br \/>\n<img decoding=\"async\" loading=\"lazy\" alt=\"Adobe Acrobat Reader DC felolvas\u00e1s\" src=\"\/\/cuccokhalomban.csillagpor.hu\/pict\/adobe-acrobat-reader-dc-11.jpg\" width=\"730\" height=\"500\" \/>\n<\/p>\n<p>A be\u00e1ll\u00edt\u00e1sok ablaka tulajdonk\u00e9pp ugyanolyan mint az Adobe Reader 11-es verzi\u00f3ban. Ezek az oldalmegjelen\u00edt\u00e9s be\u00e1ll\u00edt\u00e1sai.<br \/>\n<img decoding=\"async\" loading=\"lazy\" alt=\"Adobe Acrobat Reader DC be\u00e1ll\u00edt\u00e1sok\" src=\"\/\/cuccokhalomban.csillagpor.hu\/pict\/adobe-acrobat-reader-dc-12.jpg\" width=\"730\" height=\"487\" \/>\n<\/p>\n<p>Az olvas\u00e1s be\u00e1ll\u00edt\u00e1sai, pl. hangmagass\u00e1g, sz\u00f3\/perc &#8230;<br \/>\n<img decoding=\"async\" loading=\"lazy\" alt=\"Adobe Acrobat Reader DC olvas\u00e1si be\u00e1ll\u00edt\u00e1sok\" src=\"\/\/cuccokhalomban.csillagpor.hu\/pict\/adobe-acrobat-reader-dc-13.jpg\" width=\"730\" height=\"438\" \/>\n<\/p>\n<p>Az Adobe Reader program megismer\u00e9se &#8230;<br \/>\n<img decoding=\"async\" loading=\"lazy\" alt=\"Adobe Acrobat Reader DC s\u00fag\u00f3\" src=\"\/\/cuccokhalomban.csillagpor.hu\/pict\/adobe-acrobat-reader-dc-14.jpg\" width=\"730\" height=\"499\" \/>\n<\/p>\n<p>&#8230; b\u00f6ng\u00e9sz\u0151b\u0151l, internet kapcsolattal lehets\u00e9ges. Viszonylag j\u00f3l ki van dolgozva ami el\u00e9rhet\u0151, de az\u00e9rt csod\u00e1t ne v\u00e1rjunk.<br \/>\n<img decoding=\"async\" loading=\"lazy\" alt=\"Adobe Acrobat Reader DC magyarul\" src=\"\/\/cuccokhalomban.csillagpor.hu\/pict\/adobe-acrobat-reader-dc-15.jpg\" width=\"730\" height=\"519\" \/>\n<\/p>\n<p>&rarr; <a target=\"_blank\" title=\"Adobe Reader k\u00e9perny\u0151k\u00e9pek\" href=\"\/\/csillagpor.hu\/remek\/programok\/adobe-reader-screenshot\" rel=\"noopener noreferrer\">Az Adobe Reader k\u00e9perny\u0151k\u00e9pei<\/a><\/p>\n","protected":false},"excerpt":{"rendered":"<p><a target=\"_blank\" title=\"Adobe Acrobat Reader DC k\u00e9perny\u0151k\u00e9pek\" href=\"\/\/csillagpor.hu\/remek\/programok\/adobe-acrobat-reader-dc-kepernyokepek\" rel=\"noopener noreferrer\"><img decoding=\"async\" loading=\"lazy\" alt=\"Adobe Reader\" src=\"\/\/cuccokhalomban.csillagpor.hu\/pict\/adobe-acrobat-reader-dc-kicsi.jpg\" width=\"141\" height=\"103\" class=\"flr\" \/><\/a>Az Adobe Acrobat Reader DC az Adobe Reader \u00fajabb, letisztultabb v\u00e1ltozata. Ez itt az els\u0151 indul\u00e1skor l\u00e1that\u00f3 ablak, ami szeretn\u00e9, hogy az Acrobat Reader legyen az alap\u00e9rtelmezett PDF olvas\u00f3nk. Az Acrobat Reader \u00faj k\u00fcls\u0151t kapott mint l\u00e1tjuk \u00e9s olvashatjuk is. H\u00e1rom gyors tipp az \u00fajdons\u00e1gok megismer\u00e9s\u00e9hez. Az el\u00e9g \u00e9rdekes elnevez\u00e9s\u0171 &#8220;Eleje&#8221; men\u00fcpontb\u00f3l kiindulva a Saj\u00e1tg\u00e9pn\u00e9l tall\u00f3zhatjuk a megnyitand\u00f3 f\u00e1jljainkat&#8230;<\/p>\n","protected":false},"author":1,"featured_media":0,"parent":0,"menu_order":0,"comment_status":"closed","ping_status":"closed","template":"","meta":{"footnotes":""},"_links":{"self":[{"href":"https:\/\/csillagpor.hu\/remek\/programok\/wp-json\/wp\/v2\/pages\/1855"}],"collection":[{"href":"https:\/\/csillagpor.hu\/remek\/programok\/wp-json\/wp\/v2\/pages"}],"about":[{"href":"https:\/\/csillagpor.hu\/remek\/programok\/wp-json\/wp\/v2\/types\/page"}],"author":[{"embeddable":true,"href":"https:\/\/csillagpor.hu\/remek\/programok\/wp-json\/wp\/v2\/users\/1"}],"replies":[{"embeddable":true,"href":"https:\/\/csillagpor.hu\/remek\/programok\/wp-json\/wp\/v2\/comments?post=1855"}],"version-history":[{"count":0,"href":"https:\/\/csillagpor.hu\/remek\/programok\/wp-json\/wp\/v2\/pages\/1855\/revisions"}],"wp:attachment":[{"href":"https:\/\/csillagpor.hu\/remek\/programok\/wp-json\/wp\/v2\/media?parent=1855"}],"curies":[{"name":"wp","href":"https:\/\/api.w.org\/{rel}","templated":true}]}}