{"id":1880,"date":"2016-11-08T18:19:28","date_gmt":"2016-11-08T17:19:28","guid":{"rendered":"http:\/\/csillagpor.hu\/remek\/programok\/?page_id=1880"},"modified":"2022-06-30T18:19:55","modified_gmt":"2022-06-30T16:19:55","slug":"free-download-manager-kepernyokepek","status":"publish","type":"page","link":"https:\/\/csillagpor.hu\/remek\/programok\/free-download-manager-kepernyokepek","title":{"rendered":"Free Download Manager k\u00e9perny\u0151k\u00e9pek"},"content":{"rendered":"<p>A <a target=\"_blank\" title=\"Free Download Manager\" href=\"\/\/csillagpor.hu\/remek\/programok\/free-download-manager-letoltese\" rel=\"noopener noreferrer\">Free Download Manager<\/a> fel\u00fclete a r\u00e9gebbi verzi\u00f3khoz k\u00e9pest v\u00e9gletesen leegyszer\u0171s\u00f6d\u00f6tt. H\u00fazzunk vagy m\u00e1soljuk oda egy linket vagy egy <a target=\"_blank\" title=\"torrent\" href=\"\/\/csillagpor.hu\/remek\/fajlkiterjesztes\/torrent\" rel=\"noopener noreferrer\">torrent<\/a> f\u00e1jlt. Jobb fent a be\u00e1ll\u00edt\u00e1sok &#8230;<br \/>\n<img decoding=\"async\" loading=\"lazy\" alt=\"Free Download Manager drag and drop\" src=\"\/\/cuccokhalomban.csillagpor.hu\/pict\/free-download-manager-kepernyokep-1.jpg\" width=\"730\" height=\"502\" \/>\n<\/p>\n<p>A be\u00e1ll\u00edt\u00e1sokban sajnos nem tal\u00e1lunk magyar nyelvet. A leny\u00edl\u00f3 men\u00fc alatt l\u00e1that\u00f3, a let\u00f6lt\u00e9s hely\u00e9nek be\u00e1ll\u00edt\u00e1sa.<br \/>\n<img decoding=\"async\" loading=\"lazy\" alt=\"Free Download Manager nem magyar\" src=\"\/\/cuccokhalomban.csillagpor.hu\/pict\/free-download-manager-kepernyokep-2.jpg\" width=\"730\" height=\"500\" \/>\n<\/p>\n<p>Be\u00e9p\u00fcl a b\u00f6ng\u00e9sz\u0151inkbe, ha akarjuk. Lejjebb megadhatunk domainokat, ahonnan nem szeretn\u00e9nk, hogy let\u00f6lts\u00f6n.<br \/>\n<img decoding=\"async\" loading=\"lazy\" alt=\"Free Download Manager tiltott domainok\" src=\"\/\/cuccokhalomban.csillagpor.hu\/pict\/free-download-manager-kepernyokep-3.jpg\" width=\"730\" height=\"501\" \/>\n<\/p>\n<p>Fel \u00e9s let\u00f6lt\u00e9si sebess\u00e9gek be\u00e1ll\u00edt\u00e1sa, tov\u00e1bb\u00e1 csatlakoz\u00e1sok \u00e9s p\u00e1rhuzamos let\u00f6lt\u00e9sek alacsony, k\u00f6zepes \u00e9s maxim\u00e1lis sz\u00e1ma. Ez a bal lent l\u00e1that\u00f3 men\u00fcb\u0151l be\u00e1ll\u00edthat\u00f3 sebess\u00e9gekre vonatkozik. De lehet csiga \u00fczemm\u00f3d is, ami azt jelenti, hogy csak akkor t\u00f6lt \u00e9s csak annyira, ha semmit \u00e9s senki nem zavar.<br \/>\n<img decoding=\"async\" loading=\"lazy\" alt=\"Free Download Manager fel \u00e9s let\u00f6lt\u00e9si sebess\u00e9gek\" src=\"\/\/cuccokhalomban.csillagpor.hu\/pict\/free-download-manager-kepernyokep-4.jpg\" width=\"730\" height=\"500\" \/>\n<\/p>\n<p>Pl. ha elind\u00edtjuk telep\u00edt\u00e9s ut\u00e1n a Firefox b\u00f6ng\u00e9sz\u0151t, ez fogad &#8230; no persze, ha be\u00e1ll\u00edtottuk, hogy telep\u00fcljenek a pluginek.<br \/>\n<img decoding=\"async\" loading=\"lazy\" alt=\"Free Download Manager plugin\" src=\"\/\/cuccokhalomban.csillagpor.hu\/pict\/free-download-manager-kepernyokep-5.jpg\" width=\"658\" height=\"372\" \/>\n<\/p>\n<p>YouTuber\u00f3l bem\u00e1solt link, OK, mehet a let\u00f6lt\u00e9s&#8230;<br \/>\n<img decoding=\"async\" loading=\"lazy\" alt=\"Free Download Manager YouTube link\" src=\"\/\/cuccokhalomban.csillagpor.hu\/pict\/free-download-manager-kepernyokep-6.jpg\" width=\"730\" height=\"500\" \/>\n<\/p>\n<p>&#8230; milyen min\u0151s\u00e9gben, milyen form\u00e1tumban &#8230;<br \/>\n<img decoding=\"async\" loading=\"lazy\" alt=\"Free Download Manager vide\u00f3 min\u0151s\u00e9g, form\u00e1tum\" src=\"\/\/cuccokhalomban.csillagpor.hu\/pict\/free-download-manager-kepernyokep-7.jpg\" width=\"730\" height=\"501\" \/>\n<\/p>\n<p>&#8230; esetleg csak hangf\u00e1jl?<br \/>\n<img decoding=\"async\" loading=\"lazy\" alt=\"Free Download Manager audio f\u00e1jlok\" src=\"\/\/cuccokhalomban.csillagpor.hu\/pict\/free-download-manager-kepernyokep-8.jpg\" width=\"730\" height=\"500\" \/>\n<\/p>\n<p>T\u00f6lt\u0151dik a vide\u00f3nk &#8230;<br \/>\n<img decoding=\"async\" loading=\"lazy\" alt=\"Free Download Manager let\u00f6lt\u00e9s\" src=\"\/\/cuccokhalomban.csillagpor.hu\/pict\/free-download-manager-kepernyokep-9.jpg\" width=\"730\" height=\"500\" \/>\n<\/p>\n<p>&#8230; ez pedig a b\u00f6ng\u00e9sz\u0151be\u00e9p\u00fcl\u0151vel a Csillagpor.hu-r\u00f3l let\u00f6ltve.<br \/>\n<img decoding=\"async\" loading=\"lazy\" alt=\"Free Download Manager exe f\u00e1jl\" src=\"\/\/cuccokhalomban.csillagpor.hu\/pict\/free-download-manager-kepernyokep-10.jpg\" width=\"730\" height=\"501\" \/>\n<\/p>\n<p>&rarr; <a target=\"_blank\" title=\"free download manager\" href=\"\/\/csillagpor.hu\/remek\/programok\/free-download-manager-screenshot\" rel=\"noopener noreferrer\">A r\u00e9gebbi verzi\u00f3 k\u00e9perny\u0151k\u00e9pei<\/a><\/p>\n","protected":false},"excerpt":{"rendered":"<p><a target=\"_blank\" title=\"Free Download Manager k\u00e9perny\u0151k\u00e9pek\" href=\"\/\/csillagpor.hu\/remek\/programok\/free-download-manager-kepernyokepek\" rel=\"noopener noreferrer\"><img decoding=\"async\" loading=\"lazy\" alt=\"Free Download Manager\" src=\"\/\/cuccokhalomban.csillagpor.hu\/pict\/free-download-manager-kicsike.jpg\" width=\"140\" height=\"96\" class=\"flr\" \/><\/a>A Free Download Manager fel\u00fclete a r\u00e9gebbi verzi\u00f3khoz k\u00e9pest v\u00e9gletesen leegyszer\u0171s\u00f6d\u00f6tt. H\u00fazzunk vagy m\u00e1soljuk oda egy linket vagy egy torrent f\u00e1jlt. A be\u00e1ll\u00edt\u00e1sokban sajnos nem tal\u00e1lunk magyar nyelvet. A leny\u00edl\u00f3 men\u00fc alatt l\u00e1that\u00f3, a let\u00f6lt\u00e9s hely\u00e9nek be\u00e1ll\u00edt\u00e1sa. Be\u00e9p\u00fcl a b\u00f6ng\u00e9sz\u0151inkbe, ha akarjuk. Lejjebb megadhatunk domainokat, ahonnan nem szeretn\u00e9nk, hogy let\u00f6lts\u00f6n&#8230;<\/p>\n","protected":false},"author":1,"featured_media":0,"parent":0,"menu_order":0,"comment_status":"closed","ping_status":"closed","template":"","meta":{"footnotes":""},"_links":{"self":[{"href":"https:\/\/csillagpor.hu\/remek\/programok\/wp-json\/wp\/v2\/pages\/1880"}],"collection":[{"href":"https:\/\/csillagpor.hu\/remek\/programok\/wp-json\/wp\/v2\/pages"}],"about":[{"href":"https:\/\/csillagpor.hu\/remek\/programok\/wp-json\/wp\/v2\/types\/page"}],"author":[{"embeddable":true,"href":"https:\/\/csillagpor.hu\/remek\/programok\/wp-json\/wp\/v2\/users\/1"}],"replies":[{"embeddable":true,"href":"https:\/\/csillagpor.hu\/remek\/programok\/wp-json\/wp\/v2\/comments?post=1880"}],"version-history":[{"count":0,"href":"https:\/\/csillagpor.hu\/remek\/programok\/wp-json\/wp\/v2\/pages\/1880\/revisions"}],"wp:attachment":[{"href":"https:\/\/csillagpor.hu\/remek\/programok\/wp-json\/wp\/v2\/media?parent=1880"}],"curies":[{"name":"wp","href":"https:\/\/api.w.org\/{rel}","templated":true}]}}