{"id":1890,"date":"2017-01-11T21:50:27","date_gmt":"2017-01-11T20:50:27","guid":{"rendered":"http:\/\/csillagpor.hu\/remek\/programok\/?page_id=1890"},"modified":"2022-06-30T18:08:21","modified_gmt":"2022-06-30T16:08:21","slug":"oo-shutup10-kepernyokepek","status":"publish","type":"page","link":"https:\/\/csillagpor.hu\/remek\/programok\/oo-shutup10-kepernyokepek","title":{"rendered":"O&#038;O ShutUp10 k\u00e9perny\u0151k\u00e9pek"},"content":{"rendered":"<p><a target=\"_blank\" title=\"O&#038;O ShutUp10\" href=\"\/\/csillagpor.hu\/remek\/programok\/oo-shutup10\" rel=\"noopener noreferrer\">Az O&#038;O ShutUp10<\/a> 1.6-ben megjelent egy \u00faj View men\u00fcpont, a nyelvi be\u00e1ll\u00edt\u00e1s mellett ki-be kapcsolhatjuk az opci\u00f3k csoportos\u00edt\u00e1s\u00e1t, tov\u00e1bb\u00e1 jobbra z\u00e1rva l\u00e1thatjuk az aj\u00e1nlott be\u00e1ll\u00edt\u00e1sokat, m\u00e1r nem csak jellel, sz\u00f6veggel is.<br \/>\n<img decoding=\"async\" loading=\"lazy\" alt=\"O&#038;O ShutUp10 \u00faj fel\u00fclet\" src=\"\/\/cuccokhalomban.csillagpor.hu\/pict\/o-and-o-shutup10-kepernyokep-3a.jpg\" width=\"730\" height=\"545\" \/>\n<\/p>\n<p>Az O&#038;O ShutUp10 1.5-ben megjelent az App Privacy, aminek elemei m\u00e1shol r\u00e9szben megtal\u00e1lhat\u00f3k voltak, de most egyben \u00e9s kib\u0151v\u00edtve tilthatjuk le vagy enged\u00e9lyezhetj\u00fck, hogy mihez f\u00e9rhessenek hozz\u00e1 az alkalmaz\u00e1sok.<br \/>\n<img decoding=\"async\" loading=\"lazy\" alt=\"O&#038;O ShutUp10 App Privacy\" src=\"\/\/cuccokhalomban.csillagpor.hu\/pict\/o-and-o-shutup10-kepernyokep-1a.jpg\" width=\"720\" height=\"600\" \/>\n<\/p>\n<p>Most m\u00e1r letilthatjuk a Cortana besz\u00e9d felismer\u00e9s \u00e9s szintetiz\u00e1tor friss\u00edt\u00e9s\u00e9t is. Ennek persze legink\u00e1bb akkor van \u00e9rtelme, ha nem haszn\u00e1ljuk a Cortana-t.<br \/>\n<img decoding=\"async\" loading=\"lazy\" alt=\"O&#038;O ShutUp10 Cortana\" src=\"\/\/cuccokhalomban.csillagpor.hu\/pict\/o-and-o-shutup10-kepernyokep-2a.jpg\" width=\"720\" height=\"600\" \/>\n<\/p>\n<p>El\u0151z\u0151 verzi\u00f3 &#8230;<\/p>\n<p><a target=\"_blank\" title=\"O&#038;O ShutUp10\" href=\"\/\/csillagpor.hu\/remek\/programok\/oo-shutup10\" rel=\"noopener noreferrer\">Az O&#038;O ShutUp10 ingyenes antispy eszk\u00f6z<\/a> elind\u00edtva. Itt m\u00e1r nem az eredeti be\u00e1ll\u00edt\u00e1sok l\u00e1that\u00f3k. Az Aktion men\u00fcben a z\u00f6ld pip\u00e1s men\u00fcpont az aj\u00e1nlott be\u00e1ll\u00edt\u00e1sok, \u00f3vatosaknak elegend\u0151, \u00e9s m\u00e1r ez is a legt\u00f6bb Microsoftos &#8220;k\u00e9mked\u00e9si&#8221; lehet\u0151s\u00e9get kikapcsolja. A k\u00e9pen nem ennek a be\u00e1ll\u00edt\u00e1sai l\u00e1that\u00f3k, ez \u00e9rtelemszer\u0171en csak a list\u00e1ban z\u00f6ld pip\u00e1val jel\u00f6lteket kapcsolja csak ki.<br \/>\n<img decoding=\"async\" loading=\"lazy\" alt=\"O&#038;O ShutUp10\" src=\"\/\/cuccokhalomban.csillagpor.hu\/pict\/o-and-o-shutup10-kepernyokep-1.jpg\" width=\"712\" height=\"591\" \/>\n<\/p>\n<p>Ha kil\u00e9p\u00e9skor \u00faj be\u00e1ll\u00edt\u00e1sokat kell \u00e9rv\u00e9nyes\u00edtenie, figyelmeztet, ha ki van kapcsolva a rendszer vissza\u00e1ll\u00edt\u00e1si pont l\u00e9trehoz\u00e1sa. Egy\u00e9bk\u00e9nt \u00e9rdemes rendszer vissza\u00e1ll\u00edt\u00e1si pontot l\u00e9trehozni &#8230;<br \/>\n<img decoding=\"async\" loading=\"lazy\" alt=\"O&#038;O ShutUp10 rendszer vissza\u00e1ll\u00edt\u00e1s\" src=\"\/\/cuccokhalomban.csillagpor.hu\/pict\/o-and-o-shutup10-kepernyokep-2.jpg\" width=\"712\" height=\"592\" \/>\n<\/p>\n<p>Ezek itt az aj\u00e1nlott be\u00e1ll\u00edt\u00e1sok pl. L\u00e1that\u00f3, hogy csak a z\u00f6ld pip\u00e1s van kikapcsolva &#8230; ja igen &#8230; az adatk\u00fcld\u00e9st, adatszerz\u00e9st lehet\u0151v\u00e9 t\u00e9v\u0151 be\u00e1ll\u00edt\u00e1sok kikapcsol\u00e1s\u00e1t itt z\u00f6lddel jelzi a program, teh\u00e1t ha a tilt\u00e1s be van kapcsolva, vagyis ha mintegy felszabad\u00edtott al\u00f3la, akkor van z\u00f6ldre \u00e1ll\u00edtva. Itt pl. m\u00e9g a Microsoft SpyNet \u00e9s Defender be van kapcsolva, mint ahogy az alkalmaz\u00e1sok vezet\u00e9k n\u00e9lk\u00fcli h\u00e1l\u00f3zat el\u00e9r\u00e9se is.<br \/>\n<img decoding=\"async\" loading=\"lazy\" alt=\"O&#038;O ShutUp10 aj\u00e1nlott be\u00e1ll\u00edt\u00e1sok\" src=\"\/\/cuccokhalomban.csillagpor.hu\/pict\/o-and-o-shutup10-kepernyokep-3.jpg\" width=\"712\" height=\"591\" \/>\n<\/p>\n<p>Itt is m\u00e1r el\u00e9g sok minden le van tiltva, pl. kamera a bejelentkez\u0151 k\u00e9perny\u0151n\u00e9l, g\u00e9pel\u00e9si inform\u00e1ci\u00f3k \u00e1tvitele, rekl\u00e1mokkal kapcsolatos azonos\u00edt\u00f3k resetel\u00e9se, majd letilt\u00e1sa &#8230; viszont m\u00e9g enged\u00e9lyezve van az alkalmaz\u00e1sok hozz\u00e1f\u00e9r\u00e9se sok mindenhez.<br \/>\n<img decoding=\"async\" loading=\"lazy\" alt=\"O&#038;O ShutUp10 alkalmaz\u00e1sok m\u00e9g nincsenek letiltva\" src=\"\/\/cuccokhalomban.csillagpor.hu\/pict\/o-and-o-shutup10-kepernyokep-4.jpg\" width=\"712\" height=\"591\" \/>\n<\/p>\n<p>Ha r\u00e1kattintunk az egyes pontokra, leny\u00edlik egy el\u00e9g r\u00e9szletes magyar\u00e1zat, igaz angolul.<br \/>\n<img decoding=\"async\" loading=\"lazy\" alt=\"O&#038;O ShutUp10 magyar\u00e1zat\" src=\"\/\/cuccokhalomban.csillagpor.hu\/pict\/o-and-o-shutup10-kepernyokep-5.jpg\" width=\"712\" height=\"591\" \/>\n<\/p>\n<p>Helymeghat\u00e1roz\u00e1shoz sz\u00fcks\u00e9ges szenzorok m\u00e9g nincsenek letiltva, de maga az szoftver m\u00e1r igen. Feljebb l\u00e1thatjuk, hogy szeg\u00e9ny Cortana is le van m\u00e1r tiltva.<br \/>\n<img decoding=\"async\" loading=\"lazy\" alt=\"O&#038;O ShutUp10 Cortana letiltva\" src=\"\/\/cuccokhalomban.csillagpor.hu\/pict\/o-and-o-shutup10-kepernyokep-6.jpg\" width=\"712\" height=\"591\" \/>\n<\/p>\n<p>A s\u00e1rga h\u00e1romsz\u00f6g az aj\u00e1nlott \u00e9s a m\u00e9rs\u00e9kelten aj\u00e1nlottak letilt\u00e1s\u00e1t jelenti.<br \/>\n<img decoding=\"async\" loading=\"lazy\" alt=\"O&#038;O ShutUp10 letiltva a m\u00e9rs\u00e9kelten aj\u00e1nlottak is\" src=\"\/\/cuccokhalomban.csillagpor.hu\/pict\/o-and-o-shutup10-kepernyokep-7.jpg\" width=\"712\" height=\"591\" \/>\n<\/p>\n<p>Itt m\u00e1r sok friss\u00edt\u00e9s le van tiltva, de a hagyom\u00e1nyos Windows Update \u00e9s az Office friss\u00edt\u00e9s m\u00e9g nincs. A drivereket m\u00e1r nem friss\u00edti, de a Microsoft OneDrive m\u00e9g m\u0171k\u00f6dhet.<br \/>\n<img decoding=\"async\" loading=\"lazy\" alt=\"O&#038;O ShutUp10 driver friss\u00edt\u00e9sek letiltva\" src=\"\/\/cuccokhalomban.csillagpor.hu\/pict\/o-and-o-shutup10-kepernyokep-8.jpg\" width=\"712\" height=\"591\" \/>\n<\/p>\n<p>\u00c9s akkor a legdurv\u00e1bb fokozatba kapcsolunk, \u00edgy minden le lesz tiltva, pl. mindj\u00e1rt a Windows Defendernek is annyi&#8230; Itt az\u00e9rt megjegyzend\u0151, hogy a Defendert \u00e9s m\u00e1s v\u00e9delemmel kapcsolatos dolgot csak akkor \u00e1ll\u00edtsunk le, ha van saj\u00e1t magunk \u00e1ltal feltelep\u00edtett m\u00e1s v\u00e9delem helyette!<br \/>\n<img decoding=\"async\" loading=\"lazy\" alt=\"O&#038;O ShutUp10 minden letiltva\" src=\"\/\/cuccokhalomban.csillagpor.hu\/pict\/o-and-o-shutup10-kepernyokep-9.jpg\" width=\"712\" height=\"591\" \/>\n<\/p>\n<p>Itt visszavonhatunk minden v\u00e1ltoz\u00e1st, vissza\u00e1ll\u00edthatjuk a &#8220;gy\u00e1ri be\u00e1ll\u00edt\u00e1st&#8221;&#8230;<br \/>\n<img decoding=\"async\" loading=\"lazy\" alt=\"O&#038;O ShutUp10 gy\u00e1ri be\u00e1ll\u00edt\u00e1sok\" src=\"\/\/cuccokhalomban.csillagpor.hu\/pict\/o-and-o-shutup10-kepernyokep-10.jpg\" width=\"712\" height=\"591\" \/>\n<\/p>\n<p>\u00cdgy minden bepirosodik \u00e9s boldogan f\u00fcrd\u0151zhet az \u00f6sszes adatunkban a Microsoft!<br \/>\n<img decoding=\"async\" loading=\"lazy\" alt=\"O&#038;O ShutUp10 Microsoft K\u00e1na\u00e1n\" src=\"\/\/cuccokhalomban.csillagpor.hu\/pict\/o-and-o-shutup10-kepernyokep-11.jpg\" width=\"712\" height=\"591\" \/>\n<\/p>\n<p>Nekem egy g\u00e9pen, amit mindenhov\u00e1 magammal viszek, minden le van tiltva, m\u00e9g a Windows b\u00e1rmilyen friss\u00edt\u00e9se is, hogy a vezet\u00e9k n\u00e9lk\u00fcli internet teljesen meg legyen \u00f3vva b\u00e1rmilyen felesleges adatforgalomt\u00f3l, csak az itt m\u00e9g pirossal vil\u00e1g\u00edt\u00f3 kett\u0151 maradt bekapcsolva, a gyorsabb, m\u00e9gis biztons\u00e1gos bel\u00e9p\u00e9s \u00e9rdek\u00e9ben. A Windows 1-2 hetente &#8220;k\u00e9zzel&#8221; friss\u00edtem, vagyis otthon, ingyen, gyorsan, biztons\u00e1gosan bekapcsolom a Windows Update-et \u00e9s k\u00f6r\u00fcln\u00e9zek.<br \/>\n<img decoding=\"async\" loading=\"lazy\" alt=\"O&#038;O ShutUp10 sz\u00e9ttiltva\" src=\"\/\/cuccokhalomban.csillagpor.hu\/pict\/o-and-o-shutup10-kepernyokep-16.jpg\" width=\"712\" height=\"591\" \/>\n<\/p>\n<p>Egy r\u00f6vid kalauz &#8230;<br \/>\n<img decoding=\"async\" loading=\"lazy\" alt=\"O&#038;O ShutUp10 \" src=\"\/\/cuccokhalomban.csillagpor.hu\/pict\/o-and-o-shutup10-kepernyokep-17.jpg\" width=\"712\" height=\"591\" \/>\n<\/p>\n<p>&#8230; angolul &#8230;<br \/>\n<img decoding=\"async\" loading=\"lazy\" alt=\"O&#038;O ShutUp10 \" src=\"\/\/cuccokhalomban.csillagpor.hu\/pict\/o-and-o-shutup10-kepernyokep-18.jpg\" width=\"712\" height=\"591\" \/>\n<\/p>\n<p> &#8230; \u00e9s benne pl. hogy sok be\u00e1ll\u00edt\u00e1s Rendszergazdai jogokhoz van k\u00f6tve, teh\u00e1t ha lehet ezekkel a jogosults\u00e1gokkal rendelkez\u0151 felhaszn\u00e1l\u00f3val ind\u00edtsuk a programot.<br \/>\n<img decoding=\"async\" loading=\"lazy\" alt=\"O&#038;O ShutUp10 rendszergazda\" src=\"\/\/cuccokhalomban.csillagpor.hu\/pict\/o-and-o-shutup10-kepernyokep-19.jpg\" width=\"712\" height=\"591\" \/><\/p>\n","protected":false},"excerpt":{"rendered":"<p><a target=\"_blank\" title=\"O&#038;O ShutUp10 k\u00e9perny\u0151k\u00e9pek\" href=\"\/\/csillagpor.hu\/remek\/programok\/oo-shutup10-kepernyokepek\" rel=\"noopener noreferrer\"><img decoding=\"async\" loading=\"lazy\" alt=\"O&#038;O ShutUp10 k\u00e9perny\u0151k\u00e9pek\" src=\"\/\/cuccokhalomban.csillagpor.hu\/pict\/o-and-o-shutup10-kicsi.jpg\" width=\"144\" height=\"119\" class=\"flr\" \/><\/a>Az O&#038;O ShutUp10 ingyenes antispy eszk\u00f6z elind\u00edtva. Az Aktion men\u00fcben a z\u00f6ld pip\u00e1s men\u00fcpont az aj\u00e1nlott be\u00e1ll\u00edt\u00e1sok, \u00f3vatosaknak elegend\u0151, \u00e9s m\u00e1r ez is a legt\u00f6bb Microsoftos k\u00e9mked\u00e9si lehet\u0151s\u00e9get kikapcsolja. &#8230; Itt visszavonhatunk minden v\u00e1ltoz\u00e1st, vissza\u00e1ll\u00edthatjuk a gy\u00e1ri be\u00e1ll\u00edt\u00e1st &#8230; \u00cdgy minden bepirosodik \u00e9s boldogan f\u00fcrd\u0151zhet az \u00f6sszes adatunkban a Microsoft!<\/p>\n","protected":false},"author":1,"featured_media":0,"parent":0,"menu_order":0,"comment_status":"closed","ping_status":"closed","template":"","meta":{"footnotes":""},"_links":{"self":[{"href":"https:\/\/csillagpor.hu\/remek\/programok\/wp-json\/wp\/v2\/pages\/1890"}],"collection":[{"href":"https:\/\/csillagpor.hu\/remek\/programok\/wp-json\/wp\/v2\/pages"}],"about":[{"href":"https:\/\/csillagpor.hu\/remek\/programok\/wp-json\/wp\/v2\/types\/page"}],"author":[{"embeddable":true,"href":"https:\/\/csillagpor.hu\/remek\/programok\/wp-json\/wp\/v2\/users\/1"}],"replies":[{"embeddable":true,"href":"https:\/\/csillagpor.hu\/remek\/programok\/wp-json\/wp\/v2\/comments?post=1890"}],"version-history":[{"count":0,"href":"https:\/\/csillagpor.hu\/remek\/programok\/wp-json\/wp\/v2\/pages\/1890\/revisions"}],"wp:attachment":[{"href":"https:\/\/csillagpor.hu\/remek\/programok\/wp-json\/wp\/v2\/media?parent=1890"}],"curies":[{"name":"wp","href":"https:\/\/api.w.org\/{rel}","templated":true}]}}