{"id":1914,"date":"2017-02-17T19:46:58","date_gmt":"2017-02-17T18:46:58","guid":{"rendered":"http:\/\/csillagpor.hu\/remek\/programok\/?page_id=1914"},"modified":"2022-06-30T18:11:00","modified_gmt":"2022-06-30T16:11:00","slug":"maxthon-5-bongeszo-kepernyokepek","status":"publish","type":"page","link":"https:\/\/csillagpor.hu\/remek\/programok\/maxthon-5-bongeszo-kepernyokepek","title":{"rendered":"Maxthon 5 b\u00f6ng\u00e9sz\u0151 k\u00e9perny\u0151k\u00e9pek"},"content":{"rendered":"<p><a target=\"_blank\" title=\"maxthon b\u00f6ng\u00e9sz\u0151\" href=\"\/\/csillagpor.hu\/remek\/programok\/maxthon-bongeszo\" rel=\"noopener noreferrer\">Az MX5 azaz a Maxthon b\u00f6ng\u00e9sz\u0151 5-\u00f6s verzi\u00f3ja<\/a> az els\u0151 ind\u00edt\u00e1skor bemutatkozik.<br \/>\n<img decoding=\"async\" loading=\"lazy\" alt=\"Maxthon ... MX5\" src=\"\/\/cuccokhalomban.csillagpor.hu\/pict\/maxthon-kepernyokep-1.jpg\" width=\"723\" height=\"499\" \/>\n<\/p>\n<p>Bejelentkezhet\u00fcnk e-mail c\u00edmmel vagy telefonsz\u00e1mmal is, de haszn\u00e1lhatjuk a b\u00f6ng\u00e9sz\u0151t vend\u00e9gk\u00e9nt is. Be\u00e1ll\u00edthatjuk, hogy automatikusan l\u00e9pjen be, mentse a jelsz\u00f3t, \u00e9s azt is, ha ez egy &#8220;nyilv\u00e1nos&#8221; g\u00e9p, vagyis t\u00f6bben haszn\u00e1lj\u00e1k, ilyenkor megteszi nek\u00fcnk, ha akarjuk, hogy kil\u00e9p\u00e9skor t\u00f6rli a b\u00f6ng\u00e9sz\u00e9s\u00fcnk minden adat\u00e1t.<br \/>\n<img decoding=\"async\" loading=\"lazy\" alt=\"Maxthon bejelentkez\u00e9s vagy vend\u00e9g m\u00f3d\" src=\"\/\/cuccokhalomban.csillagpor.hu\/pict\/maxthon-kepernyokep-2.jpg\" width=\"719\" height=\"502\" \/>\n<\/p>\n<p>Folytat\u00f3dik a bemutat\u00e1s, pl. a kedvencekkel, annak haszn\u00e1lat\u00e1val, \u00e9s hogy h\u00fazd \u00e9s ejtsd m\u00f3dszerrel rendezhetj\u00fck a k\u00f6nyvt\u00e1rakat \u00e9s a linkeket, jegyzeteket is. A fenti s\u00e1rga cs\u00edkon az a k\u00e9rd\u00e9s, hogy be\u00e1ll\u00edtjuk e alap\u00e9rtelmezett b\u00f6ng\u00e9sz\u0151nek a Maxthont.<br \/>\n<img decoding=\"async\" loading=\"lazy\" alt=\"Maxthon bemutat\u00e1s\" src=\"\/\/cuccokhalomban.csillagpor.hu\/pict\/maxthon-kepernyokep-3.jpg\" width=\"730\" height=\"540\" \/>\n<\/p>\n<p>Akkor elindult &#8230; jobbra a h\u00e1rom kisember meg a sz\u00f6veg, egy feljegyz\u00e9s a Maxnote-ban, mellette balra a kedvencek. Fent keres\u00e9s, Passkeeper jelsz\u00f3kezel\u0151, UUMail levelez\u0151program, Maxnote jegyzetf\u00fczet, jobbra a felhaszn\u00e1l\u00f3i adatok import\u00e1l\u00e1sa\/export\u00e1l\u00e1sa.<br \/>\n<img decoding=\"async\" loading=\"lazy\" alt=\"Maxthon fel\u00fclet\" src=\"\/\/cuccokhalomban.csillagpor.hu\/pict\/maxthon-kepernyokep-4.jpg\" width=\"730\" height=\"462\" \/>\n<\/p>\n<p>Felhaszn\u00e1l\u00f3i adatok import\u00e1l\u00e1sa vagy k\u00f6nyvjelz\u0151k export\u00e1l\u00e1sa.<br \/>\n<img decoding=\"async\" loading=\"lazy\" alt=\"Maxthon adatok\" src=\"\/\/cuccokhalomban.csillagpor.hu\/pict\/maxthon-kepernyokep-5.jpg\" width=\"472\" height=\"304\" \/>\n<\/p>\n<p>B\u00f6ng\u00e9sz\u0151b\u0151l, f\u00e1jlb\u00f3l, k\u00f6nyvt\u00e1rb\u00f3l vagy egy vend\u00e9k felhaszn\u00e1l\u00f3 adataib\u00f3l val\u00f3 import\u00e1l\u00e1s.<br \/>\n<img decoding=\"async\" loading=\"lazy\" alt=\"Maxthon import\u00e1l\u00e1s\" src=\"\/\/cuccokhalomban.csillagpor.hu\/pict\/maxthon-kepernyokep-6.jpg\" width=\"472\" height=\"663\" \/>\n<\/p>\n<p>Kedvencek, k\u00f6nyvjelz\u0151k, kezd\u0151lap, el\u0151zm\u00e9nyek, c\u00edms\u00e1vba g\u00e9pelt adatok \u00e9s jelszavak &#8230; itt nem siker\u00fclt &#8230; import\u00e1lva <a target=\"_blank\" title=\"Firefox\" href=\"\/\/csillagpor.hu\/remek\/programok\/firefox-letoltese\" rel=\"noopener noreferrer\">a Firefoxb\u00f3l<\/a>.<br \/>\n<img decoding=\"async\" loading=\"lazy\" alt=\"Maxthon Firefox import\" src=\"\/\/cuccokhalomban.csillagpor.hu\/pict\/maxthon-kepernyokep-7.jpg\" width=\"472\" height=\"287\" \/>\n<\/p>\n<p>Maxthon kezd\u0151oldalunkon a keres\u0151k.<br \/>\n<img decoding=\"async\" loading=\"lazy\" alt=\"Maxthon keres\u0151k\" src=\"\/\/cuccokhalomban.csillagpor.hu\/pict\/maxthon-kepernyokep-8.jpg\" width=\"730\" height=\"462\" \/>\n<\/p>\n<p>Maxthon ind\u00edt\u00f3lap vagy  minek h\u00edvj\u00e1k &#8230; ? Kereshet\u00fcnk, \u00fajakat is felvehet\u00fcnk, alakul a haszn\u00e1lat k\u00f6zben. Jobb fent a men\u00fc, benne a be\u00e1ll\u00edt\u00e1sok.<br \/>\n<img decoding=\"async\" loading=\"lazy\" alt=\"Maxthon nyit\u00f3oldal, men\u00fc\" src=\"\/\/cuccokhalomban.csillagpor.hu\/pict\/maxthon-kepernyokep-9.jpg\" width=\"730\" height=\"462\" \/>\n<\/p>\n<p>Eg\u00e9rmozdulatok, eg\u00e9rgombok \u00e9s gyorsbillenty\u0171k be\u00e1ll\u00edt\u00e1sa.<br \/>\n<img decoding=\"async\" loading=\"lazy\" alt=\"Maxthon eg\u00e9rmozdulatok\" src=\"\/\/cuccokhalomban.csillagpor.hu\/pict\/maxthon-kepernyokep-10.jpg\" width=\"730\" height=\"462\" \/>\n<\/p>\n<p>A szinkroniz\u00e1l\u00e1s be\u00e1ll\u00edt\u00e1sai.<br \/>\n<img decoding=\"async\" loading=\"lazy\" alt=\"Maxthon szinkroniz\u00e1l\u00e1s\" src=\"\/\/cuccokhalomban.csillagpor.hu\/pict\/maxthon-kepernyokep-11.jpg\" width=\"730\" height=\"462\" \/>\n<\/p>\n<p>Tov\u00e1bbi funkci\u00f3kat \u00e9s be\u00e9p\u00fcl\u0151ket kapcsoltam be &#8230; pl. a ford\u00edt\u00f3 \u00e9s a Resource Sniffer igen hasznos. Ez ut\u00f3bbi egy weboldal \u00e9p\u00edt\u0151elemeit mutatja meg kateg\u00f3ri\u00e1kba rendezve, ahonnan azt\u00e1n egyenk\u00e9nt vagy egyszerre let\u00f6lthetj\u00fck \u0151ket.<br \/>\n<img decoding=\"async\" loading=\"lazy\" alt=\"Maxthon be\u00e9p\u00fcl\u0151k\" src=\"\/\/cuccokhalomban.csillagpor.hu\/pict\/maxthon-kepernyokep-12.jpg\" width=\"730\" height=\"462\" \/>\n<\/p>\n<p>No meg ezek is hasznos kis szersz\u00e1mok &#8230;<br \/>\n<img decoding=\"async\" loading=\"lazy\" alt=\"Maxthon cuccok\" src=\"\/\/cuccokhalomban.csillagpor.hu\/pict\/maxthon-kepernyokep-13.jpg\" width=\"730\" height=\"462\" \/>\n<\/p>\n<p>&rarr; <a target=\"_blank\" title=\"Maxthon\" href=\"\/\/csillagpor.hu\/remek\/programok\/maxthon-screenshot\" rel=\"noopener noreferrer\">El\u0151z\u0151 Maxthon verzi\u00f3k k\u00e9perny\u0151k\u00e9pei<\/a><\/p>\n","protected":false},"excerpt":{"rendered":"<p><a target=\"_blank\" title=\"Maxthon 5\" href=\"\/\/csillagpor.hu\/remek\/programok\/maxthon-5-bongeszo-kepernyokepek\" rel=\"noopener noreferrer\"><img decoding=\"async\" loading=\"lazy\" alt=\"Maxthon\" src=\"\/\/cuccokhalomban.csillagpor.hu\/pict\/maxthon-kicsi.jpg\" width=\"100\" height=\"105\" class=\"flr\" \/><\/a>Az MX5 azaz a Maxthon b\u00f6ng\u00e9sz\u0151 5-\u00f6s verzi\u00f3ja az els\u0151 ind\u00edt\u00e1skor bemutatkozik. Bejelentkezhet\u00fcnk e-mail c\u00edmmel vagy telefonsz\u00e1mmal is, de haszn\u00e1lhatjuk a b\u00f6ng\u00e9sz\u0151t vend\u00e9gk\u00e9nt is. Ha ez nyilv\u00e1nos g\u00e9p, vagyis t\u00f6bben haszn\u00e1lj\u00e1k, megteszi nek\u00fcnk, ha akarjuk, hogy kil\u00e9p\u00e9skor t\u00f6rli a b\u00f6ng\u00e9sz\u00e9s\u00fcnk minden adat\u00e1t. Jobbra a h\u00e1rom kisember meg a sz\u00f6veg, egy feljegyz\u00e9s a Maxnote-ban, mellette balra a kedvencek. Fent keres\u00e9s, Passkeeper jelsz\u00f3kezel\u0151, UUMail levelez\u0151program, Maxnote jegyzetf\u00fczet, jobbra a felhaszn\u00e1l\u00f3i adatok import\u00e1l\u00e1sa\/export\u00e1l\u00e1sa&#8230;<\/p>\n","protected":false},"author":1,"featured_media":0,"parent":0,"menu_order":0,"comment_status":"closed","ping_status":"closed","template":"","meta":{"footnotes":""},"_links":{"self":[{"href":"https:\/\/csillagpor.hu\/remek\/programok\/wp-json\/wp\/v2\/pages\/1914"}],"collection":[{"href":"https:\/\/csillagpor.hu\/remek\/programok\/wp-json\/wp\/v2\/pages"}],"about":[{"href":"https:\/\/csillagpor.hu\/remek\/programok\/wp-json\/wp\/v2\/types\/page"}],"author":[{"embeddable":true,"href":"https:\/\/csillagpor.hu\/remek\/programok\/wp-json\/wp\/v2\/users\/1"}],"replies":[{"embeddable":true,"href":"https:\/\/csillagpor.hu\/remek\/programok\/wp-json\/wp\/v2\/comments?post=1914"}],"version-history":[{"count":0,"href":"https:\/\/csillagpor.hu\/remek\/programok\/wp-json\/wp\/v2\/pages\/1914\/revisions"}],"wp:attachment":[{"href":"https:\/\/csillagpor.hu\/remek\/programok\/wp-json\/wp\/v2\/media?parent=1914"}],"curies":[{"name":"wp","href":"https:\/\/api.w.org\/{rel}","templated":true}]}}