{"id":1917,"date":"2017-02-28T21:09:00","date_gmt":"2017-02-28T20:09:00","guid":{"rendered":"http:\/\/csillagpor.hu\/remek\/programok\/?page_id=1917"},"modified":"2023-06-26T19:51:56","modified_gmt":"2023-06-26T17:51:56","slug":"opera-kepernyokepek","status":"publish","type":"page","link":"https:\/\/csillagpor.hu\/remek\/programok\/opera-kepernyokepek","title":{"rendered":"Opera k\u00e9perny\u0151k\u00e9pek"},"content":{"rendered":"<p>Melyik \u00fczenetk\u00fcld\u0151 alkalmaz\u00e1st akarjuk megjelen\u00edteni <a target=\"_blank\" title=\"opera\" href=\"\/\/csillagpor.hu\/remek\/programok\/opera-letoltese\" rel=\"noopener\">az Opera b\u00f6ng\u00e9sz\u0151<\/a> oldals\u00e1vj\u00e1ban. Mindet is lehet egyszerre &#8230;<br \/>\n<img decoding=\"async\" loading=\"lazy\" alt=\"Opera b\u00f6ng\u00e9sz\u0151 Messenger\" src=\"\/\/cuccokhalomban.csillagpor.hu\/pict\/opera-bongeszo-uzenetkuldok.webp\" width=\"900\" height=\"560\" \/>\n<\/p>\n<p>Opera eszk\u00f6z\u00f6k, k\u00fcl\u00f6nleges funkci\u00f3k \u00e9s b\u0151v\u00edtm\u00e9nyek be\u00e1ll\u00edt\u00e1sai<br \/>\n<img decoding=\"async\" loading=\"lazy\" alt=\"az Opera eszk\u00f6z\u00f6k\" src=\"\/\/cuccokhalomban.csillagpor.hu\/pict\/opera-bongeszo-kulonleges-funkciok.webp\" width=\"900\" height=\"561\" \/>\n<\/p>\n<p>A legjobb \u00e9rt\u00e9kel\u00e9st kapott Opera kieg\u00e9sz\u00edt\u0151k<br \/>\n<img decoding=\"async\" loading=\"lazy\" alt=\"Opera kieg\u00e9sz\u00edt\u0151k\" src=\"\/\/cuccokhalomban.csillagpor.hu\/pict\/opera-bongeszo-kiegeszitok.webp\" width=\"900\" height=\"562\" \/>\n<\/p>\n<p>Elfelejtettem \u00edrni, hogy s\u00f6t\u00e9t \u00fczemm\u00f3dban vagyunk, term\u00e9szetesen lehet vil\u00e1gos kin\u00e9zete is a b\u00f6ng\u00e9sz\u0151nek &#8230;<br \/>\nJobb fent \u00e9rhet\u0151k el az egyszer\u0171 be\u00e1ll\u00edt\u00e1sok, a megjelen\u00edt\u00e9sre, kezd\u0151lapra \u00e9s a biztons\u00e1gra vonatoz\u00f3 be\u00e1ll\u00edt\u00e1sok l\u00e1that\u00f3k itt.<br \/>\n<img decoding=\"async\" loading=\"lazy\" alt=\"egyszer\u0171 be\u00e1ll\u00edt\u00e1sok\" src=\"\/\/cuccokhalomban.csillagpor.hu\/pict\/opera-bongeszo-egyszeru-beallitasok.webp\" width=\"900\" height=\"560\" \/>\n<\/p>\n<p>A Kezd\u0151lapra vonatkoz\u00f3 be\u00e1ll\u00edt\u00e1sok &#8230; ezeket a bal fels\u0151 piros O bet\u0171n\u00e9l megjelen\u00edthet\u0151 men\u00fcb\u0151l \u00e9rhetj\u00fck el.<br \/>\n<img decoding=\"async\" loading=\"lazy\" alt=\"Opera be\u00e1ll\u00edt\u00e1sok\" src=\"\/\/cuccokhalomban.csillagpor.hu\/pict\/opera-bongeszo-kezdolap-beallitasok.webp\" width=\"900\" height=\"561\" \/>\n<\/p>\n<p>R\u00e9gebbi verzi\u00f3k &#8230;<\/p>\n<p>Itt az Opera b\u00f6ng\u00e9sz\u0151 hordozhat\u00f3 v\u00e1ltozat\u00e1nak telep\u00edt\u00e9se indul \u00e9ppen Windows 10-re. Fontos a be\u00e1ll\u00edt\u00e1sokba is belen\u00e9zni &#8230;<br \/>\n<img decoding=\"async\" loading=\"lazy\" alt=\"Opera b\u00f6ng\u00e9sz\u0151 telep\u00edt\u00e9s\" src=\"\/\/cuccokhalomban.csillagpor.hu\/pict\/opera-kepernyokep-1.jpg\" width=\"569\" height=\"492\" \/>\n<\/p>\n<p>&#8230; mert itt lehet be\u00e1ll\u00edtani a nyelvet, import\u00e1ljon e k\u00f6nyvjelz\u0151ket, letiltani az adathaszn\u00e1lat megoszt\u00e1s\u00e1t, ha nem akarunk j\u00f3t az Oper\u00e1nak, \u00e9s itt v\u00e1laszthatjuk ki a telep\u00edt\u00e9s t\u00edpus\u00e1t is. Ez itt most <em>\u00d6n\u00e1ll\u00f3 telep\u00edt\u00e9s (USB)<\/em>, ez jelenti a hordozhat\u00f3 v\u00e1ltozatot, ezenk\u00edv\u00fcl lehets\u00e9ges m\u00e9g <em>Minden felhaszn\u00e1l\u00f3 ezen a g\u00e9pen<\/em> \u00e9s <em>Jelenlegi felhaszn\u00e1l\u00f3<\/em> opci\u00f3t v\u00e1lasztani.<br \/>\n<img decoding=\"async\" loading=\"lazy\" alt=\"Opera b\u00f6ng\u00e9sz\u0151 telep\u00edt\u00e9s be\u00e1ll\u00edt\u00e1sai\" src=\"\/\/cuccokhalomban.csillagpor.hu\/pict\/opera-kepernyokep-2.jpg\" width=\"569\" height=\"492\" \/>\n<\/p>\n<p>K\u00e9sz, elindult az Opera a Gyorsh\u00edv\u00f3val, a Kezd\u0151lap testreszab\u00e1s\u00e1n\u00e1l be\u00e1ll\u00edthatjuk a t\u00e9m\u00e1kat, a baloldali navig\u00e1ci\u00f3s s\u00e1v gombjait \u00e9s hogy javasoljon e oldalakat a gyorsh\u00edv\u00f3.<br \/>\n<img decoding=\"async\" loading=\"lazy\" alt=\"Opera b\u00f6ng\u00e9sz\u0151 Gyorsh\u00edv\u00f3\" src=\"\/\/cuccokhalomban.csillagpor.hu\/pict\/opera-kepernyokep-3.jpg\" width=\"730\" height=\"509\" \/>\n<\/p>\n<p>Bal fent a Men\u00fc gombb\u00f3l \u00e9rhet\u00fcnk el mindenf\u00e9le lehet\u0151s\u00e9geket, be\u00e1ll\u00edt\u00e1sokat, itt pl. hogy mit tudunk kezdeni egy oldallal, \u00e9s mellette a gyorsbillenty\u0171k.<br \/>\n<img decoding=\"async\" loading=\"lazy\" alt=\"Opera b\u00f6ng\u00e9sz\u0151 men\u00fc\" src=\"\/\/cuccokhalomban.csillagpor.hu\/pict\/opera-kepernyokep-4.jpg\" width=\"730\" height=\"509\" \/>\n<\/p>\n<p>A szem\u00e9lyre szabott h\u00edrek annyira az\u00e9rt nem szem\u00e9lyre szabottak, hogy magyar h\u00edreket olvashassunk.<br \/>\n<img decoding=\"async\" loading=\"lazy\" alt=\"Opera b\u00f6ng\u00e9sz\u0151 h\u00edrek\" src=\"\/\/cuccokhalomban.csillagpor.hu\/pict\/opera-kepernyokep-5.jpg\" width=\"730\" height=\"509\" \/>\n<\/p>\n<p>A let\u00f6lt\u00e9sek, m\u00e1r ha vannak, ezekbe a kateg\u00f3ri\u00e1kba rendez\u0151dnek.<br \/>\n<img decoding=\"async\" loading=\"lazy\" alt=\"Opera b\u00f6ng\u00e9sz\u0151 let\u00f6lt\u00e9sek\" src=\"\/\/cuccokhalomban.csillagpor.hu\/pict\/opera-kepernyokep-6.jpg\" width=\"730\" height=\"509\" \/>\n<\/p>\n<p>A fejleszt\u0151i men\u00fct itt tudjuk bekapcsolni. Itt m\u00e1r be van &#8230;<br \/>\n<img decoding=\"async\" loading=\"lazy\" alt=\"Opera b\u00f6ng\u00e9sz\u0151 fejleszt\u0151i men\u00fc\" src=\"\/\/cuccokhalomban.csillagpor.hu\/pict\/opera-kepernyokep-7.jpg\" width=\"730\" height=\"509\" \/>\n<\/p>\n<p>\u00cdgy most m\u00e1r l\u00e1thatjuk is a fejleszt\u0151i eszk\u00f6z\u00f6ket.<br \/>\n<img decoding=\"async\" loading=\"lazy\" alt=\"Opera b\u00f6ng\u00e9sz\u0151 fejleszt\u0151i eszk\u00f6z\u00f6k\" src=\"\/\/cuccokhalomban.csillagpor.hu\/pict\/opera-kepernyokep-8.jpg\" width=\"730\" height=\"509\" \/>\n<\/p>\n<p>Rekl\u00e1mok blokkol\u00e1sa \u00e9s b\u00f6ng\u00e9sz\u00e9s ak\u00e1r h\u00e1romszor gyorsabban.<br \/>\n<img decoding=\"async\" loading=\"lazy\" alt=\"Opera b\u00f6ng\u00e9sz\u0151 rekl\u00e1m blokkol\u00e1s\" src=\"\/\/cuccokhalomban.csillagpor.hu\/pict\/opera-kepernyokep-9.jpg\" width=\"730\" height=\"509\" \/>\n<\/p>\n<p>Kiv\u00e9teleket is hozz\u00e1 lehet adni, csak rem\u00e9lhetem, hogy lesz aki hozz\u00e1adja a Csillagpor.hu-t :) Mindenesetre az azon k\u00edv\u00fcl itt szerepl\u0151k alap\u00e9rtelmezetten a kiv\u00e9telekhez vannak adva, aki szeretn\u00e9 itt t\u00f6r\u00f6lhet mindent.<br \/>\n<img decoding=\"async\" loading=\"lazy\" alt=\"Opera b\u00f6ng\u00e9sz\u0151 rekl\u00e1m kiv\u00e9telek\" src=\"\/\/cuccokhalomban.csillagpor.hu\/pict\/opera-kepernyokep-10.jpg\" width=\"730\" height=\"509\" \/>\n<\/p>\n<p>Az energiatakar\u00e9kos m\u00f3d, a s\u00fctik \u00e9s a PDF f\u00e1jlok megnyit\u00e1s\u00e1nak be\u00e1ll\u00edt\u00e1sai.<br \/>\n<img decoding=\"async\" loading=\"lazy\" alt=\"Opera b\u00f6ng\u00e9sz\u0151 PDF \u00e9s s\u00fctik\" src=\"\/\/cuccokhalomban.csillagpor.hu\/pict\/opera-kepernyokep-11.jpg\" width=\"730\" height=\"509\" \/>\n<\/p>\n<p>Indul\u00e1skor folytat\u00e1s ahol abbahagytam vagy valami m\u00e1s, tov\u00e1bb\u00e1 a let\u00f6lt\u00e9si hely megad\u00e1sa.<br \/>\n<img decoding=\"async\" loading=\"lazy\" alt=\"Opera b\u00f6ng\u00e9sz\u0151 let\u00f6lt\u00e9si hely\" src=\"\/\/cuccokhalomban.csillagpor.hu\/pict\/opera-kepernyokep-12.jpg\" width=\"730\" height=\"509\" \/>\n<\/p>\n<p>Szinkroniz\u00e1l\u00e1s, k\u00f6nyvjelz\u0151k \u00e9s be\u00e1ll\u00edt\u00e1sok import\u00e1l\u00e1sa \u00e9s a keres\u00e9si be\u00e1ll\u00edt\u00e1sok.<br \/>\n<img decoding=\"async\" loading=\"lazy\" alt=\"Opera b\u00f6ng\u00e9sz\u0151 szinkroniz\u00e1l\u00e1s\" src=\"\/\/cuccokhalomban.csillagpor.hu\/pict\/opera-kepernyokep-13.jpg\" width=\"730\" height=\"509\" \/>\n<\/p>\n<p>Nyelvek be\u00e1ll\u00edt\u00e1sa \u00e9s a sz\u00f3t\u00e1rak &#8230;<br \/>\n<img decoding=\"async\" loading=\"lazy\" alt=\"Opera b\u00f6ng\u00e9sz\u0151 magyar nyelv\" src=\"\/\/cuccokhalomban.csillagpor.hu\/pict\/opera-kepernyokep-14.jpg\" width=\"730\" height=\"509\" \/>\n<\/p>\n<p>Itt el\u0151sz\u00f6r is enged\u00e9lyezni kell a helyes\u00edr\u00e1s-ellen\u0151rz\u00e9st, azt\u00e1n hozz\u00e1adni a magyar vagy ak\u00e1rmilyen nyelvet, ut\u00e1na bekapcsolni, hogy a nyelv haszn\u00e1lata helyes\u00edr\u00e1s-ellen\u0151rz\u00e9shez.<br \/>\n<img decoding=\"async\" loading=\"lazy\" alt=\"Opera b\u00f6ng\u00e9sz\u0151 helyes\u00edr\u00e1s-ellen\u0151rz\u00e9s\" src=\"\/\/cuccokhalomban.csillagpor.hu\/pict\/opera-kepernyokep-15.jpg\" width=\"730\" height=\"509\" \/>\n<\/p>\n<p>Magyar sz\u00f3t\u00e1r felv\u00e9tele.<br \/>\n<img decoding=\"async\" loading=\"lazy\" alt=\"Opera b\u00f6ng\u00e9sz\u0151 magyar sz\u00f3t\u00e1r\" src=\"\/\/cuccokhalomban.csillagpor.hu\/pict\/opera-kepernyokep-16.jpg\" width=\"730\" height=\"509\" \/>\n<\/p>\n<p>Mint \u00edrtam &#8230; \u00e9s k\u00e9sz.<br \/>\n<img decoding=\"async\" loading=\"lazy\" alt=\"Opera b\u00f6ng\u00e9sz\u0151 nyelv haszn\u00e1lata helyes\u00edr\u00e1s-ellen\u0151rz\u00e9shez\" src=\"\/\/cuccokhalomban.csillagpor.hu\/pict\/opera-kepernyokep-17.jpg\" width=\"730\" height=\"509\" \/>\n<\/p>\n<p>El\u0151nyben r\u00e9szes\u00edtett nyelvek a weblapon.<br \/>\n<img decoding=\"async\" loading=\"lazy\" alt=\"Opera b\u00f6ng\u00e9sz\u0151 el\u0151nyben a magyar nyelv\" src=\"\/\/cuccokhalomban.csillagpor.hu\/pict\/opera-kepernyokep-18.jpg\" width=\"730\" height=\"509\" \/>\n<\/p>\n<p>K\u00e9pek vagy JavaScript letilt\u00e1sa, ha pl. brut\u00e1lis sebess\u00e9get akarunk, \u00e9s tudjuk, \u00edgy is haszn\u00e1lhat\u00f3 az adott weboldal.<br \/>\n<img decoding=\"async\" loading=\"lazy\" alt=\"Opera b\u00f6ng\u00e9sz\u0151 k\u00e9pek \u00e9s JavaScript letilt\u00e1sa\" src=\"\/\/cuccokhalomban.csillagpor.hu\/pict\/opera-kepernyokep-19.jpg\" width=\"730\" height=\"509\" \/>\n<\/p>\n<p>Itt szab\u00e1lyozhatjuk a Flash tartalmat, az el\u0151ugr\u00f3 ablakokat \u00e9s vide\u00f3kat.<br \/>\n<img decoding=\"async\" loading=\"lazy\" alt=\"Opera b\u00f6ng\u00e9sz\u0151 el\u0151ugr\u00f3k\" src=\"\/\/cuccokhalomban.csillagpor.hu\/pict\/opera-kepernyokep-20.jpg\" width=\"730\" height=\"509\" \/>\n<\/p>\n<p>Tart\u00f3zkod\u00e1si hely \u00e9s \u00e9rtes\u00edt\u00e9sek letilt\u00e1sa vagy amit akarunk.<br \/>\n<img decoding=\"async\" loading=\"lazy\" alt=\"Opera b\u00f6ng\u00e9sz\u0151 \u00e9rtes\u00edt\u00e9sek\" src=\"\/\/cuccokhalomban.csillagpor.hu\/pict\/opera-kepernyokep-21.jpg\" width=\"730\" height=\"509\" \/>\n<\/p>\n<p>Mikrofon, kamera \u00e9s midi tilt\u00e1s a webhelyek sz\u00e1m\u00e1ra, ha \u00fagy gondoljuk.<br \/>\n<img decoding=\"async\" loading=\"lazy\" alt=\"Opera b\u00f6ng\u00e9sz\u0151 mikrofon, kamera, midi\" src=\"\/\/cuccokhalomban.csillagpor.hu\/pict\/opera-kepernyokep-22.jpg\" width=\"730\" height=\"509\" \/>\n<\/p>\n<p>Itt lehet a VPN-t bekapcsolni, ha m\u00e1s IP c\u00edmmel szeretn\u00e9nk b\u00f6ng\u00e9szni, de itt van m\u00e9g az automatikus kit\u00f6lt\u00e9sre \u00e9s a jelszavakra vonatkoz\u00f3 be\u00e1ll\u00edt\u00e1s is, no meg fentebb a rosszindulat\u00fa webhelyek elleni v\u00e9delem, hibajelent\u00e9sek k\u00fcld\u00e9se \u00e9s m\u00e9g p\u00e1r m\u00e1s &#8230;<br \/>\n<img decoding=\"async\" loading=\"lazy\" alt=\"Opera b\u00f6ng\u00e9sz\u0151 VPN bekapcsol\u00e1s\" src=\"\/\/cuccokhalomban.csillagpor.hu\/pict\/opera-kepernyokep-23.jpg\" width=\"730\" height=\"509\" \/>\n<\/p>\n<p>Itt most be van kapcsolva a VPN, \u00edgy fent a c\u00edmsor el\u0151tt megjelenik a VPN men\u00fc.<br \/>\n<img decoding=\"async\" loading=\"lazy\" alt=\"Opera b\u00f6ng\u00e9sz\u0151 VPN men\u00fc\" src=\"\/\/cuccokhalomban.csillagpor.hu\/pict\/opera-kepernyokep-24.jpg\" width=\"730\" height=\"509\" \/>\n<\/p>\n<p>HTTPS\/SSL \u00e9s WebRTC be\u00e1ll\u00edt\u00e1sok.<br \/>\n<img decoding=\"async\" loading=\"lazy\" alt=\"Opera b\u00f6ng\u00e9sz\u0151 WebRTC\" src=\"\/\/cuccokhalomban.csillagpor.hu\/pict\/opera-kepernyokep-25.jpg\" width=\"730\" height=\"509\" \/>\n<\/p>\n<p>S\u00fctik \u00e9s a kezel\u0151k be\u00e1ll\u00edt\u00e1sai.<br \/>\n<img decoding=\"async\" loading=\"lazy\" alt=\"Opera b\u00f6ng\u00e9sz\u0151 s\u00fctik\" src=\"\/\/cuccokhalomban.csillagpor.hu\/pict\/opera-kepernyokep-26.jpg\" width=\"730\" height=\"509\" \/>\n<\/p>\n<p>Let\u00f6lthet\u0151 Opera kieg\u00e9sz\u00edt\u0151k.<br \/>\n<img decoding=\"async\" loading=\"lazy\" alt=\"Opera b\u00f6ng\u00e9sz\u0151 kieg\u00e9sz\u00edt\u0151k\" src=\"\/\/cuccokhalomban.csillagpor.hu\/pict\/opera-kepernyokep-27.jpg\" width=\"730\" height=\"509\" \/>\n<\/p>\n<p>A h\u00e1tt\u00e9rben az el\u0151zm\u00e9nyek l\u00e1that\u00f3k, jobb fent pedig az energiatakar\u00e9kos m\u00f3d kapcsolhat\u00f3 be \u00e9s l\u00e1that\u00f3, hogy mennyi ideig haszn\u00e1lhat\u00f3 hordozhat\u00f3 g\u00e9p\u00fcnk t\u00f6lt\u00e9s n\u00e9lk\u00fcl.<br \/>\n<img decoding=\"async\" loading=\"lazy\" alt=\"Opera b\u00f6ng\u00e9sz\u0151 energiatakar\u00e9kos m\u00f3d\" src=\"\/\/cuccokhalomban.csillagpor.hu\/pict\/opera-kepernyokep-28.jpg\" width=\"730\" height=\"456\" \/>\n<\/p>\n<p>A VPN bekapcsolva, \u00e1ll\u00edthat\u00f3 tart\u00f3zkod\u00e1si hely.<br \/>\n<img decoding=\"async\" loading=\"lazy\" alt=\"Opera b\u00f6ng\u00e9sz\u0151 VPN\" src=\"\/\/cuccokhalomban.csillagpor.hu\/pict\/opera-kepernyokep-29.jpg\" width=\"730\" height=\"456\" \/><\/p>\n","protected":false},"excerpt":{"rendered":"<p><a target=\"_blank\" title=\"Opera k\u00e9perny\u0151k\u00e9pek\" href=\"\/\/csillagpor.hu\/remek\/programok\/opera-kepernyokepek\" rel=\"noopener noreferrer\"><img decoding=\"async\" loading=\"lazy\" alt=\"Opera\" src=\"\/\/cuccokhalomban.csillagpor.hu\/pict\/opera_browser.jpg\" width=\"80\" height=\"70\" class=\"flr\" \/><\/a>Itt az Opera b\u00f6ng\u00e9sz\u0151 hordozhat\u00f3 v\u00e1ltozat\u00e1nak telep\u00edt\u00e9se indul \u00e9ppen Windows 10-re. Fontos a be\u00e1ll\u00edt\u00e1sokba is belen\u00e9zni, mert itt lehet be\u00e1ll\u00edtani a nyelvet, import\u00e1ljon e k\u00f6nyvjelz\u0151ket, letiltani az adathaszn\u00e1lat megoszt\u00e1s\u00e1t, ha nem akarunk j\u00f3t az Oper\u00e1nak, \u00e9s itt v\u00e1laszthatjuk ki a telep\u00edt\u00e9s t\u00edpus\u00e1t is. Ez itt most \u00d6n\u00e1ll\u00f3 telep\u00edt\u00e9s (USB), ez jelenti a hordozhat\u00f3 v\u00e1ltozatot, ezenk\u00edv\u00fcl lehets\u00e9ges m\u00e9g Minden felhaszn\u00e1l\u00f3 ezen a g\u00e9pen \u00e9s Jelenlegi felhaszn\u00e1l\u00f3 opci\u00f3t v\u00e1lasztani&#8230;<\/p>\n","protected":false},"author":1,"featured_media":0,"parent":0,"menu_order":0,"comment_status":"closed","ping_status":"closed","template":"","meta":{"footnotes":""},"_links":{"self":[{"href":"https:\/\/csillagpor.hu\/remek\/programok\/wp-json\/wp\/v2\/pages\/1917"}],"collection":[{"href":"https:\/\/csillagpor.hu\/remek\/programok\/wp-json\/wp\/v2\/pages"}],"about":[{"href":"https:\/\/csillagpor.hu\/remek\/programok\/wp-json\/wp\/v2\/types\/page"}],"author":[{"embeddable":true,"href":"https:\/\/csillagpor.hu\/remek\/programok\/wp-json\/wp\/v2\/users\/1"}],"replies":[{"embeddable":true,"href":"https:\/\/csillagpor.hu\/remek\/programok\/wp-json\/wp\/v2\/comments?post=1917"}],"version-history":[{"count":0,"href":"https:\/\/csillagpor.hu\/remek\/programok\/wp-json\/wp\/v2\/pages\/1917\/revisions"}],"wp:attachment":[{"href":"https:\/\/csillagpor.hu\/remek\/programok\/wp-json\/wp\/v2\/media?parent=1917"}],"curies":[{"name":"wp","href":"https:\/\/api.w.org\/{rel}","templated":true}]}}