{"id":1920,"date":"2017-03-07T07:05:44","date_gmt":"2017-03-07T06:05:44","guid":{"rendered":"http:\/\/csillagpor.hu\/remek\/programok\/?page_id=1920"},"modified":"2022-06-30T18:30:21","modified_gmt":"2022-06-30T16:30:21","slug":"androidos-opera-bongeszok-kepernyokepei","status":"publish","type":"page","link":"https:\/\/csillagpor.hu\/remek\/programok\/androidos-opera-bongeszok-kepernyokepei","title":{"rendered":"Androidos Opera b\u00f6ng\u00e9sz\u0151k k\u00e9perny\u0151k\u00e9pei"},"content":{"rendered":"<p><a target=\"_blank\" title=\"Opera Android\" href=\"\/\/csillagpor.hu\/remek\/programok\/opera-mini-mobile\" rel=\"noopener noreferrer\">Az Opera Mini b\u00f6ng\u00e9sz\u0151<\/a> gyorsind\u00edt\u00f3ja keres\u0151vel \u00e9s a h\u00edrekkel. Megadhatjuk, hogy milyen kateg\u00f3ri\u00e1kb\u00f3l kapjunk h\u00edreket.<br \/>\n<img decoding=\"async\" loading=\"lazy\" alt=\"Opera mini gyorsind\u00edt\u00f3\" src=\"\/\/cuccokhalomban.csillagpor.hu\/pict\/opera-mini-kepernyokep-1.jpg\" width=\"330\" height=\"630\" \/><img decoding=\"async\" loading=\"lazy\" alt=\"Opera mini h\u00edr kateg\u00f3ri\u00e1k\" src=\"\/\/cuccokhalomban.csillagpor.hu\/pict\/opera-mini-kepernyokep-2.jpg\" width=\"330\" height=\"630\" \/>\n<\/p>\n<p>Mondjuk magyar nyelv\u0171 h\u00edreket nem kaphatunk &#8230; Jobb lent az Opera gombra kattintva ez a men\u00fc j\u00f6n el\u0151. Itt a fogasker\u00e9kre kattintva \u00e9rhetj\u00fck el a b\u00f6ng\u00e9sz\u0151 be\u00e1ll\u00edt\u00e1sait. Ki is kapcsolhatjuk a b\u00f6ng\u00e9sz\u0151t, megn\u00e9zhetj\u00fck az el\u0151zm\u00e9nyeket, az adatforgalom cs\u00f6kken\u00e9st, k\u00f6nyvjelz\u0151ket, stb&#8230;<br \/>\n<img decoding=\"async\" loading=\"lazy\" alt=\"Opera mini orsz\u00e1g be\u00e1ll\u00edt\u00e1s a h\u00edrekhez\" src=\"\/\/cuccokhalomban.csillagpor.hu\/pict\/opera-mini-kepernyokep-3.jpg\" width=\"330\" height=\"629\" \/><img decoding=\"async\" loading=\"lazy\" alt=\"Opera mini men\u00fc\" src=\"\/\/cuccokhalomban.csillagpor.hu\/pict\/opera-mini-kepernyokep-4.jpg\" width=\"330\" height=\"629\" \/>\n<\/p>\n<p>\u00c9jszakai m\u00f3d is be\u00e1ll\u00edthat\u00f3 &#8230; Itt pedig a nyelv, alap\u00e9rtelmezett b\u00f6ng\u00e9sz\u0151, Facebook \u00e9rtes\u00edt\u00e9sek, adatforgalom-cs\u00f6kkent\u00e9s \u00e9s a speci\u00e1lis be\u00e1ll\u00edt\u00e1sok.<br \/>\n<img decoding=\"async\" loading=\"lazy\" alt=\"Opera mini \u00e9jszakai m\u00f3d\" src=\"\/\/cuccokhalomban.csillagpor.hu\/pict\/opera-mini-kepernyokep-5.jpg\" width=\"330\" height=\"629\" \/><img decoding=\"async\" loading=\"lazy\" alt=\"Opera mini be\u00e1ll\u00edt\u00e1sok\" src=\"\/\/cuccokhalomban.csillagpor.hu\/pict\/opera-mini-kepernyokep-6.jpg\" width=\"330\" height=\"629\" \/>\n<\/p>\n<p>Teh\u00e1t a speci\u00e1lis be\u00e1ll\u00edt\u00e1sokban tal\u00e1lhatjuk pl. a s\u00fctiket, a haszn\u00e1lati statisztik\u00e1t, Opera \u00e9rtes\u00edt\u00e9seket vagy az extr\u00e9m sp\u00f3rol\u00f3 m\u00f3d be\u00e1ll\u00edt\u00e1sait. A m\u00e1sik k\u00e9pen m\u00e1r az Opera for Android l\u00e1that\u00f3. Ez 10-szer (!) nagyobb mint kistestv\u00e9re, igaz t\u00f6bbet is tud.<br \/>\n<img decoding=\"async\" loading=\"lazy\" alt=\"Opera mini speci\u00e1lis be\u00e1ll\u00edt\u00e1sok\" src=\"\/\/cuccokhalomban.csillagpor.hu\/pict\/opera-mini-kepernyokep-7.jpg\" width=\"330\" height=\"629\" \/><img decoding=\"async\" loading=\"lazy\" alt=\"Opera for Android telep\u00edt\u00e9se\" src=\"\/\/cuccokhalomban.csillagpor.hu\/pict\/opera-mobile-kepernyokep-1.jpg\" width=\"330\" height=\"629\" \/>\n<\/p>\n<p>Keres\u0151, gyorsh\u00edv\u00f3, h\u00edrcsatorna &#8230; \u00e9s mely csatorn\u00e1k legyenek megjelen\u00edtve.<br \/>\n<img decoding=\"async\" loading=\"lazy\" alt=\"Opera for Android kezd\u0151lap\" src=\"\/\/cuccokhalomban.csillagpor.hu\/pict\/opera-mobile-kepernyokep-2.jpg\" width=\"330\" height=\"629\" \/><img decoding=\"async\" loading=\"lazy\" alt=\"Opera for Andoid csatorn\u00e1k testreszab\u00e1sa\" src=\"\/\/cuccokhalomban.csillagpor.hu\/pict\/opera-mobile-kepernyokep-3.jpg\" width=\"330\" height=\"629\" \/>\n<\/p>\n<p>N\u00e9zz\u00fck a Tech csatorn\u00e1t! Be\u00e1ll\u00edt\u00e1sok, pl. adatforgalom cs\u00f6kkent\u00e9s, olvas\u00f3 \u00fczemm\u00f3d be\u00e1ll\u00edt\u00e1sa alap\u00e9rtelmezettnek &#8230;<br \/>\n<img decoding=\"async\" loading=\"lazy\" alt=\"Opera for Android Tech csatorna\" src=\"\/\/cuccokhalomban.csillagpor.hu\/pict\/opera-mobile-kepernyokep-4.jpg\" width=\"330\" height=\"629\" \/><img decoding=\"async\" loading=\"lazy\" alt=\"Opera for Android be\u00e1ll\u00edt\u00e1sok\" src=\"\/\/cuccokhalomban.csillagpor.hu\/pict\/opera-mobile-kepernyokep-5.jpg\" width=\"330\" height=\"629\" \/>\n<\/p>\n<p>Az adatforgalom-cs\u00f6kkent\u00e9s bekapcsol\u00e1sa ut\u00e1n, bekapcsolhatunk olyan extr\u00e1kat mint: rekl\u00e1mok blokkol\u00e1sa, vide\u00f3 t\u00f6m\u00f6r\u00edt\u00e9s \u00e9s a k\u00e9p \u00e9s vide\u00f3 min\u0151s\u00e9get is cs\u00f6kkenthetj\u00fck ak\u00e1r! Be\u00e1ll\u00edthatjuk a b\u00f6ng\u00e9sz\u0151 elrendez\u00e9st is.<br \/>\n<img decoding=\"async\" loading=\"lazy\" alt=\"Opera for Android adatforgalom-cs\u00f6kkent\u00e9s\" src=\"\/\/cuccokhalomban.csillagpor.hu\/pict\/opera-mobile-kepernyokep-6.jpg\" width=\"330\" height=\"629\" \/><img decoding=\"async\" loading=\"lazy\" alt=\"Opera for Android elrendez\u00e9s\" src=\"\/\/cuccokhalomban.csillagpor.hu\/pict\/opera-mobile-kepernyokep-7.jpg\" width=\"330\" height=\"629\" \/>\n<\/p>\n<p>Itt a h\u00edreket \u00e9s prom\u00f3ci\u00f3s \u00e9rtes\u00edt\u00e9seket tudjuk kikapcsolni, \u00e1ll\u00edthatunk a sz\u00f6veg t\u00f6rdel\u00e9sen, nagy\u00edt\u00e1son, tilthatjuk az el\u0151ugr\u00f3 ablakokat \u00e9s be\u00e1ll\u00edthatjuk, hogy mobil vagy asztali b\u00f6ng\u00e9sz\u0151k\u00e9nt \u00e9rz\u00e9kelje e a weboldal az Oper\u00e1nkat.<br \/>\n<img decoding=\"async\" loading=\"lazy\" alt=\"Opera for Android tartalom\" src=\"\/\/cuccokhalomban.csillagpor.hu\/pict\/opera-mobile-kepernyokep-8.jpg\" width=\"330\" height=\"629\" \/><img decoding=\"async\" loading=\"lazy\" alt=\"Opera for Android user agent\" src=\"\/\/cuccokhalomban.csillagpor.hu\/pict\/opera-mobile-kepernyokep-9.jpg\" width=\"330\" height=\"629\" \/>\n<\/p>\n<p>Itt t\u00f6r\u00f6lhetj\u00fck a b\u00f6ng\u00e9sz\u00e9si adatainkat, \u00e9s ha lent arra a n\u00e9gyzetre kattintunk amiben most egy egyes van, ahonnan egy\u00e9bk\u00e9nt a megnyitott oldalak k\u00f6z\u00f6tt lehet lapozni, akkor v\u00e1lthatunk a norm\u00e1l \u00e9s a szem\u00e9lyes m\u00f3d k\u00f6z\u00f6tt &#8230;<br \/>\n<img decoding=\"async\" loading=\"lazy\" alt=\"Opera for Android b\u00f6ng\u00e9sz\u00e9si adataink t\u00f6rl\u00e9se\" src=\"\/\/cuccokhalomban.csillagpor.hu\/pict\/opera-mobile-kepernyokep-10.jpg\" width=\"330\" height=\"629\" \/><img decoding=\"async\" loading=\"lazy\" alt=\"Opera for Android megnyitott oldalak\" src=\"\/\/cuccokhalomban.csillagpor.hu\/pict\/opera-mobile-kepernyokep-11.jpg\" width=\"330\" height=\"629\" \/>\n<\/p>\n<p>Opera szem\u00e9lyes m\u00f3d, vagy m\u00e1shonnan inkognit\u00f3 vagy priv\u00e1t m\u00f3dk\u00e9nt is ismert, adatokat nem ment\u0151 m\u0171k\u00f6d\u00e9s.<br \/>\n<img decoding=\"async\" loading=\"lazy\" alt=\"Opera for Android szem\u00e9lyes m\u00f3d\" src=\"\/\/cuccokhalomban.csillagpor.hu\/pict\/opera-mobile-kepernyokep-12.jpg\" width=\"330\" height=\"629\" \/>\n<\/p>\n<p>&rarr; <a target=\"_blank\" title=\"opera mini mobile k\u00e9perny\u0151k\u00e9pek\" href=\"\/\/csillagpor.hu\/remek\/programok\/opera-mini-mobile-screenshot\" rel=\"noopener noreferrer\">R\u00e9gebbi k\u00e9pek az Androidos Oper\u00e1r\u00f3l<\/a><\/p>\n","protected":false},"excerpt":{"rendered":"<p><a target=\"_blank\" title=\"Opera Mini \u00e9s Mobile k\u00e9perny\u0151k\u00e9pek\" href=\"\/\/csillagpor.hu\/remek\/programok\/androidos-opera-bongeszok-kepernyokepei\" rel=\"noopener noreferrer\"><img decoding=\"async\" loading=\"lazy\" alt=\"Opera\" src=\"\/\/cuccokhalomban.csillagpor.hu\/pict\/opera-mini-kicsi.jpg\" width=\"100\" height=\"59\" class=\"flr\" \/><\/a>Az Opera Mini b\u00f6ng\u00e9sz\u0151 gyorsind\u00edt\u00f3ja keres\u0151vel \u00e9s a h\u00edrekkel. Megadhatjuk, hogy milyen kateg\u00f3ri\u00e1kb\u00f3l kapjunk h\u00edreket. A fogasker\u00e9kre kattintva \u00e9rhetj\u00fck el a b\u00f6ng\u00e9sz\u0151 be\u00e1ll\u00edt\u00e1sait. Ki is kapcsolhatjuk a b\u00f6ng\u00e9sz\u0151t, megn\u00e9zhetj\u00fck az el\u0151zm\u00e9nyeket, az adatforgalom cs\u00f6kken\u00e9st, k\u00f6nyvjelz\u0151ket &#8230; \u00e9jszakai m\u00f3d is be\u00e1ll\u00edthat\u00f3. A speci\u00e1lis be\u00e1ll\u00edt\u00e1sokban tal\u00e1lhatjuk pl. a s\u00fctiket, a haszn\u00e1lati statisztik\u00e1t, Opera \u00e9rtes\u00edt\u00e9seket vagy az extr\u00e9m sp\u00f3rol\u00f3 m\u00f3d be\u00e1ll\u00edt\u00e1sait&#8230;<\/p>\n","protected":false},"author":1,"featured_media":0,"parent":0,"menu_order":0,"comment_status":"closed","ping_status":"closed","template":"","meta":{"footnotes":""},"_links":{"self":[{"href":"https:\/\/csillagpor.hu\/remek\/programok\/wp-json\/wp\/v2\/pages\/1920"}],"collection":[{"href":"https:\/\/csillagpor.hu\/remek\/programok\/wp-json\/wp\/v2\/pages"}],"about":[{"href":"https:\/\/csillagpor.hu\/remek\/programok\/wp-json\/wp\/v2\/types\/page"}],"author":[{"embeddable":true,"href":"https:\/\/csillagpor.hu\/remek\/programok\/wp-json\/wp\/v2\/users\/1"}],"replies":[{"embeddable":true,"href":"https:\/\/csillagpor.hu\/remek\/programok\/wp-json\/wp\/v2\/comments?post=1920"}],"version-history":[{"count":0,"href":"https:\/\/csillagpor.hu\/remek\/programok\/wp-json\/wp\/v2\/pages\/1920\/revisions"}],"wp:attachment":[{"href":"https:\/\/csillagpor.hu\/remek\/programok\/wp-json\/wp\/v2\/media?parent=1920"}],"curies":[{"name":"wp","href":"https:\/\/api.w.org\/{rel}","templated":true}]}}