{"id":1924,"date":"2017-03-16T07:10:28","date_gmt":"2017-03-16T06:10:28","guid":{"rendered":"http:\/\/csillagpor.hu\/remek\/programok\/?page_id=1924"},"modified":"2022-06-30T18:20:41","modified_gmt":"2022-06-30T16:20:41","slug":"firefox-androidra-kepernyokepek","status":"publish","type":"page","link":"https:\/\/csillagpor.hu\/remek\/programok\/firefox-androidra-kepernyokepek","title":{"rendered":"Firefox Androidra k\u00e9perny\u0151k\u00e9pek"},"content":{"rendered":"<p><a target=\"_blank\" title=\"Firefox Android\" href=\"\/\/csillagpor.hu\/remek\/programok\/firefox-android\" rel=\"noopener noreferrer\">Az Androidra k\u00e9sz\u00fclt Firefox b\u00f6ng\u00e9sz\u0151<\/a> telep\u00edt\u00e9se ut\u00e1n is az els\u0151 dolog, hogy figyelmeztet, n\u00e9zz\u00fck \u00e1t milyen adatokat osztunk meg vel\u00fck. Ez igaz\u00e1n rendes dolog &#8230; \u00edgy be is \u00e1ll\u00edthatjuk, ha akarjuk, hogy semmilyen adatot ne kapjon t\u0151l\u00fcnk. Tov\u00e1bb\u00e1 pl. a k\u00f6vet\u00e9s elleni v\u00e9delmet is bekapcsolhatjuk hagyom\u00e1nyos \u00e9s priv\u00e1t m\u00f3dra egyar\u00e1nt vonatkoz\u00f3an.<br \/>\n<img decoding=\"async\" loading=\"lazy\" alt=\"Firefox Android \u00e9rtes\u00edt\u00e9s\" src=\"\/\/cuccokhalomban.csillagpor.hu\/pict\/firefox-android-kepernyokep-1.jpg\" width=\"330\" height=\"660\" \/><img decoding=\"async\" loading=\"lazy\" alt=\"Firefox Android k\u00f6vet\u00e9s ellen\" src=\"\/\/cuccokhalomban.csillagpor.hu\/pict\/firefox-android-kepernyokep-2.jpg\" width=\"330\" height=\"660\" \/>\n<\/p>\n<p>Teh\u00e1t itt l\u00e1thatjuk a fent is eml\u00edtett lehet\u0151s\u00e9get, minden kikapcsolva. Jobboldalon pedig a \u00fcdv\u00f6z\u00f6l a Firefox \u00e9s r\u00f6vid bemutat\u00f3val ind\u00edt.<br \/>\n<img decoding=\"async\" loading=\"lazy\" alt=\"Firefox Android adatk\u00fcld\u00e9s kikapcs\" src=\"\/\/cuccokhalomban.csillagpor.hu\/pict\/firefox-android-kepernyokep-3.jpg\" width=\"330\" height=\"660\" \/><img decoding=\"async\" loading=\"lazy\" alt=\"Firefox Android \u00fcdv\u00f6zlet\" src=\"\/\/cuccokhalomban.csillagpor.hu\/pict\/firefox-android-kepernyokep-4.jpg\" width=\"330\" height=\"660\" \/>\n<\/p>\n<p>Folytat\u00f3dik a bemutat\u00e1s &#8230; a keres\u00e9s a kedvenceink \u00e9s az el\u0151zm\u00e9nyek k\u00f6z\u00f6tt is sz\u00e9tn\u00e9z, \u00e9s l\u00e9teznek be\u00e1ll\u00edt\u00e1sok az adatforgalommal val\u00f3 sp\u00f3rol\u00e1sra, pl. kikapcsolhatjuk a k\u00e9peket is.<br \/>\n<img decoding=\"async\" loading=\"lazy\" alt=\"Firefox Android keres\u00e9s\" src=\"\/\/cuccokhalomban.csillagpor.hu\/pict\/firefox-android-kepernyokep-5.jpg\" width=\"330\" height=\"660\" \/><img decoding=\"async\" loading=\"lazy\" alt=\"Firefox Android adatforgalom cs\u00f6kkent\u00e9s\" src=\"\/\/cuccokhalomban.csillagpor.hu\/pict\/firefox-android-kepernyokep-6.jpg\" width=\"330\" height=\"660\" \/>\n<\/p>\n<p>A h\u00e1tt\u00e9rben a Kezd\u0151lap a keres\u0151mez\u0151vel, az el\u0151t\u00e9rben pedig a men\u00fc, ahonnan el\u00e9rhetj\u00fck pl. a be\u00e1ll\u00edt\u00e1sokat is. A be\u00e1ll\u00edt\u00e1sokban pedig megtal\u00e1lhatjuk t\u00f6bbek k\u00f6z\u00f6tt a bejelentkez\u00e9shez sz\u00fcks\u00e9ges lapot, vagy be\u00e1ll\u00edthatjuk a hangalap\u00fa bevitelt, adatsp\u00f3rol\u00e1st, vagy \u00e9ppen t\u00f6r\u00f6lhetj\u00fck minden szem\u00e9lyes adatunkat.<br \/>\n<img decoding=\"async\" loading=\"lazy\" alt=\"Firefox Android kezd\u0151lap \u00e9s men\u00fc\" src=\"\/\/cuccokhalomban.csillagpor.hu\/pict\/firefox-android-kepernyokep-7.jpg\" width=\"330\" height=\"660\" \/><img decoding=\"async\" loading=\"lazy\" alt=\"Firefox Android be\u00e1ll\u00edt\u00e1sok\" src=\"\/\/cuccokhalomban.csillagpor.hu\/pict\/firefox-android-kepernyokep-8.jpg\" width=\"330\" height=\"660\" \/>\n<\/p>\n<p>Az \u00e1ltal\u00e1nos lapn\u00e1l szabhatjuk testre a kezd\u0151lapot, \u00e1ll\u00edthatunk a nyelven vagy ki-be kapcsolhatjuk a teljes k\u00e9perny\u0151s b\u00f6ng\u00e9sz\u00e9st. A speci\u00e1lis be\u00e1ll\u00edt\u00e1sok k\u00f6z\u00f6tt van az import\u00e1l\u00e1s lehet\u0151s\u00e9geinek testreszab\u00e1sa, a lapok vissza\u00e1ll\u00edt\u00e1s\u00e1nak lehet\u0151s\u00e9ge, k\u00e9pek, webes bet\u0171k ki-be kapcsol\u00e1sa, tov\u00e1bb\u00e1 a weboldalba \u00e1gyazott vide\u00f3k automatikus lej\u00e1tsz\u00e1s\u00e1nak kikapcsol\u00e1sa is.<br \/>\n<img decoding=\"async\" loading=\"lazy\" alt=\"Firefox Android \u00e1ltal\u00e1nos\" src=\"\/\/cuccokhalomban.csillagpor.hu\/pict\/firefox-android-kepernyokep-9.jpg\" width=\"330\" height=\"660\" \/><img decoding=\"async\" loading=\"lazy\" alt=\"Firefox Android speci\u00e1lis\" src=\"\/\/cuccokhalomban.csillagpor.hu\/pict\/firefox-android-kepernyokep-10.jpg\" width=\"330\" height=\"660\" \/>\n<\/p>\n<p>A szem\u00e9lyes adatok t\u00f6rl\u00e9s\u00e9nek el\u00e9g r\u00e9szletes be\u00e1ll\u00edt\u00e1si lehet\u0151s\u00e9gei, jobboldalt pedig a YouTube.<br \/>\n<img decoding=\"async\" loading=\"lazy\" alt=\"Firefox Android szem\u00e9lyes adatok t\u00f6rl\u00e9se\" src=\"\/\/cuccokhalomban.csillagpor.hu\/pict\/firefox-android-kepernyokep-11.jpg\" width=\"330\" height=\"660\" \/><img decoding=\"async\" loading=\"lazy\" alt=\"Firefox Android YouTube\" src=\"\/\/cuccokhalomban.csillagpor.hu\/pict\/firefox-android-kepernyokep-12.jpg\" width=\"330\" height=\"660\" \/>\n<\/p>\n<p>V\u00e1laszt\u00e1s a megnyitott oldalak k\u00f6z\u00fcl &#8230; itt most csak egy van, vagy \u00faj lap megnyit\u00e1sa \u00e9s priv\u00e1t b\u00f6ng\u00e9sz\u00e9sre val\u00f3 \u00e1tkapcsol\u00e1s, \u00e9s akkor mellette egy bekapcsolt priv\u00e1t b\u00f6ng\u00e9sz\u00e9s, k\u00f6vet\u00e9s elleni v\u00e9delemmel.<br \/>\n<img decoding=\"async\" loading=\"lazy\" alt=\"Firefox Android megnyitott lapok\" src=\"\/\/cuccokhalomban.csillagpor.hu\/pict\/firefox-android-kepernyokep-13.jpg\" width=\"330\" height=\"660\" \/><img decoding=\"async\" loading=\"lazy\" alt=\"Firefox Android priv\u00e1t b\u00f6ng\u00e9sz\u00e9s\" src=\"\/\/cuccokhalomban.csillagpor.hu\/pict\/firefox-android-kepernyokep-14.jpg\" width=\"330\" height=\"660\" \/><\/p>\n","protected":false},"excerpt":{"rendered":"<p><a target=\"_blank\" title=\"Firefox Androidra\" href=\"\/\/csillagpor.hu\/remek\/programok\/firefox-androidra-kepernyokepek\" rel=\"noopener noreferrer\"><img decoding=\"async\" loading=\"lazy\" alt=\"Firefox for Android\" src=\"\/\/cuccokhalomban.csillagpor.hu\/pict\/firefox-androidra-kicsi.jpg\" width=\"60\" height=\"116\" class=\"flr\" \/><\/a>Az Androidra k\u00e9sz\u00fclt Firefox b\u00f6ng\u00e9sz\u0151 telep\u00edt\u00e9se ut\u00e1n is az els\u0151 dolog, hogy figyelmeztet, n\u00e9zz\u00fck \u00e1t milyen adatokat osztunk meg vel\u00fck. Ez igaz\u00e1n rendes dolog &#8230; \u00edgy be is \u00e1ll\u00edthatjuk, ha akarjuk, hogy semmilyen adatot ne kapjon t\u0151l\u00fcnk. Tov\u00e1bb\u00e1 pl. a k\u00f6vet\u00e9s elleni v\u00e9delmet is bekapcsolhatjuk hagyom\u00e1nyos \u00e9s priv\u00e1t m\u00f3dra egyar\u00e1nt vonatkoz\u00f3an&#8230;<\/p>\n","protected":false},"author":1,"featured_media":0,"parent":0,"menu_order":0,"comment_status":"closed","ping_status":"closed","template":"","meta":{"footnotes":""},"_links":{"self":[{"href":"https:\/\/csillagpor.hu\/remek\/programok\/wp-json\/wp\/v2\/pages\/1924"}],"collection":[{"href":"https:\/\/csillagpor.hu\/remek\/programok\/wp-json\/wp\/v2\/pages"}],"about":[{"href":"https:\/\/csillagpor.hu\/remek\/programok\/wp-json\/wp\/v2\/types\/page"}],"author":[{"embeddable":true,"href":"https:\/\/csillagpor.hu\/remek\/programok\/wp-json\/wp\/v2\/users\/1"}],"replies":[{"embeddable":true,"href":"https:\/\/csillagpor.hu\/remek\/programok\/wp-json\/wp\/v2\/comments?post=1924"}],"version-history":[{"count":0,"href":"https:\/\/csillagpor.hu\/remek\/programok\/wp-json\/wp\/v2\/pages\/1924\/revisions"}],"wp:attachment":[{"href":"https:\/\/csillagpor.hu\/remek\/programok\/wp-json\/wp\/v2\/media?parent=1924"}],"curies":[{"name":"wp","href":"https:\/\/api.w.org\/{rel}","templated":true}]}}