{"id":1926,"date":"2017-03-30T21:51:37","date_gmt":"2017-03-30T19:51:37","guid":{"rendered":"http:\/\/csillagpor.hu\/remek\/programok\/?page_id=1926"},"modified":"2023-06-26T19:57:14","modified_gmt":"2023-06-26T17:57:14","slug":"vivaldi-bongeszo-kepernyokepek","status":"publish","type":"page","link":"https:\/\/csillagpor.hu\/remek\/programok\/vivaldi-bongeszo-kepernyokepek","title":{"rendered":"Vivaldi b\u00f6ng\u00e9sz\u0151 k\u00e9perny\u0151k\u00e9pek"},"content":{"rendered":"<p><a target=\"_blank\" title=\"Vivaldi b\u00f6ng\u00e9sz\u0151\" href=\"\/\/csillagpor.hu\/remek\/programok\/vivaldi-bongeszo-letoltese\" rel=\"noopener\">A Vivaldi b\u00f6ng\u00e9sz\u0151<\/a> telep\u00edt\u00e9s magyar nyelv\u0171re \u00e1ll\u00edt\u00e1sa.<br \/>\n<img decoding=\"async\" loading=\"lazy\" alt=\"Vivaldi telep\u00edt\u00e9se\" src=\"\/\/cuccokhalomban.csillagpor.hu\/pict\/vivaldi-telepites-magyar-nyelv.webp\" width=\"789\" height=\"642\" \/>\n<\/p>\n<p>Ha mindent be\u00e1ll\u00edtottunk &#8220;Elfogad\u00e1s \u00e9s friss\u00edt\u00e9s&#8221; a k\u00f6vetkez\u0151 l\u00e9p\u00e9s &#8230; valami\u00e9rt.<br \/>\n<img decoding=\"async\" loading=\"lazy\" alt=\"telep\u00edt\u00e9s ind\u00edt\" src=\"\/\/cuccokhalomban.csillagpor.hu\/pict\/vivaldi-telepites-elfogadas-frissites.webp\" width=\"810\" height=\"654\" \/>\n<\/p>\n<p>Azt hiszem \u00edgy indul &#8230; a kin\u00e9zet be\u00e1ll\u00edt\u00e1s\u00e1val.<br \/>\n<img decoding=\"async\" loading=\"lazy\" alt=\"Vivaldi themes\" src=\"\/\/cuccokhalomban.csillagpor.hu\/pict\/vivaldi-theme-valasztas.webp\" width=\"900\" height=\"762\" \/>\n<\/p>\n<p>K\u00fcl\u00f6n be kell \u00e1ll\u00edtani &#8211; mint l\u00e1tjuk &#8211; a felhaszn\u00e1l\u00f3i fel\u00fclet nyelv\u00e9t is&#8230;<br \/>\n<img decoding=\"async\" loading=\"lazy\" alt=\"Vivaldi magyar nyelv\" src=\"\/\/cuccokhalomban.csillagpor.hu\/pict\/vivaldi-magyar-nyelv-beallitas.webp\" width=\"900\" height=\"636\" \/>\n<\/p>\n<p>&#8230; \u00e9s k\u00fcl\u00f6n a d\u00e1tum, id\u0151 \u00e9s m\u00e1s nyelvi be\u00e1ll\u00edt\u00e1sokat &#8230; lejjebb.<br \/>\n<img decoding=\"async\" loading=\"lazy\" alt=\"Vivaldi magyar\" src=\"\/\/cuccokhalomban.csillagpor.hu\/pict\/vivaldi-magyar-nyelv-beallitas-2.webp\" width=\"900\" height=\"636\" \/>\n<\/p>\n<p>H\u00e1rom k\u00fcl\u00f6nb\u00f6z\u0151 keres\u0151t \u00e1ll\u00edthatunk be, ezek az alap\u00e9rtelmezettek.<br \/>\n<img decoding=\"async\" loading=\"lazy\" alt=\"keres\u0151k a Vivaldiban\" src=\"\/\/cuccokhalomban.csillagpor.hu\/pict\/vivaldi-kereses-beallitasai.webp\" width=\"900\" height=\"639\" \/>\n<\/p>\n<p>K\u00fcl\u00f6nf\u00e9le n\u00e9zetre vonatkoz\u00f3 be\u00e1ll\u00edt\u00e1sok, pl. ha a baloldali laps\u00e1vot el akarjuk t\u00e1vol\u00edtani, azt itt lehet.<br \/>\n<img decoding=\"async\" loading=\"lazy\" alt=\"laps\u00e1v t\u0171n\u00e9s\" src=\"\/\/cuccokhalomban.csillagpor.hu\/pict\/vivaldi-nezet-beallitas-lapsav.webp\" width=\"900\" height=\"578\" \/>\n<\/p>\n<p>R\u00e9gebbi verzi\u00f3k:<\/p>\n<p>A Vivaldi b\u00f6ng\u00e9sz\u0151 telep\u00edt\u00e9se. Ha az el\u0151z\u0151 ablakn\u00e1l &#8211; ott hol most a Simple gomb l\u00e1that\u00f3 &#8211; az Advanced-et v\u00e1lasztjuk, akkor megadhatjuk a b\u00f6ng\u00e9sz\u0151 nyelv\u00e9t &#8230; \u0151\u0151\u0151 &#8230; legyen mondjuk Hungarian, lejjebb pedig kiv\u00e1laszthatjuk, hogy csak a saj\u00e1t felhaszn\u00e1l\u00f3nknak vagy mindenkinek telep\u00edtj\u00fck e, tov\u00e1bb\u00e1 hogy esetleg hordozhat\u00f3 form\u00e1ban van e r\u00e1 sz\u00fcks\u00e9g\u00fcnk (Standalone).<br \/>\n<img decoding=\"async\" loading=\"lazy\" alt=\"Vivaldi b\u00f6ng\u00e9sz\u0151 telep\u00edt\u00e9s\" src=\"\/\/cuccokhalomban.csillagpor.hu\/pict\/vivaldi-kepernyokep-1.jpg\" width=\"542\" height=\"498\" \/>\n<\/p>\n<p>K\u00e9sz a telep\u00edt\u00e9s, \u00fcdv\u00f6z\u00f6l a Vivaldi, megjelen\u00e9s testreszab\u00e1sa, az alap\u00e9rtelmez\u00e9s a Light t\u00e9ma.<br \/>\n<img decoding=\"async\" loading=\"lazy\" alt=\"Vivaldi t\u00e9ma v\u00e1laszt\u00e1s\" src=\"\/\/cuccokhalomban.csillagpor.hu\/pict\/vivaldi-kepernyokep-2.jpg\" width=\"730\" height=\"513\" \/>\n<\/p>\n<p>A laps\u00e1v hely\u00e9nek be\u00e1ll\u00edt\u00e1sa.<br \/>\n<img decoding=\"async\" loading=\"lazy\" alt=\"Vivaldi laps\u00e1v\" src=\"\/\/cuccokhalomban.csillagpor.hu\/pict\/vivaldi-kepernyokep-3.jpg\" width=\"730\" height=\"513\" \/>\n<\/p>\n<p>A kezd\u0151oldal h\u00e1tt\u00e9rk\u00e9p\u00e9nek be\u00e1ll\u00edt\u00e1sa.<br \/>\n<img decoding=\"async\" loading=\"lazy\" alt=\"Vivaldi h\u00e1tt\u00e9r\" src=\"\/\/cuccokhalomban.csillagpor.hu\/pict\/vivaldi-kepernyokep-4.jpg\" width=\"730\" height=\"513\" \/>\n<\/p>\n<p>Ezek ut\u00e1n pedig megn\u00e9zhet\u00fcnk bemutat\u00f3 vide\u00f3kat, elkezdhet\u00fcnk b\u00f6ng\u00e9szni, csatlakozhatunk a k\u00f6z\u00f6ss\u00e9ghez, k\u00f6vetketj\u00fck a Vivaldit k\u00f6z\u00f6ss\u00e9gi oldalakon, sz\u00f3lhatunk bar\u00e1tainknak, hogy azt a b\u00f6ng\u00e9sz\u0151t haszn\u00e1ljuk vagy szerezhet\u00fcnk magunknak egy ingyenes Vivaldis e-mail c\u00edmet.<br \/>\n<img decoding=\"async\" loading=\"lazy\" alt=\"Vivaldi \" src=\"\/\/cuccokhalomban.csillagpor.hu\/pict\/vivaldi-kepernyokep-5.jpg\" width=\"730\" height=\"513\" \/>\n<\/p>\n<p>Vivaldi Mail postafi\u00f3k l\u00e9trehoz\u00e1sa lehets\u00e9ges itt, azaz lehet egy valami@vivaldi.net e-mail c\u00edm\u00fcnk.<br \/>\n<img decoding=\"async\" loading=\"lazy\" alt=\"Vivaldi Mail\" src=\"\/\/cuccokhalomban.csillagpor.hu\/pict\/vivaldi-kepernyokep-6.jpg\" width=\"730\" height=\"513\" \/>\n<\/p>\n<p>Itt a Vivaldi men\u00fc F\u00e1jl almen\u00fcj\u00e9b\u0151l lehets\u00e9ges a megnyitott lapokat munkamenetk\u00e9nt elmenteni, majd a mentett munkamenetet vissza\u00e1ll\u00edtani. Ez egy nagyon hasznos tulajdons\u00e1g! Tov\u00e1bb\u00e1 innen is nyithatunk ak\u00e1r egy priv\u00e1t ablakot. A h\u00e1tt\u00e9rben a gyorsh\u00edv\u00f3 oldal l\u00e1that\u00f3.<br \/>\n<img decoding=\"async\" loading=\"lazy\" alt=\"Vivaldi mentett munkamenet\" src=\"\/\/cuccokhalomban.csillagpor.hu\/pict\/vivaldi-kepernyokep-7.jpg\" width=\"730\" height=\"513\" \/>\n<\/p>\n<p>A n\u00e9zet be\u00e1ll\u00edt\u00e1si lehet\u0151s\u00e9gei, oldals\u00e1vok, k\u00f6nyvjelz\u0151s\u00e1v, nagy\u00edt\u00e1s-kicsiny\u00edt\u00e9s.<br \/>\n<img decoding=\"async\" loading=\"lazy\" alt=\"Vivaldi n\u00e9zet\" src=\"\/\/cuccokhalomban.csillagpor.hu\/pict\/vivaldi-kepernyokep-8.jpg\" width=\"730\" height=\"513\" \/>\n<\/p>\n<p>Innen \u00e9rhet\u0151k el pl. a gyorsparancsok, a r\u00f6gz\u00edt\u00e9s, t\u00f6r\u00f6lhetj\u00fck a priv\u00e1t adatokat, fentr\u0151l pedig a be\u00e1ll\u00edt\u00e1sokat nyithatjuk meg. Baloldalt l\u00e1that\u00f3 a k\u00f6nyvjelz\u0151 oldals\u00e1v, ebben rengeteg el\u0151re be\u00e1ll\u00edtott oldal tal\u00e1lhat\u00f3 kategoriz\u00e1lva.<br \/>\n<img decoding=\"async\" loading=\"lazy\" alt=\"Vivaldi oldals\u00e1v\" src=\"\/\/cuccokhalomban.csillagpor.hu\/pict\/vivaldi-kepernyokep-9.jpg\" width=\"730\" height=\"513\" \/>\n<\/p>\n<p>A fejleszt\u0151i eszk\u00f6z\u00f6k.<br \/>\n<img decoding=\"async\" loading=\"lazy\" alt=\"Vivaldi fejleszt\u0151i eszk\u00f6z\u00f6k\" src=\"\/\/cuccokhalomban.csillagpor.hu\/pict\/vivaldi-kepernyokep-10.jpg\" width=\"626\" height=\"633\" \/>\n<\/p>\n<p>Az Adobe Acrobat b\u0151v\u00edtm\u00e9ny van a b\u00f6ng\u00e9sz\u0151ben telep\u00edt\u00e9s ut\u00e1n, olvassa a PDF dokumentumokat, ha akarjuk \u00e1t is alak\u00edt egy weboldalt ebbe a form\u00e1tumba.<br \/>\n<img decoding=\"async\" loading=\"lazy\" alt=\"Vivaldi PDF olvas\u00f3\" src=\"\/\/cuccokhalomban.csillagpor.hu\/pict\/vivaldi-kepernyokep-11.jpg\" width=\"730\" height=\"513\" \/>\n<\/p>\n<p>Az oldals\u00e1vban a Jegyzetek l\u00e1that\u00f3, hozz\u00e1adhatunk egy r\u00f6gz\u00edtett k\u00e9perny\u0151r\u00e9szletet vagy teljes k\u00e9perny\u0151k\u00e9pet is, de csatolm\u00e1nyokkal is b\u0151v\u00edthetj\u00fck jegyzeteinket.<br \/>\n<img decoding=\"async\" loading=\"lazy\" alt=\"Vivaldi jegyzetek\" src=\"\/\/cuccokhalomban.csillagpor.hu\/pict\/vivaldi-kepernyokep-12.jpg\" width=\"730\" height=\"513\" \/>\n<\/p>\n<p>A Vivaldi be\u00e1ll\u00edt\u00e1sai arra az esetre, mikor indul a b\u00f6ng\u00e9sz\u0151. Bet\u00f6ltse e az el\u0151z\u0151 munkamenet lapjait, s ha igen, akkor hogy, tov\u00e1bb\u00e1 a felhaszn\u00e1l\u00f3i fel\u00fclet nyelv\u00e9t is itt tudjuk m\u00f3dos\u00edtani.<br \/>\n<img decoding=\"async\" loading=\"lazy\" alt=\"Vivaldi indul\u00e1s\" src=\"\/\/cuccokhalomban.csillagpor.hu\/pict\/vivaldi-kepernyokep-13.jpg\" width=\"730\" height=\"607\" \/>\n<\/p>\n<p>A lapok be\u00e1ll\u00edt\u00e1sai, hol helyezkedjen el a laps\u00e1v, mikor az \u00daj lap gombra vagy linkre kattintunk melyik oldal ny\u00edljon meg \u00e9s hol legyen &#8230; stb.<br \/>\n<img decoding=\"async\" loading=\"lazy\" alt=\"Vivaldi lapok\" src=\"\/\/cuccokhalomban.csillagpor.hu\/pict\/vivaldi-kepernyokep-14.jpg\" width=\"730\" height=\"607\" \/>\n<\/p>\n<p>&#8230; \u00e9s m\u00e9g tov\u00e1bbi lapbe\u00e1ll\u00edt\u00e1sok &#8230;<br \/>\n<img decoding=\"async\" loading=\"lazy\" alt=\"Vivaldi lapok m\u00e9g\" src=\"\/\/cuccokhalomban.csillagpor.hu\/pict\/vivaldi-kepernyokep-15.jpg\" width=\"730\" height=\"607\" \/>\n<\/p>\n<p>&#8230; \u00e9s a v\u00e9ge a rendk\u00edv\u00fcl r\u00e9szletes lapbe\u00e1ll\u00edt\u00f3 oldalnak, pl. a lapcsoportok \u00e9s r\u00f6gz\u00edtett lapok viselked\u00e9s\u00e9vel.<br \/>\n<img decoding=\"async\" loading=\"lazy\" alt=\"Vivaldi lapok v\u00e9ge\" src=\"\/\/cuccokhalomban.csillagpor.hu\/pict\/vivaldi-kepernyokep-16.jpg\" width=\"730\" height=\"607\" \/>\n<\/p>\n<p>Itt pedig azt \u00e1ll\u00edthatjuk, hogy hol legyen az oldals\u00e1v, legyen e kapcsol\u00f3, \u00e9s m\u00e9g jegyzetek &#8230;<br \/>\n<img decoding=\"async\" loading=\"lazy\" alt=\"Vivaldi oldals\u00e1v\" src=\"\/\/cuccokhalomban.csillagpor.hu\/pict\/vivaldi-kepernyokep-17.jpg\" width=\"730\" height=\"607\" \/>\n<\/p>\n<p>Hol legyen a c\u00edmsor \u00e9s egy\u00e9b c\u00edmsor be\u00e1ll\u00edt\u00e1sok.<br \/>\n<img decoding=\"async\" loading=\"lazy\" alt=\"Vivaldi c\u00edmsor\" src=\"\/\/cuccokhalomban.csillagpor.hu\/pict\/vivaldi-kepernyokep-18.jpg\" width=\"730\" height=\"607\" \/>\n<\/p>\n<p>K\u00f6nyvjelz\u0151kre \u00e9s a k\u00f6nyvjelz\u0151s\u00e1vra vonatkoz\u00f3 be\u00e1ll\u00edt\u00e1sok.<br \/>\n<img decoding=\"async\" loading=\"lazy\" alt=\"Vivaldi k\u00f6nyvjelz\u0151k\" src=\"\/\/cuccokhalomban.csillagpor.hu\/pict\/vivaldi-kepernyokep-19.jpg\" width=\"730\" height=\"607\" \/>\n<\/p>\n<p>Billenty\u0171zetre vonatkoz\u00f3 be\u00e1ll\u00edt\u00e1sok, \u00e9s a gyorsbillenty\u0171k testreszab\u00e1sa.<br \/>\n<img decoding=\"async\" loading=\"lazy\" alt=\"Vivaldi billenty\u0171zet\" src=\"\/\/cuccokhalomban.csillagpor.hu\/pict\/vivaldi-kepernyokep-20.jpg\" width=\"730\" height=\"607\" \/>\n<\/p>\n<p>Az eg\u00e9rmozdulatok \u00e1ll\u00edtgat\u00e1sa itt lehets\u00e9ges.<br \/>\n<img decoding=\"async\" loading=\"lazy\" alt=\"Vivaldi eg\u00e9rmozdulatok\" src=\"\/\/cuccokhalomban.csillagpor.hu\/pict\/vivaldi-kepernyokep-21.jpg\" width=\"730\" height=\"607\" \/>\n<\/p>\n<p>A keres\u0151mez\u0151 megjelenjen e a c\u00edmsorban, tov\u00e1bb\u00e1 melyik keres\u0151motor dolgozzon m\u00f6g\u00f6tte. Ha akarjuk \u00faj keres\u0151motor hozz\u00e1 is adhatunk.<br \/>\n<img decoding=\"async\" loading=\"lazy\" alt=\"Vivaldi keres\u0151\" src=\"\/\/cuccokhalomban.csillagpor.hu\/pict\/vivaldi-kepernyokep-22.jpg\" width=\"730\" height=\"607\" \/>\n<\/p>\n<p>Az Adatv\u00e9delemn\u00e9l k\u00e9rhetj\u00fck meg a weboldalakat, hogy ne k\u00f6vessenek, a Google adathal\u00e1sz v\u00e9delem alap\u00e9rtelmez\u00e9sben be van kapcsolva, tudjunk e c\u00edmmez\u0151ben keresni \u00e9s ilyenek &#8230; tov\u00e1bb\u00e1 \u00e1ll\u00edthatjuk, hogy mennyi ideig \u0151rizze meg a b\u00f6ng\u00e9sz\u00e9si el\u0151zm\u00e9nyeket.<br \/>\n<img decoding=\"async\" loading=\"lazy\" alt=\"Vivaldi adatv\u00e9delem\" src=\"\/\/cuccokhalomban.csillagpor.hu\/pict\/vivaldi-kepernyokep-23.jpg\" width=\"730\" height=\"607\" \/>\n<\/p>\n<p>Jelszavak ment\u00e9se, s\u00fctik t\u00e1rol\u00e1sa \u00e9s t\u00f6rl\u00e9se.<br \/>\n<img decoding=\"async\" loading=\"lazy\" alt=\"Vivaldi jelszavak, s\u00fctik\" src=\"\/\/cuccokhalomban.csillagpor.hu\/pict\/vivaldi-kepernyokep-24.jpg\" width=\"730\" height=\"607\" \/>\n<\/p>\n<p>A let\u00f6lt\u00e9si hely megad\u00e1sa, \u00e9s oldals\u00e1v meg \u00e9rtes\u00edt\u00e9s e t\u00e1rgyk\u00f6rben.<br \/>\n<img decoding=\"async\" loading=\"lazy\" alt=\"Vivaldi let\u00f6lt\u00e9s\" src=\"\/\/cuccokhalomban.csillagpor.hu\/pict\/vivaldi-kepernyokep-25.jpg\" width=\"730\" height=\"607\" \/>\n<\/p>\n<p>A weboldalak megjelen\u00e9s\u00e9re vonatkoz\u00f3 be\u00e1ll\u00edt\u00e1sok, \u00fagymint finom g\u00f6rget\u00e9s, f\u00f3kusz\u00e1l\u00e1s, teljes k\u00e9perny\u0151s m\u00f3d, alap\u00e9rtelmezett nagy\u00edt\u00e1s \u00e9s bet\u0171t\u00edpusok.<br \/>\n<img decoding=\"async\" loading=\"lazy\" alt=\"Vivaldi weboldalak\" src=\"\/\/cuccokhalomban.csillagpor.hu\/pict\/vivaldi-kepernyokep-26.jpg\" width=\"730\" height=\"607\" \/>\n<\/p>\n<p>K\u00f6nyvjelz\u0151k \u00e9s be\u00e1ll\u00edt\u00e1sok import\u00e1l\u00e1sa lehets\u00e9ges innen indulva &#8230;<br \/>\n<img decoding=\"async\" loading=\"lazy\" alt=\"Vivaldi k\u00f6nyvjelz\u0151k \u00e9s be\u00e1ll\u00edt\u00e1sok\" src=\"\/\/cuccokhalomban.csillagpor.hu\/pict\/vivaldi-kepernyokep-27.jpg\" width=\"730\" height=\"513\" \/>\n<\/p>\n<p>&#8230; majd el\u00e9g sok lehets\u00e9ges forr\u00e1sb\u00f3l folytatva.<br \/>\n<img decoding=\"async\" loading=\"lazy\" alt=\"Vivaldi b\u00f6ng\u00e9sz\u0151k\" src=\"\/\/cuccokhalomban.csillagpor.hu\/pict\/vivaldi-kepernyokep-28.jpg\" width=\"730\" height=\"513\" \/><\/p>\n","protected":false},"excerpt":{"rendered":"<p><a target=\"_blank\" title=\"Vivaldi k\u00e9perny\u0151k\u00e9pek\" href=\"\/\/csillagpor.hu\/remek\/programok\/vivaldi-bongeszo-kepernyokepek\" rel=\"noopener noreferrer\"><img decoding=\"async\" loading=\"lazy\" alt=\"Vivaldi\" src=\"\/\/cuccokhalomban.csillagpor.hu\/pict\/vivaldi-kicsi.jpg\" width=\"120\" height=\"70\" class=\"flr\" \/><\/a>A Vivaldi b\u00f6ng\u00e9sz\u0151 telep\u00edt\u00e9se. Ha az el\u0151z\u0151 ablakn\u00e1l &#8211; ott hol most a Simple gomb l\u00e1that\u00f3 &#8211; az Advanced-et v\u00e1lasztjuk, akkor megadhatjuk a b\u00f6ng\u00e9sz\u0151 nyelv\u00e9t &#8230; \u0151\u0151\u0151 &#8230; legyen mondjuk Hungarian, lejjebb pedig kiv\u00e1laszthatjuk, hogy csak a saj\u00e1t felhaszn\u00e1l\u00f3nknak vagy mindenkinek telep\u00edtj\u00fck e, tov\u00e1bb\u00e1 hogy esetleg hordozhat\u00f3 form\u00e1ban van e r\u00e1 sz\u00fcks\u00e9g\u00fcnk&#8230;<\/p>\n","protected":false},"author":1,"featured_media":0,"parent":0,"menu_order":0,"comment_status":"closed","ping_status":"closed","template":"","meta":{"footnotes":""},"_links":{"self":[{"href":"https:\/\/csillagpor.hu\/remek\/programok\/wp-json\/wp\/v2\/pages\/1926"}],"collection":[{"href":"https:\/\/csillagpor.hu\/remek\/programok\/wp-json\/wp\/v2\/pages"}],"about":[{"href":"https:\/\/csillagpor.hu\/remek\/programok\/wp-json\/wp\/v2\/types\/page"}],"author":[{"embeddable":true,"href":"https:\/\/csillagpor.hu\/remek\/programok\/wp-json\/wp\/v2\/users\/1"}],"replies":[{"embeddable":true,"href":"https:\/\/csillagpor.hu\/remek\/programok\/wp-json\/wp\/v2\/comments?post=1926"}],"version-history":[{"count":0,"href":"https:\/\/csillagpor.hu\/remek\/programok\/wp-json\/wp\/v2\/pages\/1926\/revisions"}],"wp:attachment":[{"href":"https:\/\/csillagpor.hu\/remek\/programok\/wp-json\/wp\/v2\/media?parent=1926"}],"curies":[{"name":"wp","href":"https:\/\/api.w.org\/{rel}","templated":true}]}}