{"id":1947,"date":"2017-09-25T20:22:35","date_gmt":"2017-09-25T18:22:35","guid":{"rendered":"http:\/\/csillagpor.hu\/remek\/programok\/?page_id=1947"},"modified":"2023-06-26T19:50:48","modified_gmt":"2023-06-26T17:50:48","slug":"microsoft-edge-kepernyokepek","status":"publish","type":"page","link":"https:\/\/csillagpor.hu\/remek\/programok\/microsoft-edge-kepernyokepek","title":{"rendered":"Microsoft Edge k\u00e9perny\u0151k\u00e9pek"},"content":{"rendered":"<p><a target=\"_blank\" title=\"Microsoft Edge\" href=\"\/\/csillagpor.hu\/remek\/programok\/microsoft-edge\" rel=\"noopener\">A Microsoft Edge<\/a> nev\u0171 b\u00f6ng\u00e9sz\u0151j\u00e9nek kezd\u0151lapja els\u0151 ind\u00edt\u00e1skor. Be\u00e1ll\u00edthatjuk alap\u00e9rtelmezett b\u00f6ng\u00e9sz\u0151nek, kiv\u00e1laszthatjuk a h\u00edrcsatorna nyelv\u00e9t&#8230;<br \/>\n<img decoding=\"async\" loading=\"lazy\" alt=\"Microsoft Edge els\u0151 ind\u00edt\u00e1s\" src=\"\/\/cuccokhalomban.csillagpor.hu\/pict\/microsoft-edge-kepernyokep-1.jpg\" width=\"730\" height=\"518\" \/>\n<\/p>\n<p>Az alap\u00e9rtelmezett b\u00f6ng\u00e9sz\u0151t \u00e9s m\u00e1s alap\u00e9rtelmez\u00e9seket Windows 10-ben m\u00e1r csak a G\u00e9ph\u00e1zban \u00e1ll\u00edthatjuk \u00e1t.<br \/>\n<img decoding=\"async\" loading=\"lazy\" alt=\"Microsoft Edge alap\u00e9rtelmez\u00e9s\" src=\"\/\/cuccokhalomban.csillagpor.hu\/pict\/microsoft-edge-kepernyokep-2.jpg\" width=\"730\" height=\"520\" \/>\n<\/p>\n<p>A h\u00edrcsatorna itt angol nyelv\u0171, n\u00e9zz\u00fck a jobb fentr\u0151l leny\u00edl\u00f3 be\u00e1ll\u00edt\u00e1sokat!<br \/>\n<img decoding=\"async\" loading=\"lazy\" alt=\"Microsoft Edge be\u00e1ll\u00edt\u00e1sok\" src=\"\/\/cuccokhalomban.csillagpor.hu\/pict\/microsoft-edge-kepernyokep-3.jpg\" width=\"730\" height=\"519\" \/>\n<\/p>\n<p>V\u00e1laszthatunk s\u00f6t\u00e9t t\u00e9m\u00e1t is.<br \/>\n<img decoding=\"async\" loading=\"lazy\" alt=\"Microsoft Edge t\u00e9ma v\u00e1laszt\u00e1s\" src=\"\/\/cuccokhalomban.csillagpor.hu\/pict\/microsoft-edge-kepernyokep-4.jpg\" width=\"730\" height=\"518\" \/>\n<\/p>\n<p>Be\u00e1ll\u00edthatjuk, hogy melyik oldallal induljon az Edge.<br \/>\n<img decoding=\"async\" loading=\"lazy\" alt=\"Microsoft Edge kezd\u0151lap\" src=\"\/\/cuccokhalomban.csillagpor.hu\/pict\/microsoft-edge-kepernyokep-5.jpg\" width=\"730\" height=\"519\" \/>\n<\/p>\n<p>Import\u00e1lhatjuk a Kedvenck\u00e9nt elmentett oldalainkat m\u00e1s b\u00f6ng\u00e9sz\u0151kb\u0151l.<br \/>\n<img decoding=\"async\" loading=\"lazy\" alt=\"Microsoft Edge kedvencek\" src=\"\/\/cuccokhalomban.csillagpor.hu\/pict\/microsoft-edge-kepernyokep-6.jpg\" width=\"730\" height=\"518\" \/>\n<\/p>\n<p>B\u00f6ng\u00e9sz\u00e9si adatok \u00e9s el\u0151zm\u00e9nyek t\u00f6rl\u00e9se finomhangolva.<br \/>\n<img decoding=\"async\" loading=\"lazy\" alt=\"Microsoft Edge el\u0151zm\u00e9nyek t\u00f6rl\u00e9se\" src=\"\/\/cuccokhalomban.csillagpor.hu\/pict\/microsoft-edge-kepernyokep-7.jpg\" width=\"730\" height=\"519\" \/>\n<\/p>\n<p>Blokkolhatjuk az el\u0151ugr\u00f3 ablakokat, a Flash haszn\u00e1lat\u00e1t, \u00e9s be\u00e1ll\u00edthatjuk hov\u00e1 t\u00f6lts\u00f6n le az Edge.<br \/>\n<img decoding=\"async\" loading=\"lazy\" alt=\"Microsoft Edge ablakok, let\u00f6lt\u00e9s\" src=\"\/\/cuccokhalomban.csillagpor.hu\/pict\/microsoft-edge-kepernyokep-8.jpg\" width=\"730\" height=\"520\" \/>\n<\/p>\n<p>Adatv\u00e9delmi be\u00e1ll\u00edt\u00e1sok, jelszavak \u00e9s \u0171rlapadatok ment\u00e9se, k\u00f6vet\u00e9sre \u00e9s a Cortan\u00e1ra vonatkoz\u00f3 opci\u00f3k&#8230;<br \/>\n<img decoding=\"async\" loading=\"lazy\" alt=\"Microsoft Edge adatv\u00e9delem\" src=\"\/\/cuccokhalomban.csillagpor.hu\/pict\/microsoft-edge-kepernyokep-9.jpg\" width=\"730\" height=\"519\" \/>\n<\/p>\n<p>&#8230; keres\u00e9sre \u00e9s a cookie-kra vonatkoz\u00f3 be\u00e1ll\u00edt\u00e1sok, no meg azt\u00e1n lapel\u0151rejelz\u00e9s \u00e9s a SmartScreen sz\u0171r\u0151.<br \/>\n<img decoding=\"async\" loading=\"lazy\" alt=\"Microsoft Edge tov\u00e1bbi adatv\u00e9delem\" src=\"\/\/cuccokhalomban.csillagpor.hu\/pict\/microsoft-edge-kepernyokep-10.jpg\" width=\"730\" height=\"520\" \/>\n<\/p>\n<p>K\u00f6zvetlen\u00fcl az Edge-b\u0151l is megnyithatunk egy oldalt <a target=\"_blank\" title=\"internet explorer\" href=\"\/\/csillagpor.hu\/remek\/programok\/internet-explorer-11\" rel=\"noopener\">Internet Explorerrel<\/a> is, ha valami nem m\u0171k\u00f6dne helyesen.<br \/>\n<img decoding=\"async\" loading=\"lazy\" alt=\"Microsoft Edge Internet Explorer\" src=\"\/\/cuccokhalomban.csillagpor.hu\/pict\/microsoft-edge-kepernyokep-11.jpg\" width=\"730\" height=\"518\" \/>\n<\/p>\n<p>Ha a men\u00fcben a B\u0151v\u00edtm\u00e9nyek lehet\u0151s\u00e9get v\u00e1lasztjuk, akkor itt megjelennek &#8230; illetve: &#8220;Itt fognak megjelenni a felvett b\u0151v\u00edtm\u00e9nyek.&#8221;<br \/>\n<img decoding=\"async\" loading=\"lazy\" alt=\"Microsoft Edge b\u0151v\u00edtm\u00e9nyek\" src=\"\/\/cuccokhalomban.csillagpor.hu\/pict\/microsoft-edge-kepernyokep-12.jpg\" width=\"730\" height=\"519\" \/>\n<\/p>\n<p>Telep\u00edthet\u00fcnk ezt-azt az \u00c1ruh\u00e1zb\u00f3l, semmi sincs el\u0151re telep\u00edtve.<br \/>\n<img decoding=\"async\" loading=\"lazy\" alt=\"Microsoft Edge \u00c1ruh\u00e1z\" src=\"\/\/cuccokhalomban.csillagpor.hu\/pict\/microsoft-edge-kepernyokep-13.jpg\" width=\"730\" height=\"513\" \/>\n<\/p>\n<p>Ha az F12 fejleszt\u0151i eszk\u00f6z\u00f6ket v\u00e1lasztjuk, akkor ide jutunk. A weboldal k\u00f3dja a DOM-tall\u00f3z\u00f3ban.<br \/>\n<img decoding=\"async\" loading=\"lazy\" alt=\"Microsoft Edge fejleszt\u0151i eszk\u00f6z\u00f6k\" src=\"\/\/cuccokhalomban.csillagpor.hu\/pict\/microsoft-edge-kepernyokep-14.jpg\" width=\"730\" height=\"520\" \/>\n<\/p>\n<p>Priv\u00e1t &#8230; vagyis InPrivate b\u00f6ng\u00e9sz\u00e9s, semmi nyom nem marad keres\u00e9s\u00fcnk, b\u00f6ng\u00e9sz\u00e9s\u00fcnk ut\u00e1n.<br \/>\n<img decoding=\"async\" loading=\"lazy\" alt=\"Microsoft Edge InPrivate\" src=\"\/\/cuccokhalomban.csillagpor.hu\/pict\/microsoft-edge-kepernyokep-15.jpg\" width=\"730\" height=\"520\" \/>\n<\/p>\n<p>Olvas\u00e1si n\u00e9zet, sallangok n\u00e9lk\u00fcl &#8230; ez esetben ez megfelel a mobil n\u00e9zetnek.<br \/>\n<img decoding=\"async\" loading=\"lazy\" alt=\"Microsoft Edge olvas\u00e1si n\u00e9zet\" src=\"\/\/cuccokhalomban.csillagpor.hu\/pict\/microsoft-edge-kepernyokep-16.jpg\" width=\"730\" height=\"518\" \/>\n<\/p>\n<p>Rajzolhatunk is m\u00e1r a b\u00f6ng\u00e9sz\u0151ben, a b\u00f6ng\u00e9sz\u0151k\u00e9p elment\u00e9se el\u0151tt.<br \/>\n<img decoding=\"async\" loading=\"lazy\" alt=\"Microsoft Edge rajzol\u00e1s\" src=\"\/\/cuccokhalomban.csillagpor.hu\/pict\/microsoft-edge-kepernyokep-17.jpg\" width=\"730\" height=\"518\" \/>\n<\/p>\n<p>T\u00f6bbf\u00e9le eszk\u00f6z\u00fcnk van t\u00f6bbf\u00e9le sz\u00ednben, de ha meggondoljuk magunkat, t\u00f6r\u00f6lhet\u00fcnk minden firk\u00e1lm\u00e1nyt egyszerre is.<br \/>\n<img decoding=\"async\" loading=\"lazy\" alt=\"Microsoft Edge minden szabadk\u00e9zi elem t\u00f6rl\u00e9se\" src=\"\/\/cuccokhalomban.csillagpor.hu\/pict\/microsoft-edge-kepernyokep-18.jpg\" width=\"730\" height=\"520\" \/>\n<\/p>\n<p>Jegyzeteket is k\u00e9sz\u00edthet\u00fcnk ily m\u00f3don&#8230;<br \/>\n<img decoding=\"async\" loading=\"lazy\" alt=\"Microsoft Edge jegyzetek\" src=\"\/\/cuccokhalomban.csillagpor.hu\/pict\/microsoft-edge-kepernyokep-19.jpg\" width=\"730\" height=\"519\" \/>\n<\/p>\n<p>.. vagy menthet\u00fcnk k\u00e9pk\u00e9nt csak egy kiv\u00e1gott r\u00e9szt is.<br \/>\n<img decoding=\"async\" loading=\"lazy\" alt=\"Microsoft Edge kiv\u00e1gott k\u00e9p\" src=\"\/\/cuccokhalomban.csillagpor.hu\/pict\/microsoft-edge-kepernyokep-20.jpg\" width=\"730\" height=\"519\" \/>\n<\/p>\n<p>\u00cd\u00ed\u00edgy ni!<br \/>\n<img decoding=\"async\" loading=\"lazy\" alt=\"Microsoft Edge kiv\u00e1g\u00e1s\" src=\"\/\/cuccokhalomban.csillagpor.hu\/pict\/microsoft-edge-kepernyokep-21.jpg\" width=\"730\" height=\"519\" \/><\/p>\n","protected":false},"excerpt":{"rendered":"<p><a target=\"_blank\" title=\"Microsoft Edge k\u00e9perny\u0151k\u00e9pek\" href=\"\/\/csillagpor.hu\/remek\/programok\/microsoft-edge-kepernyokepek\" rel=\"noopener noreferrer\"><img decoding=\"async\" loading=\"lazy\" alt=\"Edge\" src=\"\/\/cuccokhalomban.csillagpor.hu\/pict\/edge-kicsi.jpg\" width=\"100\" height=\"107\" class=\"flr\" \/><\/a>A Microsoft Edge b\u00f6ng\u00e9sz\u0151 kezd\u0151lapja els\u0151 ind\u00edt\u00e1skor. Alap\u00e9rtelmezett b\u00f6ng\u00e9sz\u0151t \u00e9s m\u00e1s alap\u00e9rtelmez\u00e9seket Windows 10-ben m\u00e1r csak a G\u00e9ph\u00e1zban \u00e1ll\u00edthatjuk \u00e1t. V\u00e1laszthatunk s\u00f6t\u00e9t t\u00e9m\u00e1t is. Import\u00e1lhatjuk a Kedvenck\u00e9nt elmentett oldalainkat m\u00e1s b\u00f6ng\u00e9sz\u0151kb\u0151l. B\u00f6ng\u00e9sz\u00e9si adatok \u00e9s el\u0151zm\u00e9nyek t\u00f6rl\u00e9se finomhangolva. Blokkolhatjuk az el\u0151ugr\u00f3 ablakokat, a Flash haszn\u00e1lat\u00e1t&#8230;<\/p>\n","protected":false},"author":1,"featured_media":0,"parent":0,"menu_order":0,"comment_status":"closed","ping_status":"closed","template":"","meta":{"footnotes":""},"_links":{"self":[{"href":"https:\/\/csillagpor.hu\/remek\/programok\/wp-json\/wp\/v2\/pages\/1947"}],"collection":[{"href":"https:\/\/csillagpor.hu\/remek\/programok\/wp-json\/wp\/v2\/pages"}],"about":[{"href":"https:\/\/csillagpor.hu\/remek\/programok\/wp-json\/wp\/v2\/types\/page"}],"author":[{"embeddable":true,"href":"https:\/\/csillagpor.hu\/remek\/programok\/wp-json\/wp\/v2\/users\/1"}],"replies":[{"embeddable":true,"href":"https:\/\/csillagpor.hu\/remek\/programok\/wp-json\/wp\/v2\/comments?post=1947"}],"version-history":[{"count":0,"href":"https:\/\/csillagpor.hu\/remek\/programok\/wp-json\/wp\/v2\/pages\/1947\/revisions"}],"wp:attachment":[{"href":"https:\/\/csillagpor.hu\/remek\/programok\/wp-json\/wp\/v2\/media?parent=1947"}],"curies":[{"name":"wp","href":"https:\/\/api.w.org\/{rel}","templated":true}]}}