{"id":1953,"date":"2017-12-16T19:23:23","date_gmt":"2017-12-16T18:23:23","guid":{"rendered":"http:\/\/csillagpor.hu\/remek\/programok\/?page_id=1953"},"modified":"2023-06-26T19:54:22","modified_gmt":"2023-06-26T17:54:22","slug":"saladin-kepernyokepek","status":"publish","type":"page","link":"https:\/\/csillagpor.hu\/remek\/programok\/saladin-kepernyokepek","title":{"rendered":"Saladin k\u00e9perny\u0151k\u00e9pek"},"content":{"rendered":"<p><a target=\"_blank\" title=\"Saladin f\u00e1jlkezel\u0151\" href=\"\/\/csillagpor.hu\/remek\/programok\/saladin-fajlkezelo\" rel=\"noopener\">A Saladin k\u00e9tpaneles f\u00e1jlkezel\u0151<\/a> ide telep\u00fcl, itt m\u00f3dos\u00edthatjuk, ha m\u00e1shov\u00e1 szeretn\u00e9nk.<br \/>\n<img decoding=\"async\" loading=\"lazy\" alt=\"Saladin f\u00e1jlkezel\u0151 telep\u00edt\u00e9s\" src=\"\/\/cuccokhalomban.csillagpor.hu\/pict\/saladin-kepernyokep-1.jpg\" width=\"499\" height=\"388\" \/>\n<\/p>\n<p>Teh\u00e1t \u00edgy n\u00e9z ki ez a j\u00f3 kis f\u00e1jlkezel\u0151 &#8230; jobb fent tal\u00e1ljuk a be\u00e1ll\u00edt\u00e1sokhoz vezet\u0151 Settings gombot.<br \/>\n<img decoding=\"async\" loading=\"lazy\" alt=\"Saladin f\u00e1jlkezel\u0151 be\u00e1ll\u00edt\u00e1sok\" src=\"\/\/cuccokhalomban.csillagpor.hu\/pict\/saladin-kepernyokep-2.jpg\" width=\"730\" height=\"419\" \/>\n<\/p>\n<p>A be\u00e1ll\u00edt\u00e1sokn\u00e1l v\u00e1laszthatunk nyelvet is, de magyar az m\u00e9g nincs sajnos.<br \/>\n<img decoding=\"async\" loading=\"lazy\" alt=\"Saladin f\u00e1jlkezel\u0151 nyelvek\" src=\"\/\/cuccokhalomban.csillagpor.hu\/pict\/saladin-kepernyokep-3.jpg\" width=\"452\" height=\"580\" \/>\n<\/p>\n<p>Itt megadhatjuk azt is, hogy indul\u00e1skor mi legyen az alap\u00e9rtelmezett meghajt\u00f3 a jobb illetve a bal panelben, tov\u00e1bb\u00e1 megjegyezze e, hogy kil\u00e9p\u00e9skor hol tartottunk.<br \/>\n<img decoding=\"async\" loading=\"lazy\" alt=\"Saladin f\u00e1jlkezel\u0151 panel be\u00e1ll\u00edt\u00e1sok\" src=\"\/\/cuccokhalomban.csillagpor.hu\/pict\/saladin-kepernyokep-4.jpg\" width=\"452\" height=\"580\" \/>\n<\/p>\n<p>Be\u00e1ll\u00edthatjuk m\u00e9g a fel\u00fclet sz\u00edn\u00e9t (theme), a bet\u0171k\u00e9szletet, enged\u00e9lyezz\u00fck e a h\u00fazd \u00e9s ejtsd m\u0171veleteket \u00e9s a friss\u00edt\u00e9s ellen\u0151rz\u00e9st is. A feljebb l\u00e1that\u00f3 Tools lehet\u0151s\u00e9gr\u0151l elfelejtettem k\u00e9pet csin\u00e1lni &#8230; majd legk\u00f6zelebb &#8230; mindenesetre ott az \u00e1ll\u00edthat\u00f3, hogy k\u00fcls\u0151 vagy bels\u0151 sz\u00f6vegszerkeszt\u0151t haszn\u00e1lunk e, s ha k\u00fcls\u0151t, akkor melyiket, megadhatjuk m\u00e9g a konzolt \u00e9s m\u00e9g f\u00e1jl-\u00f6sszehasonl\u00edt\u00e1si lehet\u0151s\u00e9g\u00fcnk van.<br \/>\n<img decoding=\"async\" loading=\"lazy\" alt=\"Saladin f\u00e1jlkezel\u0151 tov\u00e1bbi be\u00e1ll\u00edt\u00e1sok\" src=\"\/\/cuccokhalomban.csillagpor.hu\/pict\/saladin-kepernyokep-5.jpg\" width=\"452\" height=\"580\" \/>\n<\/p>\n<p>Ez lenne a dark fel\u00fclet &#8230;<br \/>\n<img decoding=\"async\" loading=\"lazy\" alt=\"Saladin f\u00e1jlkezel\u0151 s\u00f6t\u00e9t fel\u00fclet\" src=\"\/\/cuccokhalomban.csillagpor.hu\/pict\/saladin-kepernyokep-6.jpg\" width=\"730\" height=\"419\" \/>\n<\/p>\n<p>Itt most baloldalon l\u00e1that\u00f3, hogy bekapcsoltuk a l\u00e1thatatlan f\u00e1jlok mutat\u00e1s\u00e1t is, jobboldalon pedig fan\u00e9zetben b\u00f6ng\u00e9szhetj\u00fck a mapp\u00e1kat vagy FTP kapcsolatot hozhatunk l\u00e9tre.<br \/>\n<img decoding=\"async\" loading=\"lazy\" alt=\"Saladin f\u00e1jlkezel\u0151 n\u00e9zet\" src=\"\/\/cuccokhalomban.csillagpor.hu\/pict\/saladin-kepernyokep-7.jpg\" width=\"730\" height=\"419\" \/>\n<\/p>\n<p>Ja &#8230; m\u00e9giscsak \u00e9szrevettem a Tools-t :) &#8230; teh\u00e1t akkor itt v\u00e1laszthatunk sz\u00f6vegszerkeszt\u0151t, konzolt, \u00e9s hasonl\u00edthatunk \u00f6ssze f\u00e1jlokat.<br \/>\n<img decoding=\"async\" loading=\"lazy\" alt=\"Saladin f\u00e1jlkezel\u0151 eszk\u00f6z\u00f6k\" src=\"\/\/cuccokhalomban.csillagpor.hu\/pict\/saladin-kepernyokep-8.jpg\" width=\"452\" height=\"580\" \/>\n<\/p>\n<p>Egy FTP kapcsolat l\u00e9trehoz\u00e1sa.<br \/>\n<img decoding=\"async\" loading=\"lazy\" alt=\"Saladin f\u00e1jlkezel\u0151 FTP\" src=\"\/\/cuccokhalomban.csillagpor.hu\/pict\/saladin-kepernyokep-9.jpg\" width=\"402\" height=\"274\" \/>\n<\/p>\n<p>Az eszk\u00f6zt\u00e1r bez\u00e1r\u00e1sa a jobb fent l\u00e9v\u0151 Collapse &#8230; gombbal &#8230;<br \/>\n<img decoding=\"async\" loading=\"lazy\" alt=\"Saladin f\u00e1jlkezel\u0151 \" src=\"\/\/cuccokhalomban.csillagpor.hu\/pict\/saladin-kepernyokep-10.jpg\" width=\"730\" height=\"419\" \/>\n<\/p>\n<p>&#8230; \u00e9s azt\u00e1n \u00edgy n\u00e9z ki. A funkci\u00f3 men\u00fcb\u0151l lehet f\u00e1jlok \u00e1tnevez\u00e9s\u00e9t, t\u00f6rl\u00e9s\u00e9t, megn\u00e9z\u00e9s\u00e9t, szerkeszt\u00e9s\u00e9k, k\u00f6nyvt\u00e1r l\u00e9trehoz\u00e1st, kl\u00f3noz\u00e1st, stb-t el\u00e9rni, de term\u00e9szetesen ez mind m\u0171k\u00f6dik billenty\u0171 kombin\u00e1ci\u00f3kkal is.<br \/>\n<img decoding=\"async\" loading=\"lazy\" alt=\"Saladin f\u00e1jlkezel\u0151 funkci\u00f3k\" src=\"\/\/cuccokhalomban.csillagpor.hu\/pict\/saladin-kepernyokep-11.jpg\" width=\"730\" height=\"419\" \/>\n<\/p>\n<p>F\u00e1jlok, k\u00f6nyvt\u00e1rak \u00f6sszehasonl\u00edt\u00e1sa.<br \/>\n<img decoding=\"async\" loading=\"lazy\" alt=\"Saladin f\u00e1jlkezel\u0151 \u00f6sszehasonl\u00edt\u00e1s\" src=\"\/\/cuccokhalomban.csillagpor.hu\/pict\/saladin-kepernyokep-12.jpg\" width=\"730\" height=\"419\" \/>\n<\/p>\n<p>Kijel\u00f6l\u00e9s \u00e9s k\u00f6nyvjelz\u0151 k\u00e9sz\u00edt\u00e9s. A kett\u0151nek semmi k\u00f6ze egym\u00e1shoz &#8230; :)<br \/>\n<img decoding=\"async\" loading=\"lazy\" alt=\"Saladin f\u00e1jlkezel\u0151 k\u00f6nyvjelz\u0151\" src=\"\/\/cuccokhalomban.csillagpor.hu\/pict\/saladin-kepernyokep-13.jpg\" width=\"730\" height=\"419\" \/>\n<\/p>\n<p>El\u0151zm\u00e9ny men\u00fcnk is van, k\u00f6z\u00e9pen a kis \u00f3ra ikonb\u00f3l \u00e9rhet\u0151 el.<br \/>\n<img decoding=\"async\" loading=\"lazy\" alt=\"Saladin f\u00e1jlkezel\u0151 el\u0151zm\u00e9ny\" src=\"\/\/cuccokhalomban.csillagpor.hu\/pict\/saladin-kepernyokep-14.jpg\" width=\"730\" height=\"419\" \/><\/p>\n","protected":false},"excerpt":{"rendered":"<p><a target=\"_blank\" title=\"Saladin k\u00e9perny\u0151k\u00e9pek\" href=\"\/\/csillagpor.hu\/remek\/programok\/saladin-kepernyokepek\" rel=\"noopener noreferrer\"><img decoding=\"async\" loading=\"lazy\" alt=\"Saladin k\u00e9perny\u0151k\u00e9pek\" src=\"\/\/cuccokhalomban.csillagpor.hu\/pict\/saladin-kicsi.jpg\" width=\"120\" height=\"69\" class=\"flr\" \/><\/a>A Saladin k\u00e9tpaneles f\u00e1jlkezel\u0151 &#8230; jobb fent tal\u00e1ljuk a be\u00e1ll\u00edt\u00e1sokhoz vezet\u0151 Settings gombot. Megadhatjuk azt is, hogy indul\u00e1skor mi legyen az alap\u00e9rtelmezett meghajt\u00f3 a jobb illetve a bal panelben, tov\u00e1bb\u00e1 megjegyezze e, hogy kil\u00e9p\u00e9skor hol tartottunk. Be\u00e1ll\u00edthatjuk m\u00e9g a fel\u00fclet sz\u00edn\u00e9t, a bet\u0171k\u00e9szletet, enged\u00e9lyezz\u00fck e a h\u00fazd \u00e9s ejtsd m\u0171veleteket \u00e9s a friss\u00edt\u00e9s ellen\u0151rz\u00e9st, k\u00fcls\u0151 vagy bels\u0151 sz\u00f6vegszerkeszt\u0151t haszn\u00e1lunk e&#8230;<\/p>\n","protected":false},"author":1,"featured_media":0,"parent":0,"menu_order":0,"comment_status":"closed","ping_status":"closed","template":"","meta":{"footnotes":""},"_links":{"self":[{"href":"https:\/\/csillagpor.hu\/remek\/programok\/wp-json\/wp\/v2\/pages\/1953"}],"collection":[{"href":"https:\/\/csillagpor.hu\/remek\/programok\/wp-json\/wp\/v2\/pages"}],"about":[{"href":"https:\/\/csillagpor.hu\/remek\/programok\/wp-json\/wp\/v2\/types\/page"}],"author":[{"embeddable":true,"href":"https:\/\/csillagpor.hu\/remek\/programok\/wp-json\/wp\/v2\/users\/1"}],"replies":[{"embeddable":true,"href":"https:\/\/csillagpor.hu\/remek\/programok\/wp-json\/wp\/v2\/comments?post=1953"}],"version-history":[{"count":0,"href":"https:\/\/csillagpor.hu\/remek\/programok\/wp-json\/wp\/v2\/pages\/1953\/revisions"}],"wp:attachment":[{"href":"https:\/\/csillagpor.hu\/remek\/programok\/wp-json\/wp\/v2\/media?parent=1953"}],"curies":[{"name":"wp","href":"https:\/\/api.w.org\/{rel}","templated":true}]}}