{"id":1965,"date":"2019-01-07T18:53:44","date_gmt":"2019-01-07T17:53:44","guid":{"rendered":"http:\/\/csillagpor.hu\/remek\/programok\/?page_id=1965"},"modified":"2023-06-26T19:35:27","modified_gmt":"2023-06-26T17:35:27","slug":"bovitett-ccleaner-ccenhancer-kepernyokepek","status":"publish","type":"page","link":"https:\/\/csillagpor.hu\/remek\/programok\/bovitett-ccleaner-ccenhancer-kepernyokepek","title":{"rendered":"A b\u0151v\u00edtett Windows 10 takar\u00edt\u00f3 CCleaner k\u00e9perny\u0151k\u00e9pei"},"content":{"rendered":"<p>A <a target=\"_blank\" title=\"CCleaner \u00e9s CCEnhancer\" href=\"\/\/csillagpor.hu\/remek\/programok\/ccleaner-elore-telepitett-ccenhancerrel\" rel=\"noopener\">CCleaner CCEnhancerrel b\u0151v\u00edtve<\/a> Windows 10 megjelen\u00edti \u00e9s t\u00f6r\u00f6lhet\u0151v\u00e9 teszi az egy\u00e9bk\u00e9nt nem elt\u00e1vol\u00edthat\u00f3, el\u0151re telep\u00edtett Windows 10 alkalmaz\u00e1sokat is. Innen egy-k\u00e9t kiv\u00e9tellel szinte b\u00e1rmi elt\u00e1vol\u00edthat\u00f3&#8230;<br \/>\n<img decoding=\"async\" loading=\"lazy\" alt=\"CCleaner CCEnhancerrel elt\u00e1vol\u00edthat\u00f3 Windows alkalmaz\u00e1sok\" src=\"\/\/cuccokhalomban.csillagpor.hu\/pict\/ccleaner-ccenhancer-w10-kepernyokep-2.jpg\" width=\"730\" height=\"530\" \/>\n<\/p>\n<p>&#8230; \u00e9s itt l\u00e1that\u00f3 m\u00e9g az alkalmaz\u00e1sok v\u00e9ge.<br \/>\n<img decoding=\"async\" loading=\"lazy\" alt=\"elt\u00e1vol\u00edthat\u00f3 Windows alkalmaz\u00e1sok\" src=\"\/\/cuccokhalomban.csillagpor.hu\/pict\/ccleaner-ccenhancer-w10-kepernyokep-1.jpg\" width=\"730\" height=\"530\" \/>\n<\/p>\n<p>Itt takar\u00edthatjuk ki a feljebb l\u00e1that\u00f3 alkalmaz\u00e1sok f\u00e1jl \u00e9s k\u00f6nyvt\u00e1r marad\u00e9kait is.<br \/>\n<img decoding=\"async\" loading=\"lazy\" alt=\"alkalmaz\u00e1sok marad\u00e9kai\" src=\"\/\/cuccokhalomban.csillagpor.hu\/pict\/ccleaner-ccenhancer-w10-kepernyokep-5.jpg\" width=\"730\" height=\"534\" \/>\n<\/p>\n<p>Az automatikusan indul\u00f3 Windows programok k\u00f6z\u00fcl is nyugodtan t\u00f6r\u00f6lhetj\u00fck a OneDrive-ot, na persze ha nincs r\u00e1 sz\u00fcks\u00e9g\u00fcnk.<br \/>\n<img decoding=\"async\" loading=\"lazy\" alt=\"automatikus OneDrive t\u00f6r\u00f6l\" src=\"\/\/cuccokhalomban.csillagpor.hu\/pict\/ccleaner-ccenhancer-w10-kepernyokep-4.jpg\" width=\"730\" height=\"523\" \/>\n<\/p>\n<p>\u00dctemezett feladatok k\u00f6z\u00fcl is kitakar\u00edthat\u00f3 a OneDrive.<br \/>\n<img decoding=\"async\" loading=\"lazy\" alt=\"OneDrive t\u0171n\u00e9s!\" src=\"\/\/cuccokhalomban.csillagpor.hu\/pict\/ccleaner-ccenhancer-w10-kepernyokep-3.jpg\" width=\"730\" height=\"524\" \/><\/p>\n","protected":false},"excerpt":{"rendered":"<p><a target=\"_blank\" title=\"b\u0151v\u00edtett Windows 10 takar\u00edt\u00f3 CCleaner k\u00e9perny\u0151k\u00e9pei\" href=\"\/\/csillagpor.hu\/remek\/programok\/bovitett-ccleaner-ccenhancer-kepernyokepek\" rel=\"noopener noreferrer\"><img decoding=\"async\" loading=\"lazy\" alt=\"b\u0151v\u00edtett Windows 10 takar\u00edt\u00f3 CCleaner k\u00e9perny\u0151k\u00e9pei\" src=\"\/\/cuccokhalomban.csillagpor.hu\/pict\/ccleaner-ccenhancer-w10-front.jpg\" width=\"300\" height=\"219\" \/><\/a><br \/>A CCleaner CCEnhancerrel b\u0151v\u00edtve Windows 10 megjelen\u00edti \u00e9s t\u00f6r\u00f6lhet\u0151v\u00e9 teszi az egy\u00e9bk\u00e9nt nem elt\u00e1vol\u00edthat\u00f3, el\u0151re telep\u00edtett Windows 10 alkalmaz\u00e1sokat is. Itt takar\u00edthatjuk ki a feljebb l\u00e1that\u00f3 alkalmaz\u00e1sok f\u00e1jl \u00e9s k\u00f6nyvt\u00e1r marad\u00e9kait is&#8230;<\/p>\n","protected":false},"author":1,"featured_media":0,"parent":0,"menu_order":0,"comment_status":"closed","ping_status":"closed","template":"","meta":{"footnotes":""},"_links":{"self":[{"href":"https:\/\/csillagpor.hu\/remek\/programok\/wp-json\/wp\/v2\/pages\/1965"}],"collection":[{"href":"https:\/\/csillagpor.hu\/remek\/programok\/wp-json\/wp\/v2\/pages"}],"about":[{"href":"https:\/\/csillagpor.hu\/remek\/programok\/wp-json\/wp\/v2\/types\/page"}],"author":[{"embeddable":true,"href":"https:\/\/csillagpor.hu\/remek\/programok\/wp-json\/wp\/v2\/users\/1"}],"replies":[{"embeddable":true,"href":"https:\/\/csillagpor.hu\/remek\/programok\/wp-json\/wp\/v2\/comments?post=1965"}],"version-history":[{"count":0,"href":"https:\/\/csillagpor.hu\/remek\/programok\/wp-json\/wp\/v2\/pages\/1965\/revisions"}],"wp:attachment":[{"href":"https:\/\/csillagpor.hu\/remek\/programok\/wp-json\/wp\/v2\/media?parent=1965"}],"curies":[{"name":"wp","href":"https:\/\/api.w.org\/{rel}","templated":true}]}}