{"id":562,"date":"2011-05-24T14:54:47","date_gmt":"2011-05-24T12:54:47","guid":{"rendered":"http:\/\/csillagpor.hu\/remek\/programok\/?page_id=562"},"modified":"2022-06-30T18:03:11","modified_gmt":"2022-06-30T16:03:11","slug":"photo-editor-screenshot","status":"publish","type":"page","link":"https:\/\/csillagpor.hu\/remek\/programok\/photo-editor-screenshot","title":{"rendered":"Photo! Editor k\u00e9perny\u0151k\u00e9pek"},"content":{"rendered":"<p><a target=\"_blank\" href=\"\/\/csillagpor.hu\/remek\/programok\/kepszerkeszto-programok\" rel=\"noopener noreferrer\">Photo! Editor k\u00e9pszerkeszt\u0151<\/a>, a f\u00e1jlkezel\u0151j\u00e9b\u0151l bet\u00f6ltve egy k\u00e9p.<br \/>\n<img decoding=\"async\" loading=\"lazy\" alt=\"Photo! Editor f\u00e1jlkezel\u0151\" src=\"\/\/cuccokhalomban.csillagpor.hu\/pict\/photo-editor-screenshot-1.jpg\" width=\"730\" height=\"453\" \/>\n<\/p>\n<p>Karikat\u00fara eszk\u00f6z, medv\u00e9t neh\u00e9z karik\u00edrozni!<br \/>\n<img decoding=\"async\" loading=\"lazy\" alt=\"Photo! Editor karikat\u00fara\" src=\"\/\/cuccokhalomban.csillagpor.hu\/pict\/photo-editor-screenshot-2.jpg\" width=\"730\" height=\"453\" \/>\n<\/p>\n<p>Na, l\u00e1nnyal jobb &#8230; smink eszk\u00f6z\u00f6kkel sokat jav\u00edthatunk b\u0151r\u00fcnk b\u00e1rmelyik fel\u00fclet\u00e9n, pl. az arcon.<br \/>\n<img decoding=\"async\" loading=\"lazy\" alt=\"Photo! Editor b\u0151r jav\u00edt\u00e1s\" src=\"\/\/cuccokhalomban.csillagpor.hu\/pict\/photo-editor-screenshot-3.jpg\" width=\"705\" height=\"500\" \/>\n<\/p>\n<p>Vil\u00e1gos\u00edt\u00e1s effekt, 3D f\u00e9nyt v\u00e1laszthatunk a f\u00e9nyk\u00e9p\u00fcnkre.<br \/>\n<img decoding=\"async\" loading=\"lazy\" alt=\"Photo! Editor vil\u00e1gos\u00edt\u00e1s\" src=\"\/\/cuccokhalomban.csillagpor.hu\/pict\/photo-editor-screenshot-4.jpg\" width=\"643\" height=\"500\" \/>\n<\/p>\n<p>A vil\u00e1gos\u00edt\u00e1s k\u00e9zi finomhangol\u00e1si lehet\u0151s\u00e9gei.<br \/>\n<img decoding=\"async\" loading=\"lazy\" alt=\"Photo! Editor finomhangol\u00e1s\" src=\"\/\/cuccokhalomban.csillagpor.hu\/pict\/photo-editor-screenshot-5.jpg\" width=\"644\" height=\"500\" \/>\n<\/p>\n<p>Kiegyenes\u00edt\u00e9s eszk\u00f6z, ha a k\u00e9p horizontja nem megfelel\u0151 sz\u00e1munkra.<br \/>\n<img decoding=\"async\" loading=\"lazy\" alt=\"Photo! Editor kiegyenes\u00edt\u00e9s\" src=\"\/\/cuccokhalomban.csillagpor.hu\/pict\/photo-editor-screenshot-6.jpg\" width=\"631\" height=\"500\" \/>\n<\/p>\n<p>Resample, azaz \u00e1tm\u00e9retez\u00e9s, v\u00e1g\u00e1s sablon m\u00e9retekre, vagy k\u00e9zzel be\u00e1ll\u00edtva.<br \/>\n<img decoding=\"async\" loading=\"lazy\" alt=\"Photo! Editor \u00e1tm\u00e9retez\u00e9s\" src=\"\/\/cuccokhalomban.csillagpor.hu\/pict\/photo-editor-screenshot-7.jpg\" width=\"679\" height=\"500\" \/>\n<\/p>\n<p>V\u00e1g\u00e1s, vagy a k\u00e9p egyes r\u00e9szleteihez m\u00e9rten, vagy m\u00e9retre, felbont\u00e1s \u00e1ll\u00edt\u00e1ssal.<br \/>\n<img decoding=\"async\" loading=\"lazy\" alt=\"Photo! Editor v\u00e1g\u00e1s\" src=\"\/\/cuccokhalomban.csillagpor.hu\/pict\/photo-editor-screenshot-8.jpg\" width=\"667\" height=\"500\" \/>\n<\/p>\n<p>Deblur, digit\u00e1lis elmos\u00e1s elt\u00e1vol\u00edt\u00e1sa, vagyis \u00e9les\u00edt\u00e9s a kijel\u00f6lt ter\u00fcleten.<br \/>\n<img decoding=\"async\" loading=\"lazy\" alt=\"Photo! Editor deblur\" src=\"\/\/cuccokhalomban.csillagpor.hu\/pict\/photo-editor-screenshot-9.jpg\" width=\"657\" height=\"500\" \/>\n<\/p>\n<p>F\u00e9ny t\u00f3nus be\u00e1ll\u00edt\u00e1sok, v\u00e1ltozatok vagy sz\u00ednkorrekci\u00f3.<br \/>\n<img decoding=\"async\" loading=\"lazy\" alt=\"Photo! Editor f\u00e9ny t\u00f3nus\" src=\"\/\/cuccokhalomban.csillagpor.hu\/pict\/photo-editor-screenshot-10.jpg\" width=\"526\" height=\"500\" \/><\/p>\n","protected":false},"excerpt":{"rendered":"<p><a target=\"_blank\" title=\"photo editor k\u00e9perny\u0151k\u00e9pek\" href=\"\/\/csillagpor.hu\/remek\/programok\/photo-editor-screenshot\" rel=\"noopener noreferrer\"><img decoding=\"async\" loading=\"lazy\" target=\"_blank\" alt=\"Photo! Editor\" src=\"\/\/cuccokhalomban.csillagpor.hu\/pict\/photoeditor.jpg\" width=\"120\" height=\"77\" class=\"flr\" \/><\/a>Photo! Editor k\u00e9pszerkeszt\u0151, a f\u00e1jlkezel\u0151j\u00e9b\u0151l bet\u00f6ltve egy k\u00e9p. Karikat\u00fara eszk\u00f6z, medv\u00e9t neh\u00e9z karik\u00edrozni! Na, l\u00e1nnyal jobb &#8230; smink eszk\u00f6z\u00f6kkel sokat jav\u00edthatunk b\u0151r\u00fcnk b\u00e1rmelyik fel\u00fclet\u00e9n, pl. az arcon. Vil\u00e1gos\u00edt\u00e1s effekt, 3D f\u00e9nyt v\u00e1laszthatunk a f\u00e9nyk\u00e9p\u00fcnkre&#8230;<\/p>\n","protected":false},"author":1,"featured_media":0,"parent":0,"menu_order":0,"comment_status":"closed","ping_status":"closed","template":"","meta":{"footnotes":""},"_links":{"self":[{"href":"https:\/\/csillagpor.hu\/remek\/programok\/wp-json\/wp\/v2\/pages\/562"}],"collection":[{"href":"https:\/\/csillagpor.hu\/remek\/programok\/wp-json\/wp\/v2\/pages"}],"about":[{"href":"https:\/\/csillagpor.hu\/remek\/programok\/wp-json\/wp\/v2\/types\/page"}],"author":[{"embeddable":true,"href":"https:\/\/csillagpor.hu\/remek\/programok\/wp-json\/wp\/v2\/users\/1"}],"replies":[{"embeddable":true,"href":"https:\/\/csillagpor.hu\/remek\/programok\/wp-json\/wp\/v2\/comments?post=562"}],"version-history":[{"count":0,"href":"https:\/\/csillagpor.hu\/remek\/programok\/wp-json\/wp\/v2\/pages\/562\/revisions"}],"wp:attachment":[{"href":"https:\/\/csillagpor.hu\/remek\/programok\/wp-json\/wp\/v2\/media?parent=562"}],"curies":[{"name":"wp","href":"https:\/\/api.w.org\/{rel}","templated":true}]}}