{"id":563,"date":"2011-05-24T17:54:16","date_gmt":"2011-05-24T15:54:16","guid":{"rendered":"http:\/\/csillagpor.hu\/remek\/programok\/?page_id=563"},"modified":"2022-06-30T18:19:45","modified_gmt":"2022-06-30T16:19:45","slug":"free-download-manager-screenshot","status":"publish","type":"page","link":"https:\/\/csillagpor.hu\/remek\/programok\/free-download-manager-screenshot","title":{"rendered":"Free Download Manager k\u00e9perny\u0151k\u00e9pek &#8211; r\u00e9gi"},"content":{"rendered":"<p>&rarr; <a target=\"_blank\" title=\"free download manager k\u00e9perny\u0151k\u00e9pek\" href=\"\/\/csillagpor.hu\/remek\/programok\/free-download-manager-kepernyokepek\" rel=\"noopener noreferrer\">Az \u00fajabb verzi\u00f3 k\u00e9perny\u0151k\u00e9pei<\/a><\/p>\n<p>A <a target=\"_blank\" title=\"free download manager\" href=\"\/\/csillagpor.hu\/remek\/programok\/free-download-manager-letoltese\" rel=\"noopener noreferrer\">Free Download Manager let\u00f6lt\u00e9s vez\u00e9rl\u0151<\/a> telep\u00edt\u00e9se elej\u00e9n \u00e9n nem szoktam enged\u00e9lyezni a FDM Community opci\u00f3t.<br \/>\n<img decoding=\"async\" loading=\"lazy\" alt=\"Free Download Manager telep\u00edt\u00e9s\" src=\"\/\/cuccokhalomban.csillagpor.hu\/pict\/free-download-manager-screenshot-1.jpg\" width=\"503\" height=\"388\" \/>\n<\/p>\n<p>\u00cdgy indul a program, illetve a lent a Napl\u00f3 az akt\u00edv, nem a M\u00e9dia el\u0151n\u00e9zet\/konvert\u00e1l\u00e1s.<br \/>\n<img decoding=\"async\" loading=\"lazy\" alt=\"Free Download Manager m\u00e9dia el\u0151n\u00e9zet\" src=\"\/\/cuccokhalomban.csillagpor.hu\/pict\/free-download-manager-screenshot-2.jpg\" width=\"730\" height=\"425\" \/>\n<\/p>\n<p>L\u00e9trehozhatunk hordozhat\u00f3 verzi\u00f3t is, a program seg\u00edt ebben.<br \/>\n<img decoding=\"async\" loading=\"lazy\" alt=\"hordozhat\u00f3 Free Download Manager\" src=\"\/\/cuccokhalomban.csillagpor.hu\/pict\/free-download-manager-screenshot-3.jpg\" width=\"730\" height=\"425\" \/>\n<\/p>\n<p>Be\u00e1ll\u00edt\u00e1sok &#8211; Alternat\u00edv URL-ek automatikus keres\u00e9se. Amellett, hogy t\u00f6bb sz\u00e1lon t\u00f6lt egy szerverr\u0151l, legink\u00e1bb az gyors\u00edtja a let\u00f6lt\u00e9st, hogy m\u00e1s szerveren is keres.<br \/>\n<img decoding=\"async\" loading=\"lazy\" alt=\"Free Download Manager - alternat\u00edv URL\" src=\"\/\/cuccokhalomban.csillagpor.hu\/pict\/free-download-manager-screenshot-4.jpg\" width=\"730\" height=\"425\" \/>\n<\/p>\n<p>Figyel\u00e9s &#8211; Figyelheti a v\u00e1g\u00f3lapot, a b\u00f6ng\u00e9sz\u0151ket, \u00e9s automatikusan ind\u00edtja a let\u00f6lt\u00e9st.<br \/>\n<img decoding=\"async\" loading=\"lazy\" alt=\"Free Download Manager v\u00e1g\u00f3lap figyel\u00e9s\" src=\"\/\/cuccokhalomban.csillagpor.hu\/pict\/free-download-manager-screenshot-5.jpg\" width=\"730\" height=\"425\" \/>\n<\/p>\n<p>Flash vide\u00f3 let\u00f6lt\u00e9se, ezekbe a b\u00f6ng\u00e9sz\u0151kbe \u00e9p\u00fclhet be a let\u00f6lt\u0151 plugin.<br \/>\n<img decoding=\"async\" loading=\"lazy\" alt=\"Free Download Manager flash vide\u00f3\" src=\"\/\/cuccokhalomban.csillagpor.hu\/pict\/free-download-manager-screenshot-6.jpg\" width=\"730\" height=\"425\" \/>\n<\/p>\n<p>Ha a Gy\u0171jt\u0151kos\u00e1rra vagy az \u00f3ra melletti FDM ikonj\u00e1ra jobb gombbal kattintunk, akkor ezt a men\u00fct l\u00e1thatjuk.<br \/>\n<img decoding=\"async\" loading=\"lazy\" alt=\"Free Download Manager gy\u0171jt\u0151kos\u00e1r\" src=\"\/\/cuccokhalomban.csillagpor.hu\/pict\/free-download-manager-screenshot-7.jpg\" width=\"345\" height=\"455\" \/>\n<\/p>\n<p>Let\u00f6lt\u00e9s hozz\u00e1ad\u00e1sa, let\u00f6ltetj\u00fck vele saj\u00e1t mag\u00e1t. Kateg\u00f3ri\u00e1k szerint k\u00f6nyvt\u00e1rakba rendezve is let\u00f6lthet\u00fcnk.<br \/>\n<img decoding=\"async\" loading=\"lazy\" alt=\"Free Download Manager let\u00f6lt\u00e9s hozz\u00e1ad\u00e1sa\" src=\"\/\/cuccokhalomban.csillagpor.hu\/pict\/free-download-manager-screenshot-8.jpg\" width=\"730\" height=\"425\" \/>\n<\/p>\n<p>A let\u00f6lt\u00e9s folyamatban, t\u00f6bb sz\u00e1lon.<br \/>\n<img decoding=\"async\" loading=\"lazy\" alt=\"Free Download Manager let\u00f6lt\u00e9s t\u00f6bb sz\u00e1lon\" src=\"\/\/cuccokhalomban.csillagpor.hu\/pict\/free-download-manager-screenshot-9.jpg\" width=\"730\" height=\"425\" \/>\n<\/p>\n<p>A let\u00f6lt\u00f6tt f\u00e1jllal sok mindent csin\u00e1lhatunk, pl: v\u00edrusellen\u0151rz\u00e9s, futtat\u00e1s, \u00e1talak\u00edt\u00e1s, kicsomagol\u00e1s, stb.<br \/>\n<img decoding=\"async\" loading=\"lazy\" alt=\"Free Download Manager\" src=\"\/\/cuccokhalomban.csillagpor.hu\/pict\/free-download-manager-screenshot-10.jpg\" width=\"730\" height=\"425\" \/><\/p>\n","protected":false},"excerpt":{"rendered":"<p><a target=\"_blank\" title=\"Free Download Manager k\u00e9perny\u0151k\u00e9pek\" href=\"\/\/csillagpor.hu\/remek\/programok\/free-download-manager-screenshot\" rel=\"noopener noreferrer\"><img decoding=\"async\" loading=\"lazy\" alt=\"Free Download Manager\" src=\"\/\/cuccokhalomban.csillagpor.hu\/pict\/free-download-manager-kicsi.jpg\" width=\"100\" height=\"59\" class=\"flr\" \/><\/a>A Free Download Manager let\u00f6lt\u00e9s vez\u00e9rl\u0151 telep\u00edt\u00e9se elej\u00e9n \u00e9n nem szoktam enged\u00e9lyezni a FDM Community opci\u00f3t. \u00cdgy indul a program, illetve a lent a Napl\u00f3 az akt\u00edv, nem a M\u00e9dia el\u0151n\u00e9zet\/konvert\u00e1l\u00e1s. L\u00e9trehozhatunk hordozhat\u00f3 verzi\u00f3t is, a program seg\u00edt ebben. Be\u00e1ll\u00edt\u00e1sok &#8211; Alternat\u00edv URL-ek automatikus keres\u00e9se. Amellett, hogy t\u00f6bb sz\u00e1lon t\u00f6lt egy szerverr\u0151l, legink\u00e1bb az gyors\u00edtja a let\u00f6lt\u00e9st, hogy m\u00e1s szerveren is keres&#8230;<\/p>\n","protected":false},"author":1,"featured_media":0,"parent":0,"menu_order":0,"comment_status":"closed","ping_status":"closed","template":"","meta":{"footnotes":""},"_links":{"self":[{"href":"https:\/\/csillagpor.hu\/remek\/programok\/wp-json\/wp\/v2\/pages\/563"}],"collection":[{"href":"https:\/\/csillagpor.hu\/remek\/programok\/wp-json\/wp\/v2\/pages"}],"about":[{"href":"https:\/\/csillagpor.hu\/remek\/programok\/wp-json\/wp\/v2\/types\/page"}],"author":[{"embeddable":true,"href":"https:\/\/csillagpor.hu\/remek\/programok\/wp-json\/wp\/v2\/users\/1"}],"replies":[{"embeddable":true,"href":"https:\/\/csillagpor.hu\/remek\/programok\/wp-json\/wp\/v2\/comments?post=563"}],"version-history":[{"count":0,"href":"https:\/\/csillagpor.hu\/remek\/programok\/wp-json\/wp\/v2\/pages\/563\/revisions"}],"wp:attachment":[{"href":"https:\/\/csillagpor.hu\/remek\/programok\/wp-json\/wp\/v2\/media?parent=563"}],"curies":[{"name":"wp","href":"https:\/\/api.w.org\/{rel}","templated":true}]}}