{"id":564,"date":"2011-05-25T15:12:13","date_gmt":"2011-05-25T13:12:13","guid":{"rendered":"http:\/\/csillagpor.hu\/remek\/programok\/?page_id=564"},"modified":"2022-06-30T18:18:58","modified_gmt":"2022-06-30T16:18:58","slug":"google-chrome-screenshot","status":"publish","type":"page","link":"https:\/\/csillagpor.hu\/remek\/programok\/google-chrome-screenshot","title":{"rendered":"Google Chrome k\u00e9perny\u0151k\u00e9pek"},"content":{"rendered":"<p><a target=\"_blank\" title=\"google chrome\" href=\"\/\/csillagpor.hu\/remek\/programok\/google-chrome-letoltese\" rel=\"noopener noreferrer\">A Chrome<\/a> <a target=\"_blank\" href=\"\/\/csillagpor.hu\/remek\/programok\/internet-bongeszo\" rel=\"noopener noreferrer\">b\u00f6ng\u00e9sz\u0151<\/a> els\u0151 ind\u00edt\u00e1skor felaj\u00e1nlja, hogy jelentkezz\u00fcnk be Google profilunkkal, hogy mindenhonnan el\u00e9rhess\u00fck az el\u0151zm\u00e9nyeket, k\u00f6nyvjelz\u0151ket, be\u00e1ll\u00edt\u00e1sokat.<br \/>\n<img decoding=\"async\" loading=\"lazy\" alt=\"Google Chrome b\u00f6ng\u00e9sz\u0151\" src=\"\/\/cuccokhalomban.csillagpor.hu\/pict\/google-chrome-screenshot-1.jpg\" width=\"730\" height=\"478\" \/>\n<\/p>\n<p>Egy \u00fcdv\u00f6zl\u0151 \u00e9s oktat\u00f3 lap, \u00e9s a be\u00e1ll\u00edt\u00e1sok men\u00fc, innen \u00e9rhet\u0151 el pl. az inkognit\u00f3ablak, nagy\u00edt\u00e1s, eszk\u00f6z\u00f6k, be\u00e1ll\u00edt\u00e1sok&#8230;<br \/>\n<img decoding=\"async\" loading=\"lazy\" alt=\"Google Chrome \u00fcdv\u00f6zlet\" src=\"\/\/cuccokhalomban.csillagpor.hu\/pict\/google-chrome-screenshot-2.jpg\" width=\"730\" height=\"478\" \/>\n<\/p>\n<p>A Programok lap, ha feltelep\u00edtj\u00fck pl. az Angry Birds kieg\u00e9sz\u00edt\u0151t, akkor sok m\u00e1s alkalmaz\u00e1s mellett innen lesz el\u00e9rhet\u0151.<br \/>\n<img decoding=\"async\" loading=\"lazy\" alt=\"Google Chrome programok\" src=\"\/\/cuccokhalomban.csillagpor.hu\/pict\/google-chrome-screenshot-3.jpg\" width=\"730\" height=\"478\" \/>\n<\/p>\n<p>Gyakran l\u00e1togatott oldalak lapja.<br \/>\n<img decoding=\"async\" loading=\"lazy\" alt=\"Google Chrome gyakran l\u00e1togatott oldalak\" src=\"\/\/cuccokhalomban.csillagpor.hu\/pict\/google-chrome-screenshot-4.jpg\" width=\"730\" height=\"479\" \/>\n<\/p>\n<p>Inkognit\u00f3 m\u00f3d. &#8220;Nincs hat\u00e1ssal m\u00e1s szem\u00e9lyek, szerverek vagy szoftverek viselked\u00e9s\u00e9re.&#8221; Semmit nem \u0151r\u00edz meg b\u00f6ng\u00e9sz\u00e9s\u00fcnkb\u0151l.<br \/>\n<img decoding=\"async\" loading=\"lazy\" alt=\"Google Chrome inkognit\u00f3 m\u00f3d\" src=\"\/\/cuccokhalomban.csillagpor.hu\/pict\/google-chrome-screenshot-5.jpg\" width=\"730\" height=\"479\" \/>\n<\/p>\n<p>Chrome halad\u00f3 be\u00e1ll\u00edt\u00e1sok, pl: adathal\u00e1szat, jelsz\u00f3 ment\u00e9s be\u00e1ll\u00edt\u00e1sa, b\u00f6ng\u00e9sz\u00e9si adatok t\u00f6rl\u00e9se, proxy be\u00e1ll\u00edt\u00e1sok.<br \/>\n<img decoding=\"async\" loading=\"lazy\" alt=\"Google Chrome halad\u00f3 be\u00e1ll\u00edt\u00e1sok\" src=\"\/\/cuccokhalomban.csillagpor.hu\/pict\/google-chrome-screenshot-6.jpg\" width=\"730\" height=\"478\" \/>\n<\/p>\n<p>Chrome Internetes \u00e1ruh\u00e1z. Rengeteg b\u0151v\u00edtm\u00e9nnyel eg\u00e9sz\u00edthetj\u00fck ki a Chrome b\u00f6ng\u00e9sz\u0151t.<br \/>\n<img decoding=\"async\" loading=\"lazy\" alt=\"Google Chrome internetes \u00e1ruh\u00e1z\" src=\"\/\/cuccokhalomban.csillagpor.hu\/pict\/google-chrome-screenshot-7.jpg\" width=\"730\" height=\"480\" \/>\n<\/p>\n<p>Megn\u00e9zhet\u0151 a mem\u00f3ria haszn\u00e1lat is.<br \/>\n<img decoding=\"async\" loading=\"lazy\" alt=\"Google Chrome mem\u00f3ria haszn\u00e1lat\" src=\"\/\/cuccokhalomban.csillagpor.hu\/pict\/google-chrome-screenshot-8.jpg\" width=\"730\" height=\"478\" \/>\n<\/p>\n<p>Egy weboldal forr\u00e1sk\u00f3dj\u00e1nak megn\u00e9z\u00e9se, k\u00f3dkiemel\u00e9ssel.<br \/>\n<img decoding=\"async\" loading=\"lazy\" alt=\"Google Chrome forr\u00e1sk\u00f3d n\u00e9zet\" src=\"\/\/cuccokhalomban.csillagpor.hu\/pict\/google-chrome-screenshot-9.jpg\" width=\"730\" height=\"478\" \/>\n<\/p>\n<p>Forr\u00e1s megtekint\u00e9se, \u00e9s fejleszt\u0151i eszk\u00f6z\u00f6k. A bet\u00f6lt\u0151d\u00e9s sebess\u00e9g\u00e9t is m\u00e9rhetj\u00fck.<br \/>\n<img decoding=\"async\" loading=\"lazy\" alt=\"Google Chrome fejleszt\u0151i eszk\u00f6z\u00f6k\" src=\"\/\/cuccokhalomban.csillagpor.hu\/pict\/google-chrome-screenshot-10.jpg\" width=\"730\" height=\"478\" \/><\/p>\n","protected":false},"excerpt":{"rendered":"<p><a target=\"_blank\" title=\"google chrome k\u00e9perny\u0151k\u00e9pek\" href=\"\/\/csillagpor.hu\/remek\/programok\/google-chrome-screenshot\" rel=\"noopener noreferrer\"><img decoding=\"async\" loading=\"lazy\" alt=\"Google Chrome\" src=\"\/\/cuccokhalomban.csillagpor.hu\/pict\/google-chrome.jpg\" width=\"80\" height=\"75\" class=\"flr\" \/><\/a>A Chrome b\u00f6ng\u00e9sz\u0151 els\u0151 ind\u00edt\u00e1skor felaj\u00e1nlja, hogy jelentkezz\u00fcnk be Google profilunkkal, hogy mindenhonnan el\u00e9rhess\u00fck az el\u0151zm\u00e9nyeket, k\u00f6nyvjelz\u0151ket, be\u00e1ll\u00edt\u00e1sokat. Egy \u00fcdv\u00f6zl\u0151 \u00e9s oktat\u00f3 lap, \u00e9s a be\u00e1ll\u00edt\u00e1sok men\u00fc, innen \u00e9rhet\u0151 el pl. az inkognit\u00f3ablak, nagy\u00edt\u00e1s, eszk\u00f6z\u00f6k, be\u00e1ll\u00edt\u00e1sok&#8230; A Programok lap, ha feltelep\u00edtj\u00fck pl. az Angry Birds kieg\u00e9sz\u00edt\u0151t, akkor sok m\u00e1s alkalmaz\u00e1s mellett innen lesz el\u00e9rhet\u0151. Gyakran l\u00e1togatott oldalak lapja&#8230;<\/p>\n","protected":false},"author":1,"featured_media":0,"parent":0,"menu_order":0,"comment_status":"closed","ping_status":"closed","template":"","meta":{"footnotes":""},"_links":{"self":[{"href":"https:\/\/csillagpor.hu\/remek\/programok\/wp-json\/wp\/v2\/pages\/564"}],"collection":[{"href":"https:\/\/csillagpor.hu\/remek\/programok\/wp-json\/wp\/v2\/pages"}],"about":[{"href":"https:\/\/csillagpor.hu\/remek\/programok\/wp-json\/wp\/v2\/types\/page"}],"author":[{"embeddable":true,"href":"https:\/\/csillagpor.hu\/remek\/programok\/wp-json\/wp\/v2\/users\/1"}],"replies":[{"embeddable":true,"href":"https:\/\/csillagpor.hu\/remek\/programok\/wp-json\/wp\/v2\/comments?post=564"}],"version-history":[{"count":0,"href":"https:\/\/csillagpor.hu\/remek\/programok\/wp-json\/wp\/v2\/pages\/564\/revisions"}],"wp:attachment":[{"href":"https:\/\/csillagpor.hu\/remek\/programok\/wp-json\/wp\/v2\/media?parent=564"}],"curies":[{"name":"wp","href":"https:\/\/api.w.org\/{rel}","templated":true}]}}