{"id":571,"date":"2011-05-28T09:13:26","date_gmt":"2011-05-28T07:13:26","guid":{"rendered":"http:\/\/csillagpor.hu\/remek\/programok\/?page_id=571"},"modified":"2022-06-30T18:20:44","modified_gmt":"2022-06-30T16:20:44","slug":"filezilla-screenshot","status":"publish","type":"page","link":"https:\/\/csillagpor.hu\/remek\/programok\/filezilla-screenshot","title":{"rendered":"Filezilla k\u00e9perny\u0151k\u00e9pek"},"content":{"rendered":"<p>A <a target=\"_blank\" title=\"filezilla\" href=\"\/\/csillagpor.hu\/remek\/programok\/filezilla-letoltese\" rel=\"noopener noreferrer\">Filezilla FTP program<\/a> Windows 10-en, itt \u00e1ll\u00edthatunk a n\u00e9zeten.<br \/>\n<img decoding=\"async\" loading=\"lazy\" alt=\"FileZilla n\u00e9zet\" src=\"\/\/cuccokhalomban.csillagpor.hu\/pict\/filezilla-kepernyokep-1.jpg\" width=\"730\" height=\"493\" \/>\n<\/p>\n<p>A nyelvi be\u00e1ll\u00edt\u00e1sok innen \u00e9rhet\u0151k el, ha valami\u00e9rt nem magyarul indulna.<br \/>\n<img decoding=\"async\" loading=\"lazy\" alt=\"FileZilla magyar nyelv\" src=\"\/\/cuccokhalomban.csillagpor.hu\/pict\/filezilla-kepernyokep-2.jpg\" width=\"721\" height=\"537\" \/>\n<\/p>\n<p>A let\u00f6lt\u00e9s folyamatban &#8230; balr\u00f3l jobbra.<br \/>\n<img decoding=\"async\" loading=\"lazy\" alt=\"FileZilla let\u00f6lt\u00e9s\" src=\"\/\/cuccokhalomban.csillagpor.hu\/pict\/filezilla-kepernyokep-3.jpg\" width=\"730\" height=\"493\" \/>\n<\/p>\n<p>R\u00e9gebbi verzi\u00f3k &#8230;<\/p>\n<p>A <a target=\"_blank\" title=\"filezilla\" href=\"\/\/csillagpor.hu\/remek\/programok\/filezilla-letoltese\" rel=\"noopener noreferrer\">Filezilla FTP kliens program<\/a> let\u00f6lt\u00e9s k\u00f6zben. Baloldalon a helyi f\u00e1jlok fan\u00e9zetben, k\u00f6z\u00e9pen maguk a f\u00e1jlok, jobboldalon a szerver vagyis a t\u00e1voli f\u00e1jlok, de ez gyakorlatilag b\u00e1rhogy \u00e1trendezhet\u0151.<br \/>\n<img decoding=\"async\" loading=\"lazy\" alt=\"FileZilla let\u00f6lt\u00e9s\" src=\"\/\/cuccokhalomban.csillagpor.hu\/pict\/filezilla-screenshot.jpg\" width=\"629\" height=\"500\" \/>\n<\/p>\n<p>Be\u00e1ll\u00edt\u00e1sok. Az aj\u00e1nlott passz\u00edv \u00e1tviteli m\u00f3dra \u00e1ll\u00edtva, ami hiba eset\u00e9n a m\u00e1sik m\u00f3dszerrel is pr\u00f3b\u00e1lkozik. \u00c9brentart\u00e1si parancsok k\u00fcld\u00e9se.<br \/>\n<img decoding=\"async\" loading=\"lazy\" alt=\"FileZilla be\u00e1ll\u00edt\u00e1sok\" src=\"\/\/cuccokhalomban.csillagpor.hu\/pict\/filezilla-screenshot-3.jpg\" width=\"612\" height=\"388\" \/>\n<\/p>\n<p>F\u00e1jl m\u0171veletek. Fel\u00fcl\u00edr\u00e1s, \u00e1tnevez\u00e9s, kihagy\u00e1s, folytat\u00e1s, stb&#8230;<br \/>\n<img decoding=\"async\" loading=\"lazy\" alt=\"FileZilla f\u00e1jl m\u0171veletek\" src=\"\/\/cuccokhalomban.csillagpor.hu\/pict\/filezilla-screenshot-4.jpg\" width=\"629\" height=\"500\" \/>\n<\/p>\n<p>FileZilla Linuxon. Itt csak k\u00e9t panel van most be\u00e1ll\u00edtva, a helyi \u00e9s a t\u00e1voli, lent pedig a v\u00e1r\u00f3lista \u00e9s az \u00e1tvitelek.<br \/>\n<img decoding=\"async\" loading=\"lazy\" alt=\"FileZilla Linuxon\" src=\"\/\/cuccokhalomban.csillagpor.hu\/pict\/filezilla-screenshot-5.jpg\" width=\"642\" height=\"500\" \/><\/p>\n","protected":false},"excerpt":{"rendered":"<p><a target=\"_blank\" title=\"filezilla\" href=\"\/\/csillagpor.hu\/remek\/programok\/filezilla-screenshot\" rel=\"noopener noreferrer\"><img decoding=\"async\" loading=\"lazy\" alt=\"FileZilla\" src=\"\/\/cuccokhalomban.csillagpor.hu\/pict\/filezilla.jpg\" width=\"100\" height=\"85\" class=\"flr\" \/><\/a>A Filezilla FTP program Windows 10-en, a nyelvi be\u00e1ll\u00edt\u00e1sok innen \u00e9rhet\u0151k el, ha valami\u00e9rt nem magyarul indulna. Baloldalon a helyi f\u00e1jlok fan\u00e9zetben &#8230; de ez gyakorlatilag b\u00e1rhogy \u00e1trendezhet\u0151. Az aj\u00e1nlott passz\u00edv \u00e1tviteli m\u00f3dra \u00e1ll\u00edtva, ami hiba eset\u00e9n a m\u00e1sik m\u00f3dszerrel is pr\u00f3b\u00e1lkozik. \u00c9brentart\u00e1si parancsok k\u00fcld\u00e9se&#8230;<\/p>\n","protected":false},"author":1,"featured_media":0,"parent":0,"menu_order":0,"comment_status":"closed","ping_status":"closed","template":"","meta":{"footnotes":""},"_links":{"self":[{"href":"https:\/\/csillagpor.hu\/remek\/programok\/wp-json\/wp\/v2\/pages\/571"}],"collection":[{"href":"https:\/\/csillagpor.hu\/remek\/programok\/wp-json\/wp\/v2\/pages"}],"about":[{"href":"https:\/\/csillagpor.hu\/remek\/programok\/wp-json\/wp\/v2\/types\/page"}],"author":[{"embeddable":true,"href":"https:\/\/csillagpor.hu\/remek\/programok\/wp-json\/wp\/v2\/users\/1"}],"replies":[{"embeddable":true,"href":"https:\/\/csillagpor.hu\/remek\/programok\/wp-json\/wp\/v2\/comments?post=571"}],"version-history":[{"count":0,"href":"https:\/\/csillagpor.hu\/remek\/programok\/wp-json\/wp\/v2\/pages\/571\/revisions"}],"wp:attachment":[{"href":"https:\/\/csillagpor.hu\/remek\/programok\/wp-json\/wp\/v2\/media?parent=571"}],"curies":[{"name":"wp","href":"https:\/\/api.w.org\/{rel}","templated":true}]}}