{"id":574,"date":"2011-05-30T11:04:20","date_gmt":"2011-05-30T09:04:20","guid":{"rendered":"http:\/\/csillagpor.hu\/remek\/programok\/?page_id=574"},"modified":"2022-06-30T18:29:23","modified_gmt":"2022-06-30T16:29:23","slug":"avast-free-antivirus-screenshot","status":"publish","type":"page","link":"https:\/\/csillagpor.hu\/remek\/programok\/avast-free-antivirus-screenshot","title":{"rendered":"avast! Free Antivirus k\u00e9perny\u0151k\u00e9pek"},"content":{"rendered":"<p>&rarr; <a target=\"_blank\" title=\"avast free antivirus\" href=\"\/\/csillagpor.hu\/remek\/programok\/avast-free-antivirus-kepernyokepek\" rel=\"noopener noreferrer\">Avast! Windows 10-en<\/a><\/p>\n<p><a target=\"_blank\" title=\"avast free antivirus\" href=\"\/\/csillagpor.hu\/remek\/programok\/avast-free-antivirus-letoltese\" rel=\"noopener noreferrer\">Az avast!<\/a> a 8-as verzi\u00f3t\u00f3l fel\u00fclet \u00e1talak\u00edt\u00e1son esett \u00e1t. Ez itt az \u00f6sszegz\u00e9s oldal.<br \/>\n<img decoding=\"async\" loading=\"lazy\" alt=\"avast! 8 \u00f6sszegz\u00e9s\" src=\"\/\/cuccokhalomban.csillagpor.hu\/pict\/avast-8-screenshot-1.jpg\" width=\"706\" height=\"500\" \/>\n<\/p>\n<p>Karbantart\u00e1s, t\u00e1voli seg\u00edts\u00e9gny\u00fajt\u00e1s.<br \/>\n<img decoding=\"async\" loading=\"lazy\" alt=\"avast! 8 t\u00e1voli seg\u00edts\u00e9gny\u00fajt\u00e1s\" src=\"\/\/cuccokhalomban.csillagpor.hu\/pict\/avast-8-screenshot-2.jpg\" width=\"705\" height=\"500\" \/>\n<\/p>\n<p>Az antiv\u00edrus vizsg\u00e1lati lehet\u0151s\u00e9gei.<br \/>\n<img decoding=\"async\" loading=\"lazy\" alt=\"avast! 8 vizsg\u00e1lat\" src=\"\/\/cuccokhalomban.csillagpor.hu\/pict\/avast-8-screenshot-3.jpg\" width=\"705\" height=\"500\" \/>\n<\/p>\n<p>Az avast 8 egy \u00fajdons\u00e1ga a program friss\u00edt\u0151.<br \/>\n<img decoding=\"async\" loading=\"lazy\" alt=\"avast! 8 program friss\u00edt\u0151\" src=\"\/\/cuccokhalomban.csillagpor.hu\/pict\/avast-8-screenshot-4.jpg\" width=\"706\" height=\"500\" \/>\n<\/p>\n<p>&#8230; \u00e9s m\u00e9g egy \u00fajdons\u00e1g, a b\u00f6ng\u00e9sz\u0151 takar\u00edt\u00f3. Elt\u00e1vol\u00edtja a rossz h\u00edrnev\u0171 be\u00e9p\u00fcl\u0151ket.<br \/>\n<img decoding=\"async\" loading=\"lazy\" alt=\"avast! 8, b\u00f6ng\u00e9sz\u0151 takar\u00edt\u00f3\" src=\"\/\/cuccokhalomban.csillagpor.hu\/pict\/avast-8-screenshot-5.jpg\" width=\"708\" height=\"500\" \/>\n<\/p>\n<p>&#8230; \u00e9s el\u0151tte:<\/p>\n<p>\u00c9n az avast! minialkalmaz\u00e1st \u00e9s a T\u00e1voli seg\u00edts\u00e9gny\u00fajt\u00e1st nem szoktam feltelep\u00edteni.<br \/>\n<img decoding=\"async\" loading=\"lazy\" alt=\"avast! Free Antivirus telep\u00edt\u00e9s\" src=\"\/\/cuccokhalomban.csillagpor.hu\/pict\/avast_antivirus-screenshot-2.jpg\" width=\"736\" height=\"500\" \/>\n<\/p>\n<p>Az <a target=\"_blank\" title=\"avast\" href=\"\/\/csillagpor.hu\/remek\/programok\/avast-free-antivirus-letoltese\" rel=\"noopener noreferrer\">ingyenes avast! Free Antivirus<\/a> <a target=\"_blank\" title=\"\/\/csillagpor.hu\/remek\/programok\/virusirto-tuzfal-kemprogram-eltavolito\" href=\"\/\/csillagpor.hu\/remek\/programok\/virusirto-tuzfal-kemprogram-eltavolito\" rel=\"noopener noreferrer\">v\u00edrusv\u00e9delem<\/a> telep\u00edt\u00e9se k\u00f6zben, ha nem szeretn\u00e9nk a <a target=\"_blank\" href=\"\/\/csillagpor.hu\/remek\/programok\/google-chrome-letoltese\" rel=\"noopener noreferrer\">Google Chrome b\u00f6ng\u00e9sz\u0151t<\/a> is feltelep\u00edteni, akkor lent vegy\u00fck ki a pip\u00e1kat. Az Egy\u00e9ni telep\u00edt\u00e9st v\u00e1lasszuk!<br \/>\n<img decoding=\"async\" loading=\"lazy\" alt=\"avast! Free Antivirus egy\u00e9ni telep\u00edt\u00e9s\" src=\"\/\/cuccokhalomban.csillagpor.hu\/pict\/avast_antivirus-screenshot-1.jpg\" width=\"735\" height=\"500\" \/>\n<\/p>\n<p>Cloud (felh\u0151) szolg\u00e1ltat\u00e1sok. H\u00edrn\u00e9v szolg\u00e1ltat\u00e1sok, folyamatos friss\u00edt\u00e9sek.<br \/>\n<img decoding=\"async\" loading=\"lazy\" alt=\"avast! Free Antivirus Cloud\" src=\"\/\/cuccokhalomban.csillagpor.hu\/pict\/avast_antivirus-screenshot-3.jpg\" width=\"756\" height=\"500\" \/>\n<\/p>\n<p>V\u00e1lasszunk: gyorsvizsg\u00e1lat, teljes rendszervizsg\u00e1lat, cser\u00e9lhet\u0151 adathordoz\u00f3 vizsg\u00e1lata, mappavizsg\u00e1lat.<br \/>\n<img decoding=\"async\" loading=\"lazy\" alt=\"avast! Free Antivirus vizsg\u00e1lat\" src=\"\/\/cuccokhalomban.csillagpor.hu\/pict\/avast_antivirus-screenshot-4.jpg\" width=\"756\" height=\"500\" \/>\n<\/p>\n<p>\u00c1lland\u00f3 v\u00e9delmek: f\u00e1jlrendszer \u00e9s h\u00e1l\u00f3zatv\u00e9delem, viselked\u00e9s, script, IM, P2P, levelez\u00e9s \u00e9s web v\u00e9delem.<br \/>\n<img decoding=\"async\" loading=\"lazy\" alt=\"avast! Free Antivirus v\u00e9delmek\" src=\"\/\/cuccokhalomban.csillagpor.hu\/pict\/avast_antivirus-screenshot-5.jpg\" width=\"756\" height=\"500\" \/>\n<\/p>\n<p>Automatikus z\u00e1rt k\u00f6rnyezet gyan\u00fas programoknak \u00e9s lent a be\u00e1ll\u00edt\u00e1saik.<br \/>\n<img decoding=\"async\" loading=\"lazy\" alt=\"avast! Free Antivirus z\u00e1rt k\u00f6rnyezet\" src=\"\/\/cuccokhalomban.csillagpor.hu\/pict\/avast_antivirus-screenshot-6.jpg\" width=\"756\" height=\"500\" \/>\n<\/p>\n<p>Friss\u00edt\u00e9si be\u00e1ll\u00edt\u00e1sok, motor \u00e9s v\u00edrusdefin\u00edci\u00f3k automatikus friss\u00edt\u00e9se \u00e9s tov\u00e1bbi r\u00e9szletek.<br \/>\n<img decoding=\"async\" loading=\"lazy\" alt=\"avast! Free Antivirus 7 friss\u00edt\u00e9s\" src=\"\/\/cuccokhalomban.csillagpor.hu\/pict\/avast_antivirus-screenshot-7.jpg\" width=\"747\" height=\"500\" \/>\n<\/p>\n<p>Be\u00e1ll\u00edt\u00e1sok &#8211; Csendes, J\u00e1t\u00e9k \u00fczemm\u00f3d, hogy ne zavarjon, legf\u0151k\u00e9pp teljes k\u00e9perny\u0151s m\u00f3dban.<br \/>\n<img decoding=\"async\" loading=\"lazy\" alt=\"avast! Free Antivirus j\u00e1t\u00e9k \u00fczemm\u00f3d\" src=\"\/\/cuccokhalomban.csillagpor.hu\/pict\/avast_antivirus-screenshot-8.jpg\" width=\"746\" height=\"500\" \/>\n<\/p>\n<p>Be\u00e1ll\u00edt\u00e1sok &#8211; Megfigyelt \u00f6sszetev\u0151k: f\u00e1jlrendszer, levelez\u00e9s, web, P2P, IM, h\u00e1l\u00f3zat, szkript \u00e9s viselked\u00e9s v\u00e9delem, plusz verzi\u00f3k.<br \/>\n<img decoding=\"async\" loading=\"lazy\" alt=\"avast! Free Antivirus \u00f6sszetev\u0151k\" src=\"\/\/cuccokhalomban.csillagpor.hu\/pict\/avast_antivirus-screenshot-9.jpg\" width=\"748\" height=\"500\" \/>\n<\/p>\n<p>Be\u00e1ll\u00edt\u00e1sok &#8211; Hibaelh\u00e1r\u00edt\u00e1s: RootKit vizsg\u00e1lat enged\u00e9lyez\u00e9se a rendszer indul\u00e1sakor, lemezhozz\u00e1f\u00e9r\u00e9s ellen\u0151rz\u00e9s, \u00f6nv\u00e9delem \u00e9s tov\u00e1bbi lehet\u0151s\u00e9gek.<br \/>\n<img decoding=\"async\" loading=\"lazy\" alt=\"avast! Free Antivirus hibaelh\u00e1r\u00edt\u00e1s\" src=\"\/\/cuccokhalomban.csillagpor.hu\/pict\/avast_antivirus-screenshot-10.jpg\" width=\"747\" height=\"500\" \/><\/p>\n","protected":false},"excerpt":{"rendered":"<p>&rarr; Avast! Windows 10-en Az avast! a 8-as verzi\u00f3t\u00f3l fel\u00fclet \u00e1talak\u00edt\u00e1son esett \u00e1t. Ez itt az \u00f6sszegz\u00e9s oldal. Karbantart\u00e1s, t\u00e1voli seg\u00edts\u00e9gny\u00fajt\u00e1s. Az antiv\u00edrus&#46;&#46;&#46;<\/p>\n","protected":false},"author":1,"featured_media":0,"parent":0,"menu_order":0,"comment_status":"closed","ping_status":"closed","template":"","meta":{"footnotes":""},"_links":{"self":[{"href":"https:\/\/csillagpor.hu\/remek\/programok\/wp-json\/wp\/v2\/pages\/574"}],"collection":[{"href":"https:\/\/csillagpor.hu\/remek\/programok\/wp-json\/wp\/v2\/pages"}],"about":[{"href":"https:\/\/csillagpor.hu\/remek\/programok\/wp-json\/wp\/v2\/types\/page"}],"author":[{"embeddable":true,"href":"https:\/\/csillagpor.hu\/remek\/programok\/wp-json\/wp\/v2\/users\/1"}],"replies":[{"embeddable":true,"href":"https:\/\/csillagpor.hu\/remek\/programok\/wp-json\/wp\/v2\/comments?post=574"}],"version-history":[{"count":0,"href":"https:\/\/csillagpor.hu\/remek\/programok\/wp-json\/wp\/v2\/pages\/574\/revisions"}],"wp:attachment":[{"href":"https:\/\/csillagpor.hu\/remek\/programok\/wp-json\/wp\/v2\/media?parent=574"}],"curies":[{"name":"wp","href":"https:\/\/api.w.org\/{rel}","templated":true}]}}