{"id":575,"date":"2011-05-31T10:39:54","date_gmt":"2011-05-31T08:39:54","guid":{"rendered":"http:\/\/csillagpor.hu\/remek\/programok\/?page_id=575"},"modified":"2022-06-30T18:03:02","modified_gmt":"2022-06-30T16:03:02","slug":"photoscape-screenshot","status":"publish","type":"page","link":"https:\/\/csillagpor.hu\/remek\/programok\/photoscape-screenshot","title":{"rendered":"Photoscape k\u00e9perny\u0151k\u00e9pek"},"content":{"rendered":"<p>A <a target=\"_blank\" title=\"photoscape\" href=\"\/\/csillagpor.hu\/remek\/programok\/photoscape-letoltes\" rel=\"noopener noreferrer\">Photoscape<\/a> 3.7-es verzi\u00f3j\u00e1ban most ez volt &#8230; Szerintem ezt ne telep\u00edts\u00fck.<br \/>\n<img decoding=\"async\" loading=\"lazy\" alt=\"Optimizer Pro\" src=\"\/\/cuccokhalomban.csillagpor.hu\/pict\/photoscape-screenshot-n1.jpg\" width=\"503\" height=\"389\" \/>\n<\/p>\n<p>A 3.7-es&#8230;<br \/>\n<img decoding=\"async\" loading=\"lazy\" alt=\"Photoscape\" src=\"\/\/cuccokhalomban.csillagpor.hu\/pict\/photoscape-screenshot-n2.jpg\" width=\"679\" height=\"500\" \/>\n<\/p>\n<p>Az effekt ecset men\u00fcje a hat\u00e1sokkal.<br \/>\n<img decoding=\"async\" loading=\"lazy\" alt=\"Photoscape effekt ecset\" src=\"\/\/cuccokhalomban.csillagpor.hu\/pict\/photoscape-screenshot-n3.jpg\" width=\"679\" height=\"500\" \/>\n<\/p>\n<p>A Film Effekt \u00faj kezel\u0151fel\u00fclete el\u0151n\u00e9zeti k\u00e9pekkel.<br \/>\n<img decoding=\"async\" loading=\"lazy\" alt=\"Photoscape film effekt\" src=\"\/\/cuccokhalomban.csillagpor.hu\/pict\/photoscape-screenshot-n4.jpg\" width=\"816\" height=\"500\" \/>\n<\/p>\n<p>R\u00e9gebbi verzi\u00f3k&#8230;<\/p>\n<p>A <a target=\"_blank\" href=\"\/\/csillagpor.hu\/remek\/programok\/kepszerkeszto-programok\" rel=\"noopener noreferrer\">sokoldal\u00fa k\u00e9pszerkeszt\u0151 program<\/a> telep\u00edt\u00e9sekor ha nem akarjuk, ne telep\u00edts\u00fck a Google Drive-ot &#8230;<br \/>\n<img decoding=\"async\" loading=\"lazy\" alt=\"Photoscape telep\u00edt\u00e9s\" src=\"\/\/cuccokhalomban.csillagpor.hu\/pict\/photoscape-screenshot-a.jpg\" width=\"505\" height=\"390\" \/>\n<\/p>\n<p>&#8230; vagy a PC Speed Up-ot, nem tudom mit\u0151l f\u00fcgg, hogy melyik aj\u00e1nlkozik fel, de mindkett\u0151 benne lapul a telep\u00edt\u0151ben!<br \/>\n<img decoding=\"async\" loading=\"lazy\" alt=\"Photoscape ne telep\u00edts\u00fck\" src=\"\/\/cuccokhalomban.csillagpor.hu\/pict\/photoscape-screenshot-b.jpg\" width=\"504\" height=\"387\" \/>\n<\/p>\n<p>Nyit\u00f3oldal, innen v\u00e1laszthatjuk ki, hogy a n\u00e9zeget\u0151, szerkeszt\u0151, Gif anim\u00e1ci\u00f3, darabol\u00f3, k\u00e9perny\u0151ment\u0151, nyomtat\u00f3 vagy m\u00e1s \u00f6sszetev\u0151j\u00e9t ind\u00edtjuk.<br \/>\n<img decoding=\"async\" loading=\"lazy\" alt=\"Photoscape k\u00e9pszerkeszt\u0151\" src=\"\/\/cuccokhalomban.csillagpor.hu\/pict\/photoscape-screenshot.jpg\" width=\"684\" height=\"500\" \/>\n<\/p>\n<p>A <a target=\"_blank\" title=\"photoscape\" href=\"\/\/csillagpor.hu\/remek\/programok\/photoscape-letoltes\" rel=\"noopener noreferrer\">Photoscape k\u00e9pszerkeszt\u0151<\/a> eszk\u00f6zei: piros szem, szepl\u0151, mozaik, ecset, kl\u00f3noz\u00e1s, effect brush<br \/>\n<img decoding=\"async\" loading=\"lazy\" alt=\"Photoscape szerkeszt\u0151\" src=\"\/\/cuccokhalomban.csillagpor.hu\/pict\/photoscape-screenshot-1.jpg\" width=\"752\" height=\"500\" \/>\n<\/p>\n<p>A Szerkeszt\u0151, kontraszt, f\u00e9nyer\u0151, sz\u00edn, stb. be\u00e1ll\u00edt\u00e1sok, v\u00e1g\u00e1s, m\u00e9retez\u00e9s, sz\u0171r\u0151k majd nyomtat\u00e1s vagy ment\u00e9s.<br \/>\n<img decoding=\"async\" loading=\"lazy\" alt=\"Photoscape szerkeszt\u0151\" src=\"\/\/cuccokhalomban.csillagpor.hu\/pict\/photoscape-screenshot-2.jpg\" width=\"684\" height=\"500\" \/>\n<\/p>\n<p>GIF anim\u00e1ci\u00f3 k\u00e9sz\u00edt\u0151 \u00e9s be\u00e1ll\u00edt\u00e1sai, pl. id\u0151 \u00e9s \u00e1tmenet be\u00e1ll\u00edt\u00e1sok, m\u00e9ret, h\u00e1tt\u00e9rsz\u00edn, ar\u00e1nyok \u00e9s a k\u00e9p igaz\u00edt\u00e1sa.<br \/>\n<img decoding=\"async\" loading=\"lazy\" alt=\"Photoscape GIF anim\u00e1ci\u00f3\" src=\"\/\/cuccokhalomban.csillagpor.hu\/pict\/photoscape-screenshot-3.jpg\" width=\"684\" height=\"500\" \/>\n<\/p>\n<p>K\u00e9pek egyes\u00edt\u00e9se. \u00d6sszedob\u00e1ltam gyorsan n\u00e9gy k\u00e9pet, ezut\u00e1n be\u00e1ll\u00edthat\u00f3 a t\u00e9rk\u00f6z, m\u00e9retezhet\u0151, stb.<br \/>\n<img decoding=\"async\" loading=\"lazy\" alt=\"Photoscape k\u00e9pek egyes\u00edt\u00e9se\" src=\"\/\/cuccokhalomban.csillagpor.hu\/pict\/photoscape-screenshot-4.jpg\" width=\"684\" height=\"500\" \/>\n<\/p>\n<p>A k\u00e9pn\u00e9zeget\u0151 b\u00f6ng\u00e9sz\u0151 n\u00e9zetben, a jobb gombos men\u00fcb\u0151l h\u00e1tt\u00e9rk\u00e9pnek \u00e1ll\u00edthatjuk be, elforgathatjuk \u00e9s diavet\u00edt\u00e9sk\u00e9nt is megn\u00e9zhetj\u00fck a k\u00e9peket.<br \/>\n<img decoding=\"async\" loading=\"lazy\" alt=\"Photoscape k\u00e9pn\u00e9zeget\u0151\" src=\"\/\/cuccokhalomban.csillagpor.hu\/pict\/photoscape-screenshot-5.jpg\" width=\"751\" height=\"500\" \/>\n<\/p>\n<p>A k\u00e9pn\u00e9zeget\u0151 teljes k\u00e9perny\u0151 n\u00e9zetben, itt is sok minden el\u00e9rhet\u0151 a men\u00fcb\u0151l, m\u00e9g a szerkeszt\u0151 is.<br \/>\n<img decoding=\"async\" loading=\"lazy\" alt=\"Photoscape teljes k\u00e9perny\u0151\" src=\"\/\/cuccokhalomban.csillagpor.hu\/pict\/photoscape-screenshot-6.jpg\" width=\"612\" height=\"500\" \/>\n<\/p>\n<p>K\u00f6tegelt szerkeszt\u0151, csak egy k\u00e9pet adtam hozz\u00e1, de b\u00e1rmennyivel megcsin\u00e1lhatjuk ezeket a m\u0171veleteket egyszerre.<br \/>\n<img decoding=\"async\" loading=\"lazy\" alt=\"Photoscape k\u00f6tegelt\" src=\"\/\/cuccokhalomban.csillagpor.hu\/pict\/photoscape-screenshot-7.jpg\" width=\"754\" height=\"500\" \/>\n<\/p>\n<p>Mont\u00e1zs, szint\u00e9n csak egy k\u00e9ppel, jobb oldalon v\u00e1laszthat\u00f3k ki a sablon elrendez\u00e9sek, felette sz\u00ednezhet\u00fcnk, m\u00e9retezhet\u00fcnk.<br \/>\n<img decoding=\"async\" loading=\"lazy\" alt=\"Photoscape mont\u00e1zs\" src=\"\/\/cuccokhalomban.csillagpor.hu\/pict\/photoscape-screenshot-8.jpg\" width=\"752\" height=\"500\" \/>\n<\/p>\n<p>\u00d6sszekapcsol\u00e1s, effektezhetj\u00fck is: sz\u00fcrke\u00e1rnyalat, sz\u00e9pia, negat\u00edv, f\u00e9nyer\u0151, m\u00e9ly\u00edt\u00e9s, s\u00f6t\u00e9t\u00edt\u00e9s.<br \/>\n<img decoding=\"async\" loading=\"lazy\" alt=\"Photoscape \u00f6sszekapcsol\u00e1s\" src=\"\/\/cuccokhalomban.csillagpor.hu\/pict\/photoscape-screenshot-9.jpg\" width=\"752\" height=\"500\" \/>\n<\/p>\n<p>Nyomtat\u00e1s, oldalbe\u00e1ll\u00edt\u00e1sok.<br \/>\n<img decoding=\"async\" loading=\"lazy\" alt=\"Photoscape nyomtat\u00e1s\" src=\"\/\/cuccokhalomban.csillagpor.hu\/pict\/photoscape-screenshot-10.jpg\" width=\"680\" height=\"500\" \/>\n<\/p>\n<p>Darabol\u00f3, egy vagy t\u00f6bb k\u00e9p v\u00e1g\u00e1sa megadott m\u00e9ret\u0171 egyforma darabokra.<br \/>\n<img decoding=\"async\" loading=\"lazy\" alt=\"Photoscape darabol\u00f3\" src=\"\/\/cuccokhalomban.csillagpor.hu\/pict\/photoscape-screenshot-11.jpg\" width=\"714\" height=\"500\" \/>\n<\/p>\n<p>K\u00e9perny\u0151ment\u00e9s, ablak fot\u00f3z\u00e1sa, kijel\u00f6lt ter\u00fclet fot\u00f3z\u00e1sa&#8230;<br \/>\n<img decoding=\"async\" loading=\"lazy\" alt=\"Photoscape k\u00e9perny\u0151ment\u00e9s\" src=\"\/\/cuccokhalomban.csillagpor.hu\/pict\/photoscape-screenshot-12.jpg\" width=\"714\" height=\"500\" \/>\n<\/p>\n<p>Sz\u00ednm\u00e1sol\u00f3<br \/>\n<img decoding=\"async\" loading=\"lazy\" alt=\"Photoscape sz\u00ednm\u00e1sol\u00f3\" src=\"\/\/cuccokhalomban.csillagpor.hu\/pict\/photoscape-screenshot-13.jpg\" width=\"714\" height=\"500\" \/>\n<\/p>\n<p>Raw konvert\u00e1l\u00f3, most \u00e9pp nem volt k\u00e9pem kamer\u00e1n, de ha lenne ez \u00e1talak\u00edtan\u00e1 jpeg k\u00e9pp\u00e9.<br \/>\n<img decoding=\"async\" loading=\"lazy\" alt=\"Photoscape \" src=\"\/\/cuccokhalomban.csillagpor.hu\/pict\/photoscape-screenshot-14.jpg\" width=\"715\" height=\"500\" \/>\n<\/p>\n<p>Szint\u00e9n nem eggyel \u00e9rdemes&#8230; k\u00f6tegelt \u00e1tnevez\u00e9s.<br \/>\n<img decoding=\"async\" loading=\"lazy\" alt=\"Photoscape \u00e1tnevez\u00e9s\" src=\"\/\/cuccokhalomban.csillagpor.hu\/pict\/photoscape-screenshot-15.jpg\" width=\"714\" height=\"500\" \/>\n<\/p>\n<p>Nyomtatv\u00e1nyok, nyomtatv\u00e1ny mint\u00e1k, pl. napt\u00e1r nyomtat\u00e1sa.<br \/>\n<img decoding=\"async\" loading=\"lazy\" alt=\"Photoscape \" src=\"\/\/cuccokhalomban.csillagpor.hu\/pict\/photoscape-screenshot-16.jpg\" width=\"740\" height=\"500\" \/>\n<\/p>\n<p>Be\u00e1ll\u00edt\u00e1sok<br \/>\n<img decoding=\"async\" loading=\"lazy\" alt=\"Photoscape be\u00e1ll\u00edt\u00e1sok\" src=\"\/\/cuccokhalomban.csillagpor.hu\/pict\/photoscape-screenshot-17.jpg\" width=\"712\" height=\"500\" \/>\n<\/p>\n<p>F\u00e1jlt\u00edpus t\u00e1rs\u00edt\u00e1sok.<br \/>\n<img decoding=\"async\" loading=\"lazy\" alt=\"Photoscape \" src=\"\/\/cuccokhalomban.csillagpor.hu\/pict\/photoscape-screenshot-18.jpg\" width=\"714\" height=\"500\" \/><\/p>\n","protected":false},"excerpt":{"rendered":"<p><a target=\"_blank\" title=\"photoscape k\u00e9perny\u0151k\u00e9pek\" href=\"\/\/csillagpor.hu\/remek\/programok\/photoscape-screenshot\" rel=\"noopener noreferrer\"><img decoding=\"async\" loading=\"lazy\" alt=\"Photoscape\" src=\"\/\/cuccokhalomban.csillagpor.hu\/pict\/photoscape.jpg\" width=\"120\" height=\"88\" class=\"flr\" \/><\/a>A Photoscape 3.7-es verzi\u00f3j\u00e1ban most ez volt &#8230; Szerintem ne telep\u00edts\u00fck. Az effekt ecset men\u00fcje a hat\u00e1sokkal. A Film Effekt \u00faj kezel\u0151fel\u00fclete el\u0151n\u00e9zeti k\u00e9pekkel. Nyit\u00f3oldal, innen v\u00e1laszthatjuk ki, hogy a n\u00e9zeget\u0151, szerkeszt\u0151, Gif anim\u00e1ci\u00f3, darabol\u00f3, k\u00e9perny\u0151ment\u0151, nyomtat\u00f3 vagy m\u00e1s \u00f6sszetev\u0151j\u00e9t ind\u00edtjuk&#8230;<\/p>\n","protected":false},"author":1,"featured_media":0,"parent":0,"menu_order":0,"comment_status":"closed","ping_status":"closed","template":"","meta":{"footnotes":""},"_links":{"self":[{"href":"https:\/\/csillagpor.hu\/remek\/programok\/wp-json\/wp\/v2\/pages\/575"}],"collection":[{"href":"https:\/\/csillagpor.hu\/remek\/programok\/wp-json\/wp\/v2\/pages"}],"about":[{"href":"https:\/\/csillagpor.hu\/remek\/programok\/wp-json\/wp\/v2\/types\/page"}],"author":[{"embeddable":true,"href":"https:\/\/csillagpor.hu\/remek\/programok\/wp-json\/wp\/v2\/users\/1"}],"replies":[{"embeddable":true,"href":"https:\/\/csillagpor.hu\/remek\/programok\/wp-json\/wp\/v2\/comments?post=575"}],"version-history":[{"count":0,"href":"https:\/\/csillagpor.hu\/remek\/programok\/wp-json\/wp\/v2\/pages\/575\/revisions"}],"wp:attachment":[{"href":"https:\/\/csillagpor.hu\/remek\/programok\/wp-json\/wp\/v2\/media?parent=575"}],"curies":[{"name":"wp","href":"https:\/\/api.w.org\/{rel}","templated":true}]}}