{"id":576,"date":"2011-05-31T11:40:33","date_gmt":"2011-05-31T09:40:33","guid":{"rendered":"http:\/\/csillagpor.hu\/remek\/programok\/?page_id=576"},"modified":"2022-06-30T17:35:31","modified_gmt":"2022-06-30T15:35:31","slug":"windows-movie-maker-screenshot","status":"publish","type":"page","link":"https:\/\/csillagpor.hu\/remek\/programok\/windows-movie-maker-screenshot","title":{"rendered":"Windows Movie Maker k\u00e9perny\u0151k\u00e9pek"},"content":{"rendered":"<p>A <a target=\"_blank\" title=\"windows movie maker\" href=\"\/\/csillagpor.hu\/remek\/programok\/windows-movie-maker-xp\" rel=\"noopener noreferrer\">Windows Movie Maker<\/a> <a target=\"_blank\" title=\"vide\u00f3szerkeszt\u0151\" href=\"\/\/csillagpor.hu\/remek\/programok\/video-szerkeszto-vago-atalakito\" rel=\"noopener noreferrer\">vide\u00f3 szerkeszt\u0151<\/a> Windows XP-n, vide\u00f3 bet\u00f6ltve. V\u00e1laszthatunk effektet, szerkeszthet\u00fcnk &#8230;<br \/>\n<img decoding=\"async\" loading=\"lazy\" alt=\"Windows Movie Maker - vide\u00f3 bet\u00f6ltve\" src=\"\/\/cuccokhalomban.csillagpor.hu\/pict\/windows-moviemaker-screenshot.jpg\" width=\"738\" height=\"500\" \/>\n<\/p>\n<p>Vide\u00f3effektusok, a lenti id\u0151sorra h\u00fazva m\u0171k\u00f6dik, de tal\u00e1lunk itt m\u00e9g videoeszk\u00f6zr\u0151l r\u00f6gz\u00edt\u00e9si lehet\u0151s\u00e9get, hang, k\u00e9p vide\u00f3 import\u00e1l\u00e1st, stb-t.<br \/>\n<img decoding=\"async\" loading=\"lazy\" alt=\"Windows Movie Maker vide\u00f3effektusok\" src=\"\/\/cuccokhalomban.csillagpor.hu\/pict\/windows-moviemaker-screenshot-2.jpg\" width=\"738\" height=\"500\" \/>\n<\/p>\n<p>K\u00eds\u00e9r\u0151sz\u00f6veg felv\u00e9tele. Ha van egy mikrofonunk szinkroniz\u00e1lhatunk is.<br \/>\n<img decoding=\"async\" loading=\"lazy\" alt=\"Windows Movie Maker k\u00eds\u00e9r\u0151sz\u00f6veg\" src=\"\/\/cuccokhalomban.csillagpor.hu\/pict\/windows-moviemaker-screenshot-3.jpg\" width=\"738\" height=\"500\" \/><\/p>\n","protected":false},"excerpt":{"rendered":"<p><a target=\"_blank\" title=\"windows movie maker k\u00e9perny\u0151k\u00e9pek\" href=\"\/\/csillagpor.hu\/remek\/programok\/windows-movie-maker-screenshot\" rel=\"noopener noreferrer\"><img decoding=\"async\" loading=\"lazy\" alt=\"Windows Movie Maker\" src=\"\/\/cuccokhalomban.csillagpor.hu\/pict\/windows-movie-maker-xp.jpg\" width=\"100\" height=\"75\" class=\"flr\" \/><\/a>Windows Movie Maker vide\u00f3 szerkeszt\u0151 Windows XP-n, vide\u00f3 bet\u00f6ltve. V\u00e1laszthatunk effektet, szerkeszthet\u00fcnk &#8230; Vide\u00f3effektusok, a lenti id\u0151sorra h\u00fazva m\u0171k\u00f6dik, de tal\u00e1lunk itt m\u00e9g videoeszk\u00f6zr\u0151l r\u00f6gz\u00edt\u00e9si lehet\u0151s\u00e9get, hang, k\u00e9p vide\u00f3 import\u00e1l\u00e1st, stb-t. K\u00eds\u00e9r\u0151sz\u00f6veg felv\u00e9tele. Ha van egy mikrofonunk szinkroniz\u00e1lhatunk is.<\/p>\n","protected":false},"author":1,"featured_media":0,"parent":0,"menu_order":0,"comment_status":"closed","ping_status":"closed","template":"","meta":{"footnotes":""},"_links":{"self":[{"href":"https:\/\/csillagpor.hu\/remek\/programok\/wp-json\/wp\/v2\/pages\/576"}],"collection":[{"href":"https:\/\/csillagpor.hu\/remek\/programok\/wp-json\/wp\/v2\/pages"}],"about":[{"href":"https:\/\/csillagpor.hu\/remek\/programok\/wp-json\/wp\/v2\/types\/page"}],"author":[{"embeddable":true,"href":"https:\/\/csillagpor.hu\/remek\/programok\/wp-json\/wp\/v2\/users\/1"}],"replies":[{"embeddable":true,"href":"https:\/\/csillagpor.hu\/remek\/programok\/wp-json\/wp\/v2\/comments?post=576"}],"version-history":[{"count":0,"href":"https:\/\/csillagpor.hu\/remek\/programok\/wp-json\/wp\/v2\/pages\/576\/revisions"}],"wp:attachment":[{"href":"https:\/\/csillagpor.hu\/remek\/programok\/wp-json\/wp\/v2\/media?parent=576"}],"curies":[{"name":"wp","href":"https:\/\/api.w.org\/{rel}","templated":true}]}}