{"id":577,"date":"2011-05-31T21:41:03","date_gmt":"2011-05-31T19:41:03","guid":{"rendered":"http:\/\/csillagpor.hu\/remek\/programok\/?page_id=577"},"modified":"2022-06-30T18:20:26","modified_gmt":"2022-06-30T16:20:26","slug":"format-factory-screenshot","status":"publish","type":"page","link":"https:\/\/csillagpor.hu\/remek\/programok\/format-factory-screenshot","title":{"rendered":"Format Factory k\u00e9perny\u0151k\u00e9pek"},"content":{"rendered":"<p><a target=\"_blank\" title=\"format factory\" href=\"\/\/csillagpor.hu\/remek\/programok\/format-factory\" rel=\"noopener noreferrer\">A Format Factory konvert\u00e1l\u00f3 program<\/a>, k\u00fcl\u00f6nf\u00e9le m\u00e9dia <a target=\"_blank\" title=\"konvert\u00e1l\u00f3\" href=\"\/\/csillagpor.hu\/remek\/programok\/konvertalo-programok\" rel=\"noopener noreferrer\">f\u00e1jlform\u00e1tum \u00e1talak\u00edt\u00e1sok<\/a>at v\u00e9gez. Vide\u00f3 \u00e1talak\u00edt\u00e1s, mindent mobil eszk\u00f6z\u00f6kre, vagy MP4, AVI, 3GP, RMV8, GIF, stb. mozg\u00f3k\u00e9p f\u00e1jlokk\u00e1 alak\u00edt.<br \/>\n<img decoding=\"async\" loading=\"lazy\" alt=\"Format Factory vide\u00f3 \u00e1talak\u00edt\u00e1s\" src=\"\/\/cuccokhalomban.csillagpor.hu\/pict\/formatfactory-screenshot.jpg\" width=\"697\" height=\"500\" \/>\n<\/p>\n<p>K\u00e9p \u00e1talak\u00edt\u00e1s, mindent <a target=\"_blank\" title=\"jpeg\" href=\"\/\/csillagpor.hu\/remek\/fajlkiterjesztes\/jpeg\" rel=\"noopener noreferrer\">JPG<\/a>, PNG, ICO, BMP, TIF, <a target=\"_blank\" title=\"gif\" href=\"\/\/csillagpor.hu\/remek\/fajlkiterjesztes\/gif\" rel=\"noopener noreferrer\">GIF<\/a> k\u00e9pf\u00e1jlokk\u00e1 alak\u00edt.<br \/>\n<img decoding=\"async\" loading=\"lazy\" alt=\"Format Factory k\u00e9p \u00e1talak\u00edt\u00e1s\" src=\"\/\/cuccokhalomban.csillagpor.hu\/pict\/formatfactory-screenshot-2.jpg\" width=\"697\" height=\"500\" \/>\n<\/p>\n<p>Audi\u00f3 \u00e1talak\u00edt\u00e1s, mindent <a target=\"_blank\" title=\"mp3\" href=\"\/\/csillagpor.hu\/remek\/fajlkiterjesztes\/mp3\" rel=\"noopener noreferrer\">MP3<\/a>, FLAC, WMA, AAC, MMF, AMR hangf\u00e1jlokk\u00e1 alak\u00edt.<br \/>\n<img decoding=\"async\" loading=\"lazy\" alt=\"Format Factory hang \u00e1talak\u00edt\u00e1s\" src=\"\/\/cuccokhalomban.csillagpor.hu\/pict\/formatfactory-screenshot-3.jpg\" width=\"697\" height=\"500\" \/>\n<\/p>\n<p>Halad\u00f3 funkci\u00f3k, vide\u00f3 \u00e9s audi\u00f3 egyes\u00edt\u00e9s, mux\u00e1l\u00e1s, m\u00e9dia f\u00e1jl inform\u00e1ci\u00f3.<br \/>\n<img decoding=\"async\" loading=\"lazy\" alt=\"Format Factory funkci\u00f3k\" src=\"\/\/cuccokhalomban.csillagpor.hu\/pict\/formatfactory-screenshot-4.jpg\" width=\"697\" height=\"500\" \/>\n<\/p>\n<p>Mobil eszk\u00f6z\u00f6kre \u00e1talak\u00edt\u00e1s, MP4, 3GP, AVI, H264 kompatibilis eszk\u00f6z\u00f6k, vagy konkr\u00e9tan valamelyik Sony, Apple, ASUS, Google, LG, Microsoft, Motorola, Nokia, Samsung valamelyik t\u00edpusa esetleg a tov\u00e1bbi 100 valamelyike&#8230;<br \/>\n<img decoding=\"async\" loading=\"lazy\" alt=\"Format Factory mobilra \u00e1talak\u00edt\u00e1s\" src=\"\/\/cuccokhalomban.csillagpor.hu\/pict\/formatfactory-screenshot-5.jpg\" width=\"779\" height=\"500\" \/><\/p>\n","protected":false},"excerpt":{"rendered":"<p><a target=\"_blank\" title=\"Format Factory k\u00e9perny\u0151k\u00e9pek\" href=\"\/\/csillagpor.hu\/remek\/programok\/format-factory-screenshot\" rel=\"noopener noreferrer\"><img decoding=\"async\" loading=\"lazy\" alt=\"Format Factory\" src=\"\/\/cuccokhalomban.csillagpor.hu\/pict\/formatfactory-kicsi.jpg\" width=\"100\" height=\"72\" class=\"flr\" \/><\/a>A Format Factory konvert\u00e1l\u00f3 program, k\u00fcl\u00f6nf\u00e9le m\u00e9dia f\u00e1jlform\u00e1tum \u00e1talak\u00edt\u00e1sokat v\u00e9gez. Vide\u00f3 \u00e1talak\u00edt\u00e1s, mindent mobil eszk\u00f6z\u00f6kre, vagy MP4, AVI, 3GP, RMV8, GIF, stb. mozg\u00f3k\u00e9p f\u00e1jlokk\u00e1 alak\u00edt. K\u00e9p \u00e1talak\u00edt\u00e1s, mindent JPG, PNG, ICO, BMP, TIF, GIF k\u00e9pf\u00e1jlokk\u00e1 alak\u00edt. Audi\u00f3 \u00e1talak\u00edt\u00e1s, mindent MP3, FLAC, WMA, AAC, MMF, AMR hangf\u00e1jlokk\u00e1 alak\u00edt&#8230;<\/p>\n","protected":false},"author":1,"featured_media":0,"parent":0,"menu_order":0,"comment_status":"closed","ping_status":"closed","template":"","meta":{"footnotes":""},"_links":{"self":[{"href":"https:\/\/csillagpor.hu\/remek\/programok\/wp-json\/wp\/v2\/pages\/577"}],"collection":[{"href":"https:\/\/csillagpor.hu\/remek\/programok\/wp-json\/wp\/v2\/pages"}],"about":[{"href":"https:\/\/csillagpor.hu\/remek\/programok\/wp-json\/wp\/v2\/types\/page"}],"author":[{"embeddable":true,"href":"https:\/\/csillagpor.hu\/remek\/programok\/wp-json\/wp\/v2\/users\/1"}],"replies":[{"embeddable":true,"href":"https:\/\/csillagpor.hu\/remek\/programok\/wp-json\/wp\/v2\/comments?post=577"}],"version-history":[{"count":0,"href":"https:\/\/csillagpor.hu\/remek\/programok\/wp-json\/wp\/v2\/pages\/577\/revisions"}],"wp:attachment":[{"href":"https:\/\/csillagpor.hu\/remek\/programok\/wp-json\/wp\/v2\/media?parent=577"}],"curies":[{"name":"wp","href":"https:\/\/api.w.org\/{rel}","templated":true}]}}