{"id":581,"date":"2011-06-10T17:22:44","date_gmt":"2011-06-10T15:22:44","guid":{"rendered":"http:\/\/csillagpor.hu\/remek\/programok\/?page_id=581"},"modified":"2022-06-30T17:42:34","modified_gmt":"2022-06-30T15:42:34","slug":"thunderbird-screenshot","status":"publish","type":"page","link":"https:\/\/csillagpor.hu\/remek\/programok\/thunderbird-screenshot","title":{"rendered":"Thunderbird k\u00e9perny\u0151k\u00e9pek"},"content":{"rendered":"<p><a target=\"_blank\" title=\"thunderbird\" href=\"\/\/csillagpor.hu\/remek\/programok\/thunderbird-letoltese\" rel=\"noopener noreferrer\">A Thunderbird levelez\u0151 kliens program<\/a> telep\u00edt\u00e9se ut\u00e1ni els\u0151 indul\u00e1skor felteszi a k\u00e9rd\u00e9st: Szeretne \u00faj e-mail c\u00edmet?<br \/>\n<img decoding=\"async\" loading=\"lazy\" alt=\"Thunderbird telep\u00edt\u00e9s k\u00e9sz\" src=\"\/\/cuccokhalomban.csillagpor.hu\/pict\/thunderbird-screenshot-1.jpg\" width=\"725\" height=\"500\" \/>\n<\/p>\n<p>Automatikusan megpr\u00f3b\u00e1lja be\u00e1ll\u00edtani a megadott postafi\u00f3kokat: &#8220;Tal\u00e1ltam egy konfigur\u00e1ci\u00f3t a szok\u00e1sos kiszolg\u00e1l\u00f3neveket pr\u00f3b\u00e1lgatva&#8221;<br \/>\n<img decoding=\"async\" loading=\"lazy\" alt=\"Thunderbird automatikus be\u00e1ll\u00edt\u00e1sok\" src=\"\/\/cuccokhalomban.csillagpor.hu\/pict\/thunderbird-screenshot-2.jpg\" width=\"725\" height=\"500\" \/>\n<\/p>\n<p>E-mailek let\u00f6ltve, adatv\u00e9delmi okokb\u00f3l blokkolva vannak alap\u00e9rtelmez\u00e9sben a t\u00e1voli tartalmak, vagyis itt a k\u00e9pek.<br \/>\n<img decoding=\"async\" loading=\"lazy\" alt=\"Thunderbird t\u00e1voli tartalmak blokkolva\" src=\"\/\/cuccokhalomban.csillagpor.hu\/pict\/thunderbird-screenshot-3.jpg\" width=\"726\" height=\"500\" \/>\n<\/p>\n<p>A jobb gombos men\u00fc, innen c\u00edmk\u00e9zhetj\u00fck is az \u00fczeneteket.<br \/>\n<img decoding=\"async\" loading=\"lazy\" alt=\"Thunderbird c\u00edmk\u00e9k\" src=\"\/\/cuccokhalomban.csillagpor.hu\/pict\/thunderbird-screenshot-4.jpg\" width=\"726\" height=\"500\" \/>\n<\/p>\n<p>Eszk\u00f6z\u00f6k men\u00fc, mentett f\u00e1jlok, sz\u0171r\u0151k futtat\u00e1sa a mapp\u00e1n, be\u00e1ll\u00edt\u00e1sok, ilyesmik&#8230;<br \/>\n<img decoding=\"async\" loading=\"lazy\" alt=\"Thunderbird eszk\u00f6z\u00f6k\" src=\"\/\/cuccokhalomban.csillagpor.hu\/pict\/thunderbird-screenshot-5.jpg\" width=\"726\" height=\"500\" \/>\n<\/p>\n<p>\u00c1ltal\u00e1nos be\u00e1ll\u00edt\u00e1sok, Thunderbird kezd\u0151oldal, ez ak\u00e1r a Gmail is lehetne&#8230; \u00e9s kieg\u00e9sz\u00edt\u0151k kezel\u00e9se.<br \/>\n<img decoding=\"async\" loading=\"lazy\" alt=\"Thunderbird kezd\u0151oldal\" src=\"\/\/cuccokhalomban.csillagpor.hu\/pict\/thunderbird-screenshot-6.jpg\" width=\"725\" height=\"500\" \/>\n<\/p>\n<p>Szerkeszt\u00e9s be\u00e1ll\u00edt\u00e1sai, helyes\u00edr\u00e1s-ellen\u0151rz\u00e9s be\u00edr\u00e1s k\u00f6zben.<br \/>\n<img decoding=\"async\" loading=\"lazy\" alt=\"Thunderbird helyes\u00edr\u00e1s\" src=\"\/\/cuccokhalomban.csillagpor.hu\/pict\/thunderbird-screenshot-8.jpg\" width=\"726\" height=\"500\" \/>\n<\/p>\n<p>Biztons\u00e1gi be\u00e1ll\u00edt\u00e1sok, mesterjelsz\u00f3 megad\u00e1sa.<br \/>\n<img decoding=\"async\" loading=\"lazy\" alt=\"Thunderbird mesterjelsz\u00f3\" src=\"\/\/cuccokhalomban.csillagpor.hu\/pict\/thunderbird-screenshot-9.jpg\" width=\"725\" height=\"500\" \/>\n<\/p>\n<p>M\u00e1solatok \u00e9s mapp\u00e1k be\u00e1ll\u00edt\u00e1sai. Minden egyes postafi\u00f3khoz k\u00fcl\u00f6n be\u00e1ll\u00edthatjuk, hov\u00e1 tegye az Elk\u00fcld\u00f6tt elemek, Arch\u00edvum, Piszkozatok \u00e9s Sablonok mapp\u00e1inkat. Itt egy kicsit zagyva a dolog, de ez csak egy gyors be\u00e1ll\u00edt\u00e1s volt.<br \/>\n<img decoding=\"async\" loading=\"lazy\" alt=\"Thunderbird mapp\u00e1k\" src=\"\/\/cuccokhalomban.csillagpor.hu\/pict\/thunderbird-screenshot-10.jpg\" width=\"729\" height=\"500\" \/>\n<\/p>\n<p>Adapt\u00edv lev\u00e9lszem\u00e9t-kezel\u00e9s enged\u00e9lyez\u00e9se, megadhatunk kiv\u00e9teleket, lev\u00e9lszem\u00e9tsz\u0171r\u0151 szolg\u00e1ltat\u00f3t, hov\u00e1 helyezze a mapp\u00e1t \u00e9s h\u00e1ny nap ut\u00e1n t\u00f6r\u00f6lje a szemetet.<br \/>\n<img decoding=\"async\" loading=\"lazy\" alt=\"Thunderbird lev\u00e9lszem\u00e9t\" src=\"\/\/cuccokhalomban.csillagpor.hu\/pict\/thunderbird-screenshot-11.jpg\" width=\"729\" height=\"500\" \/>\n<\/p>\n<p>C\u00edmjegyz\u00e9k, levelez\u0151lista l\u00e9trehoz\u00e1sa.<br \/>\n<img decoding=\"async\" loading=\"lazy\" alt=\"Thunderbird c\u00edmjegyz\u00e9k\" src=\"\/\/cuccokhalomban.csillagpor.hu\/pict\/thunderbird-screenshot-12.jpg\" width=\"726\" height=\"500\" \/>\n<\/p>\n<p>Sz\u0171r\u0151k l\u00e9trehoz\u00e1sa, a sz\u0171r\u00e9s szab\u00e1lyai nagyon r\u00e9szletesen be\u00e1ll\u00edthat\u00f3k.<br \/>\n<img decoding=\"async\" loading=\"lazy\" alt=\"Thunderbird sz\u0171r\u0151k\" src=\"\/\/cuccokhalomban.csillagpor.hu\/pict\/thunderbird-screenshot-13.jpg\" width=\"727\" height=\"500\" \/>\n<\/p>\n<p>A sz\u0171rt \u00fczenetekkel v\u00e9gzend\u0151 m\u0171veletek, pl: \u00e1thelyez\u00e9s, \u00e1tm\u00e1sol\u00e1s, tov\u00e1bb\u00edt\u00e1s, sablon v\u00e1lasz, k\u00fcl\u00f6nf\u00e9le megjel\u00f6l\u00e9sek, c\u00edmk\u00e9z\u00e9s, priorit\u00e1s, szem\u00e9t, t\u00f6rl\u00e9s helyi g\u00e9pr\u0151l vagy POP-kiszolg\u00e1l\u00f3r\u00f3l&#8230;<br \/>\n<img decoding=\"async\" loading=\"lazy\" alt=\"Thunderbird m\u0171veletek\" src=\"\/\/cuccokhalomban.csillagpor.hu\/pict\/thunderbird-screenshot-14.jpg\" width=\"726\" height=\"500\" \/>\n<\/p>\n<p>Az eszk\u00f6zt\u00e1rak ugyan\u00fagy testreszabhat\u00f3k mint a Firefoxban!<br \/>\n<img decoding=\"async\" loading=\"lazy\" alt=\"Thunderbird testreszab\u00e1s\" src=\"\/\/cuccokhalomban.csillagpor.hu\/pict\/thunderbird-screenshot-15.jpg\" width=\"727\" height=\"500\" \/><\/p>\n","protected":false},"excerpt":{"rendered":"<p>A Thunderbird levelez\u0151 kliens program telep\u00edt\u00e9se ut\u00e1ni els\u0151 indul\u00e1skor felteszi a k\u00e9rd\u00e9st: Szeretne \u00faj e-mail c\u00edmet? Automatikusan megpr\u00f3b\u00e1lja be\u00e1ll\u00edtani a megadott postafi\u00f3kokat: &#8220;Tal\u00e1ltam&#46;&#46;&#46;<\/p>\n","protected":false},"author":1,"featured_media":0,"parent":0,"menu_order":0,"comment_status":"closed","ping_status":"closed","template":"","meta":{"footnotes":""},"_links":{"self":[{"href":"https:\/\/csillagpor.hu\/remek\/programok\/wp-json\/wp\/v2\/pages\/581"}],"collection":[{"href":"https:\/\/csillagpor.hu\/remek\/programok\/wp-json\/wp\/v2\/pages"}],"about":[{"href":"https:\/\/csillagpor.hu\/remek\/programok\/wp-json\/wp\/v2\/types\/page"}],"author":[{"embeddable":true,"href":"https:\/\/csillagpor.hu\/remek\/programok\/wp-json\/wp\/v2\/users\/1"}],"replies":[{"embeddable":true,"href":"https:\/\/csillagpor.hu\/remek\/programok\/wp-json\/wp\/v2\/comments?post=581"}],"version-history":[{"count":0,"href":"https:\/\/csillagpor.hu\/remek\/programok\/wp-json\/wp\/v2\/pages\/581\/revisions"}],"wp:attachment":[{"href":"https:\/\/csillagpor.hu\/remek\/programok\/wp-json\/wp\/v2\/media?parent=581"}],"curies":[{"name":"wp","href":"https:\/\/api.w.org\/{rel}","templated":true}]}}