{"id":605,"date":"2011-07-18T11:03:13","date_gmt":"2011-07-18T09:03:13","guid":{"rendered":"http:\/\/csillagpor.hu\/remek\/programok\/?page_id=605"},"modified":"2022-06-30T18:31:26","modified_gmt":"2022-06-30T16:31:26","slug":"net-keretrendszer-screenshot","status":"publish","type":"page","link":"https:\/\/csillagpor.hu\/remek\/programok\/net-keretrendszer-screenshot","title":{"rendered":".NET keretrendszer k\u00e9perny\u0151k\u00e9pek"},"content":{"rendered":"<p><a target=\"_blank\" title=\"Microsoft .NET\" href=\"\/\/csillagpor.hu\/remek\/programok\/net-keretrendszer\" rel=\"noopener noreferrer\">A Microsoft .NET keretrendszer 4.6.2 telep\u00edt\u00e9se<\/a> Windows 7-re &#8230; Windows 10-en azt \u00edrta ki, hogy hagyjam b\u00e9k\u00e9n, neki van \u00fajabb. Elindul a telep\u00edt\u00e9s &#8230;<br \/>\n<img decoding=\"async\" loading=\"lazy\" alt=\".NET keretrendszer 4.6.2 telep\u00edt\u00e9s\" src=\"\/\/cuccokhalomban.csillagpor.hu\/pict\/dotnet-kepernyokep-1.jpg\" width=\"503\" height=\"470\" \/>\n<\/p>\n<p>&#8230; \u00e9s a telep\u00edt\u00e9s v\u00e9ge, az \u00fajabb verzi\u00f3k let\u00f6lt\u00e9si lehet\u0151s\u00e9g\u00e9vel.<br \/>\n<img decoding=\"async\" loading=\"lazy\" alt=\".NET keretrendszer 4.6.2 telep\u00edt\u00e9s sikeresen befejezve\" src=\"\/\/cuccokhalomban.csillagpor.hu\/pict\/dotnet-kepernyokep-2.jpg\" width=\"503\" height=\"470\" \/>\n<\/p>\n<p>R\u00e9gebbi verzi\u00f3k &#8230;<\/p>\n<p>A leg\u00fajabb .NET 4.5 m\u00e1r csak Vista SP2-t\u0151l \u00fajabb rendszerekre telep\u00edthet\u0151. Teh\u00e1t Windows 7, 8 \u00e9s a Windows Server 2008 R2 SP1 vagy 2012 j\u00f6het sz\u00f3ba. A telep\u00edt\u0151 32 \u00e9s 64 bites rendszerekre is ugyanaz.<br \/>\n<img decoding=\"async\" loading=\"lazy\" alt=\".NET keretrendszer 4.5\" src=\"\/\/cuccokhalomban.csillagpor.hu\/pict\/dotnet-screenshot-45.jpg\" width=\"503\" height=\"470\" \/>\n<\/p>\n<p>Windows XP-n &#8230;<\/p>\n<p>Ha m\u00e1r fent van a g\u00e9p\u00fcnk\u00f6n a <a target=\"_blank\" title=\".net\" href=\"\/\/csillagpor.hu\/remek\/programok\/net-keretrendszer\" rel=\"noopener noreferrer\">.NET Framework<\/a>, v\u00e1laszthatunk a jav\u00edt\u00e1s \u00e9s az elt\u00e1vol\u00edt\u00e1s k\u00f6z\u00f6tt.<br \/>\n<img decoding=\"async\" loading=\"lazy\" alt=\".NET keretrendszer jav\u00edt\u00e1s vagy elt\u00e1vol\u00edt\u00e1s\" src=\"\/\/cuccokhalomban.csillagpor.hu\/pict\/dotnet-screenshot.jpg\" width=\"503\" height=\"467\" \/>\n<\/p>\n<p>Friss\u00fcl a <a target=\"_blank\" title=\"windows alkatr\u00e9szek\" href=\"\/\/csillagpor.hu\/remek\/programok\/windows-alkatreszek\" rel=\"noopener noreferrer\">rendszer\u00f6sszetev\u0151<\/a> &#8211; Let\u00f6lt\u00e9s k\u00e9sz &#8211; Karbantart\u00e1s &#8211; Jav\u00edt\u00e1s \u00e1llapota<br \/>\n<img decoding=\"async\" loading=\"lazy\" alt=\".NET keretrendszer karbantart\u00e1s\" src=\"\/\/cuccokhalomban.csillagpor.hu\/pict\/dotnet-screenshot-1.jpg\" width=\"503\" height=\"467\" \/>\n<\/p>\n<p>Ki lett jav\u00edtva a .NET keretrendszer 4-es verzi\u00f3ja. &#8220;\u00dajabb \u00f6sszetev\u0151ket a Windows Update webhelyen kereshet.&#8221;<br \/>\n<img decoding=\"async\" loading=\"lazy\" alt=\".NET keretrendszer\" src=\"\/\/cuccokhalomban.csillagpor.hu\/pict\/dotnet-screenshot-2.jpg\" width=\"503\" height=\"467\" \/><\/p>\n","protected":false},"excerpt":{"rendered":"<p><a target=\"_blank\" title=\"Microsoft .NET keretrendszer k\u00e9perny\u0151k\u00e9pek\" href=\"\/\/csillagpor.hu\/remek\/programok\/net-keretrendszer-screenshot\" rel=\"noopener noreferrer\"><img decoding=\"async\" loading=\"lazy\" alt=\".NET\" src=\"\/\/cuccokhalomban.csillagpor.hu\/pict\/dotnet4.jpg\" width=\"100\" height=\"97\" class=\"flr\" \/><\/a>A Microsoft .NET keretrendszer telep\u00edt\u00e9se Windows 7-re &#8230; Windows 10-en azt \u00edrta ki, hogy hagyjam b\u00e9k\u00e9n, neki van \u00fajabb. Elindul a telep\u00edt\u00e9s &#8230; \u00e9s a telep\u00edt\u00e9s v\u00e9ge, az \u00fajabb verzi\u00f3k let\u00f6lt\u00e9si lehet\u0151s\u00e9g\u00e9vel. A 4.5 m\u00e1r csak Vista SP2-t\u0151l \u00fajabb rendszerekre telep\u00edthet\u0151&#8230;<\/p>\n","protected":false},"author":1,"featured_media":0,"parent":0,"menu_order":0,"comment_status":"closed","ping_status":"closed","template":"","meta":{"footnotes":""},"_links":{"self":[{"href":"https:\/\/csillagpor.hu\/remek\/programok\/wp-json\/wp\/v2\/pages\/605"}],"collection":[{"href":"https:\/\/csillagpor.hu\/remek\/programok\/wp-json\/wp\/v2\/pages"}],"about":[{"href":"https:\/\/csillagpor.hu\/remek\/programok\/wp-json\/wp\/v2\/types\/page"}],"author":[{"embeddable":true,"href":"https:\/\/csillagpor.hu\/remek\/programok\/wp-json\/wp\/v2\/users\/1"}],"replies":[{"embeddable":true,"href":"https:\/\/csillagpor.hu\/remek\/programok\/wp-json\/wp\/v2\/comments?post=605"}],"version-history":[{"count":0,"href":"https:\/\/csillagpor.hu\/remek\/programok\/wp-json\/wp\/v2\/pages\/605\/revisions"}],"wp:attachment":[{"href":"https:\/\/csillagpor.hu\/remek\/programok\/wp-json\/wp\/v2\/media?parent=605"}],"curies":[{"name":"wp","href":"https:\/\/api.w.org\/{rel}","templated":true}]}}