{"id":609,"date":"2011-07-21T23:44:59","date_gmt":"2011-07-21T21:44:59","guid":{"rendered":"http:\/\/csillagpor.hu\/remek\/programok\/?page_id=609"},"modified":"2022-09-30T12:38:26","modified_gmt":"2022-09-30T10:38:26","slug":"xnview-screenshot","status":"publish","type":"page","link":"https:\/\/csillagpor.hu\/remek\/programok\/xnview-screenshot","title":{"rendered":"XnView k\u00e9perny\u0151k\u00e9pek"},"content":{"rendered":"<p><a target=\"_blank\" title=\"xnview\" href=\"\/\/csillagpor.hu\/remek\/programok\/xnview-letoltese\" rel=\"noopener\">Az XnView k\u00e9pn\u00e9zeget\u0151<\/a> Windows 10-en, Eszk\u00f6z\u00f6k men\u00fc, Hexa m\u00f3d\u00fa n\u00e9zet, hasonl\u00f3 f\u00e1jlok keres\u00e9se, export\u00e1l\u00e1s, k\u00e9plop\u00e1s, konvert\u00e1l\u00e1s, \u00e1talak\u00edt\u00e1s, k\u00fcld\u00e9s, felt\u00f6lt\u00e9s, be\u00e9p\u00fcl\u0151k, opci\u00f3k &#8230;<br \/>\n<img decoding=\"async\" loading=\"lazy\" alt=\"XnView eszk\u00f6z\u00f6k\" src=\"\/\/cuccokhalomban.csillagpor.hu\/pict\/xnview-kepernyokep-1.jpg\" width=\"730\" height=\"423\" \/>\n<\/p>\n<p>Csoportos f\u00e1jlkonvert\u00e1l\u00e1s, hozz\u00e1adjuk jobboldalr\u00f3l mit szeretn\u00e9nk tenni a k\u00e9peinkkel, majd ha baloldalon megjelentek, alatta be\u00e1ll\u00edtjuk a param\u00e9tereit \u00e9s azt\u00e1n K\u00fcld\u00e9s.<br \/>\n<img decoding=\"async\" loading=\"lazy\" alt=\"XnView csoportos f\u00e1jlkonvert\u00e1l\u00e1s\" src=\"\/\/cuccokhalomban.csillagpor.hu\/pict\/xnview-kepernyokep-2.jpg\" width=\"730\" height=\"420\" \/>\n<\/p>\n<p>Vet\u00edt\u00e9s, a f\u00e1jllist\u00e1hoz adjuk k\u00e9pf\u00e1jljainkat, \u00e1ll\u00edtunk id\u0151z\u00edt\u00e9sen, m\u00e9reten, egyebeken, hangot is adhatunk hozz\u00e1, \u00e1tt\u0171n\u00e9seket is, majd mentj\u00fck ak\u00e1r vide\u00f3k\u00e9nt vagy exe f\u00e1jlba.<br \/>\n<img decoding=\"async\" loading=\"lazy\" alt=\"XnView vet\u00edt\u00e9s\" src=\"\/\/cuccokhalomban.csillagpor.hu\/pict\/xnview-kepernyokep-3.jpg\" width=\"730\" height=\"421\" \/>\n<\/p>\n<p>Ez pedig a k\u00e9plop\u00f3, vagyis ezzel k\u00e9sz\u00edthet\u00fcnk k\u00e9perny\u0151k\u00e9peket. Be\u00e1ll\u00edthatunk id\u0151z\u00edt\u00e9st, hogy asztalr\u00f3l, ablakr\u00f3l, akt\u00edv ablakr\u00f3l vagy egy \u00e1ltalunk rajzolt n\u00e9gyzetr\u0151l k\u00e9sz\u00edtsen e k\u00e9perny\u0151k\u00e9pet. Azt\u00e1n ment\u00e9s &#8230;<br \/>\n<img decoding=\"async\" loading=\"lazy\" alt=\"XnView k\u00e9plop\u00f3\" src=\"\/\/cuccokhalomban.csillagpor.hu\/pict\/xnview-kepernyokep-4.jpg\" width=\"730\" height=\"424\" \/>\n<\/p>\n<p>R\u00e9gebbi verzi\u00f3k:<\/p>\n<p>Az XnView k\u00e9pn\u00e9zeget\u0151 telep\u00edt\u00e9se, \u00f6sszetev\u0151k kiv\u00e1laszt\u00e1sa. Sok mindent ki lehet venni a list\u00e1b\u00f3l, \u00e9n pl. ezt csak k\u00e9pn\u00e9zeget\u0151nek haszn\u00e1lom, teh\u00e1t nem kell, t\u00f6m\u00f6r\u00edtett f\u00e1jlokat, hangokat, vide\u00f3kat, stb-t olvasnia.<br \/>\n<img decoding=\"async\" loading=\"lazy\" alt=\"XnView telep\u00edt\u00e9se\" src=\"\/\/cuccokhalomban.csillagpor.hu\/pict\/xnview-screenshot-5.jpg\" width=\"502\" height=\"388\" \/>\n<\/p>\n<p>Pl. ezt a CAD plugint sem szoktam feltenni, m\u00e1r csak az\u00e9rt sem, mert shareware.<br \/>\n<img decoding=\"async\" loading=\"lazy\" alt=\"XnView plugin\" src=\"\/\/cuccokhalomban.csillagpor.hu\/pict\/xnview-screenshot-6.jpg\" width=\"503\" height=\"388\" \/>\n<\/p>\n<p>Be\u00e1ll\u00edt\u00e1sok, magyar nyelvre \u00e1ll\u00edt\u00e1s, be\u00e1ll\u00edt\u00e1sok helye \u00e9s rendszerintegr\u00e1ci\u00f3.<br \/>\n<img decoding=\"async\" loading=\"lazy\" alt=\"XnView magyar nyelv\" src=\"\/\/cuccokhalomban.csillagpor.hu\/pict\/xnview-screenshot-7.jpg\" width=\"419\" height=\"392\" \/>\n<\/p>\n<p><a target=\"_blank\" title=\"k\u00e9pn\u00e9zeget\u0151\" href=\"\/\/csillagpor.hu\/remek\/programok\/kepnezegeto-programok\" rel=\"noopener\">K\u00e9pb\u00f6ng\u00e9sz\u0151<\/a>, miniat\u0171r n\u00e9zet r\u00e9szletekkel \u00e9s el\u0151n\u00e9zettel, baloldalt a k\u00f6nyvt\u00e1rak fan\u00e9zetben.<br \/>\n<img decoding=\"async\" loading=\"lazy\" alt=\"XnView k\u00e9pb\u00f6ng\u00e9sz\u0151\" src=\"\/\/cuccokhalomban.csillagpor.hu\/pict\/xnview-screenshot-8.jpg\" width=\"730\" height=\"379\" \/>\n<\/p>\n<p>F\u00e1jl &#8211; TWAIN forr\u00e1s kijel\u00f6l\u00e9se, beolvas\u00e1s k\u00e9polvas\u00f3b\u00f3l vagy f\u00e9nyk\u00e9pez\u0151g\u00e9pb\u0151l.<br \/>\n<img decoding=\"async\" loading=\"lazy\" alt=\"XnView twain\" src=\"\/\/cuccokhalomban.csillagpor.hu\/pict\/xnview-screenshot-9.jpg\" width=\"730\" height=\"379\" \/>\n<\/p>\n<p>Szerkeszt\u00e9s &#8211; Metaadatok, IPTC felirat, GPS adat, EXIF adatok, illetve ezek kitakar\u00edt\u00e1sa a k\u00e9pf\u00e1jlokb\u00f3l.<br \/>\n<img decoding=\"async\" loading=\"lazy\" alt=\"XnView meta\" src=\"\/\/cuccokhalomban.csillagpor.hu\/pict\/xnview-screenshot-10.jpg\" width=\"730\" height=\"379\" \/>\n<\/p>\n<p>L\u00e1tv\u00e1ny, <a target=\"_blank\" title=\"k\u00e9pn\u00e9zeget\u0151\" href=\"\/\/csillagpor.hu\/remek\/programok\/kepnezegeto-programok\" rel=\"noopener\">a k\u00e9pn\u00e9zeget\u0151<\/a> n\u00e9zet\u00e9nek, elrendez\u00e9s\u00e9nek be\u00e1ll\u00edt\u00e1sai \u00e9s f\u00fclek, eszk\u00f6zt\u00e1r, fa panel &#8230;<br \/>\n<img decoding=\"async\" loading=\"lazy\" alt=\"XnView l\u00e1tv\u00e1ny\" src=\"\/\/cuccokhalomban.csillagpor.hu\/pict\/xnview-screenshot-11.jpg\" width=\"730\" height=\"379\" \/>\n<\/p>\n<p>Eszk\u00f6z\u00f6k &#8211; Export\u00e1l\u00e1s, konvert\u00e1l\u00e1s, k\u00e9plop\u00e1s, k\u00fcld\u00e9s e-mailben, h\u00e1tt\u00e9rk\u00e9pnek be\u00e1ll\u00edt\u00e1s, JPEG vesztes\u00e9gmentes \u00e1talak\u00edt\u00e1sok, pl. t\u00fckr\u00f6z\u00e9s, elforgat\u00e1s&#8230;<br \/>\n<img decoding=\"async\" loading=\"lazy\" alt=\"XnView eszk\u00f6z\u00f6k\" src=\"\/\/cuccokhalomban.csillagpor.hu\/pict\/xnview-screenshot-12.jpg\" width=\"730\" height=\"379\" \/>\n<\/p>\n<p>Opci\u00f3k &#8211; \u00cdr\u00e1s, PDF min\u0151s\u00e9g \u00e9s t\u00f6m\u00f6r\u00edt\u00e9s t\u00edpusa.<br \/>\n<img decoding=\"async\" loading=\"lazy\" alt=\"XnView pdf\" src=\"\/\/cuccokhalomban.csillagpor.hu\/pict\/xnview-screenshot-13.jpg\" width=\"730\" height=\"379\" \/>\n<\/p>\n<p>B\u00f6ng\u00e9sz\u0151 &#8211; F\u00e1jllista &#8211; V\u00e1lasszuk ki, hogy miket akarunk l\u00e1tni a k\u00e9pb\u00f6ng\u00e9sz\u0151ben. \u00c9n csak k\u00e9peket.<br \/>\n<img decoding=\"async\" loading=\"lazy\" alt=\"XnView f\u00e1jllista\" src=\"\/\/cuccokhalomban.csillagpor.hu\/pict\/xnview-screenshot-14.jpg\" width=\"730\" height=\"379\" \/>\n<\/p>\n<p>Be\u00e9p\u00fcl\u0151k be\u00e1ll\u00edt\u00e1sai, haszn\u00e1lhatunk Adobe plugineket is.<br \/>\n<img decoding=\"async\" loading=\"lazy\" alt=\"XnView Adobe plugin\" src=\"\/\/cuccokhalomban.csillagpor.hu\/pict\/xnview-screenshot-15.jpg\" width=\"730\" height=\"379\" \/>\n<\/p>\n<p>Rendszerintegr\u00e1ci\u00f3, f\u00e1jl kiterjeszt\u00e9s t\u00e1rs\u00edt\u00e1sok. A leggyakoribbak aj\u00e1nlottak, ha esetleg ezut\u00e1n valamit nem jelen\u00edt meg, akkor hozz\u00e1adjuk k\u00fcl\u00f6n.<br \/>\n<img decoding=\"async\" loading=\"lazy\" alt=\"XnView f\u00e1jl kiterjeszt\u00e9s\" src=\"\/\/cuccokhalomban.csillagpor.hu\/pict\/xnview-screenshot-16.jpg\" width=\"730\" height=\"379\" \/>\n<\/p>\n<p>A k\u00e9pn\u00e9zeget\u0151, elforgat\u00e1s jobbra, balra, t\u00fckr\u00f6z\u00e9s, v\u00e1g\u00e1s.<br \/>\n<img decoding=\"async\" loading=\"lazy\" alt=\"XnView k\u00e9pn\u00e9zeget\u0151\" src=\"\/\/cuccokhalomban.csillagpor.hu\/pict\/xnview-screenshot-17.jpg\" width=\"730\" height=\"379\" \/>\n<\/p>\n<p>K\u00e9p igaz\u00edt\u00e1s, f\u00e9nyer\u0151, kontraszt, gamma korrekci\u00f3, sz\u00ednegyens\u00faly.<br \/>\n<img decoding=\"async\" loading=\"lazy\" alt=\"XnView igaz\u00edt\u00e1s\" src=\"\/\/cuccokhalomban.csillagpor.hu\/pict\/xnview-screenshot-18.jpg\" width=\"730\" height=\"379\" \/>\n<\/p>\n<p>Sz\u00edn\u00e1rnyalat, f\u00e9nyer\u0151, tel\u00edtetts\u00e9g igaz\u00edt\u00e1sa.<br \/>\n<img decoding=\"async\" loading=\"lazy\" alt=\"XnView sz\u00edn\u00e1rnyalat\" src=\"\/\/cuccokhalomban.csillagpor.hu\/pict\/xnview-screenshot-19.jpg\" width=\"730\" height=\"379\" \/>\n<\/p>\n<p>Egy r\u00e9gebbi verzi\u00f3 Windows XP-n. K\u00e9pn\u00e9zeget\u0151, f\u00fcles k\u00e9pkezel\u00e9s.<br \/>\n<img decoding=\"async\" loading=\"lazy\" alt=\"XnView k\u00e9pn\u00e9zeget\u0151\" src=\"\/\/cuccokhalomban.csillagpor.hu\/pict\/xnview-screenshot.jpg\" width=\"667\" height=\"500\" \/>\n<\/p>\n<p>K\u00e9p b\u00f6ng\u00e9sz\u0151 &#8211; miniat\u0171r n\u00e9zet.<br \/>\n<img decoding=\"async\" loading=\"lazy\" alt=\"XnView miniat\u0171r n\u00e9zet\" src=\"\/\/cuccokhalomban.csillagpor.hu\/pict\/xnview-screenshot-1.jpg\" width=\"667\" height=\"500\" \/>\n<\/p>\n<p>T\u00e1rs\u00edt\u00e1sok &#8211; Minden k\u00e9pf\u00e1jl form\u00e1tumot kezel. Nem hiszed? Pr\u00f3b\u00e1ld ki!<br \/>\n<img decoding=\"async\" loading=\"lazy\" alt=\"XnView t\u00e1rs\u00edt\u00e1sok\" src=\"\/\/cuccokhalomban.csillagpor.hu\/pict\/xnview-screenshot-2.jpg\" width=\"642\" height=\"464\" \/>\n<\/p>\n<p>K\u00e9plop\u00f3 &#8211; Rengeteg form\u00e1tumban k\u00e9sz\u00edthet\u00fcnk k\u00e9perny\u0151 k\u00e9pet.<br \/>\n<img decoding=\"async\" loading=\"lazy\" alt=\"XnView k\u00e9plop\u00f3\" src=\"\/\/cuccokhalomban.csillagpor.hu\/pict\/xnview-screenshot-3.jpg\" width=\"667\" height=\"500\" \/>\n<\/p>\n<p>Csoportos f\u00e1jlkonvert\u00e1l\u00e1s.<br \/>\n<img decoding=\"async\" loading=\"lazy\" alt=\"XnView konvert\u00e1l\u00e1s\" src=\"\/\/cuccokhalomban.csillagpor.hu\/pict\/xnview-screenshot-4.jpg\" width=\"688\" height=\"500\" \/><\/p>\n","protected":false},"excerpt":{"rendered":"<p><a target=\"_blank\" title=\"xnview k\u00e9perny\u0151k\u00e9pek\" href=\"\/\/csillagpor.hu\/remek\/programok\/xnview-screenshot\" rel=\"noopener noreferrer\"><img decoding=\"async\" loading=\"lazy\" alt=\"XnView\" src=\"\/\/cuccokhalomban.csillagpor.hu\/pict\/xnview-kicsi.jpg\" width=\"100\" height=\"52\" class=\"flr\" \/><\/a>Az XnView k\u00e9pn\u00e9zeget\u0151 Windows 10-en, Eszk\u00f6z\u00f6k men\u00fc, Hexa m\u00f3d\u00fa n\u00e9zet, hasonl\u00f3 f\u00e1jlok keres\u00e9se, export\u00e1l\u00e1s, k\u00e9plop\u00e1s, konvert\u00e1l\u00e1s, \u00e1talak\u00edt\u00e1s, k\u00fcld\u00e9s, felt\u00f6lt\u00e9s, be\u00e9p\u00fcl\u0151k, opci\u00f3k &#8230; Csoportos f\u00e1jlkonvert\u00e1l\u00e1s, hozz\u00e1adjuk jobboldalr\u00f3l mit szeretn\u00e9nk tenni a k\u00e9peinkkel, majd ha baloldalon megjelentek, alatta be\u00e1ll\u00edtjuk a param\u00e9tereit \u00e9s azt\u00e1n K\u00fcld\u00e9s. Vet\u00edt\u00e9s, a f\u00e1jllist\u00e1hoz adjuk k\u00e9pf\u00e1jljainkat, \u00e1ll\u00edtunk id\u0151z\u00edt\u00e9sen, m\u00e9reten, egyebeken, hangot is adhatunk hozz\u00e1, \u00e1tt\u0171n\u00e9seket is, majd mentj\u00fck ak\u00e1r vide\u00f3k\u00e9nt vagy exe f\u00e1jlba&#8230;<\/p>\n","protected":false},"author":1,"featured_media":0,"parent":0,"menu_order":0,"comment_status":"closed","ping_status":"closed","template":"","meta":{"footnotes":""},"_links":{"self":[{"href":"https:\/\/csillagpor.hu\/remek\/programok\/wp-json\/wp\/v2\/pages\/609"}],"collection":[{"href":"https:\/\/csillagpor.hu\/remek\/programok\/wp-json\/wp\/v2\/pages"}],"about":[{"href":"https:\/\/csillagpor.hu\/remek\/programok\/wp-json\/wp\/v2\/types\/page"}],"author":[{"embeddable":true,"href":"https:\/\/csillagpor.hu\/remek\/programok\/wp-json\/wp\/v2\/users\/1"}],"replies":[{"embeddable":true,"href":"https:\/\/csillagpor.hu\/remek\/programok\/wp-json\/wp\/v2\/comments?post=609"}],"version-history":[{"count":0,"href":"https:\/\/csillagpor.hu\/remek\/programok\/wp-json\/wp\/v2\/pages\/609\/revisions"}],"wp:attachment":[{"href":"https:\/\/csillagpor.hu\/remek\/programok\/wp-json\/wp\/v2\/media?parent=609"}],"curies":[{"name":"wp","href":"https:\/\/api.w.org\/{rel}","templated":true}]}}