{"id":610,"date":"2011-07-24T21:35:50","date_gmt":"2011-07-24T19:35:50","guid":{"rendered":"http:\/\/csillagpor.hu\/remek\/programok\/?page_id=610"},"modified":"2022-06-30T18:12:56","modified_gmt":"2022-06-30T16:12:56","slug":"k-lite-mega-codec-pack-screenshot","status":"publish","type":"page","link":"https:\/\/csillagpor.hu\/remek\/programok\/k-lite-mega-codec-pack-screenshot","title":{"rendered":"K-Lite Mega Codec Pack k\u00e9perny\u0151k\u00e9pek"},"content":{"rendered":"<p>A <a target=\"_blank\" title=\"k-lite codec pack\" href=\"\/\/csillagpor.hu\/remek\/programok\/k-lite-mega-codec-pack-letoltese\" rel=\"noopener noreferrer\">K-Lite<\/a> nagyon sz\u00e9pen be\u00e9p\u00fcl a Windows 10 Start men\u00fcj\u00e9be is.<br \/>\n<img decoding=\"async\" loading=\"lazy\" alt=\"K-Lite Mega Codec Pack friss\u00edt\u00e9s\" src=\"\/\/cuccokhalomban.csillagpor.hu\/pict\/k-lite-windows10-startmenu.jpg\" width=\"256\" height=\"567\" \/>\n<\/p>\n<p>Az \u00faj telep\u00edt\u00e9se el\u0151tt leszedi az el\u0151z\u0151t, most m\u00e1r a K-Lite verzi\u00f3it is l\u00e1thatjuk &#8230;<br \/>\n<img decoding=\"async\" loading=\"lazy\" alt=\"K-Lite Mega Codec Pack friss\u00edt\u00e9s\" src=\"\/\/cuccokhalomban.csillagpor.hu\/pict\/k-lite-mega-codec-pack-kepernyokep-1.jpg\" width=\"473\" height=\"189\" \/>\n<\/p>\n<p>Ha az Expert telep\u00edt\u00e9si m\u00f3dot haszn\u00e1ljuk, mindent meghat\u00e1rozhatunk, ha nem tudunk valamit, akkor csak egyszer\u0171en tov\u00e1bb kell l\u00e9pni.<br \/>\n<img decoding=\"async\" loading=\"lazy\" alt=\"K-Lite Mega Codec Pack Expert telep\u00edt\u00e9s\" src=\"\/\/cuccokhalomban.csillagpor.hu\/pict\/k-lite-mega-codec-pack-kepernyokep-2.jpg\" width=\"514\" height=\"471\" \/>\n<\/p>\n<p>Kiv\u00e1laszthatjuk az alap\u00e9rtelmezett lej\u00e1tsz\u00f3t \u00e9s egyebeket. Az MPC-t nem sz\u00fcks\u00e9ges telep\u00edteni, azt m\u00e9g hamarabb meghat\u00e1rozhatjuk.<br \/>\n<img decoding=\"async\" loading=\"lazy\" alt=\"K-Lite Mega Codec Pack m\u00e9dialej\u00e1tsz\u00f3k\" src=\"\/\/cuccokhalomban.csillagpor.hu\/pict\/k-lite-mega-codec-pack-kepernyokep-3.jpg\" width=\"514\" height=\"471\" \/>\n<\/p>\n<p>Ez a legfontosabb! Ne telep\u00edts\u00fck ezeket az eszk\u00f6zt\u00e1rakat! Vegy\u00fck ki a pip\u00e1kat \u00e9s v\u00e1lasszuk a Decline opci\u00f3k!<br \/>\n<img decoding=\"async\" loading=\"lazy\" alt=\"K-Lite Mega Codec Pack eszk\u00f6zt\u00e1rak\" src=\"\/\/cuccokhalomban.csillagpor.hu\/pict\/k-lite-mega-codec-pack-kepernyokep-4.jpg\" width=\"514\" height=\"471\" \/>\n<\/p>\n<p>R\u00e9gebbi verzi\u00f3k &#8230;<\/p>\n<p>Ha egy 64 bites Windowson a 64 bites <a target=\"_blank\" title=\"k-lite codec pack\" href=\"\/\/csillagpor.hu\/remek\/programok\/k-lite-mega-codec-pack-letoltese\" rel=\"noopener noreferrer\">Codec Pack<\/a> volt fent akkor leszedi, de ha b\u00e1rmilyen r\u00e9gebbi verzi\u00f3, akkor is uninstall\u00e1lja a telep\u00edt\u0151 <br \/>miel\u0151tt feltelep\u00edten\u00e9 a legfrissebbet.<br \/>\n<img decoding=\"async\" loading=\"lazy\" alt=\"K-Lite Mega Codec Pack telep\u00edt\u00e9s\" src=\"\/\/cuccokhalomban.csillagpor.hu\/pict\/k-lite-mega-codec-pack-screenshot-11.jpg\" width=\"470\" height=\"204\" \/>\n<\/p>\n<p>A Media Player Classic Home Cinem\u00e1b\u00f3l feltelep\u00edti a 32 \u00e9s 64 bites verzi\u00f3t is, ha akarjuk.<br \/>\n<img decoding=\"async\" loading=\"lazy\" alt=\"K-Lite Mega Codec Pack MPC-HC\" src=\"\/\/cuccokhalomban.csillagpor.hu\/pict\/k-lite-mega-codec-pack-screenshot-12.jpg\" width=\"503\" height=\"428\" \/>\n<\/p>\n<p>Igen sok el\u0151re be\u00e1ll\u00edtott telep\u00edt\u00e9si m\u00f3d k\u00f6z\u00fcl v\u00e1laszthatunk.<br \/>\n<img decoding=\"async\" loading=\"lazy\" alt=\"K-Lite Mega Codec Pack telep\u00edt\u00e9si m\u00f3dok\" src=\"\/\/cuccokhalomban.csillagpor.hu\/pict\/k-lite-mega-codec-pack-screenshot-13.jpg\" width=\"503\" height=\"428\" \/>\n<\/p>\n<p>Eszk\u00f6z\u00f6k &#8230; Codec Tweak Tools, MediaInfo Lite, Haali Muxer &#8230;<br \/>\n<img decoding=\"async\" loading=\"lazy\" alt=\"K-Lite Mega Codec Pack eszk\u00f6z\u00f6k\" src=\"\/\/cuccokhalomban.csillagpor.hu\/pict\/k-lite-mega-codec-pack-screenshot-14.jpg\" width=\"503\" height=\"428\" \/>\n<\/p>\n<p>Vide\u00f3 renderel\u0151k.<br \/>\n<img decoding=\"async\" loading=\"lazy\" alt=\"K-Lite Mega Codec Pack video renderer\" src=\"\/\/cuccokhalomban.csillagpor.hu\/pict\/k-lite-mega-codec-pack-screenshot-15.jpg\" width=\"503\" height=\"428\" \/>\n<\/p>\n<p>A helyzet\u00e9rz\u00e9keny men\u00fch\u00f6z hozz\u00e1adhat\u00f3k a k\u00f6vetkez\u0151 dolgok&#8230;<br \/>\n<img decoding=\"async\" loading=\"lazy\" alt=\"K-Lite Mega Codec Pack context menu\" src=\"\/\/cuccokhalomban.csillagpor.hu\/pict\/k-lite-mega-codec-pack-screenshot-16.jpg\" width=\"503\" height=\"428\" \/>\n<\/p>\n<p>Be\u00e1ll\u00edthatjuk a friss\u00edt\u00e9si gyakoris\u00e1got.<br \/>\n<img decoding=\"async\" loading=\"lazy\" alt=\"K-Lite Mega Codec Pack friss\u00edt\u00e9s\" src=\"\/\/cuccokhalomban.csillagpor.hu\/pict\/k-lite-mega-codec-pack-screenshot-17.jpg\" width=\"503\" height=\"428\" \/>\n<\/p>\n<p>Melyik lej\u00e1tsz\u00f3hoz rendelj\u00fck a m\u00e9dia f\u00e1jlt\u00edpusokat lej\u00e1tsz\u00e1sra. Ha egyikhez sem, akkor marad az a be\u00e1ll\u00edt\u00e1s ami eddig volt.<br \/>\n<img decoding=\"async\" loading=\"lazy\" alt=\"K-Lite Mega Codec Pack lej\u00e1tsz\u00f3k\" src=\"\/\/cuccokhalomban.csillagpor.hu\/pict\/k-lite-mega-codec-pack-screenshot-18.jpg\" width=\"503\" height=\"428\" \/>\n<\/p>\n<p>Na itt figyelj\u00fcnk! Ha nem kell a Mystart Toolbar vagy nem szeretn\u00e9nk hogy \u00e1t\u00e1ll\u00edtsa a keres\u0151t, kezd\u0151lapot, akkor lent &#8220;No thanks. I don&#8217;t &#8230;&#8221;.<br \/>\n<img decoding=\"async\" loading=\"lazy\" alt=\"K-Lite Mega Codec Pack figyelem\" src=\"\/\/cuccokhalomban.csillagpor.hu\/pict\/k-lite-mega-codec-pack-screenshot-19.jpg\" width=\"503\" height=\"428\" \/>\n<\/p>\n<p>Vannak a registryben n\u00e9ha hib\u00e1k, az igenre kattintva elt\u00e1vol\u00edtja (rendbe hozza).<br \/>\n<img decoding=\"async\" loading=\"lazy\" alt=\"K-Lite Mega Codec Pack hib\u00e1k\" src=\"\/\/cuccokhalomban.csillagpor.hu\/pict\/k-lite-mega-codec-pack-screenshot-20.jpg\" width=\"487\" height=\"354\" \/>\n<\/p>\n<p>R\u00e9gebbi verzi\u00f3k &#8230;.<\/p>\n<p>A <a target=\"_blank\" title=\"k-lite codec pack\" href=\"\/\/csillagpor.hu\/remek\/programok\/k-lite-mega-codec-pack-letoltese\" rel=\"noopener noreferrer\">K-Lite Mega Codec Pack<\/a> <a target=\"_blank\" title=\"codec\" href=\"\/\/csillagpor.hu\/remek\/programok\/codec-kodek\" rel=\"noopener noreferrer\">codec csomag<\/a> telep\u00edt\u00e9se, Select Components, igen r\u00e9szletesen v\u00e1logathatjuk ki az \u00f6sszetev\u0151ket, ha az elej\u00e9n az Advanced install-t v\u00e1lasztjuk.<br \/>\n<img decoding=\"async\" loading=\"lazy\" alt=\"K-Lite Mega Codec Pack telep\u00edt\u00e9s\" src=\"\/\/cuccokhalomban.csillagpor.hu\/pict\/k-lite-mega-codec-pack-screenshot-1.jpg\" width=\"503\" height=\"425\" \/>\n<\/p>\n<p>Additional Tasks and Options, r\u00e9szletes be\u00e1ll\u00edt\u00e1sok, pl. statikus feliratok legyenek e, vagy enged\u00e9lyezz\u00fck az anim\u00e1lt effekteket.<br \/>\n<img decoding=\"async\" loading=\"lazy\" alt=\"K-Lite Mega Codec Pack be\u00e1ll\u00edt\u00e1sok\" src=\"\/\/cuccokhalomban.csillagpor.hu\/pict\/k-lite-mega-codec-pack-screenshot-2.jpg\" width=\"503\" height=\"425\" \/>\n<\/p>\n<p>File associations, melyik m\u00e9dialej\u00e1tsz\u00f3hoz t\u00e1rs\u00edtjuk a f\u00e1jlokat?<br \/>\n<img decoding=\"async\" loading=\"lazy\" alt=\"K-Lite Mega Codec Pack f\u00e1jl t\u00e1rs\u00edt\u00e1s\" src=\"\/\/cuccokhalomban.csillagpor.hu\/pict\/k-lite-mega-codec-pack-screenshot-3.jpg\" width=\"503\" height=\"425\" \/>\n<\/p>\n<p>File associations, melyik audio \u00e9s vide\u00f3 kiterjeszt\u00e9st rendelj\u00fck a lej\u00e1tsz\u00f3hoz, AVI, Matroska, MP4, Ogg, MP3, PMEG4, FLAC, WavPack, stb&#8230;<br \/>\n<img decoding=\"async\" loading=\"lazy\" alt=\"K-Lite Mega Codec Pack hang \u00e9s vide\u00f3 lej\u00e1tsz\u00f3\" src=\"\/\/cuccokhalomban.csillagpor.hu\/pict\/k-lite-mega-codec-pack-screenshot-4.jpg\" width=\"503\" height=\"425\" \/>\n<\/p>\n<p>Codec Tweak Tools, a legsz\u00e9lesk\u00f6r\u0171bb be\u00e1ll\u00edt\u00e1sok, pl. Reset settings, ha valamit nagyon el\u00e1ll\u00edtottunk volna.<br \/>\n<img decoding=\"async\" loading=\"lazy\" alt=\"K-Lite Mega Codec Pack Tweak Tools\" src=\"\/\/cuccokhalomban.csillagpor.hu\/pict\/k-lite-mega-codec-pack-screenshot-5.jpg\" width=\"503\" height=\"425\" \/><\/p>\n","protected":false},"excerpt":{"rendered":"<p><a target=\"_blank\" title=\"screenshot\" href=\"\/\/csillagpor.hu\/remek\/programok\/k-lite-mega-codec-pack-screenshot\" rel=\"noopener noreferrer\"><img decoding=\"async\" loading=\"lazy\" alt=\"K-Lite\" src=\"\/\/cuccokhalomban.csillagpor.hu\/pict\/k-lite-mega-codec-pack-kicsi.jpg\" width=\"100\" height=\"85\" class=\"flr\" \/><\/a>K-Lite Mega Codec Pack k\u00e9perny\u0151k\u00e9pek. A K-Lite nagyon sz\u00e9pen be\u00e9p\u00fcl a Windows 10 Start men\u00fcj\u00e9be is. Az \u00faj telep\u00edt\u00e9se el\u0151tt leszedi az el\u0151z\u0151t, most m\u00e1r a K-Lite verzi\u00f3it is l\u00e1thatjuk &#8230; Ha az Expert telep\u00edt\u00e9si m\u00f3dot haszn\u00e1ljuk, mindent meghat\u00e1rozhatunk, ha nem tudunk valamit, akkor csak egyszer\u0171en tov\u00e1bb kell l\u00e9pni. Az MPC-t nem sz\u00fcks\u00e9ges telep\u00edteni, azt m\u00e9g hamarabb meghat\u00e1rozhatjuk&#8230;<\/p>\n","protected":false},"author":1,"featured_media":0,"parent":0,"menu_order":0,"comment_status":"closed","ping_status":"closed","template":"","meta":{"footnotes":""},"_links":{"self":[{"href":"https:\/\/csillagpor.hu\/remek\/programok\/wp-json\/wp\/v2\/pages\/610"}],"collection":[{"href":"https:\/\/csillagpor.hu\/remek\/programok\/wp-json\/wp\/v2\/pages"}],"about":[{"href":"https:\/\/csillagpor.hu\/remek\/programok\/wp-json\/wp\/v2\/types\/page"}],"author":[{"embeddable":true,"href":"https:\/\/csillagpor.hu\/remek\/programok\/wp-json\/wp\/v2\/users\/1"}],"replies":[{"embeddable":true,"href":"https:\/\/csillagpor.hu\/remek\/programok\/wp-json\/wp\/v2\/comments?post=610"}],"version-history":[{"count":0,"href":"https:\/\/csillagpor.hu\/remek\/programok\/wp-json\/wp\/v2\/pages\/610\/revisions"}],"wp:attachment":[{"href":"https:\/\/csillagpor.hu\/remek\/programok\/wp-json\/wp\/v2\/media?parent=610"}],"curies":[{"name":"wp","href":"https:\/\/api.w.org\/{rel}","templated":true}]}}