{"id":614,"date":"2011-07-25T14:35:37","date_gmt":"2011-07-25T12:35:37","guid":{"rendered":"http:\/\/csillagpor.hu\/remek\/programok\/?page_id=614"},"modified":"2022-06-30T18:00:56","modified_gmt":"2022-06-30T16:00:56","slug":"safari-screenshot","status":"publish","type":"page","link":"https:\/\/csillagpor.hu\/remek\/programok\/safari-screenshot","title":{"rendered":"Safari k\u00e9perny\u0151k\u00e9pek"},"content":{"rendered":"<p>Az Apple <a target=\"_blank\" title=\"b\u00f6ng\u00e9sz\u0151\" href=\"\/\/csillagpor.hu\/remek\/programok\/internet-bongeszo\" rel=\"noopener noreferrer\">b\u00f6ng\u00e9sz\u0151je<\/a> a <a target=\"_blank\" title=\"safari\" href=\"\/\/csillagpor.hu\/remek\/programok\/safari-letoltese\" rel=\"noopener noreferrer\">Safari<\/a>. A Top Sites, megtanulja mit szeret\u00fcnk. (M\u00e1ra valamilyen form\u00e1ban megszokott\u00e1 v\u00e1lt minden b\u00f6ng\u00e9sz\u0151ben, de a Safarin\u00e1l jelent meg el\u0151sz\u00f6r!)<br \/>\n<img decoding=\"async\" loading=\"lazy\" alt=\"Safari Top Sites\" src=\"\/\/cuccokhalomban.csillagpor.hu\/pict\/safari-screenshot-1a.jpg\" width=\"692\" height=\"500\" \/>\n<\/p>\n<p>A Top Sites \u00e1tszerkeszt\u00e9se, t\u00f6r\u00f6lhet\u00fcnk, hozz\u00e1adhatunk.<br \/>\n<img decoding=\"async\" loading=\"lazy\" alt=\"Safari \u00e1tszerkeszt\u00e9s\" src=\"\/\/cuccokhalomban.csillagpor.hu\/pict\/safari-screenshot-2a.jpg\" width=\"692\" height=\"500\" \/>\n<\/p>\n<p>Collections \u2013 History, a megn\u00e9zett oldalak lapozhat\u00f3 form\u00e1ban.<br \/>\n<img decoding=\"async\" loading=\"lazy\" alt=\"Safari History\" src=\"\/\/cuccokhalomban.csillagpor.hu\/pict\/safari-screenshot-3a.jpg\" width=\"692\" height=\"500\" \/>\n<\/p>\n<p>Extensions (b\u0151v\u00edtm\u00e9nyek), pl. itt Twitter for Safari.<br \/>\n<img decoding=\"async\" loading=\"lazy\" alt=\"Safari b\u0151v\u00edtm\u00e9nyek\" src=\"\/\/cuccokhalomban.csillagpor.hu\/pict\/safari-screenshot-4a.jpg\" width=\"668\" height=\"500\" \/>\n<\/p>\n<p>History, a weboldal t\u00f6rt\u00e9nelemk\u00f6nyv. Kereshet\u00fcnk is a r\u00e9gebben n\u00e9zett oldalaink k\u00f6z\u00f6tt.<br \/>\n<img decoding=\"async\" loading=\"lazy\" alt=\"Safari\" src=\"\/\/cuccokhalomban.csillagpor.hu\/pict\/safari-screenshot-5a.jpg\" width=\"692\" height=\"500\" \/>\n<\/p>\n<p>Be\u00e1ll\u00edt\u00e1sok \u2013 Bookmarks bar, a k\u00f6nyvjelz\u0151k be\u00e1ll\u00edt\u00e1sai.<br \/>\n<img decoding=\"async\" loading=\"lazy\" alt=\"Safari 6\" src=\"\/\/cuccokhalomban.csillagpor.hu\/pict\/safari-screenshot-6a.jpg\" width=\"692\" height=\"500\" \/><\/p>\n","protected":false},"excerpt":{"rendered":"<p><a target=\"_blank\" title=\"safari k\u00e9perny\u0151k\u00e9pek\" href=\"\/\/csillagpor.hu\/remek\/programok\/hordozhato-safari\" rel=\"noopener noreferrer\"><img decoding=\"async\" loading=\"lazy\" alt=\"Safari\" src=\"\/\/cuccokhalomban.csillagpor.hu\/pict\/safari.jpg\" width=\"80\" height=\"80\" class=\"flr\" \/><\/a>Az Apple b\u00f6ng\u00e9sz\u0151je a Safari. A Top Sites, megtanulja mit szeret\u00fcnk. Collections \u2013 History, a megn\u00e9zett oldalak lapozhat\u00f3 form\u00e1ban. Extensions (b\u0151v\u00edtm\u00e9nyek), pl. itt Twitter for Safari. History, a weboldal t\u00f6rt\u00e9nelemk\u00f6nyv. Kereshet\u00fcnk is a r\u00e9gebben n\u00e9zett oldalaink k\u00f6z\u00f6tt. Be\u00e1ll\u00edt\u00e1sok \u2013 Bookmarks bar, a k\u00f6nyvjelz\u0151k be\u00e1ll\u00edt\u00e1sai&#8230;<\/p>\n","protected":false},"author":1,"featured_media":0,"parent":0,"menu_order":0,"comment_status":"closed","ping_status":"closed","template":"","meta":{"footnotes":""},"_links":{"self":[{"href":"https:\/\/csillagpor.hu\/remek\/programok\/wp-json\/wp\/v2\/pages\/614"}],"collection":[{"href":"https:\/\/csillagpor.hu\/remek\/programok\/wp-json\/wp\/v2\/pages"}],"about":[{"href":"https:\/\/csillagpor.hu\/remek\/programok\/wp-json\/wp\/v2\/types\/page"}],"author":[{"embeddable":true,"href":"https:\/\/csillagpor.hu\/remek\/programok\/wp-json\/wp\/v2\/users\/1"}],"replies":[{"embeddable":true,"href":"https:\/\/csillagpor.hu\/remek\/programok\/wp-json\/wp\/v2\/comments?post=614"}],"version-history":[{"count":0,"href":"https:\/\/csillagpor.hu\/remek\/programok\/wp-json\/wp\/v2\/pages\/614\/revisions"}],"wp:attachment":[{"href":"https:\/\/csillagpor.hu\/remek\/programok\/wp-json\/wp\/v2\/media?parent=614"}],"curies":[{"name":"wp","href":"https:\/\/api.w.org\/{rel}","templated":true}]}}