{"id":617,"date":"2011-07-29T15:33:36","date_gmt":"2011-07-29T13:33:36","guid":{"rendered":"http:\/\/csillagpor.hu\/remek\/programok\/?page_id=617"},"modified":"2022-06-30T17:44:13","modified_gmt":"2022-06-30T15:44:13","slug":"hordozhato-songbird-screenshot","status":"publish","type":"page","link":"https:\/\/csillagpor.hu\/remek\/programok\/hordozhato-songbird-screenshot","title":{"rendered":"Songbird k\u00e9perny\u0151k\u00e9pek"},"content":{"rendered":"<p><a target=\"_blank\" title=\"songbird\" href=\"\/\/csillagpor.hu\/remek\/programok\/songbird-letoltese\" rel=\"noopener noreferrer\">A telep\u00edthet\u0151 Songbird<\/a> <a target=\"_blank\" title=\"zenelej\u00e1tsz\u00f3\" href=\"\/\/csillagpor.hu\/remek\/programok\/zenelejatszo-katalogizalo-dj-szoftverek\" rel=\"noopener noreferrer\">zene katalogiz\u00e1l\u00f3 \u00e9s lej\u00e1tsz\u00f3 program<\/a> telep\u00edt\u00e9sekor, ha nincs sz\u00fcks\u00e9g\u00fcnk a Songbird eszk\u00f6zt\u00e1rra, akkor a Next-re kattint\u00e1s el\u0151tt vegy\u00fck ki a pip\u00e1kat a n\u00e9gyzetekb\u0151l.<br \/>\n<img decoding=\"async\" loading=\"lazy\" alt=\"Songbird telep\u00edt\u00e9s\" src=\"\/\/cuccokhalomban.csillagpor.hu\/pict\/songbird-screenshot-1.jpg\" width=\"503\" height=\"389\" \/>\n<\/p>\n<p>M\u00e9dia f\u00e1jlok keres\u00e9se.<br \/>\n<img decoding=\"async\" loading=\"lazy\" alt=\"Songbird m\u00e9dia f\u00e1jlok\" src=\"\/\/cuccokhalomban.csillagpor.hu\/pict\/songbird-screenshot-2.jpg\" width=\"447\" height=\"472\" \/>\n<\/p>\n<p>Aj\u00e1nlott b\u0151v\u00edtm\u00e9nyek telep\u00edt\u00e9se.<br \/>\n<img decoding=\"async\" loading=\"lazy\" alt=\"Songbird b\u0151v\u00edtm\u00e9nyek\" src=\"\/\/cuccokhalomban.csillagpor.hu\/pict\/songbird-screenshot-3.jpg\" width=\"447\" height=\"472\" \/>\n<\/p>\n<p>Szeretn\u00e9nk e seg\u00edteni a Songbird munk\u00e1j\u00e1t, ha igen, akkor pipa a n\u00e9gyzetbe, \u00e9s adjuk meg az e-mail c\u00edm\u00fcnket.<br \/>\n<img decoding=\"async\" loading=\"lazy\" alt=\"Songbird fejleszt\u00e9s\" src=\"\/\/cuccokhalomban.csillagpor.hu\/pict\/songbird-screenshot-4.jpg\" width=\"447\" height=\"472\" \/>\n<\/p>\n<p>V\u00e1ltsuk a Songbird megjelen\u00edt\u00e9s\u00e9t magyarra, ebben a men\u00fcben a lej\u00e1tsz\u00e1si list\u00e1val \u00e9s m\u00e9dia import\u00e1l\u00e1ssal kapcsolatos dolgokat is tal\u00e1lunk.<br \/>\n<img decoding=\"async\" loading=\"lazy\" alt=\"Songbird magyar nyelv\" src=\"\/\/cuccokhalomban.csillagpor.hu\/pict\/songbird-screenshot-5.jpg\" width=\"791\" height=\"500\" \/>\n<\/p>\n<p>Le kell t\u00f6lteni a magyar nyelvi f\u00e1jlt, vagyis OK.<br \/>\n<img decoding=\"async\" loading=\"lazy\" alt=\"Songbird let\u00f6lt\u00e9s\" src=\"\/\/cuccokhalomban.csillagpor.hu\/pict\/songbird-screenshot-6.jpg\" width=\"791\" height=\"500\" \/>\n<\/p>\n<p>Az \u00fajraind\u00edt\u00e1s ut\u00e1n magyarul. SHOUTcast, hallgassunk r\u00e1di\u00f3t, a lenti f\u00fcles modulban olvashatunk is r\u00f3la, \u00e9s k\u00e9peket is l\u00e1thatunk.<br \/>\n<img decoding=\"async\" loading=\"lazy\" alt=\"Songbird SHOUTcast\" src=\"\/\/cuccokhalomban.csillagpor.hu\/pict\/songbird-screenshot-7.jpg\" width=\"791\" height=\"500\" \/>\n<\/p>\n<p>7digital Online \u00c1ruh\u00e1z, vegy\u00fcnk zen\u00e9t!<br \/>\n<img decoding=\"async\" loading=\"lazy\" alt=\"Songbird zenebolt\" src=\"\/\/cuccokhalomban.csillagpor.hu\/pict\/songbird-screenshot-8.jpg\" width=\"791\" height=\"500\" \/>\n<\/p>\n<p>Koncertek, ha \u00e9rdekelnek koncertek, itt megkeresheted, magyar m\u00e9g nincs.<br \/>\n<img decoding=\"async\" loading=\"lazy\" alt=\"Songbird koncertek\" src=\"\/\/cuccokhalomban.csillagpor.hu\/pict\/songbird-screenshot-9.jpg\" width=\"791\" height=\"500\" \/>\n<\/p>\n<p>Hangsz\u00ednszab\u00e1lyz\u00f3<br \/>\n<img decoding=\"async\" loading=\"lazy\" alt=\"Songbird hangsz\u00ednszab\u00e1lyz\u00f3\" src=\"\/\/cuccokhalomban.csillagpor.hu\/pict\/songbird-screenshot-10.jpg\" width=\"791\" height=\"500\" \/>\n<\/p>\n<p>Tollazatok, lej\u00e1tsz\u00e1svez\u00e9rl\u0151k.<br \/>\n<img decoding=\"async\" loading=\"lazy\" alt=\"Songbird tollazatok\" src=\"\/\/cuccokhalomban.csillagpor.hu\/pict\/songbird-screenshot-11.jpg\" width=\"792\" height=\"500\" \/>\n<\/p>\n<p>Bejelentkez\u00e9s a Last.fm-re&#8230; \u00e9s innen \u00e9rhet\u0151k el a be\u00e1ll\u00edt\u00e1sok is.<br \/>\n<img decoding=\"async\" loading=\"lazy\" alt=\"Songbird Last.fm\" src=\"\/\/cuccokhalomban.csillagpor.hu\/pict\/songbird-screenshot-12.jpg\" width=\"791\" height=\"500\" \/>\n<\/p>\n<p>F\u0151lap \u00e9s let\u00f6lt\u00e9si k\u00f6nyvt\u00e1rak be\u00e1ll\u00edt\u00e1sa.<br \/>\n<img decoding=\"async\" loading=\"lazy\" alt=\"Songbird f\u0151lap\" src=\"\/\/cuccokhalomban.csillagpor.hu\/pict\/songbird-screenshot-13.jpg\" width=\"791\" height=\"500\" \/>\n<\/p>\n<p>Speci\u00e1lis be\u00e1ll\u00edt\u00e1sok, Songbird, kieg\u00e9sz\u00edt\u0151k \u00e9s keres\u0151szolg\u00e1latok friss\u00edt\u00e9se.<br \/>\n<img decoding=\"async\" loading=\"lazy\" alt=\"Songbird speci\u00e1lis be\u00e1ll\u00edt\u00e1sok\" src=\"\/\/cuccokhalomban.csillagpor.hu\/pict\/songbird-screenshot-15.jpg\" width=\"791\" height=\"500\" \/>\n<\/p>\n<p>Telep\u00edtett kiterjeszt\u00e9sek \u00e9s tov\u00e1bbiak telep\u00edt\u00e9se.<br \/>\n<img decoding=\"async\" loading=\"lazy\" alt=\"Songbird kiterjeszt\u00e9sek\" src=\"\/\/cuccokhalomban.csillagpor.hu\/pict\/songbird-screenshot-16.jpg\" width=\"791\" height=\"500\" \/>\n<\/p>\n<p>CD beolvas\u00e1sa, FLAC, Ogg Vorbis, WMA k\u00f3dol\u00e1s &#8230;<br \/>\n<img decoding=\"async\" loading=\"lazy\" alt=\"Songbird CD\" src=\"\/\/cuccokhalomban.csillagpor.hu\/pict\/songbird-screenshot-17.jpg\" width=\"791\" height=\"500\" \/>\n<\/p>\n<p>&#8230; \u00e9s lejjebb a mintav\u00e9telez\u00e9s.<br \/>\n<img decoding=\"async\" loading=\"lazy\" alt=\"Songbird mintav\u00e9telez\u00e9s\" src=\"\/\/cuccokhalomban.csillagpor.hu\/pict\/songbird-screenshot-18.jpg\" width=\"791\" height=\"500\" \/>\n<\/p>\n<p>Albumbor\u00edt\u00f3k let\u00f6lt\u00e9s\u00e9nek be\u00e1ll\u00edt\u00e1sa.<br \/>\n<img decoding=\"async\" loading=\"lazy\" alt=\"Songbird bor\u00edt\u00f3k\" src=\"\/\/cuccokhalomban.csillagpor.hu\/pict\/songbird-screenshot-19.jpg\" width=\"791\" height=\"500\" \/>\n<\/p>\n<p>M\u00e9diaimport\u00e1l\u00f3, dalok import\u00e1l\u00e1sa iTunes-b\u00f3l, export\u00e1l\u00e1sa iTunes-ba.<br \/>\n<img decoding=\"async\" loading=\"lazy\" alt=\"Songbird iTunes\" src=\"\/\/cuccokhalomban.csillagpor.hu\/pict\/songbird-screenshot-20.jpg\" width=\"791\" height=\"500\" \/>\n<\/p>\n<p>R\u00e9gebbi verzi\u00f3 Windows XP-n.<\/p>\n<p>SHOUTcast r\u00e1di\u00f3k \u00e9s a Hangsz\u00ednszab\u00e1lyz\u00f3.<br \/>\n<img decoding=\"async\" loading=\"lazy\" alt=\"Songbird r\u00e1di\u00f3k\" src=\"\/\/cuccokhalomban.csillagpor.hu\/pict\/hordozhato-songbird-screenshot.jpg\" width=\"685\" height=\"500\" \/>\n<\/p>\n<p>Koncertek.<br \/>\n<img decoding=\"async\" loading=\"lazy\" alt=\"Songbird koncertek\" src=\"\/\/cuccokhalomban.csillagpor.hu\/pict\/hordozhato-songbird-screenshot-1.jpg\" width=\"685\" height=\"500\" \/>\n<\/p>\n<p>Be\u00e1ll\u00edt\u00e1sok, Kieg\u00e9sz\u00edt\u0151k.<br \/>\n<img decoding=\"async\" loading=\"lazy\" alt=\"Songbird kieg\u00e9sz\u00edt\u0151k\" src=\"\/\/cuccokhalomban.csillagpor.hu\/pict\/hordozhato-songbird-screenshot-2.jpg\" width=\"635\" height=\"500\" \/><\/p>\n","protected":false},"excerpt":{"rendered":"<p>A telep\u00edthet\u0151 Songbird zene katalogiz\u00e1l\u00f3 \u00e9s lej\u00e1tsz\u00f3 program telep\u00edt\u00e9sekor, ha nincs sz\u00fcks\u00e9g\u00fcnk a Songbird eszk\u00f6zt\u00e1rra, akkor a Next-re kattint\u00e1s el\u0151tt vegy\u00fck ki a&#46;&#46;&#46;<\/p>\n","protected":false},"author":1,"featured_media":0,"parent":0,"menu_order":0,"comment_status":"closed","ping_status":"closed","template":"","meta":{"footnotes":""},"_links":{"self":[{"href":"https:\/\/csillagpor.hu\/remek\/programok\/wp-json\/wp\/v2\/pages\/617"}],"collection":[{"href":"https:\/\/csillagpor.hu\/remek\/programok\/wp-json\/wp\/v2\/pages"}],"about":[{"href":"https:\/\/csillagpor.hu\/remek\/programok\/wp-json\/wp\/v2\/types\/page"}],"author":[{"embeddable":true,"href":"https:\/\/csillagpor.hu\/remek\/programok\/wp-json\/wp\/v2\/users\/1"}],"replies":[{"embeddable":true,"href":"https:\/\/csillagpor.hu\/remek\/programok\/wp-json\/wp\/v2\/comments?post=617"}],"version-history":[{"count":0,"href":"https:\/\/csillagpor.hu\/remek\/programok\/wp-json\/wp\/v2\/pages\/617\/revisions"}],"wp:attachment":[{"href":"https:\/\/csillagpor.hu\/remek\/programok\/wp-json\/wp\/v2\/media?parent=617"}],"curies":[{"name":"wp","href":"https:\/\/api.w.org\/{rel}","templated":true}]}}