{"id":623,"date":"2011-08-01T16:33:23","date_gmt":"2011-08-01T14:33:23","guid":{"rendered":"http:\/\/csillagpor.hu\/remek\/programok\/?page_id=623"},"modified":"2022-06-30T18:28:03","modified_gmt":"2022-06-30T16:28:03","slug":"ccleaner-screenshot","status":"publish","type":"page","link":"https:\/\/csillagpor.hu\/remek\/programok\/ccleaner-screenshot","title":{"rendered":"CCleaner k\u00e9perny\u0151k\u00e9pek"},"content":{"rendered":"<p>A <a target=\"_blank\" title=\"CCleaner\" href=\"\/\/csillagpor.hu\/remek\/programok\/ccleaner-letoltese\" rel=\"noopener noreferrer\">CCleaner<\/a> a CCEnhancerrel kieg\u00e9sz\u00edtve ilyen sz\u00e9pen megjelen\u00edti \u00e9s t\u00f6r\u00f6lhet\u0151v\u00e9 teszi, az egy\u00e9bk\u00e9nt nem t\u00f6r\u00f6lhet\u0151, el\u0151re telep\u00edtett Windows 10-es alkalmaz\u00e1sokat.<br \/>\n<img decoding=\"async\" loading=\"lazy\" alt=\"CCleaner Windows 10 alkalmaz\u00e1sok\" src=\"\/\/cuccokhalomban.csillagpor.hu\/pict\/ccleaner-windowsaruhaz.jpg\" width=\"730\" height=\"521\" \/>\n<\/p>\n<p>A <a target=\"_blank\" title=\"CCleaner\" href=\"\/\/csillagpor.hu\/remek\/programok\/ccleaner-letoltese\" rel=\"noopener noreferrer\">CCleaner<\/a> Windows 10-en &#8230; akarom mondani egy val\u00f3s Windows 10-en, mert az ez ut\u00e1ni k\u00e9pek virtu\u00e1lis g\u00e9pen k\u00e9sz\u00fcltek.<br \/>\n<img decoding=\"async\" loading=\"lazy\" alt=\"CCleaner Windows 10-en\" src=\"\/\/cuccokhalomban.csillagpor.hu\/pict\/ccleaner-kepernyokep-1.jpg\" width=\"730\" height=\"551\" \/>\n<\/p>\n<p>Windows \u00e9s az alkalmaz\u00e1sok nyomainak keres\u00e9se, a Rendszer opci\u00f3kn\u00e1l alap\u00e9rtelmez\u00e9sben nincs bejel\u00f6lve az Asztal \u00e9s a Start men\u00fc parancsikonok keres\u00e9se, m\u00e1r ami a hib\u00e1s vagy m\u00e1r sehov\u00e1 sem mutat\u00f3 parancsikonokat jelenti. Szerintem a Start men\u00fcs r\u00e9sz Windows 8 &#8211; 10 eset\u00e9ben kifejezetten hasznos, mert \u00e9n m\u00e1r tal\u00e1lkoztam egyszer egy \u00c1ruh\u00e1zb\u00f3l sz\u00e1rmaz\u00f3 alkalmaz\u00e1s &#8220;kit\u00f6r\u00f6lhetetlen&#8221; parancsikonj\u00e1val. Ez kitakar\u00edtotta.<br \/>\n<img decoding=\"async\" loading=\"lazy\" alt=\"CCleaner Windows, alkalmaz\u00e1sok\" src=\"\/\/cuccokhalomban.csillagpor.hu\/pict\/ccleaner-kepernyokep-2.jpg\" width=\"730\" height=\"558\" \/>\n<\/p>\n<p>Ha b\u00e1trak vagyunk be\u00e1ll\u00edthatjuk, hogy ne jelenjen meg t\u00f6bbet ez a figyelmeztet\u00e9s.<br \/>\n<img decoding=\"async\" loading=\"lazy\" alt=\"CCleaner figyelmeztet\u00e9s ki\" src=\"\/\/cuccokhalomban.csillagpor.hu\/pict\/ccleaner-kepernyokep-3.jpg\" width=\"730\" height=\"561\" \/>\n<\/p>\n<p>Rendszerle\u00edr\u00f3 adatb\u00e1zis tiszt\u00edt\u00f3.<br \/>\n<img decoding=\"async\" loading=\"lazy\" alt=\"CCleaner registry\" src=\"\/\/cuccokhalomban.csillagpor.hu\/pict\/ccleaner-kepernyokep-4.jpg\" width=\"730\" height=\"557\" \/>\n<\/p>\n<p>\u00c9n mindig csin\u00e1lok m\u00e1solatot a biztons\u00e1g kedv\u00e9\u00e9rt, azt\u00e1n t\u00f6rl\u00f6m :)<br \/>\n<img decoding=\"async\" loading=\"lazy\" alt=\"CCleaner registry biztons\u00e1gi m\u00e1solat\" src=\"\/\/cuccokhalomban.csillagpor.hu\/pict\/ccleaner-kepernyokep-5.jpg\" width=\"730\" height=\"556\" \/>\n<\/p>\n<p>Az Eszk\u00f6z\u00f6k Programok elt\u00e1vol\u00edt\u00e1sa r\u00e9sz\u00e9ben elt\u00e1vol\u00edthat\u00f3k az \u00c1ruh\u00e1zb\u00f3l sz\u00e1rmaz\u00f3 alkalmaz\u00e1sok is. S\u0151t, a Windowszal telep\u00edtett kit\u00f6r\u00f6lhetetlen Appoknak is annyi! :)<br \/>\n<img decoding=\"async\" loading=\"lazy\" alt=\"CCleaner Windows Appok elt\u00e1vol\u00edt\u00e1sa\" src=\"\/\/cuccokhalomban.csillagpor.hu\/pict\/ccleaner-kepernyokep-6.jpg\" width=\"730\" height=\"557\" \/>\n<\/p>\n<p>Sz\u00e9pen fogynak m\u00e1r &#8230; mindj\u00e1rt sorra ker\u00fcl az Xbox \u00e9s a Skype is!<br \/>\n<img decoding=\"async\" loading=\"lazy\" alt=\"CCleaner fogynak\" src=\"\/\/cuccokhalomban.csillagpor.hu\/pict\/ccleaner-kepernyokep-7.jpg\" width=\"730\" height=\"559\" \/>\n<\/p>\n<p>Na, v\u00e9g\u00fcl ennyit meghagytam&#8230;<br \/>\n<img decoding=\"async\" loading=\"lazy\" alt=\"CCleaner meghagytam ennyit\" src=\"\/\/cuccokhalomban.csillagpor.hu\/pict\/ccleaner-kepernyokep-8.jpg\" width=\"730\" height=\"557\" \/>\n<\/p>\n<p>A be\u00e1ll\u00edt\u00e1sokban szab\u00e1lyozhatjuk pl. hogy mennyire akkur\u00e1tusan t\u00f6r\u00f6lje a f\u00e1jlokat.<br \/>\n<img decoding=\"async\" loading=\"lazy\" alt=\"CCleaner be\u00e1ll\u00edt\u00e1sok\" src=\"\/\/cuccokhalomban.csillagpor.hu\/pict\/ccleaner-kepernyokep-9.jpg\" width=\"730\" height=\"556\" \/>\n<\/p>\n<p>Az automatikusan indul\u00f3 \u00e9s a h\u00e1tt\u00e9rben fut\u00f3 r\u00e9sz\u00e9t itt kapcsolhatjuk ki, ha akarjuk. Na persze hasznos egy a rendszerfel\u00fcgyelet, csak \u00e9n nem akarom.<br \/>\n<img decoding=\"async\" loading=\"lazy\" alt=\"CCleaner rendszerfel\u00fcgyelet ki\" src=\"\/\/cuccokhalomban.csillagpor.hu\/pict\/ccleaner-kepernyokep-10.jpg\" width=\"730\" height=\"554\" \/>\n<\/p>\n<p>Mindenf\u00e9le figyelmeztet\u00e9seket itt is kikapcsolhatunk, \u00e9s m\u00e9g egyebek &#8230;<br \/>\n<img decoding=\"async\" loading=\"lazy\" alt=\"CCleaner figyelmeztet\u00e9sek\" src=\"\/\/cuccokhalomban.csillagpor.hu\/pict\/ccleaner-kepernyokep-11.jpg\" width=\"730\" height=\"558\" \/>\n<\/p>\n<p>A programok elt\u00e1vol\u00edt\u00e1sa ut\u00e1n \u00e9rdemes \u00fajra lefuttatni a takar\u00edt\u00e1sokat, mert ugye megv\u00e1ltozott a k\u00f6rnyezet, ahhoz kell optimaliz\u00e1lni \u00fajra.<br \/>\n<img decoding=\"async\" loading=\"lazy\" alt=\"CCleaner m\u00e1n megint\" src=\"\/\/cuccokhalomban.csillagpor.hu\/pict\/ccleaner-kepernyokep-12.jpg\" width=\"730\" height=\"568\" \/>\n<\/p>\n<p>R\u00e9gebbi verzi\u00f3k &#8230;<\/p>\n<p>A CCleaner telep\u00edt\u00e9sekor kiv\u00e1laszthatjuk, hogy hozz\u00e1adjuk e a k\u00f6rnyezeti men\u00fckh\u00f6z.<br \/>\n<img decoding=\"async\" loading=\"lazy\" alt=\"CCleaner telep\u00edt\u00e9s\" src=\"\/\/cuccokhalomban.csillagpor.hu\/pict\/ccleaner-screenshot-01.jpg\" width=\"503\" height=\"389\" \/>\n<\/p>\n<p><a target=\"_blank\" title=\"rendszer karbantart\u00f3k\" href=\"\/\/csillagpor.hu\/remek\/programok\/rendszerprogramok-rendszer-karbantartok\" rel=\"noopener noreferrer\">Windows tiszt\u00edt\u00f3<\/a>, pl. Internet Explorer, Windows Int\u00e9z\u0151, Rendszer &#8230;<br \/>\n<img decoding=\"async\" loading=\"lazy\" alt=\"CCleaner tiszt\u00edt\u00f3\" src=\"\/\/cuccokhalomban.csillagpor.hu\/pict\/ccleaner-screenshot-02.jpg\" width=\"730\" height=\"494\" \/>\n<\/p>\n<p>Az alkalmaz\u00e1sok tiszt\u00edt\u00f3ja, pl. Firefox, Thunderbird \u00e9s m\u00e9g rengeteg &#8230;<br \/>\n<img decoding=\"async\" loading=\"lazy\" alt=\"CCleaner alkalmaz\u00e1sok\" src=\"\/\/cuccokhalomban.csillagpor.hu\/pict\/ccleaner-screenshot-04.jpg\" width=\"730\" height=\"494\" \/>\n<\/p>\n<p>Elemz\u00e9s befejez\u0151d\u00f6tt, most nem tal\u00e1lt sok mindent.<br \/>\n<img decoding=\"async\" loading=\"lazy\" alt=\"CCleaner elemz\u00e9s\" src=\"\/\/cuccokhalomban.csillagpor.hu\/pict\/ccleaner-screenshot-05.jpg\" width=\"730\" height=\"494\" \/>\n<\/p>\n<p>Tiszt\u00edt\u00e1s befejez\u0151d\u00f6tt, p\u00e1r f\u00e1jl t\u00f6rl\u0151d\u00f6tt gyorsan.<br \/>\n<img decoding=\"async\" loading=\"lazy\" alt=\"CCleaner tiszt\u00edt\u00e1s\" src=\"\/\/cuccokhalomban.csillagpor.hu\/pict\/ccleaner-screenshot-06.jpg\" width=\"730\" height=\"494\" \/>\n<\/p>\n<p>Rendszerle\u00edr\u00f3 tiszt\u00edt\u00f3 elemz\u00e9s ut\u00e1n, hi\u00e1nyz\u00f3 megosztott DLL-ek &#8230;<br \/>\n<img decoding=\"async\" loading=\"lazy\" alt=\"CCleaner rendszerle\u00edr\u00f3\" src=\"\/\/cuccokhalomban.csillagpor.hu\/pict\/ccleaner-screenshot-07.jpg\" width=\"730\" height=\"494\" \/>\n<\/p>\n<p>Hib\u00e1k jav\u00edtva.<br \/>\n<img decoding=\"async\" loading=\"lazy\" alt=\"CCleaner jav\u00edtva\" src=\"\/\/cuccokhalomban.csillagpor.hu\/pict\/ccleaner-screenshot-08.jpg\" width=\"730\" height=\"494\" \/>\n<\/p>\n<p>Telep\u00edtett programok elt\u00e1vol\u00edt\u00e1sa, ha nem megy, \u00e1tnevezhetj\u00fck vagy t\u00f6r\u00f6lhetj\u00fck a bejegyz\u00e9st.<br \/>\n<img decoding=\"async\" loading=\"lazy\" alt=\"CCleaner programok\" src=\"\/\/cuccokhalomban.csillagpor.hu\/pict\/ccleaner-screenshot-09.jpg\" width=\"730\" height=\"494\" \/>\n<\/p>\n<p>Automatikusan indul\u00f3 programok, Windows, Internet Explorer, \u00dctemezett feladatok, Helyi men\u00fc f\u00fclekre osztva.<br \/>\n<img decoding=\"async\" loading=\"lazy\" alt=\"CCleaner automatikusan indul\u00f3 programok\" src=\"\/\/cuccokhalomban.csillagpor.hu\/pict\/ccleaner-screenshot-010.jpg\" width=\"730\" height=\"494\" \/>\n<\/p>\n<p>Rendszer helyre\u00e1ll\u00edt\u00e1si pont t\u00f6rl\u00e9se.<br \/>\n<img decoding=\"async\" loading=\"lazy\" alt=\"CCleaner rendszer helyre\u00e1ll\u00edt\u00e1s\" src=\"\/\/cuccokhalomban.csillagpor.hu\/pict\/ccleaner-screenshot-011.jpg\" width=\"730\" height=\"494\" \/>\n<\/p>\n<p>Meghajt\u00f3 tiszt\u00edt\u00f3, a kijel\u00f6lt meghajt\u00f3 szabad ter\u00fclet\u00e9t vagy minden adatot t\u00f6rl\u00fcnk.<br \/>\n<img decoding=\"async\" loading=\"lazy\" alt=\"CCleaner meghajt\u00f3\" src=\"\/\/cuccokhalomban.csillagpor.hu\/pict\/ccleaner-screenshot-012.jpg\" width=\"730\" height=\"494\" \/>\n<\/p>\n<p>Biztons\u00e1g, 1 &#8211; 35 menetes fel\u00fcl\u00edr\u00e1ssal t\u00f6r\u00f6lhet\u00fcnk mindent.<br \/>\n<img decoding=\"async\" loading=\"lazy\" alt=\"CCleaner biztons\u00e1g\" src=\"\/\/cuccokhalomban.csillagpor.hu\/pict\/ccleaner-screenshot-013.jpg\" width=\"730\" height=\"494\" \/>\n<\/p>\n<p>Be\u00e1ll\u00edt\u00e1sok, nyelv, futtat\u00e1s a sz\u00e1m\u00edt\u00f3g\u00e9p ind\u00edt\u00e1sakor, k\u00f6rnyezeti men\u00fc, friss\u00edt\u00e9s, v\u00e9gleges t\u00f6rl\u00e9s, MFT, ilyenek &#8230;<br \/>\n<img decoding=\"async\" loading=\"lazy\" alt=\"CCleaner be\u00e1ll\u00edt\u00e1sok\" src=\"\/\/cuccokhalomban.csillagpor.hu\/pict\/ccleaner-screenshot-014.jpg\" width=\"730\" height=\"494\" \/>\n<\/p>\n<p>Megtartand\u00f3 \u00e9s t\u00f6rlend\u0151 s\u00fctik.<br \/>\n<img decoding=\"async\" loading=\"lazy\" alt=\"CCleaner s\u00fctik\" src=\"\/\/cuccokhalomban.csillagpor.hu\/pict\/ccleaner-screenshot-015.jpg\" width=\"730\" height=\"494\" \/>\n<\/p>\n<p>Tov\u00e1bbi f\u00e1jlok \u00e9s mapp\u00e1k felv\u00e9tele t\u00f6rl\u00e9shez, vagy eggyel lejjebb megtart\u00e1shoz.<br \/>\n<img decoding=\"async\" loading=\"lazy\" alt=\"CCleaner f\u00e1jlok, mapp\u00e1k\" src=\"\/\/cuccokhalomban.csillagpor.hu\/pict\/ccleaner-screenshot-016.jpg\" width=\"730\" height=\"494\" \/>\n<\/p>\n<p>Halad\u00f3 be\u00e1ll\u00edt\u00e1sok, csak 24 \u00f3r\u00e1n\u00e1l r\u00e9gebbi f\u00e1jlok t\u00f6rl\u00e9se, figyelmeztet\u0151 \u00fczenetek elrejt\u00e9se, Windows Jump lista feladatok enged\u00e9lyez\u00e9se&#8230;<br \/>\n<img decoding=\"async\" loading=\"lazy\" alt=\"CCleaner halad\u00f3\" src=\"\/\/cuccokhalomban.csillagpor.hu\/pict\/ccleaner-screenshot-017.jpg\" width=\"730\" height=\"494\" \/>\n<\/p>\n<p>Egy r\u00e9gebbi verzi\u00f3 Windows XP-n &#8230;<\/p>\n<p>Tiszt\u00edt\u00f3 &#8211; Windows, elemz\u00e9s ut\u00e1n, a t\u00f6rlend\u0151 f\u00e1jlok r\u00e9szletei.<br \/>\n<img decoding=\"async\" loading=\"lazy\" alt=\"CCleaner elemz\u00e9s ut\u00e1n\" src=\"\/\/cuccokhalomban.csillagpor.hu\/pict\/ccleaner-screenshot-1.jpg\" width=\"730\" height=\"476\" \/>\n<\/p>\n<p><a target=\"_blank\" title=\"ccleaner\" href=\"\/\/csillagpor.hu\/remek\/programok\/ccleaner-letoltese\" rel=\"noopener noreferrer\">CCleaner<\/a> <a target=\"_blank\" title=\"rendszer\" href=\"\/\/csillagpor.hu\/remek\/programok\/rendszerprogramok-rendszer-karbantartok\" rel=\"noopener noreferrer\">rendszerkarbantart\u00f3<\/a>, Tiszt\u00edt\u00f3 &#8211; Alkalmaz\u00e1sok, elemz\u00e9s ut\u00e1n, elt\u00e1vol\u00edthat\u00f3 f\u00e1jlok \u00e9s m\u00e9ret.<br \/>\n<img decoding=\"async\" loading=\"lazy\" alt=\"CCleaner tiszt\u00edt\u00f3\" src=\"\/\/cuccokhalomban.csillagpor.hu\/pict\/ccleaner-screenshot.jpg\" width=\"730\" height=\"474\" \/>\n<\/p>\n<p>Rendszerle\u00edr\u00f3 &#8211; Rendszerle\u00edr\u00f3 tiszt\u00edt\u00f3, elemz\u00e9s ut\u00e1n. Registry probl\u00e9m\u00e1k \u00e9s adatok t\u00f6rl\u00e9s el\u0151tt.<br \/>\n<img decoding=\"async\" loading=\"lazy\" alt=\"CCleaner rendszerle\u00edr\u00f3 tiszt\u00edt\u00f3\" src=\"\/\/cuccokhalomban.csillagpor.hu\/pict\/ccleaner-screenshot-3.jpg\" width=\"730\" height=\"472\" \/>\n<\/p>\n<p>Eszk\u00f6z\u00f6k &#8211; Meghajt\u00f3 tiszt\u00edt\u00f3, DOD biztons\u00e1gi t\u00f6rl\u00e9s. &#8220;Biztons\u00e1gosan t\u00f6rli a szabad hely tartalm\u00e1t.&#8221;<br \/>\n<img decoding=\"async\" loading=\"lazy\" alt=\"CCleaner eszk\u00f6z\u00f6k\" src=\"\/\/cuccokhalomban.csillagpor.hu\/pict\/ccleaner-screenshot-4.jpg\" width=\"730\" height=\"473\" \/>\n<\/p>\n<p>Halad\u00f3 be\u00e1ll\u00edt\u00e1sok. P\u00e9ld\u00e1ul figyelmeztessen a rendszerle\u00edr\u00f3 adatb\u00e1zis biztons\u00e1gi ment\u00e9s\u00e9re.<br \/>\n<img decoding=\"async\" loading=\"lazy\" alt=\"CCleaner halad\u00f3 be\u00e1ll\u00edt\u00e1sok\" src=\"\/\/cuccokhalomban.csillagpor.hu\/pict\/ccleaner-screenshot-5.jpg\" width=\"730\" height=\"475\" \/>\n<\/p>\n<p>Felv\u00e9tel &#8211; saj\u00e1t mapp\u00e1kat adhatunk hozz\u00e1 a t\u00f6rl\u00e9shez.<br \/>\n<img decoding=\"async\" loading=\"lazy\" alt=\"CCleaner felv\u00e9tel\" src=\"\/\/cuccokhalomban.csillagpor.hu\/pict\/ccleaner-screenshot-6.jpg\" width=\"730\" height=\"474\" \/><\/p>\n","protected":false},"excerpt":{"rendered":"<p><a target=\"_blank\" title=\"CCleaner k\u00e9perny\u0151k\u00e9pek\" href=\"\/\/csillagpor.hu\/remek\/programok\/ccleaner-screenshot\" rel=\"noopener noreferrer\"><img decoding=\"async\" loading=\"lazy\" alt=\"CCleaner\" src=\"\/\/cuccokhalomban.csillagpor.hu\/pict\/ccleaner.jpg\" width=\"100\" height=\"71\" class=\"flr\" \/><\/a>A CCleaner Windows 10-en &#8230; akarom mondani egy val\u00f3s Windows 10-en, mert az ez ut\u00e1ni k\u00e9pek virtu\u00e1lis g\u00e9pen k\u00e9sz\u00fcltek. Windows \u00e9s az alkalmaz\u00e1sok nyomainak keres\u00e9se, a Rendszer opci\u00f3kn\u00e1l alap\u00e9rtelmez\u00e9sben nincs bejel\u00f6lve az Asztal \u00e9s a Start men\u00fc parancsikonok keres\u00e9se, m\u00e1r ami a hib\u00e1s vagy m\u00e1r sehov\u00e1 sem mutat\u00f3 parancsikonokat jelenti. Szerintem a Start men\u00fcs r\u00e9sz Windows 8 &#8211; 10 eset\u00e9ben kifejezetten hasznos, mert \u00e9n m\u00e1r tal\u00e1lkoztam egyszer egy \u00c1ruh\u00e1zb\u00f3l sz\u00e1rmaz\u00f3 alkalmaz\u00e1s &#8220;kit\u00f6r\u00f6lhetetlen&#8221; parancsikonj\u00e1val. Ez kitakar\u00edtotta&#8230;<\/p>\n","protected":false},"author":1,"featured_media":0,"parent":0,"menu_order":0,"comment_status":"closed","ping_status":"closed","template":"","meta":{"footnotes":""},"_links":{"self":[{"href":"https:\/\/csillagpor.hu\/remek\/programok\/wp-json\/wp\/v2\/pages\/623"}],"collection":[{"href":"https:\/\/csillagpor.hu\/remek\/programok\/wp-json\/wp\/v2\/pages"}],"about":[{"href":"https:\/\/csillagpor.hu\/remek\/programok\/wp-json\/wp\/v2\/types\/page"}],"author":[{"embeddable":true,"href":"https:\/\/csillagpor.hu\/remek\/programok\/wp-json\/wp\/v2\/users\/1"}],"replies":[{"embeddable":true,"href":"https:\/\/csillagpor.hu\/remek\/programok\/wp-json\/wp\/v2\/comments?post=623"}],"version-history":[{"count":0,"href":"https:\/\/csillagpor.hu\/remek\/programok\/wp-json\/wp\/v2\/pages\/623\/revisions"}],"wp:attachment":[{"href":"https:\/\/csillagpor.hu\/remek\/programok\/wp-json\/wp\/v2\/media?parent=623"}],"curies":[{"name":"wp","href":"https:\/\/api.w.org\/{rel}","templated":true}]}}