{"id":630,"date":"2011-08-11T22:53:28","date_gmt":"2011-08-11T20:53:28","guid":{"rendered":"http:\/\/csillagpor.hu\/remek\/programok\/?page_id=630"},"modified":"2022-06-30T18:19:08","modified_gmt":"2022-06-30T16:19:08","slug":"gimp-screenshot","status":"publish","type":"page","link":"https:\/\/csillagpor.hu\/remek\/programok\/gimp-screenshot","title":{"rendered":"GIMP k\u00e9perny\u0151k\u00e9pek"},"content":{"rendered":"<p>A <a target=\"_blank\" title=\"gimp\" href=\"\/\/csillagpor.hu\/remek\/programok\/gimp-letoltes\" rel=\"noopener noreferrer\">2.8.16-os GIMP<\/a> Windows 10-en, egyablakos m\u00f3dban, amit itt \u00e1ll\u00edthatunk \u00e1t.<br \/>\n<img decoding=\"async\" loading=\"lazy\" alt=\"GIMP Windows 10\" src=\"\/\/cuccokhalomban.csillagpor.hu\/pict\/gimp-kepernyokep-1.jpg\" width=\"1024\" height=\"681\" \/>\n<\/p>\n<p>Dokk \u00e9s p\u00e1rbesz\u00e9dablakok elrejt\u00e9se, ha tudjuk fejb\u0151l a m\u0171veletekhez, eszk\u00f6z\u00f6kh\u00f6z rendelt billenty\u0171 kombin\u00e1ci\u00f3kat, akkor nagyobb \u00e9s tiszt\u00e1bb teret kapunk \u00edgy az alkot\u00e1shoz.<br \/>\n<img decoding=\"async\" loading=\"lazy\" alt=\"GIMP dokkablakok elrejt\u00e9se\" src=\"\/\/cuccokhalomban.csillagpor.hu\/pict\/gimp-kepernyokep-2.jpg\" width=\"1024\" height=\"681\" \/>\n<\/p>\n<p>Itt a dokkolhat\u00f3 p\u00e1rbesz\u00e9dablakokat l\u00e1thatjuk \u00e9s kapcsolhatjuk ki-be.<br \/>\n<img decoding=\"async\" loading=\"lazy\" alt=\"GIMP dokkolhat\u00f3 p\u00e1rbesz\u00e9dablakok\" src=\"\/\/cuccokhalomban.csillagpor.hu\/pict\/gimp-kepernyokep-3.jpg\" width=\"1024\" height=\"681\" \/>\n<\/p>\n<p>A sz\u0171r\u0151kb\u0151l legyen mondjuk err\u0151l egy k\u00e9p &#8230; Megjelen\u00edt\u00e9s, felh\u0151k, term\u00e9szet, minta, stb &#8230;<br \/>\n<img decoding=\"async\" loading=\"lazy\" alt=\"GIMP sr\u0171r\u0151k\" src=\"\/\/cuccokhalomban.csillagpor.hu\/pict\/gimp-kepernyokep-4.jpg\" width=\"1024\" height=\"681\" \/>\n<\/p>\n<p>Be\u00e1ll\u00edt\u00e1sok &#8211; K\u00f6rnyezet, el\u00e9g apr\u00f3l\u00e9kosan konfigur\u00e1lhatjuk a mem\u00f3ria \u00e9s processzor haszn\u00e1latot.<br \/>\n<img decoding=\"async\" loading=\"lazy\" alt=\"GIMP k\u00f6rnyezet be\u00e1ll\u00edt\u00e1sok\" src=\"\/\/cuccokhalomban.csillagpor.hu\/pict\/gimp-kepernyokep-5.jpg\" width=\"733\" height=\"613\" \/>\n<\/p>\n<p>A k\u00e9pen a &#8220;Ketrec \u00e1talak\u00edt\u00e1s&#8221; deform\u00e1l\u00f3 eszk\u00f6zzel hadon\u00e1szok, jobb fent l\u00e1that\u00f3k a visszavon\u00e1si el\u0151zm\u00e9nyek, amiben ide-oda l\u00e9pkedhet\u00fcnk, ha akarunk.<br \/>\n<img decoding=\"async\" loading=\"lazy\" alt=\"GIMP ketrec visszavon\u00e1s\" src=\"\/\/cuccokhalomban.csillagpor.hu\/pict\/gimp-kepernyokep-6.jpg\" width=\"1024\" height=\"681\" \/>\n<\/p>\n<p>R\u00e9gebbi verzi\u00f3k:<\/p>\n<p>A <a target=\"_blank\" title=\"gimp\" href=\"\/\/csillagpor.hu\/remek\/programok\/gimp-letoltes\" rel=\"noopener noreferrer\">2.8-as GIMP<\/a> <a target=\"_blank\" href=\"\/\/csillagpor.hu\/remek\/programok\/kepszerkeszto-programok\" rel=\"noopener noreferrer\">k\u00e9pszerkeszt\u0151<\/a> egyablakos m\u00f3dban, f\u00fcleken az egyes k\u00e9pek.<br \/>\n<img decoding=\"async\" loading=\"lazy\" alt=\"GIMP k\u00e9pszerkeszt\u0151\" src=\"\/\/cuccokhalomban.csillagpor.hu\/pict\/gimp28-screenshot-1.jpg\" width=\"787\" height=\"500\" \/>\n<\/p>\n<p>Dokkolhat\u00f3, t\u00f6bb oszlopba rendezhet\u0151 eszk\u00f6z\u00f6k.<br \/>\n<img decoding=\"async\" loading=\"lazy\" alt=\"GIMP eszk\u00f6z\u00f6k\" src=\"\/\/cuccokhalomban.csillagpor.hu\/pict\/gimp28-screenshot-2.jpg\" width=\"787\" height=\"500\" \/>\n<\/p>\n<p>Az el\u00e9rhet\u0151 sz\u0171r\u0151k pl: Blur, azon bel\u00fcl csemp\u00e9zhet\u0151 \u00e9s Gauss elmos\u00e1s vagy elmos\u00e1s elmozd\u00edt\u00e1ssal \u00e9s pixeles\u00edt\u00e9s sat\u00f6bbi&#8230;<br \/>\n<img decoding=\"async\" loading=\"lazy\" alt=\"GIMP sz\u0171r\u0151k\" src=\"\/\/cuccokhalomban.csillagpor.hu\/pict\/gimp28-screenshot-3.jpg\" width=\"786\" height=\"500\" \/>\n<\/p>\n<p>R\u00e9teg kezel\u00e9s, perspekt\u00edva v\u00e1ltoztat\u00e1s, transzform\u00e1ci\u00f3s m\u00e1trix.<br \/>\n<img decoding=\"async\" loading=\"lazy\" alt=\"GIMP r\u00e9tegek \u00e9s perspekt\u00edva\" src=\"\/\/cuccokhalomban.csillagpor.hu\/pict\/gimp28-screenshot-4.jpg\" width=\"786\" height=\"500\" \/>\n<\/p>\n<p>Ezent\u00fal export\u00e1l\u00e1ssal menthet\u00fcnk a k\u00f6vetkez\u0151 k\u00e9pf\u00e1jl form\u00e1tumokba.<br \/>\n<img decoding=\"async\" loading=\"lazy\" alt=\"GIMP export\u00e1l\u00e1s, k\u00e9pform\u00e1tumok\" src=\"\/\/cuccokhalomban.csillagpor.hu\/pict\/gimp28-screenshot-5.jpg\" width=\"786\" height=\"500\" \/>\n<\/p>\n<p>Automatikus sz\u00ednbe\u00e1ll\u00edt\u00e1sok, hasznos f\u00e9nyk\u00e9pek gyors jav\u00edt\u00e1s\u00e1hoz.<br \/>\n<img decoding=\"async\" loading=\"lazy\" alt=\"GIMP sz\u00ednbe\u00e1ll\u00edt\u00e1sok\" src=\"\/\/cuccokhalomban.csillagpor.hu\/pict\/gimp28-screenshot-6.jpg\" width=\"788\" height=\"500\" \/>\n<\/p>\n<p>N\u00e9zet be\u00e1ll\u00edt\u00e1sok, pl. nagy\u00edt\u00e1s &#8230; a k\u00e9pszerkeszt\u0151 program itt m\u00e9g alig magyar nyelv\u0171.<br \/>\n<img decoding=\"async\" loading=\"lazy\" alt=\"GIMP n\u00e9zet\" src=\"\/\/cuccokhalomban.csillagpor.hu\/pict\/gimp28-screenshot-7.jpg\" width=\"788\" height=\"500\" \/>\n<\/p>\n<p>A k\u00f6rnyezet be\u00e1ll\u00edt\u00e1sai, pl. visszavon\u00e1sok, k\u00e9pgyorst\u00e1r, processzorok sz\u00e1ma, b\u00e9lyegk\u00e9pek&#8230;<br \/>\n<img decoding=\"async\" loading=\"lazy\" alt=\"GIMP mem\u00f3ria\" src=\"\/\/cuccokhalomban.csillagpor.hu\/pict\/gimp28-screenshot-8.jpg\" width=\"786\" height=\"500\" \/>\n<\/p>\n<p>Teljesen \u00e1trendezhetj\u00fck az eszk\u00f6zt\u00e1rat.<br \/>\n<img decoding=\"async\" loading=\"lazy\" alt=\"GIMP eszk\u00f6zt\u00e1r\" src=\"\/\/cuccokhalomban.csillagpor.hu\/pict\/gimp28-screenshot-9.jpg\" width=\"787\" height=\"500\" \/><\/p>\n","protected":false},"excerpt":{"rendered":"<p><a target=\"_blank\" title=\"GIMP\" href=\"\/\/csillagpor.hu\/remek\/programok\/gimp-screenshot\" rel=\"noopener noreferrer\"><img decoding=\"async\" loading=\"lazy\" alt=\"GIMP\" src=\"\/\/cuccokhalomban.csillagpor.hu\/pict\/gimp-kicsike.jpg\" width=\"100\" height=\"64\" class=\"flr\" \/><\/a>A GIMP Windows 10-en, egyablakos m\u00f3dban, amit itt \u00e1ll\u00edthatunk \u00e1t. Dokk \u00e9s p\u00e1rbesz\u00e9dablakok elrejt\u00e9se, ha tudjuk fejb\u0151l a m\u0171veletekhez, eszk\u00f6z\u00f6kh\u00f6z rendelt billenty\u0171 kombin\u00e1ci\u00f3kat, akkor nagyobb \u00e9s tiszt\u00e1bb teret kapunk \u00edgy az alkot\u00e1shoz. Itt a dokkolhat\u00f3 p\u00e1rbesz\u00e9dablakokat l\u00e1thatjuk \u00e9s kapcsolhatjuk ki-be. Be\u00e1ll\u00edt\u00e1sok &#8211; K\u00f6rnyezet, el\u00e9g apr\u00f3l\u00e9kosan konfigur\u00e1lhatjuk a mem\u00f3ria \u00e9s processzor haszn\u00e1latot&#8230;.<\/p>\n","protected":false},"author":1,"featured_media":0,"parent":0,"menu_order":0,"comment_status":"closed","ping_status":"closed","template":"","meta":{"footnotes":""},"_links":{"self":[{"href":"https:\/\/csillagpor.hu\/remek\/programok\/wp-json\/wp\/v2\/pages\/630"}],"collection":[{"href":"https:\/\/csillagpor.hu\/remek\/programok\/wp-json\/wp\/v2\/pages"}],"about":[{"href":"https:\/\/csillagpor.hu\/remek\/programok\/wp-json\/wp\/v2\/types\/page"}],"author":[{"embeddable":true,"href":"https:\/\/csillagpor.hu\/remek\/programok\/wp-json\/wp\/v2\/users\/1"}],"replies":[{"embeddable":true,"href":"https:\/\/csillagpor.hu\/remek\/programok\/wp-json\/wp\/v2\/comments?post=630"}],"version-history":[{"count":0,"href":"https:\/\/csillagpor.hu\/remek\/programok\/wp-json\/wp\/v2\/pages\/630\/revisions"}],"wp:attachment":[{"href":"https:\/\/csillagpor.hu\/remek\/programok\/wp-json\/wp\/v2\/media?parent=630"}],"curies":[{"name":"wp","href":"https:\/\/api.w.org\/{rel}","templated":true}]}}