{"id":631,"date":"2011-08-12T18:11:13","date_gmt":"2011-08-12T16:11:13","guid":{"rendered":"http:\/\/csillagpor.hu\/remek\/programok\/?page_id=631"},"modified":"2022-06-30T18:26:22","modified_gmt":"2022-06-30T16:26:22","slug":"defraggler-screenshot","status":"publish","type":"page","link":"https:\/\/csillagpor.hu\/remek\/programok\/defraggler-screenshot","title":{"rendered":"Defraggler k\u00e9perny\u0151k\u00e9pek"},"content":{"rendered":"<p><a target=\"_blank\" title=\"defraggler\" href=\"\/\/csillagpor.hu\/remek\/programok\/defraggler-letoltese\" rel=\"noopener noreferrer\">A Defraggler<\/a> t\u00f6redezetts\u00e9gmentes\u00edt\u0151 Windows 10-en. Itt \u00e1ll\u00edthatjuk \u00e1t magyar nyelv\u0171re, ha esetleg nem \u00fagy indulna el.<br \/>\n<img decoding=\"async\" loading=\"lazy\" alt=\"Defraggler Windows 10, magyar nyelv\" src=\"\/\/cuccokhalomban.csillagpor.hu\/pict\/defraggler-kepernyokep-1.jpg\" width=\"806\" height=\"708\" \/>\n<\/p>\n<p>C: meghajt\u00f3 teljes\u00edtm\u00e9nyteszt k\u00e9sz, \u00e1llapot: j\u00f3.<br \/>\n<img decoding=\"async\" loading=\"lazy\" alt=\"Defraggler teljes\u00edtm\u00e9nyteszt\" src=\"\/\/cuccokhalomban.csillagpor.hu\/pict\/defraggler-kepernyokep-2.jpg\" width=\"776\" height=\"673\" \/>\n<\/p>\n<p>F\u00e1jlok m\u00e9rete, h\u00e1ny t\u00f6red\u00e9kben van, t\u00edpus, utols\u00f3 m\u00f3dos\u00edt\u00e1s, ilyesmik &#8230; innen egyenk\u00e9nt is t\u00f6redezetts\u00e9gmentes\u00edthet\u0151k.<br \/>\n<img decoding=\"async\" loading=\"lazy\" alt=\"Defraggler f\u00e1jlok egyes\u00e9vel is ...\" src=\"\/\/cuccokhalomban.csillagpor.hu\/pict\/defraggler-kepernyokep-3.jpg\" width=\"776\" height=\"673\" \/>\n<\/p>\n<p>Egy nagyon r\u00e9szletes lemez\u00e1llapot elemz\u00e9s. Bekapcsolva t\u00f6lt\u00f6tt id\u0151 (POH), ki\/be kapcsol\u00e1sok sz\u00e1ma, parkol\u00f3z\u00f3n\u00e1ba val\u00f3 be\u00e1ll\u00e1sok, t\u00e1pfesz\u00fclts\u00e9g megvon\u00e1sok sz\u00e1ma, felp\u00f6rg\u00e9sek\/le\u00e1ll\u00e1sok sz\u00e1ma, h\u0151m\u00e9rs\u00e9klet, fejpozicion\u00e1l\u00e1si id\u0151, stb &#8230;<br \/>\n<img decoding=\"async\" loading=\"lazy\" alt=\"Defraggler Windows 10, magyar nyelv\" src=\"\/\/cuccokhalomban.csillagpor.hu\/pict\/defraggler-kepernyokep-4.jpg\" width=\"776\" height=\"673\" \/>\n<\/p>\n<p>R\u00e9gebbi verzi\u00f3:<\/p>\n<p><a target=\"_blank\" title=\"defraggler\" href=\"\/\/csillagpor.hu\/remek\/programok\/defraggler-letoltese\" rel=\"noopener noreferrer\">Defraggler<\/a> <a target=\"_blank\" title=\"t\u00f6redezetts\u00e9gmentes\u00edt\u0151\" href=\"\/\/csillagpor.hu\/remek\/programok\/toredezettsegmentesito\" rel=\"noopener noreferrer\">t\u00f6redezetts\u00e9gmentes\u00edt\u0151<\/a>. A t\u00f6redezetts\u00e9g elemz\u00e9s befejez\u0151d\u00f6tt, 26%-os t\u00f6redezetts\u00e9gn\u00e9l t\u00f6redezetts\u00e9gmentes\u00edteni kell.<br \/>\n<img decoding=\"async\" loading=\"lazy\" alt=\"Defraggler t\u00f6redezetts\u00e9g elemz\u00e9s\" src=\"\/\/cuccokhalomban.csillagpor.hu\/pict\/defraggler-screenshot-1.jpg\" width=\"645\" height=\"500\" \/>\n<\/p>\n<p>Felhaszn\u00e1l\u00f3i fel\u00fclet, nyelvi be\u00e1ll\u00edt\u00e1sok, magyar, \u00e9s tov\u00e1bbi be\u00e1ll\u00edt\u00e1s lehet\u0151s\u00e9gek&#8230;<br \/>\n<img decoding=\"async\" loading=\"lazy\" alt=\"Defraggler magyar nyelv\" src=\"\/\/cuccokhalomban.csillagpor.hu\/pict\/defraggler-screenshot-2.jpg\" width=\"645\" height=\"500\" \/>\n<\/p>\n<p>F\u00e1jllista, egyes f\u00e1jlok t\u00f6redezetts\u00e9ge. Egyenk\u00e9nt \u00e9s egyben is t\u00f6redezetts\u00e9gmentes\u00edthetj\u00fck.<br \/>\n<img decoding=\"async\" loading=\"lazy\" alt=\"Defraggler f\u00e1jl lista\" src=\"\/\/cuccokhalomban.csillagpor.hu\/pict\/defraggler-screenshot-3.jpg\" width=\"645\" height=\"500\" \/>\n<\/p>\n<p>Be\u00e1ll\u00edt\u00e1sok, a Meghajt\u00f3 t\u00e9rk\u00e9p sz\u00edneit is \u00e1t\u00e1ll\u00edthatjuk.<br \/>\n<img decoding=\"async\" loading=\"lazy\" alt=\"Defraggler meghajt\u00f3 t\u00e9rk\u00e9p\" src=\"\/\/cuccokhalomban.csillagpor.hu\/pict\/defraggler-screenshot-5.jpg\" width=\"645\" height=\"500\" \/>\n<\/p>\n<p>R\u00e9szletesen be\u00e1ll\u00edthat\u00f3 t\u00f6redezetts\u00e9gmentes\u00edt\u00e9si m\u0171veletek, pl. nagyobb f\u00e1jl \u00e1thelyez\u00e9se a meghajt\u00f3 v\u00e9g\u00e9re.<br \/>\n<img decoding=\"async\" loading=\"lazy\" alt=\"Defraggler m\u0171veletek\" src=\"\/\/cuccokhalomban.csillagpor.hu\/pict\/defraggler-screenshot-6.jpg\" width=\"645\" height=\"500\" \/><\/p>\n","protected":false},"excerpt":{"rendered":"<p><a target=\"_blank\" title=\"defraggler k\u00e9perny\u0151k\u00e9pek\" href=\"\/\/csillagpor.hu\/remek\/programok\/defraggler-screenshot\" rel=\"noopener noreferrer\"><img decoding=\"async\" loading=\"lazy\" alt=\"Defraggler\" src=\"\/\/cuccokhalomban.csillagpor.hu\/pict\/defraggler.jpg\" width=\"100\" height=\"86\" class=\"flr\" \/><\/a>A Defraggler t\u00f6redezetts\u00e9gmentes\u00edt\u0151 Windows 10-en. Itt \u00e1ll\u00edthatjuk \u00e1t magyar nyelv\u0171re, ha esetleg nem \u00fagy indulna el. C: meghajt\u00f3 teljes\u00edtm\u00e9nyteszt k\u00e9sz, \u00e1llapot: j\u00f3. F\u00e1jlok m\u00e9rete, h\u00e1ny t\u00f6red\u00e9kben van, t\u00edpus, utols\u00f3 m\u00f3dos\u00edt\u00e1s, ilyesmik &#8230; innen egyenk\u00e9nt is t\u00f6redezetts\u00e9gmentes\u00edthet\u0151k&#8230;<\/p>\n","protected":false},"author":1,"featured_media":0,"parent":0,"menu_order":0,"comment_status":"closed","ping_status":"closed","template":"","meta":{"footnotes":""},"_links":{"self":[{"href":"https:\/\/csillagpor.hu\/remek\/programok\/wp-json\/wp\/v2\/pages\/631"}],"collection":[{"href":"https:\/\/csillagpor.hu\/remek\/programok\/wp-json\/wp\/v2\/pages"}],"about":[{"href":"https:\/\/csillagpor.hu\/remek\/programok\/wp-json\/wp\/v2\/types\/page"}],"author":[{"embeddable":true,"href":"https:\/\/csillagpor.hu\/remek\/programok\/wp-json\/wp\/v2\/users\/1"}],"replies":[{"embeddable":true,"href":"https:\/\/csillagpor.hu\/remek\/programok\/wp-json\/wp\/v2\/comments?post=631"}],"version-history":[{"count":0,"href":"https:\/\/csillagpor.hu\/remek\/programok\/wp-json\/wp\/v2\/pages\/631\/revisions"}],"wp:attachment":[{"href":"https:\/\/csillagpor.hu\/remek\/programok\/wp-json\/wp\/v2\/media?parent=631"}],"curies":[{"name":"wp","href":"https:\/\/api.w.org\/{rel}","templated":true}]}}