{"id":645,"date":"2011-08-25T14:23:24","date_gmt":"2011-08-25T12:23:24","guid":{"rendered":"http:\/\/csillagpor.hu\/remek\/programok\/?page_id=645"},"modified":"2022-06-30T17:35:02","modified_gmt":"2022-06-30T15:35:02","slug":"wise-registry-cleaner-screenshot","status":"publish","type":"page","link":"https:\/\/csillagpor.hu\/remek\/programok\/wise-registry-cleaner-screenshot","title":{"rendered":"Wise Registry Cleaner k\u00e9perny\u0151k\u00e9pek"},"content":{"rendered":"<p><a target=\"_blank\" title=\"wise registry cleaner\" href=\"\/\/csillagpor.hu\/remek\/programok\/wise-registry-cleaner-letoltese\" rel=\"noopener noreferrer\">A Wise Registry Cleaner<\/a> rendszerle\u00edr\u00f3 adatb\u00e1zis karbantart\u00f3 program telep\u00edt\u00e9sekor a Wise Disk Cleanert is feltelep\u00edthetj\u00fck, ha akarjuk.<br \/>\n<img decoding=\"async\" loading=\"lazy\" alt=\"Wise Registry Cleaner telep\u00edt\u00e9s\" src=\"\/\/cuccokhalomban.csillagpor.hu\/pict\/wise-registry-cleaner-screenshot-1.jpg\" width=\"506\" height=\"390\" \/>\n<\/p>\n<p>Itt kiv\u00e1laszthatjuk a nyelvet, pl. a magyart.<br \/>\n<img decoding=\"async\" loading=\"lazy\" alt=\"Wise Registry Cleaner nyelv\" src=\"\/\/cuccokhalomban.csillagpor.hu\/pict\/wise-registry-cleaner-screenshot-2.jpg\" width=\"491\" height=\"272\" \/>\n<\/p>\n<p>Rendszerle\u00edr\u00f3 tiszt\u00edt\u00f3, ActiveX\/COM komponensek, szoftver el\u00e9r\u00e9si \u00fatvonalak, f\u00e1jlt\u00edpusok, t\u0171zfal be\u00e1ll\u00edt\u00e1sok, bet\u0171k\u00e9szletek, megosztott DLL-ek, stb&#8230;<br \/>\n<img decoding=\"async\" loading=\"lazy\" alt=\"Wise Registry Cleaner rendszerle\u00edr\u00f3\" src=\"\/\/cuccokhalomban.csillagpor.hu\/pict\/wise-registry-cleaner-screenshot-3.jpg\" width=\"724\" height=\"500\" \/>\n<\/p>\n<p>Rendszerhangol\u00e1s, jav\u00edthat\u00f3 a h\u00e1l\u00f3zat, a Windows sebess\u00e9g \u00e9s stabilit\u00e1s.<br \/>\n<img decoding=\"async\" loading=\"lazy\" alt=\"Wise Registry Cleaner rendszerhangol\u00e1s\" src=\"\/\/cuccokhalomban.csillagpor.hu\/pict\/wise-registry-cleaner-screenshot-4.jpg\" width=\"725\" height=\"500\" \/>\n<\/p>\n<p>Rendszerle\u00edr\u00f3 t\u00f6redezetts\u00e9gmentes\u00edt\u0151 a nagyobb sebess\u00e9g\u00e9rt.<br \/>\n<img decoding=\"async\" loading=\"lazy\" alt=\"Wise Registry Cleaner t\u00f6redezetts\u00e9gmentes\u00edt\u0151\" src=\"\/\/cuccokhalomban.csillagpor.hu\/pict\/wise-registry-cleaner-screenshot-5.jpg\" width=\"724\" height=\"500\" \/>\n<\/p>\n<p>Be\u00e1ll\u00edt\u00e1sok, \u00e1ltal\u00e1nos, futtat\u00e1s \u00e9s kiz\u00e1r\u00e1sok. Be\u00e1ll\u00edthatjuk a vizsg\u00e1lat szintj\u00e9t.<br \/>\n<img decoding=\"async\" loading=\"lazy\" alt=\"Wise Registry Cleaner be\u00e1ll\u00edt\u00e1sok\" src=\"\/\/cuccokhalomban.csillagpor.hu\/pict\/wise-registry-cleaner-screenshot-6.jpg\" width=\"725\" height=\"500\" \/>\n<\/p>\n<p>Rendszerle\u00edr\u00f3 adatb\u00e1zis hibakeres\u00e9s folyamatban &#8230;<br \/>\n<img decoding=\"async\" loading=\"lazy\" alt=\"Wise Registry Cleaner hibakeres\u00e9s\" src=\"\/\/cuccokhalomban.csillagpor.hu\/pict\/wise-registry-cleaner-screenshot-7.jpg\" width=\"723\" height=\"500\" \/>\n<\/p>\n<p>Kijel\u00f6lve a biztons\u00e1gosan t\u00f6r\u00f6lhet\u0151 hib\u00e1k, a narancss\u00e1rga t\u00f6rl\u00e9se nem biztons\u00e1gos, de ha tudjuk mi az, nyugodtan t\u00f6r\u00f6lhetj\u00fck.<br \/>\n<img decoding=\"async\" loading=\"lazy\" alt=\"Wise Registry Cleaner t\u00f6r\u00f6lhet\u0151 hib\u00e1k\" src=\"\/\/cuccokhalomban.csillagpor.hu\/pict\/wise-registry-cleaner-screenshot-8.jpg\" width=\"724\" height=\"500\" \/>\n<\/p>\n<p>Rendszerle\u00edr\u00f3 adatb\u00e1zis t\u00f6redezetts\u00e9g\u00e9nek ellen\u0151rz\u00e9se &#8230;<br \/>\n<img decoding=\"async\" loading=\"lazy\" alt=\"Wise Registry Cleaner ellen\u0151rz\u00e9s\" src=\"\/\/cuccokhalomban.csillagpor.hu\/pict\/wise-registry-cleaner-screenshot-9.jpg\" width=\"401\" height=\"202\" \/>\n<\/p>\n<p>Ennyit lehet optimaliz\u00e1lni, a t\u00f6redezetts\u00e9gmentes\u00edt\u00e9s gombra kattintva \u00fajraindul a g\u00e9p.<br \/>\n<img decoding=\"async\" loading=\"lazy\" alt=\"Wise Registry Cleaner t\u00f6redezetts\u00e9gmentes\u00edt\u00e9s\" src=\"\/\/cuccokhalomban.csillagpor.hu\/pict\/wise-registry-cleaner-screenshot-10.jpg\" width=\"725\" height=\"500\" \/><\/p>\n","protected":false},"excerpt":{"rendered":"<p>A Wise Registry Cleaner rendszerle\u00edr\u00f3 adatb\u00e1zis karbantart\u00f3 program telep\u00edt\u00e9sekor a Wise Disk Cleanert is feltelep\u00edthetj\u00fck, ha akarjuk. Itt kiv\u00e1laszthatjuk a nyelvet, pl. a&#46;&#46;&#46;<\/p>\n","protected":false},"author":1,"featured_media":0,"parent":0,"menu_order":0,"comment_status":"closed","ping_status":"closed","template":"","meta":{"footnotes":""},"_links":{"self":[{"href":"https:\/\/csillagpor.hu\/remek\/programok\/wp-json\/wp\/v2\/pages\/645"}],"collection":[{"href":"https:\/\/csillagpor.hu\/remek\/programok\/wp-json\/wp\/v2\/pages"}],"about":[{"href":"https:\/\/csillagpor.hu\/remek\/programok\/wp-json\/wp\/v2\/types\/page"}],"author":[{"embeddable":true,"href":"https:\/\/csillagpor.hu\/remek\/programok\/wp-json\/wp\/v2\/users\/1"}],"replies":[{"embeddable":true,"href":"https:\/\/csillagpor.hu\/remek\/programok\/wp-json\/wp\/v2\/comments?post=645"}],"version-history":[{"count":0,"href":"https:\/\/csillagpor.hu\/remek\/programok\/wp-json\/wp\/v2\/pages\/645\/revisions"}],"wp:attachment":[{"href":"https:\/\/csillagpor.hu\/remek\/programok\/wp-json\/wp\/v2\/media?parent=645"}],"curies":[{"name":"wp","href":"https:\/\/api.w.org\/{rel}","templated":true}]}}