{"id":647,"date":"2011-08-25T17:55:39","date_gmt":"2011-08-25T15:55:39","guid":{"rendered":"http:\/\/csillagpor.hu\/remek\/programok\/?page_id=647"},"modified":"2022-06-30T17:42:06","modified_gmt":"2022-06-30T15:42:06","slug":"true-burner-screenshot","status":"publish","type":"page","link":"https:\/\/csillagpor.hu\/remek\/programok\/true-burner-screenshot","title":{"rendered":"True Burner k\u00e9perny\u0151k\u00e9pek"},"content":{"rendered":"<p><a target=\"_blank\" title=\"true burner\" href=\"\/\/csillagpor.hu\/remek\/programok\/true-burner-cd-dvd-blu-ray-iro\" rel=\"noopener noreferrer\">True Burner CD, DVD, Blu-Ray \u00edr\u00f3.<\/a> CD k\u00e9sz\u00edt\u00e9si lehet\u0151s\u00e9gek: adat, rendszerind\u00edt\u00f3, mp3, audio CD, ISO k\u00e9pf\u00e1jl \u00edr\u00e1s, lemezk\u00e9p k\u00e9sz\u00edt\u00e9s, CD-RW m\u00e1sol\u00e1s &#8230;<br \/>\n<img decoding=\"async\" loading=\"lazy\" alt=\"True Burner CD\" src=\"\/\/cuccokhalomban.csillagpor.hu\/pict\/true-burner-screenshot.jpg\" width=\"500\" height=\"388\" \/>\n<\/p>\n<p>DVD k\u00e9sz\u00edt\u00e9si lehet\u0151s\u00e9gek: adat, mp3, rendszerind\u00edt\u00f3, DVD-Vide\u00f3 lemez \u00e9s ISO k\u00e9pf\u00e1jl \u00edr\u00e1s, DVD k\u00e9pf\u00e1jl k\u00e9sz\u00edt\u00e9s, lemez t\u00f6rl\u00e9s, Boot DVD &#8230;<br \/>\n<img decoding=\"async\" loading=\"lazy\" alt=\"True Burner DVD\" src=\"\/\/cuccokhalomban.csillagpor.hu\/pict\/true-burner-screenshot-2.jpg\" width=\"500\" height=\"388\" \/>\n<\/p>\n<p>Blu-Ray k\u00e9sz\u00edt\u00e9si lehet\u0151s\u00e9gek: adat \u00e9s mp3 BD, BD-RE t\u00f6rl\u00e9s, lemez inform\u00e1ci\u00f3k.<br \/>\n<img decoding=\"async\" loading=\"lazy\" alt=\"True Burner Blu-Ray\" src=\"\/\/cuccokhalomban.csillagpor.hu\/pict\/true-burner-screenshot-3.jpg\" width=\"500\" height=\"388\" \/>\n<\/p>\n<p>Rendszerind\u00edt\u00f3 DVD, Opci\u00f3k, F\u00e1jlrendszer. UDF, ISO, DVD-video<br \/>\n<img decoding=\"async\" loading=\"lazy\" alt=\"True Burner rendszerind\u00edt\u00f3 lemez\" src=\"\/\/cuccokhalomban.csillagpor.hu\/pict\/true-burner-screenshot-4.jpg\" width=\"800\" height=\"650\" \/><\/p>\n","protected":false},"excerpt":{"rendered":"<p>True Burner CD, DVD, Blu-Ray \u00edr\u00f3. CD k\u00e9sz\u00edt\u00e9si lehet\u0151s\u00e9gek: adat, rendszerind\u00edt\u00f3, mp3, audio CD, ISO k\u00e9pf\u00e1jl \u00edr\u00e1s, lemezk\u00e9p k\u00e9sz\u00edt\u00e9s, CD-RW m\u00e1sol\u00e1s &#8230; DVD&#46;&#46;&#46;<\/p>\n","protected":false},"author":1,"featured_media":0,"parent":0,"menu_order":0,"comment_status":"closed","ping_status":"closed","template":"","meta":{"footnotes":""},"_links":{"self":[{"href":"https:\/\/csillagpor.hu\/remek\/programok\/wp-json\/wp\/v2\/pages\/647"}],"collection":[{"href":"https:\/\/csillagpor.hu\/remek\/programok\/wp-json\/wp\/v2\/pages"}],"about":[{"href":"https:\/\/csillagpor.hu\/remek\/programok\/wp-json\/wp\/v2\/types\/page"}],"author":[{"embeddable":true,"href":"https:\/\/csillagpor.hu\/remek\/programok\/wp-json\/wp\/v2\/users\/1"}],"replies":[{"embeddable":true,"href":"https:\/\/csillagpor.hu\/remek\/programok\/wp-json\/wp\/v2\/comments?post=647"}],"version-history":[{"count":0,"href":"https:\/\/csillagpor.hu\/remek\/programok\/wp-json\/wp\/v2\/pages\/647\/revisions"}],"wp:attachment":[{"href":"https:\/\/csillagpor.hu\/remek\/programok\/wp-json\/wp\/v2\/media?parent=647"}],"curies":[{"name":"wp","href":"https:\/\/api.w.org\/{rel}","templated":true}]}}