{"id":650,"date":"2011-08-31T21:42:02","date_gmt":"2011-08-31T19:42:02","guid":{"rendered":"http:\/\/csillagpor.hu\/remek\/programok\/?page_id=650"},"modified":"2022-06-30T18:20:22","modified_gmt":"2022-06-30T16:20:22","slug":"fotografix-screenshot","status":"publish","type":"page","link":"https:\/\/csillagpor.hu\/remek\/programok\/fotografix-screenshot","title":{"rendered":"Fotografix k\u00e9perny\u0151k\u00e9pek"},"content":{"rendered":"<p>A <a target=\"_blank\" title=\"fotografix\" href=\"\/\/csillagpor.hu\/remek\/programok\/fotografix-kepszerkeszto\" rel=\"noopener noreferrer\">Fotografix<\/a> <a target=\"_blank\" href=\"\/\/csillagpor.hu\/remek\/programok\/kepszerkeszto-programok\" rel=\"noopener noreferrer\">k\u00e9pszerkeszt\u0151 program<\/a> elindult.<br \/>\n<img decoding=\"async\" loading=\"lazy\" alt=\"Fotografix k\u00e9pszerkeszt\u0151\" src=\"\/\/cuccokhalomban.csillagpor.hu\/pict\/fotografix-screenshot.jpg\" width=\"714\" height=\"500\" \/>\n<\/p>\n<p>Bet\u00f6ltve egy k\u00e9p, \u00edgy m\u00e1r l\u00e1that\u00f3 minden men\u00fcpont, a rajz \u00e9s k\u00e9pszerkeszt\u0151 eszk\u00f6zt\u00e1r, scriptek, r\u00e9tegek&#8230;<br \/>\n<img decoding=\"async\" loading=\"lazy\" alt=\"Fotografix men\u00fc\" src=\"\/\/cuccokhalomban.csillagpor.hu\/pict\/fotografix-screenshot-1.jpg\" width=\"714\" height=\"500\" \/>\n<\/p>\n<p>Sz\u0171r\u0151k. Stiliz\u00e1lt: diff\u00fazi\u00f3, domborm\u0171, \u00e9jjell\u00e1t\u00f3, ki\u00e9get.<br \/>\n<img decoding=\"async\" loading=\"lazy\" alt=\"Fotografix sz\u0171r\u0151k\" src=\"\/\/cuccokhalomban.csillagpor.hu\/pict\/fotografix-screenshot-2.jpg\" width=\"716\" height=\"500\" \/>\n<\/p>\n<p>Tulajdons\u00e1gok &#8211; F\u00e9nyer\u0151, kontraszt, sz\u00ednegyens\u00faly, szintek, sz\u00edntelen\u00edt, fekete-feh\u00e9r, sz\u00edn\u00e1tmenet, monokr\u00f3m &#8230;<br \/>\n<img decoding=\"async\" loading=\"lazy\" alt=\"Fotografix tulajdons\u00e1gok\" src=\"\/\/cuccokhalomban.csillagpor.hu\/pict\/fotografix-screenshot-3.jpg\" width=\"714\" height=\"500\" \/>\n<\/p>\n<p>K\u00e9p &#8211; M\u00e9retez\u00e9s, T\u00fckr\u00f6z\u00e9s, Forgat\u00e1s<br \/>\n<img decoding=\"async\" loading=\"lazy\" alt=\"Fotografix k\u00e9p\" src=\"\/\/cuccokhalomban.csillagpor.hu\/pict\/fotografix-screenshot-4.jpg\" width=\"714\" height=\"500\" \/>\n<\/p>\n<p>Ment\u00e9s m\u00e1sk\u00e9nt, k\u00e9pform\u00e1tumok: fgx, bmp, jpg, png, gif, tif, tga, raw.<br \/>\n<img decoding=\"async\" loading=\"lazy\" alt=\"Fotografix k\u00e9pform\u00e1tumok\" src=\"\/\/cuccokhalomban.csillagpor.hu\/pict\/fotografix-screenshot-5.jpg\" width=\"714\" height=\"500\" \/><\/p>\n","protected":false},"excerpt":{"rendered":"<p><a target=\"_blank\" title=\"Fotografix k\u00e9perny\u0151k\u00e9pek\" href=\"\/\/csillagpor.hu\/remek\/programok\/fotografix-screenshot\" rel=\"noopener noreferrer\"><img decoding=\"async\" loading=\"lazy\" alt=\"Fotografix\" src=\"\/\/cuccokhalomban.csillagpor.hu\/pict\/fotografix-kicsi.jpg\" width=\"100\" height=\"70\" class=\"flr\" \/><\/a>A Fotografix k\u00e9pszerkeszt\u0151 program elindult. Bet\u00f6ltve egy k\u00e9p, \u00edgy m\u00e1r l\u00e1that\u00f3 minden men\u00fcpont, a rajz \u00e9s k\u00e9pszerkeszt\u0151 eszk\u00f6zt\u00e1r, scriptek, r\u00e9tegek&#8230; Sz\u0171r\u0151k. Stiliz\u00e1lt: diff\u00fazi\u00f3, domborm\u0171, \u00e9jjell\u00e1t\u00f3, ki\u00e9get. Tulajdons\u00e1gok &#8211; F\u00e9nyer\u0151, kontraszt, sz\u00ednegyens\u00faly, szintek, sz\u00edntelen\u00edt, fekete-feh\u00e9r, sz\u00edn\u00e1tmenet, monokr\u00f3m &#8230;<\/p>\n","protected":false},"author":1,"featured_media":0,"parent":0,"menu_order":0,"comment_status":"closed","ping_status":"closed","template":"","meta":{"footnotes":""},"_links":{"self":[{"href":"https:\/\/csillagpor.hu\/remek\/programok\/wp-json\/wp\/v2\/pages\/650"}],"collection":[{"href":"https:\/\/csillagpor.hu\/remek\/programok\/wp-json\/wp\/v2\/pages"}],"about":[{"href":"https:\/\/csillagpor.hu\/remek\/programok\/wp-json\/wp\/v2\/types\/page"}],"author":[{"embeddable":true,"href":"https:\/\/csillagpor.hu\/remek\/programok\/wp-json\/wp\/v2\/users\/1"}],"replies":[{"embeddable":true,"href":"https:\/\/csillagpor.hu\/remek\/programok\/wp-json\/wp\/v2\/comments?post=650"}],"version-history":[{"count":0,"href":"https:\/\/csillagpor.hu\/remek\/programok\/wp-json\/wp\/v2\/pages\/650\/revisions"}],"wp:attachment":[{"href":"https:\/\/csillagpor.hu\/remek\/programok\/wp-json\/wp\/v2\/media?parent=650"}],"curies":[{"name":"wp","href":"https:\/\/api.w.org\/{rel}","templated":true}]}}