{"id":655,"date":"2011-09-04T17:35:42","date_gmt":"2011-09-04T15:35:42","guid":{"rendered":"http:\/\/csillagpor.hu\/remek\/programok\/?page_id=655"},"modified":"2022-06-30T17:43:27","modified_gmt":"2022-06-30T15:43:27","slug":"stufforganizer-screenshot","status":"publish","type":"page","link":"https:\/\/csillagpor.hu\/remek\/programok\/stufforganizer-screenshot","title":{"rendered":"Stuff Organizer k\u00e9perny\u0151k\u00e9pek"},"content":{"rendered":"<p><a target=\"_blank\" title=\"stuff organizer\" href=\"\/\/csillagpor.hu\/remek\/programok\/stuff-organizer\" rel=\"noopener noreferrer\">Stuff Organizer katal\u00f3gus program<\/a>, Be\u00e1ll\u00edt\u00e1sok &#8211; M\u00e1r magyar nyelven is, f\u00e1jlkiterjeszt\u00e9s b\u0151v\u00edtm\u00e9nyek, \u00faj verzi\u00f3 keres\u00e9se&#8230;<br \/>\n<img decoding=\"async\" loading=\"lazy\" alt=\"Stuff Organizer magyarul\" src=\"\/\/cuccokhalomban.csillagpor.hu\/pict\/stufforganizer-screenshot-2.jpg\" width=\"543\" height=\"354\" \/>\n<\/p>\n<p>F\u00e1jljaink rendezetten, le\u00edr\u00e1ssal, k\u00e9ppel, f\u00e1jlt\u00edpusonk\u00e9nt sz\u00ednezve.<br \/>\n<img decoding=\"async\" loading=\"lazy\" alt=\"Stuff Organizer f\u00e1jlok\" src=\"\/\/cuccokhalomban.csillagpor.hu\/pict\/stufforganizer-screenshot.jpg\" width=\"626\" height=\"338\" \/>\n<\/p>\n<p>A be\u00e9p\u00fcl\u0151k, film r\u00e9szletekhez, k\u00e9pekhez, \u00e9s t\u00f6m\u00f6r\u00edtett f\u00e1jlokhoz.<br \/>\n<img decoding=\"async\" loading=\"lazy\" alt=\"Stuff Organizer be\u00e9p\u00fcl\u0151k\" src=\"\/\/cuccokhalomban.csillagpor.hu\/pict\/stufforganizer-screenshot-1.jpg\" width=\"717\" height=\"226\" \/><\/p>\n","protected":false},"excerpt":{"rendered":"<p>Stuff Organizer katal\u00f3gus program, Be\u00e1ll\u00edt\u00e1sok &#8211; M\u00e1r magyar nyelven is, f\u00e1jlkiterjeszt\u00e9s b\u0151v\u00edtm\u00e9nyek, \u00faj verzi\u00f3 keres\u00e9se&#8230; F\u00e1jljaink rendezetten, le\u00edr\u00e1ssal, k\u00e9ppel, f\u00e1jlt\u00edpusonk\u00e9nt sz\u00ednezve. A be\u00e9p\u00fcl\u0151k,&#46;&#46;&#46;<\/p>\n","protected":false},"author":1,"featured_media":0,"parent":0,"menu_order":0,"comment_status":"closed","ping_status":"closed","template":"","meta":{"footnotes":""},"_links":{"self":[{"href":"https:\/\/csillagpor.hu\/remek\/programok\/wp-json\/wp\/v2\/pages\/655"}],"collection":[{"href":"https:\/\/csillagpor.hu\/remek\/programok\/wp-json\/wp\/v2\/pages"}],"about":[{"href":"https:\/\/csillagpor.hu\/remek\/programok\/wp-json\/wp\/v2\/types\/page"}],"author":[{"embeddable":true,"href":"https:\/\/csillagpor.hu\/remek\/programok\/wp-json\/wp\/v2\/users\/1"}],"replies":[{"embeddable":true,"href":"https:\/\/csillagpor.hu\/remek\/programok\/wp-json\/wp\/v2\/comments?post=655"}],"version-history":[{"count":0,"href":"https:\/\/csillagpor.hu\/remek\/programok\/wp-json\/wp\/v2\/pages\/655\/revisions"}],"wp:attachment":[{"href":"https:\/\/csillagpor.hu\/remek\/programok\/wp-json\/wp\/v2\/media?parent=655"}],"curies":[{"name":"wp","href":"https:\/\/api.w.org\/{rel}","templated":true}]}}