{"id":664,"date":"2011-09-10T15:30:00","date_gmt":"2011-09-10T13:30:00","guid":{"rendered":"http:\/\/csillagpor.hu\/remek\/programok\/?page_id=664"},"modified":"2022-06-30T18:03:21","modified_gmt":"2022-06-30T16:03:21","slug":"pencil-screenshot","status":"publish","type":"page","link":"https:\/\/csillagpor.hu\/remek\/programok\/pencil-screenshot","title":{"rendered":"Pencil k\u00e9perny\u0151k\u00e9pek"},"content":{"rendered":"<p><a target=\"_blank\" title=\"pencil\" href=\"\/\/csillagpor.hu\/remek\/programok\/pencil-animacio\" rel=\"noopener noreferrer\">A Pencil<\/a> 0.6.1.1 verzi\u00f3ja Windows 10-en, magyar nyelven, itt-ott angol maradt m\u00e9g vagy m\u00e1r.<br \/>\n<img decoding=\"async\" loading=\"lazy\" alt=\"Pencil rajzol\u00f3 program\" src=\"\/\/cuccokhalomban.csillagpor.hu\/pict\/pencil2d-kepernyokep-2.jpg\" width=\"730\" height=\"641\" \/>\n<\/p>\n<p>Import\u00e1l\u00e1s, azaz mib\u0151l k\u00e9sz\u00edt\u00fcnk anim\u00e1ci\u00f3t.<br \/>\n<img decoding=\"async\" loading=\"lazy\" alt=\"Pencil import\u00e1l\u00e1s\" src=\"\/\/cuccokhalomban.csillagpor.hu\/pict\/pencil2d-kepernyokep-3.jpg\" width=\"730\" height=\"641\" \/>\n<\/p>\n<p>Export\u00e1l\u00e1s, azaz m\u00e1s, &#8220;hordozhat\u00f3&#8221; form\u00e1tumba ment\u00e9s.<br \/>\n<img decoding=\"async\" loading=\"lazy\" alt=\"Pencil export\u00e1l\u00e1s\" src=\"\/\/cuccokhalomban.csillagpor.hu\/pict\/pencil2d-kepernyokep-4.jpg\" width=\"730\" height=\"641\" \/>\n<\/p>\n<p>A be\u00e1ll\u00edt\u00e1sokn\u00e1l &#8230; azaz ink\u00e1bb: Edit &#8211; Preferences &#8211; Language &#8211; Hungarian &#8230; sz\u00f3val itt lehet magyar nyelvre &#8211; vagy valami m\u00e1sra &#8211; \u00e1t\u00e1ll\u00edtani.<br \/>\n<img decoding=\"async\" loading=\"lazy\" alt=\"Pencil magyar nyelv\" src=\"\/\/cuccokhalomban.csillagpor.hu\/pict\/pencil2d-kepernyokep-5.jpg\" width=\"565\" height=\"477\" \/>\n<\/p>\n<p>Billenty\u0171parancsokat hozhatunk l\u00e9tre, v\u00e1ltoztathatunk meg, a k\u00f6nnyebb kezelhet\u0151s\u00e9g \u00e9rdek\u00e9ben.<br \/>\n<img decoding=\"async\" loading=\"lazy\" alt=\"Pencil billenty\u0171parancsok\" src=\"\/\/cuccokhalomban.csillagpor.hu\/pict\/pencil2d-kepernyokep-6.jpg\" width=\"565\" height=\"477\" \/>\n<\/p>\n<p>Anim\u00e1ci\u00f3 lej\u00e1tsz\u00e1s, k\u00e9pkock\u00e1k kezel\u00e9se men\u00fcb\u0151l.<br \/>\n<img decoding=\"async\" loading=\"lazy\" alt=\"Pencil anim\u00e1ci\u00f3\" src=\"\/\/cuccokhalomban.csillagpor.hu\/pict\/pencil2d-kepernyokep-7.jpg\" width=\"730\" height=\"641\" \/>\n<\/p>\n<p>Az Eszk\u00f6z\u00f6k men\u00fcpont.<br \/>\n<img decoding=\"async\" loading=\"lazy\" alt=\"Pencil eszk\u00f6z\u00f6k\" src=\"\/\/cuccokhalomban.csillagpor.hu\/pict\/pencil2d-kepernyokep-8.jpg\" width=\"730\" height=\"641\" \/>\n<\/p>\n<p>R\u00e9teg kezel\u00e9s<br \/>\n<img decoding=\"async\" loading=\"lazy\" alt=\"Pencil r\u00e9tegek\" src=\"\/\/cuccokhalomban.csillagpor.hu\/pict\/pencil2d-kepernyokep-9.jpg\" width=\"730\" height=\"641\" \/>\n<\/p>\n<p>Az ablakok men\u00fcpont az annyira m\u00e9g nem magyar.<br \/>\n<img decoding=\"async\" loading=\"lazy\" alt=\"Pencil ablakok\" src=\"\/\/cuccokhalomban.csillagpor.hu\/pict\/pencil2d-kepernyokep-10.jpg\" width=\"730\" height=\"641\" \/>\n<\/p>\n<p>R\u00e9gebbi verzi\u00f3k &#8230;<\/p>\n<p><a target=\"_blank\" title=\"pencil\" href=\"\/\/csillagpor.hu\/remek\/programok\/pencil-animacio\" rel=\"noopener noreferrer\">A Pencil<\/a> 0.4.3b rajzol\u00f3 program Windows XP-n. Az oldal\u00e1r\u00f3l sz\u00e1rmazik a k\u00e9p &#8230; az alkot\u00f3 tudott rajzolni.<br \/>\n<img decoding=\"async\" loading=\"lazy\" alt=\"Pencil rajzol\u00f3 program\" src=\"\/\/cuccokhalomban.csillagpor.hu\/pict\/pencil-screenshot-1.jpg\" width=\"676\" height=\"500\" \/>\n<\/p>\n<p> &#8230; \u00e9n pedig nem tudok rajzolni. \u00daj kamera, bitmap, vektor \u00e9s hang r\u00e9teget adhatunk hozz\u00e1, b\u00e1rmennyit.<br \/>\n<img decoding=\"async\" loading=\"lazy\" alt=\"Pencil r\u00e9tegek\" src=\"\/\/cuccokhalomban.csillagpor.hu\/pict\/pencil-screenshot-2.jpg\" width=\"730\" height=\"378\" \/>\n<\/p>\n<p>Be\u00e1ll\u00edt\u00e1sok, ablak \u00e1tl\u00e1tsz\u00f3s\u00e1g, h\u00e1tt\u00e9r, renderel\u00e9si tulajdons\u00e1gok.<br \/>\n<img decoding=\"async\" loading=\"lazy\" alt=\"Pencil be\u00e1ll\u00edt\u00e1sok\" src=\"\/\/cuccokhalomban.csillagpor.hu\/pict\/pencil-screenshot-3.jpg\" width=\"730\" height=\"378\" \/>\n<\/p>\n<p>Automatikus ment\u00e9si peri\u00f3dus megad\u00e1sa.<br \/>\n<img decoding=\"async\" loading=\"lazy\" alt=\"Pencil automatikus ment\u00e9s\" src=\"\/\/cuccokhalomban.csillagpor.hu\/pict\/pencil-screenshot-4.jpg\" width=\"730\" height=\"377\" \/>\n<\/p>\n<p>Az id\u0151vonal \u00e9s keretek m\u00e9reteinek be\u00e1ll\u00edt\u00e1sa.<br \/>\n<img decoding=\"async\" loading=\"lazy\" alt=\"Pencil 5\" src=\"\/\/cuccokhalomban.csillagpor.hu\/pict\/pencil-screenshot-5.jpg\" width=\"730\" height=\"379\" \/>\n<\/p>\n<p>Van ceruza, ecset, fest\u00e9kes v\u00f6d\u00f6r, elmos\u00e1s, pipetta, rad\u00edr, stb. eszk\u00f6z\u00fcnk.<br \/>\n<img decoding=\"async\" loading=\"lazy\" alt=\"Pencil eszk\u00f6z\u00f6k\" src=\"\/\/cuccokhalomban.csillagpor.hu\/pict\/pencil-screenshot-6.jpg\" width=\"730\" height=\"377\" \/>\n<\/p>\n<p>Menthet\u00fcnk Flash-be \u00e9s vide\u00f3 f\u00e1jlba is.<br \/>\n<img decoding=\"async\" loading=\"lazy\" alt=\"Pencil flash \u00e9s vide\u00f3\" src=\"\/\/cuccokhalomban.csillagpor.hu\/pict\/pencil-screenshot-7.jpg\" width=\"730\" height=\"377\" \/><\/p>\n","protected":false},"excerpt":{"rendered":"<p><a target=\"_blank\" title=\"pencil k\u00e9perny\u0151k\u00e9pek\" href=\"\/\/csillagpor.hu\/remek\/programok\/pencil-screenshot\" rel=\"noopener noreferrer\"><img decoding=\"async\" loading=\"lazy\" alt=\"Pencil\" src=\"\/\/cuccokhalomban.csillagpor.hu\/pict\/pencil-kicsi.jpg\" width=\"100\" height=\"85\" class=\"flr\" \/><\/a>A Pencil rajzol\u00f3 program Windows XP-n. Az oldal\u00e1r\u00f3l sz\u00e1rmazik a k\u00e9p &#8230; az alkot\u00f3 tudott rajzolni &#8230; \u00e9n pedig nem tudok rajzolni. \u00daj kamera, bitmap, vektor \u00e9s hang r\u00e9teget adhatunk hozz\u00e1, b\u00e1rmennyit. Be\u00e1ll\u00edt\u00e1sok, ablak \u00e1tl\u00e1tsz\u00f3s\u00e1g, h\u00e1tt\u00e9r, renderel\u00e9si tulajdons\u00e1gok, az id\u0151vonal \u00e9s keretek m\u00e9reteinek be\u00e1ll\u00edt\u00e1sa&#8230;<\/p>\n","protected":false},"author":1,"featured_media":0,"parent":0,"menu_order":0,"comment_status":"closed","ping_status":"closed","template":"","meta":{"footnotes":""},"_links":{"self":[{"href":"https:\/\/csillagpor.hu\/remek\/programok\/wp-json\/wp\/v2\/pages\/664"}],"collection":[{"href":"https:\/\/csillagpor.hu\/remek\/programok\/wp-json\/wp\/v2\/pages"}],"about":[{"href":"https:\/\/csillagpor.hu\/remek\/programok\/wp-json\/wp\/v2\/types\/page"}],"author":[{"embeddable":true,"href":"https:\/\/csillagpor.hu\/remek\/programok\/wp-json\/wp\/v2\/users\/1"}],"replies":[{"embeddable":true,"href":"https:\/\/csillagpor.hu\/remek\/programok\/wp-json\/wp\/v2\/comments?post=664"}],"version-history":[{"count":0,"href":"https:\/\/csillagpor.hu\/remek\/programok\/wp-json\/wp\/v2\/pages\/664\/revisions"}],"wp:attachment":[{"href":"https:\/\/csillagpor.hu\/remek\/programok\/wp-json\/wp\/v2\/media?parent=664"}],"curies":[{"name":"wp","href":"https:\/\/api.w.org\/{rel}","templated":true}]}}