{"id":667,"date":"2011-09-11T22:23:27","date_gmt":"2011-09-11T20:23:27","guid":{"rendered":"http:\/\/csillagpor.hu\/remek\/programok\/?page_id=667"},"modified":"2022-06-30T17:40:16","modified_gmt":"2022-06-30T15:40:16","slug":"vlc-media-player-screenshot","status":"publish","type":"page","link":"https:\/\/csillagpor.hu\/remek\/programok\/vlc-media-player-screenshot","title":{"rendered":"VLC Media Player k\u00e9perny\u0151k\u00e9pek"},"content":{"rendered":"<p><a target=\"_blank\" title=\"vlc\" href=\"\/\/csillagpor.hu\/remek\/programok\/videolan-vlc-media-player-letoltese\" rel=\"noopener noreferrer\">A VLC media player<\/a> telep\u00edt\u00e9se Windows 10-re. Az egy\u00e9ni telep\u00edt\u00e9si t\u00edpusn\u00e1l a f\u00e1jlt\u00edpus hozz\u00e1rendel\u00e9sek mellett v\u00e1laszthatjuk azt is, hogy t\u00f6r\u00f6lje az el\u0151z\u0151 telep\u00edt\u00e9s be\u00e1ll\u00edt\u00e1sait, gyors\u00edt\u00f3t\u00e1r\u00e1t, ha esetleg valami probl\u00e9m\u00e1nk lett volna vele.<br \/>\n<img decoding=\"async\" loading=\"lazy\" alt=\"VLC lej\u00e1tsz\u00f3 Windows 10\" src=\"\/\/cuccokhalomban.csillagpor.hu\/pict\/vlc-kepernyokep-1.jpg\" width=\"542\" height=\"424\" \/>\n<\/p>\n<p>Elind\u00edtva a lej\u00e1tsz\u00f3, itt (is) \u00e1ll\u00edtgathatunk a n\u00e9zet\u00e9n, fel\u00fclet\u00e9n, megnyithatjuk a lej\u00e1tsz\u00f3list\u00e1t&#8230; pontosabban be\u00e1ll\u00edthatjuk a lej\u00e1tsz\u00f3list\u00e1s fel\u00fcletet, de ezt lent jobbr\u00f3l a harmadik kis ikonb\u00f3l is el\u00e9rhetj\u00fck.<br \/>\n<img decoding=\"async\" loading=\"lazy\" alt=\"VLC n\u00e9zet\" src=\"\/\/cuccokhalomban.csillagpor.hu\/pict\/vlc-kepernyokep-2.jpg\" width=\"730\" height=\"549\" \/>\n<\/p>\n<p>Innen sok-sok r\u00e1di\u00f3t ind\u00edthatunk, megn\u00e9zhet\u00fcnk r\u00f3la inform\u00e1ci\u00f3kat \u00e9s m\u00e9g sok mindent tehet\u00fcnk.<br \/>\n<img decoding=\"async\" loading=\"lazy\" alt=\"VLC r\u00e1di\u00f3k\" src=\"\/\/cuccokhalomban.csillagpor.hu\/pict\/vlc-kepernyokep-3.jpg\" width=\"730\" height=\"509\" \/>\n<\/p>\n<p>Az equalizer el\u0151be\u00e1ll\u00edt\u00e1sokkal, lejjebb is l\u00e1that\u00f3 egy r\u00e9gebbi v\u00e1ltozat.<br \/>\n<img decoding=\"async\" loading=\"lazy\" alt=\"VLC hangol\u00e1s \u00e9s hat\u00e1sok\" src=\"\/\/cuccokhalomban.csillagpor.hu\/pict\/vlc-kepernyokep-4.jpg\" width=\"730\" height=\"503\" \/>\n<\/p>\n<p>Speci\u00e1lis vide\u00f3 hat\u00e1sok, pl. zajcs\u00f6kkent\u0151.<br \/>\n<img decoding=\"async\" loading=\"lazy\" alt=\"VLC vide\u00f3 hat\u00e1sok\" src=\"\/\/cuccokhalomban.csillagpor.hu\/pict\/vlc-kepernyokep-5.jpg\" width=\"730\" height=\"511\" \/>\n<\/p>\n<p>Ha elcs\u00faszik a hang vagy a felirat itt lehet szinkroniz\u00e1lni.<br \/>\n<img decoding=\"async\" loading=\"lazy\" alt=\"VLC vide\u00f3 szinkroniz\u00e1l\u00e1s\" src=\"\/\/cuccokhalomban.csillagpor.hu\/pict\/vlc-kepernyokep-6.jpg\" width=\"730\" height=\"504\" \/>\n<\/p>\n<p>Kor\u00e1bbi verzi\u00f3k&#8230;<\/p>\n<p>Egy m\u0171k\u00f6d\u0151 <a target=\"_blank\" title=\"vlc\" href=\"\/\/csillagpor.hu\/remek\/programok\/videolan-vlc-media-player-letoltese\" rel=\"noopener noreferrer\">VLC media player<\/a> <a target=\"_blank\" title=\"lej\u00e1tsz\u00f3\" href=\"\/\/csillagpor.hu\/remek\/programok\/multimedia-lejatszo-programok\" rel=\"noopener noreferrer\">m\u00e9dia lej\u00e1tsz\u00f3<\/a> Linuxon, \u00e9pp egy internetes r\u00e1di\u00f3 sz\u00f3l.<br \/>\n<img decoding=\"async\" loading=\"lazy\" alt=\"VLC lej\u00e1tsz\u00f3\" src=\"\/\/cuccokhalomban.csillagpor.hu\/pict\/vlc-screenshot-001.jpg\" width=\"650\" height=\"485\" \/>\n<\/p>\n<p>Mag\u00e1nszf\u00e9ra \u00e9s h\u00e1l\u00f3zati hozz\u00e1f\u00e9r\u00e9s h\u00e1zirendje.<br \/>\n<img decoding=\"async\" loading=\"lazy\" alt=\"VLC mag\u00e1nszf\u00e9ra\" src=\"\/\/cuccokhalomban.csillagpor.hu\/pict\/vlc-screenshot-002.jpg\" width=\"616\" height=\"458\" \/>\n<\/p>\n<p>M\u00e9dia men\u00fcpont: f\u00e1jlt, mapp\u00e1t, lemezt, h\u00e1l\u00f3zati m\u0171sort \u00e9s felvev\u0151eszk\u00f6zt lehet megnyitni. Tov\u00e1bb\u00e1 lej\u00e1tsz\u00f3lista ment\u00e9se f\u00e1jlba, \u00e1talak\u00edt\u00e1s \u00e9s m\u0171sorsz\u00f3r\u00e1s meg ilyesmik &#8230;<br \/>\n<img decoding=\"async\" loading=\"lazy\" alt=\"VLC m\u00e9dia\" src=\"\/\/cuccokhalomban.csillagpor.hu\/pict\/vlc-screenshot-003.jpg\" width=\"616\" height=\"458\" \/>\n<\/p>\n<p>Eszk\u00f6z\u00f6k men\u00fcpont, hat\u00e1sok \u00e9s sz\u0171r\u0151k, s\u00e1vszinkroniz\u00e1l\u00e1s, m\u00e9dia \u00e9s kodek inform\u00e1ci\u00f3k, stb&#8230; fel\u00fclet \u00e9s m\u00e1s be\u00e1ll\u00edt\u00e1sok, most n\u00e9zz\u00fck a fel\u00fcletet &#8230;<br \/>\n<img decoding=\"async\" loading=\"lazy\" alt=\"VLC eszk\u00f6z\u00f6k\" src=\"\/\/cuccokhalomban.csillagpor.hu\/pict\/vlc-screenshot-004.jpg\" width=\"616\" height=\"458\" \/>\n<\/p>\n<p>Eszk\u00f6zt\u00e1rkezel\u0151, a fel\u00fclettel gyakorlatilag ak\u00e1rmit csin\u00e1lhatunk, teljesen testre szabhat\u00f3.<br \/>\n<img decoding=\"async\" loading=\"lazy\" alt=\"VLC fel\u00fclet\" src=\"\/\/cuccokhalomban.csillagpor.hu\/pict\/vlc-screenshot-005.jpg\" width=\"730\" height=\"361\" \/>\n<\/p>\n<p>Vide\u00f3hat\u00e1sok: k\u00e9p igaz\u00edt\u00e1sa, \u00e9les\u00edt\u00e9s, s\u00e1vok elt\u00e1vol\u00edt\u00e1sa \u00e9s szemcs\u00e9s film &#8230; lev\u00e1g\u00e1s, sz\u00ednek, geometria \u00e9s \u00e1tfed\u00e9s, atmolight \u00e9s speci\u00e1lis<br \/>\n<img decoding=\"async\" loading=\"lazy\" alt=\"VLC vide\u00f3hat\u00e1sok\" src=\"\/\/cuccokhalomban.csillagpor.hu\/pict\/vlc-screenshot-006.jpg\" width=\"616\" height=\"458\" \/>\n<\/p>\n<p>Grafikus hangsz\u00ednszab\u00e1lyz\u00f3 el\u0151 be\u00e1ll\u00edt\u00e1sokkal, lehet m\u00e9g t\u00f6m\u00f6r\u00edt\u0151 \u00e9s t\u00e9rhat\u00e1s is.<br \/>\n<img decoding=\"async\" loading=\"lazy\" alt=\"VLC equalizer\" src=\"\/\/cuccokhalomban.csillagpor.hu\/pict\/vlc-screenshot-007.jpg\" width=\"616\" height=\"459\" \/>\n<\/p>\n<p>Feliratok, feliratsz\u00f6veg dek\u00f3dol\u00f3 \u00e9s tov\u00e1bbi felirat kodek be\u00e1ll\u00edt\u00e1sok.<br \/>\n<img decoding=\"async\" loading=\"lazy\" alt=\"VLC felirat kodek\" src=\"\/\/cuccokhalomban.csillagpor.hu\/pict\/vlc-screenshot-008.jpg\" width=\"725\" height=\"500\" \/>\n<\/p>\n<p>Hang kodekek, ez itt pl. a Vorbis k\u00f3dol\u00e1s min\u0151s\u00e9gi be\u00e1ll\u00edt\u00e1sa.<br \/>\n<img decoding=\"async\" loading=\"lazy\" alt=\"VLC hang kodek\" src=\"\/\/cuccokhalomban.csillagpor.hu\/pict\/vlc-screenshot-009.jpg\" width=\"725\" height=\"500\" \/>\n<\/p>\n<p>Sz\u00e9tv\u00e1laszt\u00f3k be\u00e1ll\u00edt\u00e1sai (splitter), ez itt az MPEG tov\u00e1bb\u00edt\u00f3 (MPEG-TS) testreszab\u00e1sa.<br \/>\n<img decoding=\"async\" loading=\"lazy\" alt=\"VLC MPEG\" src=\"\/\/cuccokhalomban.csillagpor.hu\/pict\/vlc-screenshot-010.jpg\" width=\"725\" height=\"500\" \/>\n<\/p>\n<p>Vide\u00f3 kodekek, ezen bel\u00fcl a H.264\/MPEG4 AVC k\u00f3dol\u00f3 (x264) igen r\u00e9szletes be\u00e1ll\u00edt\u00e1si lehet\u0151s\u00e9gei.<br \/>\n<img decoding=\"async\" loading=\"lazy\" alt=\"VLC \" src=\"\/\/cuccokhalomban.csillagpor.hu\/pict\/vlc-screenshot-011.jpg\" width=\"725\" height=\"500\" \/>\n<\/p>\n<p>Sz\u0171r\u0151k, fejhallgat\u00f3 virtu\u00e1lis t\u00e9rhat\u00e1seffektusa, de van m\u00e9g hanger\u0151 normaliz\u00e1l\u00e1s, hangsz\u00ednszab\u00e1lyz\u00e1s, k\u00e9sleltet\u00e9s, mono, t\u00e1rhat\u00e1s, stb. lehet\u0151s\u00e9g is.<br \/>\n<img decoding=\"async\" loading=\"lazy\" alt=\"VLC sz\u0171r\u0151k\" src=\"\/\/cuccokhalomban.csillagpor.hu\/pict\/vlc-screenshot-012.jpg\" width=\"725\" height=\"500\" \/>\n<\/p>\n<p>Kezel\u0151fel\u00fclet milli\u00f3 nyelven.<br \/>\n<img decoding=\"async\" loading=\"lazy\" alt=\"VLC nyelv\" src=\"\/\/cuccokhalomban.csillagpor.hu\/pict\/vlc-screenshot-013.jpg\" width=\"725\" height=\"500\" \/>\n<\/p>\n<p>Gyorsbillenty\u0171, billenty\u0171 kombin\u00e1ci\u00f3k b\u00e1rmilyen m\u0171veletre.<br \/>\n<img decoding=\"async\" loading=\"lazy\" alt=\"VLC \" src=\"\/\/cuccokhalomban.csillagpor.hu\/pict\/vlc-screenshot-014.jpg\" width=\"725\" height=\"500\" \/>\n<\/p>\n<p>M\u0171sorsz\u00f3r\u00e1s, IceCAST kimenet be\u00e1ll\u00edt\u00e1sai.<br \/>\n<img decoding=\"async\" loading=\"lazy\" alt=\"VLC m\u0171sorsz\u00f3r\u00e1s\" src=\"\/\/cuccokhalomban.csillagpor.hu\/pict\/vlc-screenshot-015.jpg\" width=\"725\" height=\"500\" \/>\n<\/p>\n<p>Speci\u00e1lis be\u00e1ll\u00edt\u00e1sok, ha valami f\u00f6l\u00e9 vissz\u00fck az egeret, olyan le\u00edr\u00e1st l\u00e1thatunk, mint jobb lent, ez &#8220;a folyamat priorit\u00e1s\u00e1nak n\u00f6vel\u00e9se&#8221; opci\u00f3 le\u00edr\u00e1sa.<br \/>\n<img decoding=\"async\" loading=\"lazy\" alt=\"VLC speci\u00e1lis\" src=\"\/\/cuccokhalomban.csillagpor.hu\/pict\/vlc-screenshot-016.jpg\" width=\"730\" height=\"421\" \/>\n<\/p>\n<p>Vide\u00f3 be\u00e1ll\u00edt\u00e1sok, pl. sz\u00fcrkesk\u00e1l\u00e1s vide\u00f3kimenet, k\u00e9pkock\u00e1k kihagy\u00e1sa, mindig fel\u00fcl, k\u00e9perny\u0151v\u00e9d\u0151 kikapcsol\u00e1sa, egyebek.<br \/>\n<img decoding=\"async\" loading=\"lazy\" alt=\"VLC vide\u00f3\" src=\"\/\/cuccokhalomban.csillagpor.hu\/pict\/vlc-screenshot-017.jpg\" width=\"725\" height=\"500\" \/>\n<\/p>\n<p>Feliratok\/OSD, feliratf\u00e1jl automatikus felismer\u00e9se \u00e9s ezek be\u00e1ll\u00edt\u00e1sai&#8230;<br \/>\n<img decoding=\"async\" loading=\"lazy\" alt=\"VLC osd\" src=\"\/\/cuccokhalomban.csillagpor.hu\/pict\/vlc-screenshot-018.jpg\" width=\"725\" height=\"500\" \/>\n<\/p>\n<p>Vide\u00f3 kimeneti modulok be\u00e1ll\u00edt\u00e1sa, YUV, Windows GDI, OpenGL, DirectX, ilyenek &#8230;<br \/>\n<img decoding=\"async\" loading=\"lazy\" alt=\"VLC vide\u00f3 kimenet\" src=\"\/\/cuccokhalomban.csillagpor.hu\/pict\/vlc-screenshot-019.jpg\" width=\"725\" height=\"500\" \/>\n<\/p>\n<p>Ut\u00f3feldolgoz\u00f3 sz\u0171r\u0151k, vide\u00f3sz\u00e9tv\u00e1laszt\u00f3 modulok.<br \/>\n<img decoding=\"async\" loading=\"lazy\" alt=\"VLC sz\u0171r\u0151k\" src=\"\/\/cuccokhalomban.csillagpor.hu\/pict\/vlc-screenshot-020.jpg\" width=\"725\" height=\"500\" \/>\n<\/p>\n<p>Lej\u00e1tsz\u00e1s Windows 7-en, fel is vehet\u00fcnk vagy folyamatosan ism\u00e9teltethet\u00fcnk A \u00e9s B pont k\u00f6z\u00f6tt.<br \/>\n<img decoding=\"async\" loading=\"lazy\" alt=\"VLC felv\u00e9tel\" src=\"\/\/cuccokhalomban.csillagpor.hu\/pict\/vlc-screenshot-021.jpg\" width=\"616\" height=\"459\" \/>\n<\/p>\n<p>R\u00e9gebbi k\u00e9pek Windows XP-n:<\/p>\n<p>Ilyen egyszer\u0171 is lehet smink n\u00e9lk\u00fcl.<br \/>\n<img decoding=\"async\" loading=\"lazy\" alt=\"VLC media player smink n\u00e9lk\u00fcl\" src=\"\/\/cuccokhalomban.csillagpor.hu\/pict\/vlc-media-player-screenshot-1.jpg\" width=\"435\" height=\"128\" \/>\n<\/p>\n<p>Be\u00e1ll\u00edt\u00e1sok, a fel\u00fclet be\u00e1ll\u00edt\u00e1sai.<br \/>\n<img decoding=\"async\" loading=\"lazy\" alt=\"VLC media player fel\u00fclet be\u00e1ll\u00edt\u00e1sok\" src=\"\/\/cuccokhalomban.csillagpor.hu\/pict\/vlc-media-player-screenshot-2.jpg\" width=\"653\" height=\"500\" \/>\n<\/p>\n<p>A fel\u00fclet be\u00e1ll\u00edt\u00e1sai, egy\u00e9ni smink haszn\u00e1lata.<br \/>\n<img decoding=\"async\" loading=\"lazy\" alt=\"VLC media player egy\u00e9ni smink\" src=\"\/\/cuccokhalomban.csillagpor.hu\/pict\/vlc-media-player-screenshot-3.jpg\" width=\"653\" height=\"500\" \/>\n<\/p>\n<p>VLC a WMP12 sminkkel.<br \/>\n<img decoding=\"async\" loading=\"lazy\" alt=\"VLC media player WMP12 smink\" src=\"\/\/cuccokhalomban.csillagpor.hu\/pict\/vlc-media-player-screenshot-4.jpg\" width=\"622\" height=\"477\" \/>\n<\/p>\n<p>VLC equalizer<br \/>\n<img decoding=\"async\" loading=\"lazy\" alt=\"VLC media player equalizer\" src=\"\/\/cuccokhalomban.csillagpor.hu\/pict\/vlc-media-player-screenshot-5.jpg\" width=\"656\" height=\"447\" \/>\n<\/p>\n<p>Hangol\u00e1s \u00e9s hat\u00e1sok &#8211; Videohat\u00e1sok<br \/>\n<img decoding=\"async\" loading=\"lazy\" alt=\"VLC media player effektek\" src=\"\/\/cuccokhalomban.csillagpor.hu\/pict\/vlc-media-player-screenshot-6.jpg\" width=\"730\" height=\"325\" \/><\/p>\n","protected":false},"excerpt":{"rendered":"<p><a target=\"_blank\" title=\"vlc media player k\u00e9perny\u0151k\u00e9pek\" href=\"\/\/csillagpor.hu\/remek\/programok\/vlc-media-player-screenshot\" rel=\"noopener noreferrer\"><img decoding=\"async\" loading=\"lazy\" alt=\"VLC media player\" src=\"\/\/cuccokhalomban.csillagpor.hu\/pict\/vlc-media-player.jpg\" width=\"100\" height=\"89\" class=\"flr\" \/><\/a>A VLC media player telep\u00edt\u00e9se Windows 10-re. Az egy\u00e9ni telep\u00edt\u00e9si t\u00edpusn\u00e1l a f\u00e1jlt\u00edpus hozz\u00e1rendel\u00e9sek mellett v\u00e1laszthatjuk azt is, hogy t\u00f6r\u00f6lje az el\u0151z\u0151 telep\u00edt\u00e9s be\u00e1ll\u00edt\u00e1sait, gyors\u00edt\u00f3t\u00e1r\u00e1t, ha esetleg valami probl\u00e9m\u00e1nk lett volna vele&#8230;<\/p>\n","protected":false},"author":1,"featured_media":0,"parent":0,"menu_order":0,"comment_status":"closed","ping_status":"closed","template":"","meta":{"footnotes":""},"_links":{"self":[{"href":"https:\/\/csillagpor.hu\/remek\/programok\/wp-json\/wp\/v2\/pages\/667"}],"collection":[{"href":"https:\/\/csillagpor.hu\/remek\/programok\/wp-json\/wp\/v2\/pages"}],"about":[{"href":"https:\/\/csillagpor.hu\/remek\/programok\/wp-json\/wp\/v2\/types\/page"}],"author":[{"embeddable":true,"href":"https:\/\/csillagpor.hu\/remek\/programok\/wp-json\/wp\/v2\/users\/1"}],"replies":[{"embeddable":true,"href":"https:\/\/csillagpor.hu\/remek\/programok\/wp-json\/wp\/v2\/comments?post=667"}],"version-history":[{"count":0,"href":"https:\/\/csillagpor.hu\/remek\/programok\/wp-json\/wp\/v2\/pages\/667\/revisions"}],"wp:attachment":[{"href":"https:\/\/csillagpor.hu\/remek\/programok\/wp-json\/wp\/v2\/media?parent=667"}],"curies":[{"name":"wp","href":"https:\/\/api.w.org\/{rel}","templated":true}]}}